{"id":1018,"date":"2011-09-05T23:00:33","date_gmt":"2011-09-05T20:00:33","guid":{"rendered":"http:\/\/www.valonkuvia.fi\/blogi\/?page_id=1018"},"modified":"2011-09-05T23:00:33","modified_gmt":"2011-09-05T20:00:33","slug":"andreas-gidlund-kvartett-mandraki-beach-nyfors-jazz-magnus-lindgren-quartet-the-game","status":"publish","type":"page","link":"https:\/\/www.valonkuvia.fi\/blogi\/jazzjutut\/levyarviot-e-h\/andreas-gidlund-kvartett-mandraki-beach-nyfors-jazz-magnus-lindgren-quartet-the-game\/","title":{"rendered":"Andreas Gidlund Kvartett: Mandraki Beach &#038; Nyfors: Jazz &#038; Magnus Lindgren Quartet: The Game"},"content":{"rendered":"<p>Ruotsalaisessa jazzissa on viime vuosina alkanut nousta esille uusia, nuoria muusikoita haastamaan jo vakiintuneita soittajia. T\u00e4ss\u00e4 on esill\u00e4 kolme nuorta yhtyett\u00e4, joista Andreas Gidlundin kvartetti ja Nyfors olivat minulle ennest\u00e4\u00e4n aivan tuntemattomia. Sen sijaan Magnus Lindgren on jo ehtinyt vakiinnuttaa asemansa Ruotsin parhaiden joukossa.<\/p>\n<p>G\u00f6teborgilainen Andreas Gidlund Kvartett soittaa ensilevyll\u00e4\u00e4n l\u00e4hinn\u00e4 Gidlundin s\u00e4vellyksi\u00e4, mutta my\u00f6s pianisti Kallerdahl on saanut mukaan kaksi s\u00e4vellyst\u00e4. Levyll\u00e4 on viel\u00e4 ripe\u00e4 liveversio Cole Porterin klassikosta &#8221;Nigth and Day&#8221; ja t\u00e4ytel\u00e4inen tulkinta Lars Gullinin kauniista balladista &#8221;I\u00b4ve Seen&#8221;. Nuoreksi yhtyeeksi Gidlundin kvartetti soittaa jopa yll\u00e4tt\u00e4v\u00e4n sovinnaista perusjazzia, jossa teema-soolo-teema-ajattelu on kunniassaan. Vaikka &#8221;Mandrake Beach&#8221; onkin hieman yll\u00e4tykset\u00f6n, on ehdottoman positiivista, ett\u00e4 n\u00e4m\u00e4 pojat todella tiet\u00e4v\u00e4t, kuinka svengataan ! Kvartetti olisi varmasti loistavaa kuultavaa sopivassa klubimilj\u00f6\u00f6ss\u00e4.<\/p>\n<p>Siin\u00e4 miss\u00e4 Gidlund kvartetteineen paahtaa taitavaa perussvengi\u00e4\u00e4n, k\u00e4\u00e4ntyy Nyfors-yhtye pohjoismaisen jazzin surumielisiin, tummas\u00e4vyisiin ja rosoisiin tunnelmiin, joita v\u00e4lill\u00e4 pintaan nouseva liev\u00e4 ironia taittaa ja kevent\u00e4\u00e4. Free jazzin ja rockin perinteille rakentava Nyfors osaa sekin asiansa ja onnistuu luomaan kahdeksan kappaleen ehj\u00e4n ja poikkeuksellisen kyps\u00e4n kokonaisuuden. Kypsyydess\u00e4\u00e4n ja oman \u00e4\u00e4nens\u00e4 etsimisess\u00e4 Nyforsin debyytti tuo Suomesta mieleen Ilmiliekki Quartetin ensilevyn. Nyforsin &#8221;Jazz&#8221; on eritt\u00e4in suositeltavaa kuunneltavaa.<\/p>\n<p>Saksofonisti, huilisti, s\u00e4velt\u00e4j\u00e4 Magnus Lindgren on jo l\u00f6yt\u00e4nyt paikkansa Ruotsin jazzhuipulla. Lindgrenin meriitteihin kuuluvat esimerkiksi voitto Getxon yhtyekilpailussa (2000), Ruotsin Grammy-ehdokkaaksi p\u00e4\u00e4ssyt esikoislevy &#8221;Way Out&#8221;(2000), Grammy-palkinnon ja Orkester Journal-lehden Gyllene Skivan-palkinnon saanut toinen levy &#8221;Paradise Open&#8221; (2001) sek\u00e4 esiintyminen viime syksyn Nobel-juhlassa. Ei siis ole ihme, ett\u00e4 tuore &#8221;The Game&#8221; on vakuuttavaa ty\u00f6t\u00e4 ja pitk\u00e4\u00e4n yhdess\u00e4 soittaneen kvartetin yhteispeli k\u00e4y luontevasti. P\u00e4\u00e4osa levyn kappaleista on Magnus Lindgrenin s\u00e4vellyksi\u00e4, joista kannattaa mainita rivakka nimikappale, huilun ja bassoklarinetin j\u00e4nnitt\u00e4v\u00e4sti s\u00e4vytt\u00e4m\u00e4 etnovaikutteinen &#8221;Ethnomore&#8221; sek\u00e4 kaunis avausraita &#8221;Holyem&#8221;. Trioversio tutusta standardista &#8221;Softly As In The Morning Sunrisen&#8221; on vapaamuotoisen ilmava. Levyn p\u00e4\u00e4tt\u00e4v\u00e4 toinen klassikko &#8221;Caravan&#8221; ei Lindgrenin taidokkaasta huilusta huolimatta oikein istu levyn kokonaisuuteen. &#8221;The Game&#8221; on hienoa ja kaunista nykyjazzia, tosin viimeistellyss\u00e4 tarkkuudessaan jopa hieman viile\u00e4\u00e4.<\/p>\n<p><strong>Andreas Gidlund Kvartett<\/strong>: Mandraki Beach (Play Production Records)<br \/>\nAndreas Gidlund; tenorisaksofoni, Fabian Kallerdahl; piano, Lars &#8221;Lade&#8221; K\u00e4llfelt; basso, Mattias Gr\u00f6nroos; rummut<\/p>\n<p><strong>Nyfors<\/strong>: Jazz (Rorschach Records)<br \/>\nEmil Strandberg; trumpetti, Thomas Backman; altto- ja baritonisaksofonit, Andreas Hourdakis; kitara, Magnus Bergstr\u00f6m; basso, Ola Hultgren; rummut<\/p>\n<p><strong>Magnus Lindgren Quartet<\/strong>: The Game (Caprice Records)<br \/>\nMagnus Lindgren; saksofonit, huilut, bassoklarinetti, Mathias Algotson; piano, Fredrik Jonsson; basso, Jonas Holgersson; rummut<\/p>\n","protected":false},"excerpt":{"rendered":"<p>Ruotsalaisessa jazzissa on viime vuosina alkanut nousta esille uusia, nuoria muusikoita haastamaan jo vakiintuneita soittajia. T\u00e4ss\u00e4 on esill\u00e4 kolme nuorta yhtyett\u00e4, joista Andreas Gidlundin kvartetti ja Nyfors olivat minulle ennest\u00e4\u00e4n aivan tuntemattomia. Sen sijaan Magnus Lindgren on jo ehtinyt vakiinnuttaa asemansa Ruotsin parhaiden joukossa. G\u00f6teborgilainen Andreas Gidlund Kvartett soittaa ensilevyll\u00e4\u00e4n l\u00e4hinn\u00e4 Gidlundin s\u00e4vellyksi\u00e4, mutta my\u00f6s [&hellip;]<\/p>\n","protected":false},"author":1,"featured_media":0,"parent":948,"menu_order":5,"comment_status":"open","ping_status":"open","template":"onecolumn-page.php","meta":{"ngg_post_thumbnail":0,"footnotes":""},"class_list":["post-1018","page","type-page","status-publish","hentry"],"jetpack_likes_enabled":false,"jetpack_sharing_enabled":true,"_links":{"self":[{"href":"https:\/\/www.valonkuvia.fi\/blogi\/wp-json\/wp\/v2\/pages\/1018","targetHints":{"allow":["GET"]}}],"collection":[{"href":"https:\/\/www.valonkuvia.fi\/blogi\/wp-json\/wp\/v2\/pages"}],"about":[{"href":"https:\/\/www.valonkuvia.fi\/blogi\/wp-json\/wp\/v2\/types\/page"}],"author":[{"embeddable":true,"href":"https:\/\/www.valonkuvia.fi\/blogi\/wp-json\/wp\/v2\/users\/1"}],"replies":[{"embeddable":true,"href":"https:\/\/www.valonkuvia.fi\/blogi\/wp-json\/wp\/v2\/comments?post=1018"}],"version-history":[{"count":2,"href":"https:\/\/www.valonkuvia.fi\/blogi\/wp-json\/wp\/v2\/pages\/1018\/revisions"}],"predecessor-version":[{"id":1020,"href":"https:\/\/www.valonkuvia.fi\/blogi\/wp-json\/wp\/v2\/pages\/1018\/revisions\/1020"}],"up":[{"embeddable":true,"href":"https:\/\/www.valonkuvia.fi\/blogi\/wp-json\/wp\/v2\/pages\/948"}],"wp:attachment":[{"href":"https:\/\/www.valonkuvia.fi\/blogi\/wp-json\/wp\/v2\/media?parent=1018"}],"curies":[{"name":"wp","href":"https:\/\/api.w.org\/{rel}","templated":true}]}}