{"id":1022,"date":"2011-09-05T23:03:59","date_gmt":"2011-09-05T20:03:59","guid":{"rendered":"http:\/\/www.valonkuvia.fi\/blogi\/?page_id=1022"},"modified":"2011-09-05T23:03:59","modified_gmt":"2011-09-05T20:03:59","slug":"andeas-gidlund-kvartett-the-happies-man-alive","status":"publish","type":"page","link":"https:\/\/www.valonkuvia.fi\/blogi\/jazzjutut\/levyarviot-e-h\/andeas-gidlund-kvartett-the-happies-man-alive\/","title":{"rendered":"Andeas Gidlund Kvartett: The Happies Man Alive"},"content":{"rendered":"<p>Ruotsalainen saksofonisti Andreas Gidlund julkaisi ensimm\u00e4isen levyns\u00e4 &#8221;Mandraki Beach&#8221; vuonna 2003. Uusi levy jatkaa onnistuneen debyytin jalanj\u00e4ljill\u00e4 soittamalla edelleen svengaavaa, modernia perusjazzia. Gidlund kvartetteineen ei siis yrit\u00e4k\u00e4\u00e4n tavoitella mit\u00e4\u00e4n erityisen uutta tai trendik\u00e4st\u00e4, vaan luottaa energisen ilmaisunsa voimaan. Levyn ohjelmisto koostuu l\u00e4hinn\u00e4 Gidlundin p\u00e4tevist\u00e4 teemoista. Mukaan on mahtunut my\u00f6s kaksi s\u00e4vellyst\u00e4 pianistilta ja yksi basistilta. Levyn ainoa lainakappale, Mongo Santamarian &#8221;Afro Blue&#8221; istuu saumatta t\u00e4h\u00e4n mutkattomaan seuraan. <\/p>\n<p>Levyn p\u00e4\u00e4solistit, Gidlund ja Kallerdahl, k\u00e4ytt\u00e4v\u00e4t saamansa runsaan soolotilan hyv\u00e4kseen hyvin suoraviivaisesti ja taidokas komppipari loihtii vaivattoman tuntuisesti soolojen pohjaksi herkullisen mehev\u00e4n svengin. Levyn enemmist\u00f6n muodostavien vauhtiraitojen joukkoon on mahtunut my\u00f6s pari hitaampaa raitaa, joista varsinkin Gidlundin &#8221;I Think I Will Try&#8221; on poikkeuksellisen kaunis ja hallittu jazzballadi. Andeas Gidlund Kvartett on todella hienosti kommunikoiva jazzyhtye ja se onnistuu vakuuttavasti vaikeassa lajissa; nimitt\u00e4in luomaan viihdytt\u00e4v\u00e4n ja helposti kuunneltavan levyn, joka ei kuitenkaan vajoa harmittomaksi pintakuohuksi. <\/p>\n<p><strong>Andeas Gidlund Kvartett<\/strong>: The Happies Man Alive (Imogena)<br \/>\nAndeas Gidlund; saksofonit, Fabian Kallerdahl; piano, Mattias Gr\u00f6nroos; basso, Lars K\u00e4llfelt; rummut<\/p>\n<p>22.1.2006<\/p>\n","protected":false},"excerpt":{"rendered":"<p>Ruotsalainen saksofonisti Andreas Gidlund julkaisi ensimm\u00e4isen levyns\u00e4 &#8221;Mandraki Beach&#8221; vuonna 2003. Uusi levy jatkaa onnistuneen debyytin jalanj\u00e4ljill\u00e4 soittamalla edelleen svengaavaa, modernia perusjazzia. Gidlund kvartetteineen ei siis yrit\u00e4k\u00e4\u00e4n tavoitella mit\u00e4\u00e4n erityisen uutta tai trendik\u00e4st\u00e4, vaan luottaa energisen ilmaisunsa voimaan. Levyn ohjelmisto koostuu l\u00e4hinn\u00e4 Gidlundin p\u00e4tevist\u00e4 teemoista. Mukaan on mahtunut my\u00f6s kaksi s\u00e4vellyst\u00e4 pianistilta ja yksi basistilta. [&hellip;]<\/p>\n","protected":false},"author":1,"featured_media":0,"parent":948,"menu_order":6,"comment_status":"open","ping_status":"open","template":"onecolumn-page.php","meta":{"ngg_post_thumbnail":0,"footnotes":""},"class_list":["post-1022","page","type-page","status-publish","hentry"],"jetpack_likes_enabled":false,"jetpack_sharing_enabled":true,"_links":{"self":[{"href":"https:\/\/www.valonkuvia.fi\/blogi\/wp-json\/wp\/v2\/pages\/1022","targetHints":{"allow":["GET"]}}],"collection":[{"href":"https:\/\/www.valonkuvia.fi\/blogi\/wp-json\/wp\/v2\/pages"}],"about":[{"href":"https:\/\/www.valonkuvia.fi\/blogi\/wp-json\/wp\/v2\/types\/page"}],"author":[{"embeddable":true,"href":"https:\/\/www.valonkuvia.fi\/blogi\/wp-json\/wp\/v2\/users\/1"}],"replies":[{"embeddable":true,"href":"https:\/\/www.valonkuvia.fi\/blogi\/wp-json\/wp\/v2\/comments?post=1022"}],"version-history":[{"count":1,"href":"https:\/\/www.valonkuvia.fi\/blogi\/wp-json\/wp\/v2\/pages\/1022\/revisions"}],"predecessor-version":[{"id":1023,"href":"https:\/\/www.valonkuvia.fi\/blogi\/wp-json\/wp\/v2\/pages\/1022\/revisions\/1023"}],"up":[{"embeddable":true,"href":"https:\/\/www.valonkuvia.fi\/blogi\/wp-json\/wp\/v2\/pages\/948"}],"wp:attachment":[{"href":"https:\/\/www.valonkuvia.fi\/blogi\/wp-json\/wp\/v2\/media?parent=1022"}],"curies":[{"name":"wp","href":"https:\/\/api.w.org\/{rel}","templated":true}]}}