{"id":1028,"date":"2011-09-05T23:09:18","date_gmt":"2011-09-05T20:09:18","guid":{"rendered":"http:\/\/www.valonkuvia.fi\/blogi\/?page_id=1028"},"modified":"2011-09-05T23:09:18","modified_gmt":"2011-09-05T20:09:18","slug":"gnomus-ii","status":"publish","type":"page","link":"https:\/\/www.valonkuvia.fi\/blogi\/jazzjutut\/levyarviot-e-h\/gnomus-ii\/","title":{"rendered":"Gnomus: II"},"content":{"rendered":"<p>Gnomus-yhtyeen toinen levy &#8221;II&#8221; on \u00e4\u00e4nitetty konserteissa maaliskuussa 2003. Suomen kiertueella levylle tallentui kolme ilmeisen pitk\u00e4lle improvisoitua kappaletta, joissa kaikissa on olennaista kokonaistunnelma ja kolmen tasavertaisen muusikon pyrkimys kommunikaatioon. Kompin tukema perinteinen jazzsooloilu ei ole lainkaan Gnomuksen heini\u00e4, sen sijaan vanha kunnon progerock tulee monessa kohtaa etsim\u00e4tt\u00e4 mieleen.<\/p>\n<p>Levyn avaa noin 23 minuuttia pitk\u00e4 &#8221;Sirens&#8221;, joka on matka hienovaraisen varovaisesta alusta s\u00e4hk\u00f6isesti muunneltujen ihmis\u00e4\u00e4nien kautta Kari Ikosen kosketinsoitinten v\u00e4ritt\u00e4m\u00e4\u00e4n vaikuttavaan loppuhuipennukseen. Matka on monivaiheinen, mutta lopulta hieman liian pitk\u00e4 ja l\u00f6ys\u00e4. Etnomielikuvia nostattavalla laululla alkava &#8221;Hypnos&#8221; on j\u00e4ntev\u00e4mpi ja se rokkaa tanakasti. &#8221;Hypnoksen&#8221; p\u00e4\u00e4osaan nousevat lopulta Mika Kallion rummut. Levyn p\u00e4\u00e4tt\u00e4\u00e4 Raumalla \u00e4\u00e4nitetty &#8221;Trauma&#8221;, noin 16 minuuttia pitk\u00e4 v\u00e4hitellen intensiteetti\u00e4\u00e4n kasvattava ja lopulta j\u00e4lleen hiljaisuuteen haipuva improvisaatio, josta mieleen painuu j\u00e4lleen Kallion rumputy\u00f6skentely sek\u00e4 Esa Onttosen kitaran hehku.<\/p>\n<p>Uudella levyll\u00e4\u00e4n Gnomus osuu mielest\u00e4ni vuonna 2000 ilmestynytt\u00e4 debyytti\u00e4 tarkemmin maalitauluunsa, vaikka kuulijansa t\u00e4ydellisesti vangitseva napakymppi j\u00e4\u00e4 viel\u00e4 puuttumaan. Gnomus ansaitsee kuitenkin kaiken kunnioituksen luodessaan rohkeasti vaikeasti m\u00e4\u00e4ritelt\u00e4v\u00e4\u00e4 ja keskittynytt\u00e4 kuuntelua vaativaa uutta musiikkia.<\/p>\n<p><strong>Gnomus<\/strong>: II (Fiasko Records)<br \/>\nMika Kallio; rummut, Kari Ikonen; kosketinsoittimet, Esa Onttonen, kitara<\/p>\n<p>20.8. 2004<\/p>\n","protected":false},"excerpt":{"rendered":"<p>Gnomus-yhtyeen toinen levy &#8221;II&#8221; on \u00e4\u00e4nitetty konserteissa maaliskuussa 2003. Suomen kiertueella levylle tallentui kolme ilmeisen pitk\u00e4lle improvisoitua kappaletta, joissa kaikissa on olennaista kokonaistunnelma ja kolmen tasavertaisen muusikon pyrkimys kommunikaatioon. Kompin tukema perinteinen jazzsooloilu ei ole lainkaan Gnomuksen heini\u00e4, sen sijaan vanha kunnon progerock tulee monessa kohtaa etsim\u00e4tt\u00e4 mieleen. Levyn avaa noin 23 minuuttia pitk\u00e4 &#8221;Sirens&#8221;, [&hellip;]<\/p>\n","protected":false},"author":1,"featured_media":0,"parent":948,"menu_order":8,"comment_status":"open","ping_status":"open","template":"onecolumn-page.php","meta":{"ngg_post_thumbnail":0,"footnotes":""},"class_list":["post-1028","page","type-page","status-publish","hentry"],"jetpack_likes_enabled":false,"jetpack_sharing_enabled":true,"_links":{"self":[{"href":"https:\/\/www.valonkuvia.fi\/blogi\/wp-json\/wp\/v2\/pages\/1028","targetHints":{"allow":["GET"]}}],"collection":[{"href":"https:\/\/www.valonkuvia.fi\/blogi\/wp-json\/wp\/v2\/pages"}],"about":[{"href":"https:\/\/www.valonkuvia.fi\/blogi\/wp-json\/wp\/v2\/types\/page"}],"author":[{"embeddable":true,"href":"https:\/\/www.valonkuvia.fi\/blogi\/wp-json\/wp\/v2\/users\/1"}],"replies":[{"embeddable":true,"href":"https:\/\/www.valonkuvia.fi\/blogi\/wp-json\/wp\/v2\/comments?post=1028"}],"version-history":[{"count":1,"href":"https:\/\/www.valonkuvia.fi\/blogi\/wp-json\/wp\/v2\/pages\/1028\/revisions"}],"predecessor-version":[{"id":1029,"href":"https:\/\/www.valonkuvia.fi\/blogi\/wp-json\/wp\/v2\/pages\/1028\/revisions\/1029"}],"up":[{"embeddable":true,"href":"https:\/\/www.valonkuvia.fi\/blogi\/wp-json\/wp\/v2\/pages\/948"}],"wp:attachment":[{"href":"https:\/\/www.valonkuvia.fi\/blogi\/wp-json\/wp\/v2\/media?parent=1028"}],"curies":[{"name":"wp","href":"https:\/\/api.w.org\/{rel}","templated":true}]}}