{"id":1031,"date":"2011-09-05T23:11:35","date_gmt":"2011-09-05T20:11:35","guid":{"rendered":"http:\/\/www.valonkuvia.fi\/blogi\/?page_id=1031"},"modified":"2011-09-05T23:11:35","modified_gmt":"2011-09-05T20:11:35","slug":"gushpanka-gushpanka","status":"publish","type":"page","link":"https:\/\/www.valonkuvia.fi\/blogi\/jazzjutut\/levyarviot-e-h\/gushpanka-gushpanka\/","title":{"rendered":"Gushpanka: Gushpanka"},"content":{"rendered":"<p>Gushpanka on hepreaa ja tarkoittaa suurin piirtein samaa kuin &#8221;sinetti&#8221; tai &#8221;merkki&#8221;. Yhtyeen johtaja Ira Mogilevsky on tuonut nimen mukanaan Israelista, jonne Moskovassa syntynyt pianisti muutti vuonna 1991. Sittemmin Mogilevsky on asettunut Tukholmaan, miss\u00e4 h\u00e4n soittaa my\u00f6s Nybakat!- yhtyeess\u00e4. Saksofonisti Jonas Knutsson on Gushpankan tunnetuin j\u00e4sen, jo pitk\u00e4\u00e4n ruotsalaisen jazzin huipulla vaikuttanut jazzia ja kansanmusiikkia yhdistelev\u00e4 muusikko. Basisti Lassbo soittaa mm. omaper\u00e4isess\u00e4 Paavo-yhtyeess\u00e4 ja rumpali Tuomas Ojala on ty\u00f6skennellyt enemm\u00e4n Ruotsissa ja Saksassa kuin Suomessa. <\/p>\n<p>Gushpankan ensimm\u00e4isen levyn kappaleet ovat Mogilevskyn ja Ojalan k\u00e4sialaa. S\u00e4vellykset ovat vahvoja; esimerkkein\u00e4 kaunis &#8221;Salt &#038; sugar&#8221;, hyv\u00e4ntuulinen &#8221;Fantaskig&#8221;, levyn pisin raita, monipolvinen &#8221;Unsaid. And passed by&#8221; ja surumielinen p\u00e4\u00e4t\u00f6s &#8221;No hope&#8221;. Vaikka Gushpanka on nimenomaan kuuntelevan yhteissoiton varaan rakentava yhtye, nousee Jonas Knutssonin saksofoni esille ilmeikk\u00e4\u00e4n\u00e4 solistisena \u00e4\u00e4nen\u00e4. <\/p>\n<p>Kaiken kaikkiaan Gushpankan musiikki on tyypillisen pohjoismaista nykyjazzia; taitavasti soitettua, kaunista, \u00e4lyllist\u00e4 ja v\u00e4lill\u00e4 hieman viile\u00e4\u00e4 kamarijazzia. Kvartetin ilmaisu ei siis yll\u00e4t\u00e4 kuulijaa, mutta sen musiikkiin paneutuu mielell\u00e4\u00e4n, sill\u00e4 se esitt\u00e4\u00e4 tyypillisen pohjoismaisen nykyjazzinsa intensiivisen keskittyneesti; Gushpankan levyll\u00e4 on kunnianhimoisen ja tosissaan tehdyn musiikin leima.<\/p>\n<p><strong>Gushpanka<\/strong>: Gushpanka (Apart Records)<br \/>\nJonas Knutsson, saksofonit; Ira Mogilevski, piano; Clas Lassbo, basso; Tuomas Ojala, rummut <\/p>\n<p>17.12.2007<\/p>\n","protected":false},"excerpt":{"rendered":"<p>Gushpanka on hepreaa ja tarkoittaa suurin piirtein samaa kuin &#8221;sinetti&#8221; tai &#8221;merkki&#8221;. Yhtyeen johtaja Ira Mogilevsky on tuonut nimen mukanaan Israelista, jonne Moskovassa syntynyt pianisti muutti vuonna 1991. Sittemmin Mogilevsky on asettunut Tukholmaan, miss\u00e4 h\u00e4n soittaa my\u00f6s Nybakat!- yhtyeess\u00e4. Saksofonisti Jonas Knutsson on Gushpankan tunnetuin j\u00e4sen, jo pitk\u00e4\u00e4n ruotsalaisen jazzin huipulla vaikuttanut jazzia ja kansanmusiikkia [&hellip;]<\/p>\n","protected":false},"author":1,"featured_media":0,"parent":948,"menu_order":9,"comment_status":"open","ping_status":"open","template":"onecolumn-page.php","meta":{"ngg_post_thumbnail":0,"footnotes":""},"class_list":["post-1031","page","type-page","status-publish","hentry"],"jetpack_likes_enabled":false,"jetpack_sharing_enabled":true,"_links":{"self":[{"href":"https:\/\/www.valonkuvia.fi\/blogi\/wp-json\/wp\/v2\/pages\/1031","targetHints":{"allow":["GET"]}}],"collection":[{"href":"https:\/\/www.valonkuvia.fi\/blogi\/wp-json\/wp\/v2\/pages"}],"about":[{"href":"https:\/\/www.valonkuvia.fi\/blogi\/wp-json\/wp\/v2\/types\/page"}],"author":[{"embeddable":true,"href":"https:\/\/www.valonkuvia.fi\/blogi\/wp-json\/wp\/v2\/users\/1"}],"replies":[{"embeddable":true,"href":"https:\/\/www.valonkuvia.fi\/blogi\/wp-json\/wp\/v2\/comments?post=1031"}],"version-history":[{"count":1,"href":"https:\/\/www.valonkuvia.fi\/blogi\/wp-json\/wp\/v2\/pages\/1031\/revisions"}],"predecessor-version":[{"id":1032,"href":"https:\/\/www.valonkuvia.fi\/blogi\/wp-json\/wp\/v2\/pages\/1031\/revisions\/1032"}],"up":[{"embeddable":true,"href":"https:\/\/www.valonkuvia.fi\/blogi\/wp-json\/wp\/v2\/pages\/948"}],"wp:attachment":[{"href":"https:\/\/www.valonkuvia.fi\/blogi\/wp-json\/wp\/v2\/media?parent=1031"}],"curies":[{"name":"wp","href":"https:\/\/api.w.org\/{rel}","templated":true}]}}