{"id":1041,"date":"2011-09-07T20:42:57","date_gmt":"2011-09-07T17:42:57","guid":{"rendered":"http:\/\/www.valonkuvia.fi\/blogi\/?page_id=1041"},"modified":"2011-09-07T20:42:57","modified_gmt":"2011-09-07T17:42:57","slug":"hepa-halme-prospekt-nine-steps-in-line-of-beauty","status":"publish","type":"page","link":"https:\/\/www.valonkuvia.fi\/blogi\/jazzjutut\/levyarviot-e-h\/hepa-halme-prospekt-nine-steps-in-line-of-beauty\/","title":{"rendered":"Hepa Halme Prospekt: Nine Steps In Line of Beauty"},"content":{"rendered":"<p>Huilisti\/saksofonisti Hepa Halmeen levy &#8221;Nine Steps In Line of Beauty&#8221; koostuu yhdeks\u00e4st\u00e4 kappaleesta eli askeleesta, jotka levyn alaotsikon mukaisesti ovat &#8221;variaatioita, improvisaatioita ja meditaatioita Ornette Colemanin teemasta&#8221;. Tuo kyseinen teema on tietenkin freejazzballadi &#8221;Beauty Is A Rare Thing&#8221;, jonka Colemanin klassinen kvartetti \u00e4\u00e4nitti alunperin jo 2.8.1960. <\/p>\n<p>Kappaleiden kokoonpanot vaihtuvat l\u00e4hes joka askeleella, vain Halme itse puhaltimineen astelee mukana kaikilla. Lis\u00e4v\u00e4ri\u00e4 tuovat esimerkiksi Jarmo Saaren theremin, Teppo M\u00e4kysen levynraaputukset ja Toppo Isopuron koto. Vaihtuvista kokoonpanoista huolimatta levyll\u00e4 vallitsee yhten\u00e4inen, rauhallisen kiireet\u00f6n tunnelma ja Halme kumppaneineen maalailee askelmista levollisen tasalaatuisia \u00e4\u00e4nimaisemia. <\/p>\n<p>Askelmien tavoittelema kauneus on luonteeltaan paikallaan pysyv\u00e4\u00e4. N\u00e4in Ornette Colemanin musiikin vahva energia j\u00e4\u00e4 t\u00e4ss\u00e4 tulkinnassa taka-alalle. Painopiste on siis selke\u00e4sti sanalla meditaatio ja tunnelma hyvin &#8221;it\u00e4mainen&#8221;. Tosin kuudennella askelmalla Pianisti Seppo Kantonen yltyy levyn kokonaisilmeest\u00e4 poikkeavan voimakkaaseen soittoon Abdissa Mamba Assefan ja Samuli Kosmisen rytmiryhm\u00e4n tukemana. My\u00f6s Saaren ja M\u00e4kysen taustoittama toinen askelma on v\u00e4rikkyydess\u00e4\u00e4n j\u00e4nnitt\u00e4v\u00e4. <\/p>\n<p>Kaiken kaikkiaan &#8221;Nine Steps In Line of Beauty&#8221; on perinteisell\u00e4 tavalla kaunista ja huolellisesti tehty\u00e4 musiikkia. Varsinkin musiikillisen mietiskelyn yst\u00e4v\u00e4t saanevat levyst\u00e4 paljon iloa itselleen. <\/p>\n<p><strong>Hepa Halme Prospekt:<\/strong> Nine Steps In Line of Beauty (Silence)<br \/>\nHepa Halme; huilu,alttosaksofoni, bassoklarinetti, Seppo Kantonen; piano, Teho Majam\u00e4ki, Heikki Savolainen, Janne Haavisto,Abdissa Assefa; ly\u00f6m\u00e4soittimet, Jarmo Saari; kitara, theremin, programming, Teppo M\u00e4kynen; programming, scratches, Toppo Isopuro; koto, tampura, syntesoija, Miikka Paatelainen; kitara, basso, Samuli Kosminen; samples, ly\u00f6m\u00e4soittimet, Karri Koivukoski; alttoviulu <\/p>\n<p>22.9. 2003<\/p>\n","protected":false},"excerpt":{"rendered":"<p>Huilisti\/saksofonisti Hepa Halmeen levy &#8221;Nine Steps In Line of Beauty&#8221; koostuu yhdeks\u00e4st\u00e4 kappaleesta eli askeleesta, jotka levyn alaotsikon mukaisesti ovat &#8221;variaatioita, improvisaatioita ja meditaatioita Ornette Colemanin teemasta&#8221;. Tuo kyseinen teema on tietenkin freejazzballadi &#8221;Beauty Is A Rare Thing&#8221;, jonka Colemanin klassinen kvartetti \u00e4\u00e4nitti alunperin jo 2.8.1960. Kappaleiden kokoonpanot vaihtuvat l\u00e4hes joka askeleella, vain Halme itse [&hellip;]<\/p>\n","protected":false},"author":1,"featured_media":0,"parent":948,"menu_order":11,"comment_status":"open","ping_status":"open","template":"onecolumn-page.php","meta":{"ngg_post_thumbnail":0,"footnotes":""},"class_list":["post-1041","page","type-page","status-publish","hentry"],"jetpack_likes_enabled":false,"jetpack_sharing_enabled":true,"_links":{"self":[{"href":"https:\/\/www.valonkuvia.fi\/blogi\/wp-json\/wp\/v2\/pages\/1041","targetHints":{"allow":["GET"]}}],"collection":[{"href":"https:\/\/www.valonkuvia.fi\/blogi\/wp-json\/wp\/v2\/pages"}],"about":[{"href":"https:\/\/www.valonkuvia.fi\/blogi\/wp-json\/wp\/v2\/types\/page"}],"author":[{"embeddable":true,"href":"https:\/\/www.valonkuvia.fi\/blogi\/wp-json\/wp\/v2\/users\/1"}],"replies":[{"embeddable":true,"href":"https:\/\/www.valonkuvia.fi\/blogi\/wp-json\/wp\/v2\/comments?post=1041"}],"version-history":[{"count":1,"href":"https:\/\/www.valonkuvia.fi\/blogi\/wp-json\/wp\/v2\/pages\/1041\/revisions"}],"predecessor-version":[{"id":1042,"href":"https:\/\/www.valonkuvia.fi\/blogi\/wp-json\/wp\/v2\/pages\/1041\/revisions\/1042"}],"up":[{"embeddable":true,"href":"https:\/\/www.valonkuvia.fi\/blogi\/wp-json\/wp\/v2\/pages\/948"}],"wp:attachment":[{"href":"https:\/\/www.valonkuvia.fi\/blogi\/wp-json\/wp\/v2\/media?parent=1041"}],"curies":[{"name":"wp","href":"https:\/\/api.w.org\/{rel}","templated":true}]}}