{"id":1043,"date":"2011-09-07T20:47:02","date_gmt":"2011-09-07T17:47:02","guid":{"rendered":"http:\/\/www.valonkuvia.fi\/blogi\/?page_id=1043"},"modified":"2011-09-07T20:47:02","modified_gmt":"2011-09-07T17:47:02","slug":"gilbert-isbin-plays-nick-drake-jonas-hellborgshawn-lane-zenhouse-tri-dim-tri-dimprovisations","status":"publish","type":"page","link":"https:\/\/www.valonkuvia.fi\/blogi\/jazzjutut\/levyarviot-e-h\/gilbert-isbin-plays-nick-drake-jonas-hellborgshawn-lane-zenhouse-tri-dim-tri-dimprovisations\/","title":{"rendered":"Gilbert Isbin: Plays Nick Drake &#038; Jonas Hellborg\/Shawn Lane: Zenhouse &#038; Tri-Dim: Tri-Dimprovisations"},"content":{"rendered":"<p>Olen niputtanut yhteen kolme varsin erilaista levy\u00e4, joita kuitenkin yhdist\u00e4\u00e4 akustisen kitaran keskeinen rooli. Ensimm\u00e4isell\u00e4 levyll\u00e4 nimelt\u00e4 &#8221;Gilbert Isbin Plays Nick Drake&#8221; akustinen kitara on aivan ainoa instrumentti. Levyn nimi nostaa todenn\u00e4k\u00f6isesti mieleen kysymyksen, kuka kumma on t\u00e4m\u00e4 Nick Drake. Todenn\u00e4k\u00f6isesti my\u00f6s Gilbert Isbin on outo nimi. Onneksi levyyn liittyy kansiteksti, joka vastaa n\u00e4ihin kysymyksiin. Nick Drake oli englantilainen laulaja\/lauluntekij\u00e4, joka levytti muutaman LP:n 1960- ja 70-lukujen vaihteessa. Drake oli luonteeltaan autistinen ja h\u00e4nen tiedossa olevat kymmenkunta keikkaa ep\u00e4onnistuivat pahasti. Drake kuoli masennusl\u00e4\u00e4kkeiden yliannostukseen vuonna 1974 vain 26-vuotiaana. Draken levyt j\u00e4iv\u00e4t h\u00e4nen elinaikanaan l\u00e4hes tuntemattomiksi, mutta kuolemansa j\u00e4lkeen Drake on saavuttanut v\u00e4\u00e4rinymm\u00e4rretyn neron kulttimainetta. Esimerkiksi sellaiset nimet kuin Tom Verlaine, Kate Bush, Paul Weller ja Morrissey ovat tunnustaneet saaneensa vaikutteita Draken musiikista. Nyt belgialainen jazzkitaristi Gilbert Isbin on levytt\u00e4nyt yksin akustisella kitaralla Draken musiikkia. Levyll\u00e4 on 11 kaunista kappaletta, joita yhdist\u00e4\u00e4 hauraan harras tunnelma. Levy on j\u00e4lleen hyv\u00e4 osoitus siit\u00e4, ett\u00e4 valtavirtojen sivujuoksuilta voi tehd\u00e4 kiinnostavia l\u00f6yt\u00f6j\u00e4.<\/p>\n<p>Akustinen kitara on pinnalla my\u00f6s ruotsalaisen basistin Jonas Hellborgin ja englantilaisen kitaristin Shawn Lanen live-levyll\u00e4. Aikoinaan John McLaughlinin yhtyeess\u00e4kin soittanut Hellborg soittaa t\u00e4ll\u00e4 levyll\u00e4 akustista bassokitaraa, joka j\u00e4\u00e4 melko taustalle musiikin kokonaisuudessa. Mist\u00e4\u00e4n bassovirtuositeetin osoittamisesta ei ole kyse. Taustalla vaikuttaa my\u00f6s ly\u00f6m\u00e4soittimia hienovaraisen huomaamattomasti soittava nimimerkki apt.Q-258. Levyll\u00e4 on nelj\u00e4 pitk\u00e4\u00e4 improvisaatiota, jotka ovat kuin minimalistisia jameja, joiden aikana tapahtuu varsin v\u00e4h\u00e4n. Musiikki on luonteeltaan mietiskelev\u00e4\u00e4, kuten jo levyn nimest\u00e4 voi p\u00e4\u00e4tell\u00e4. Varsinkin viimeinen improvisaatio &#8221;conclusion&#8221; kuulostaa hyvin it\u00e4maiselta, intialaiset vaikutteet tulevat kuuluvasti esille. Mielest\u00e4ni levy on aivan liian tasapaksua leijumista, vailla dynamiikkaa ja suuntaa, mutta kenties joku enemm\u00e4n mietiskelyyn taipuvainen kuulija saa siit\u00e4 enemm\u00e4n irti.<\/p>\n<p>Norjalais-ruotsalaisen Tri-Dim-trion &#8221;Tridimprovisations&#8221; poikkeaa musiikillisesti t\u00e4ysin kahdesta edell\u00e4 k\u00e4sitellyst\u00e4 levyst\u00e4. Ruotsalainen kitaristi David Stacken\u00e4s on soittanut mm. Raymond Stridin ja Mats Gustafssonin kanssa ja norjalaiset saksofonisti H\u00e5kon Kornstad ja ly\u00f6m\u00e4soittaja Ingar Zach ovat Trondheimin Konservatorion Jazz-osaston kasvatteja. Molemmat ovat olleet mukana monissa uusissa norjalaisissa yhtyeiss\u00e4, mm. Bugge Wesseltoftin ja Audun Kleiven kanssa. Trionsa esikuviksi he mainitsevat em. Mats Gustafssonin, Evan Parkerin ja Derek Baileyn. T\u00e4t\u00e4 taustaa vasten ei ole yll\u00e4tt\u00e4v\u00e4\u00e4, ett\u00e4 Tri-Dim soittaa silkkaa vapaata improvisointia, musiikkia vailla melodiaa tai kiinte\u00e4\u00e4 rytmi\u00e4. Trion rakentaa kuusi lyhytt\u00e4 \u00e4\u00e4nimaalausta, jotka ovat pikemmin kuin herkki\u00e4 akvarelleja kuin ronskeja \u00f6ljyv\u00e4rin roiskeita, jollaisiin vapaata improvisaatiota usein tekee mieli verrata. Tri-Dim-trion levyll\u00e4 on kestoa vain 28 minuuttia, mutta silti enemm\u00e4n asiaa kuin monilla t\u00e4yspitkill\u00e4 levyill\u00e4. <\/p>\n<p><strong>Gilbert Isbin<\/strong>: Plays Nick Drake (Traurige Troben)<br \/>\nGilbert Isbin; akustinen kitara <\/p>\n<p><strong>Jonas Hellborg\/Shawn Lane<\/strong>: Zenhouse (Bardo Records)<br \/>\napt. Q-258; ly\u00f6m\u00e4soittimet, Jonas Hellborg; akustinen tuplakaulainen basso, Shawn Lane: akustinen kitara<\/p>\n<p>Tri-Dim: Tri-Dimprovisations<br \/>\nBP 99004<\/p>\n<p>H\u00e5kan Kornstad; tenorisaksofoni, David Stacken\u00e4s; akustinen kitara, Ingar Zach; rummut, ly\u00f6m\u00e4soittimet<\/p>\n<p>\u00c4\u00e4nitetty 10.-11. 5. 1999 Cleveland Studio, Norja<\/p>\n<p>28.4.2000<\/p>\n","protected":false},"excerpt":{"rendered":"<p>Olen niputtanut yhteen kolme varsin erilaista levy\u00e4, joita kuitenkin yhdist\u00e4\u00e4 akustisen kitaran keskeinen rooli. Ensimm\u00e4isell\u00e4 levyll\u00e4 nimelt\u00e4 &#8221;Gilbert Isbin Plays Nick Drake&#8221; akustinen kitara on aivan ainoa instrumentti. Levyn nimi nostaa todenn\u00e4k\u00f6isesti mieleen kysymyksen, kuka kumma on t\u00e4m\u00e4 Nick Drake. Todenn\u00e4k\u00f6isesti my\u00f6s Gilbert Isbin on outo nimi. Onneksi levyyn liittyy kansiteksti, joka vastaa n\u00e4ihin kysymyksiin. [&hellip;]<\/p>\n","protected":false},"author":1,"featured_media":0,"parent":948,"menu_order":12,"comment_status":"open","ping_status":"open","template":"onecolumn-page.php","meta":{"ngg_post_thumbnail":0,"footnotes":""},"class_list":["post-1043","page","type-page","status-publish","hentry"],"jetpack_likes_enabled":false,"jetpack_sharing_enabled":true,"_links":{"self":[{"href":"https:\/\/www.valonkuvia.fi\/blogi\/wp-json\/wp\/v2\/pages\/1043","targetHints":{"allow":["GET"]}}],"collection":[{"href":"https:\/\/www.valonkuvia.fi\/blogi\/wp-json\/wp\/v2\/pages"}],"about":[{"href":"https:\/\/www.valonkuvia.fi\/blogi\/wp-json\/wp\/v2\/types\/page"}],"author":[{"embeddable":true,"href":"https:\/\/www.valonkuvia.fi\/blogi\/wp-json\/wp\/v2\/users\/1"}],"replies":[{"embeddable":true,"href":"https:\/\/www.valonkuvia.fi\/blogi\/wp-json\/wp\/v2\/comments?post=1043"}],"version-history":[{"count":1,"href":"https:\/\/www.valonkuvia.fi\/blogi\/wp-json\/wp\/v2\/pages\/1043\/revisions"}],"predecessor-version":[{"id":1044,"href":"https:\/\/www.valonkuvia.fi\/blogi\/wp-json\/wp\/v2\/pages\/1043\/revisions\/1044"}],"up":[{"embeddable":true,"href":"https:\/\/www.valonkuvia.fi\/blogi\/wp-json\/wp\/v2\/pages\/948"}],"wp:attachment":[{"href":"https:\/\/www.valonkuvia.fi\/blogi\/wp-json\/wp\/v2\/media?parent=1043"}],"curies":[{"name":"wp","href":"https:\/\/api.w.org\/{rel}","templated":true}]}}