{"id":1053,"date":"2011-09-07T20:56:19","date_gmt":"2011-09-07T17:56:19","guid":{"rendered":"http:\/\/www.valonkuvia.fi\/blogi\/?page_id=1053"},"modified":"2011-09-07T20:56:19","modified_gmt":"2011-09-07T17:56:19","slug":"innanen-kallio-scratch","status":"publish","type":"page","link":"https:\/\/www.valonkuvia.fi\/blogi\/jazzjutut\/levyarviot-e-h\/innanen-kallio-scratch\/","title":{"rendered":"Innanen &#8211; Kallio: Scratch"},"content":{"rendered":"<p>Mikko Innanen ja Mika Kallio ovat tallentaneet uudelle levylleen 16 kappaletta, joista osa perustuu valmiisiin s\u00e4vellyksiin ja osa on vapaata improvisaatiota. Kappaleiden kestot vaihtelevat vajaasta minuutista reiluun kuuteen minuuttiin. Suurin osa kest\u00e4\u00e4 kuitenkin saman verran kuin jazzkappaleen kesto oli ennen vanhaan savikiekkojen aikana eli siin\u00e4 kolmen minuutin paikkeilla, mik\u00e4 pakottaa soittajat pelkist\u00e4m\u00e4\u00e4n ilmaisunsa olennaiseen. <\/p>\n<p>Kappaleiden suhteellisen lyhyen keston vuoksi musiikki ei tavoittele laajoja sinfonisia kaaria tai muita monumentaalisia tehoja, eik\u00e4 n\u00e4it\u00e4 intiimej\u00e4, keskittyneit\u00e4 soitteita oikein voi luonnehtia kamarimusiikiksikaan. Hienostuneen salin tai salongin sijasta mieleen tulee pikemminkin keitti\u00f6n p\u00f6yt\u00e4, jonka \u00e4\u00e4rell\u00e4 parhaat keskustelut useasti k\u00e4yd\u00e4\u00e4n. Innasen ja Kallion keitti\u00f6musiikki on kahden toisensa hyvin tuntevan yst\u00e4v\u00e4n keskittynytt\u00e4 keskustelua, tarkkaa kuuntelemista, v\u00e4lill\u00e4 intensiivist\u00e4 v\u00e4ittely\u00e4, innostunutta p\u00e4\u00e4lle puhumista ja my\u00f6s hiljaista pohdiskelua. Vuorovaikutus on tihe\u00e4\u00e4 ja soittajien suhde monimuotoisempi kuin perinteinen solistin ja s\u00e4est\u00e4j\u00e4n v\u00e4linen suhde. <\/p>\n<p>Duon musiikki on paikoitellen Albert Ayler-henkist\u00e4 rehev\u00e4\u00e4 freet\u00e4, v\u00e4lill\u00e4 erilaisten pikkuinstrumenttien k\u00e4ytt\u00f6 saa musiikin kuulostamaan Art Ensemble Of Chicagon \u00e4\u00e4nimaisemilta. Sahan s\u00e4est\u00e4m\u00e4 tenorisaksofoni raidalla &#8221;Blues for Stanley&#8221; on oiva idea, joka vie vanhan primitiivisen country bluesin tunnelmiin. Kauniita melodioitakaan ei ole unohdettu, &#8221;I Love You (in D Minor)&#8221; ja &#8221;Lullaby&#8221; ovat siit\u00e4 hienoja esimerkkej\u00e4. Koko levyn t\u00e4ytt\u00e4minen kahden muusikon voimin on aikamoinen haaste, jonka Innanen ja Kallio selvitt\u00e4v\u00e4t kirkkaasti ja tarjoavat kuulijalle vaihtelevan ja vahvan kokonaisuuden vapautunutta jazzia ja improvisaatiota. <\/p>\n<p><strong>Innanen &#8211; Kallio<\/strong>: Scratch (Fiasko Records)<br \/>\nMikko Innanen; saksofonit, Mika Kallio; rummut <\/p>\n<p>17.12.2007<\/p>\n","protected":false},"excerpt":{"rendered":"<p>Mikko Innanen ja Mika Kallio ovat tallentaneet uudelle levylleen 16 kappaletta, joista osa perustuu valmiisiin s\u00e4vellyksiin ja osa on vapaata improvisaatiota. Kappaleiden kestot vaihtelevat vajaasta minuutista reiluun kuuteen minuuttiin. Suurin osa kest\u00e4\u00e4 kuitenkin saman verran kuin jazzkappaleen kesto oli ennen vanhaan savikiekkojen aikana eli siin\u00e4 kolmen minuutin paikkeilla, mik\u00e4 pakottaa soittajat pelkist\u00e4m\u00e4\u00e4n ilmaisunsa olennaiseen. Kappaleiden [&hellip;]<\/p>\n","protected":false},"author":1,"featured_media":0,"parent":948,"menu_order":16,"comment_status":"open","ping_status":"open","template":"onecolumn-page.php","meta":{"ngg_post_thumbnail":0,"footnotes":""},"class_list":["post-1053","page","type-page","status-publish","hentry"],"jetpack_likes_enabled":false,"jetpack_sharing_enabled":true,"_links":{"self":[{"href":"https:\/\/www.valonkuvia.fi\/blogi\/wp-json\/wp\/v2\/pages\/1053","targetHints":{"allow":["GET"]}}],"collection":[{"href":"https:\/\/www.valonkuvia.fi\/blogi\/wp-json\/wp\/v2\/pages"}],"about":[{"href":"https:\/\/www.valonkuvia.fi\/blogi\/wp-json\/wp\/v2\/types\/page"}],"author":[{"embeddable":true,"href":"https:\/\/www.valonkuvia.fi\/blogi\/wp-json\/wp\/v2\/users\/1"}],"replies":[{"embeddable":true,"href":"https:\/\/www.valonkuvia.fi\/blogi\/wp-json\/wp\/v2\/comments?post=1053"}],"version-history":[{"count":1,"href":"https:\/\/www.valonkuvia.fi\/blogi\/wp-json\/wp\/v2\/pages\/1053\/revisions"}],"predecessor-version":[{"id":1054,"href":"https:\/\/www.valonkuvia.fi\/blogi\/wp-json\/wp\/v2\/pages\/1053\/revisions\/1054"}],"up":[{"embeddable":true,"href":"https:\/\/www.valonkuvia.fi\/blogi\/wp-json\/wp\/v2\/pages\/948"}],"wp:attachment":[{"href":"https:\/\/www.valonkuvia.fi\/blogi\/wp-json\/wp\/v2\/media?parent=1053"}],"curies":[{"name":"wp","href":"https:\/\/api.w.org\/{rel}","templated":true}]}}