{"id":1067,"date":"2011-09-09T22:58:29","date_gmt":"2011-09-09T19:58:29","guid":{"rendered":"http:\/\/www.valonkuvia.fi\/blogi\/?page_id=1067"},"modified":"2011-09-09T22:58:29","modified_gmt":"2011-09-09T19:58:29","slug":"stefan-isaksson-three-cushions","status":"publish","type":"page","link":"https:\/\/www.valonkuvia.fi\/blogi\/jazzjutut\/levyarviot-e-h\/stefan-isaksson-three-cushions\/","title":{"rendered":"Stefan Isaksson: Three Cushions"},"content":{"rendered":"<p>Saksofonisti Stefan Isaksson kommentoi uuden &#8221;Three Cushions&#8221;-levyns\u00e4 kansitekstiss\u00e4 lyhyesti jokaista s\u00e4vellyst\u00e4\u00e4n. Kappale nimelt\u00e4\u00e4n &#8221;Hopper&#8221; viittaa amerikkalaiseen taidemaalariin Edward Hopperiin, johon Isaksson tunnustaa tuntevansa henkist\u00e4 sukulaisuutta. Hopper pyrki maalauksissaan tavoittamaan valoa erilaisilla pinnoilla. My\u00f6s Isakssonin musiikki perustuu pienille eleille, ik\u00e4\u00e4n kuin valonh\u00e4iv\u00e4hdyksille perusbebopin pinnalla. Isakssonin bebop on perinteist\u00e4 mainstreamjazzia, ei muoto- tai sointikokeiluja, ei postmodernia ironiaa, kyll\u00e4kin joukko kiinnostavia sooloja ja s\u00e4vellyksi\u00e4.. <\/p>\n<p>Isakssonin tenorin soundi on t\u00e4ytel\u00e4inen ja h\u00e4nen fraseerauksensa svengaavaa, l\u00e4hes vapaasti leijailevaa. \u00c5ke Johanssonin s\u00e4\u00e4steli\u00e4\u00e4ss\u00e4 pianoty\u00f6skentelyss\u00e4 on koko ajan kuunneltavaa. Leif Wennerst\u00f6min soitto k\u00e4y perinteisen rumpaloinnin malliesimerkist\u00e4 ja Hans Backenrothin basso soi kauniisti. Kvartettikappaleiden joukkoon tuo vaihtelua mm. Sonny Rollinsille omistettu triokappale, jossa Isakssonin tenori soi rotevasti. Kokonaisuutta rikastavat my\u00f6s vierailijat. Isakssonin oppi-is\u00e4 Bernt Rosengren puhaltaa parilla kappaleella ja Mats Rondinin sello soi yhteen tenorin kanssa. My\u00f6s pianisti G\u00f6sta Rundqvist soittaa kolmella raidalla. <\/p>\n<p>Three Cushions on huolellista k\u00e4sity\u00f6t\u00e4, tarkkaa ja kaunista. \u00c4kki\u00e4 kuunnellen se on vain yksi tyypillisen tyylik\u00e4s ruotsalainen jazzlevy, joita vuosittain ilmestyy kymmeni\u00e4. Tarkempi kuuntelu kuitenkin paljastaa, ett\u00e4 kyse on lajissaan poikkeuksellisen hienosta ja harkitusta kokonaisuudesta, jonka kruunaa miellytt\u00e4v\u00e4 pahvinen kotelo. <\/p>\n<p><strong>Stefan Isaksson<\/strong>: Three Cushions (Phono Suecia)<br \/>\nStefan Isaksson tenorisaksofoni; \u00c5ke Johansson piano; Hans Backenroth basso; Leif Wennerstr\u00f6m rummut; Bernt Rosengren tenorisaksofoni; G\u00f6sta Rundqvist piano; Mats Rondin sello <\/p>\n","protected":false},"excerpt":{"rendered":"<p>Saksofonisti Stefan Isaksson kommentoi uuden &#8221;Three Cushions&#8221;-levyns\u00e4 kansitekstiss\u00e4 lyhyesti jokaista s\u00e4vellyst\u00e4\u00e4n. Kappale nimelt\u00e4\u00e4n &#8221;Hopper&#8221; viittaa amerikkalaiseen taidemaalariin Edward Hopperiin, johon Isaksson tunnustaa tuntevansa henkist\u00e4 sukulaisuutta. Hopper pyrki maalauksissaan tavoittamaan valoa erilaisilla pinnoilla. My\u00f6s Isakssonin musiikki perustuu pienille eleille, ik\u00e4\u00e4n kuin valonh\u00e4iv\u00e4hdyksille perusbebopin pinnalla. Isakssonin bebop on perinteist\u00e4 mainstreamjazzia, ei muoto- tai sointikokeiluja, ei postmodernia ironiaa, [&hellip;]<\/p>\n","protected":false},"author":1,"featured_media":0,"parent":948,"menu_order":17,"comment_status":"open","ping_status":"open","template":"onecolumn-page.php","meta":{"ngg_post_thumbnail":0,"footnotes":""},"class_list":["post-1067","page","type-page","status-publish","hentry"],"jetpack_likes_enabled":false,"jetpack_sharing_enabled":true,"_links":{"self":[{"href":"https:\/\/www.valonkuvia.fi\/blogi\/wp-json\/wp\/v2\/pages\/1067","targetHints":{"allow":["GET"]}}],"collection":[{"href":"https:\/\/www.valonkuvia.fi\/blogi\/wp-json\/wp\/v2\/pages"}],"about":[{"href":"https:\/\/www.valonkuvia.fi\/blogi\/wp-json\/wp\/v2\/types\/page"}],"author":[{"embeddable":true,"href":"https:\/\/www.valonkuvia.fi\/blogi\/wp-json\/wp\/v2\/users\/1"}],"replies":[{"embeddable":true,"href":"https:\/\/www.valonkuvia.fi\/blogi\/wp-json\/wp\/v2\/comments?post=1067"}],"version-history":[{"count":1,"href":"https:\/\/www.valonkuvia.fi\/blogi\/wp-json\/wp\/v2\/pages\/1067\/revisions"}],"predecessor-version":[{"id":1068,"href":"https:\/\/www.valonkuvia.fi\/blogi\/wp-json\/wp\/v2\/pages\/1067\/revisions\/1068"}],"up":[{"embeddable":true,"href":"https:\/\/www.valonkuvia.fi\/blogi\/wp-json\/wp\/v2\/pages\/948"}],"wp:attachment":[{"href":"https:\/\/www.valonkuvia.fi\/blogi\/wp-json\/wp\/v2\/media?parent=1067"}],"curies":[{"name":"wp","href":"https:\/\/api.w.org\/{rel}","templated":true}]}}