{"id":1072,"date":"2011-09-09T23:10:32","date_gmt":"2011-09-09T20:10:32","guid":{"rendered":"http:\/\/www.valonkuvia.fi\/blogi\/?page_id=1072"},"modified":"2011-09-09T23:19:43","modified_gmt":"2011-09-09T20:19:43","slug":"vijay-iyer-mike-ladd-in-what-language","status":"publish","type":"page","link":"https:\/\/www.valonkuvia.fi\/blogi\/jazzjutut\/levyarviot-e-h\/vijay-iyer-mike-ladd-in-what-language\/","title":{"rendered":"Vijay Iyer &#038; Mike Ladd: in what language?"},"content":{"rendered":"<p>&#8221;in what language?&#8221; on Vijay Iyerin uran t\u00e4h\u00e4n saakka kunnianhimoisin projekti, jossa h\u00e4nen yhteisty\u00f6kumppaninaan on runoilija ja rap-taiteilija Mike Ladd. &#8221;in what language?&#8221; on poikkitaiteellinen jazzia, funkia, hip-hopia, puhuttua sanaa ja elektroniikkaa sis\u00e4lt\u00e4v\u00e4 monitahoinen kaleidoskooppi er\u00e4\u00e4st\u00e4 globaalin maailman ja talouden solmukohdasta, suuresta lentokent\u00e4st\u00e4 ja sen kautta vaeltavien ihmisjoukkojen kohtaloista. Vijay Iyer sai idean levyyns\u00e4 iranilaisen elokuvaohjaaja Jafar Panahin kohtalosta New Yorkin lentokent\u00e4ll\u00e4. Panahi oli matkalla filmifestivaaleilta Hongkongista Buenos Airesiin esittelem\u00e4\u00e4n uutta elokuvaansa, kun h\u00e4net pid\u00e4tettiin New Yorkissa puuttuvan l\u00e4pikulkuviisumin vuoksi ja palautettiin k\u00e4siraudoissa takaisin Hongkongiin. Sananvapauspalkittu ohjaaja kirjoitti my\u00f6hemmin tapahtuneesta ep\u00e4toivoissaan: &#8221;En ole varas! En ole murhaaja! Olen vain iranilainen ohjaaja, mutta mill\u00e4 kielell\u00e4 voisin sen kertoa?&#8221; V\u00e4likohtaus tapahtui jo ennen syyskuun 11. p\u00e4iv\u00e4n terrori-iskua, mutta varsinkin iskujen j\u00e4lkeen intialaissyntyinen Iyer on itsekin monesti kohdannut lentoasemien turvaj\u00e4rjestelyjen tummaihoisiin kohdistuvan ep\u00e4luulon.<\/p>\n<p>&#8221;in what language?&#8221; kertoo joukon tarinoita ihmisist\u00e4, jotka kaikki jollain lailla kietoutuvat eri puolilta maailmaan lentokent\u00e4n kautta kulkevien ihmisten vaiheisiin. Levyll\u00e4 kertovat vaikuttavat tarinansa mm. trinidadilainen turvatarkastaja Karen, intialainen New Yorkissa ty\u00f6skentelev\u00e4 taksinkuljettaja Rehan, ennen Maailmanpankin palveluksessa ollut irakilainen liikemies Tariq ja Sierra Leonen v\u00e4kivaltaa paennut Yuyanda. Levyn tarinat eiv\u00e4t ole lauluja, sill\u00e4 tarinat kerrotaan enemm\u00e4n tai v\u00e4hemm\u00e4n puhe\u00e4\u00e4nell\u00e4. Kertomusten \u00e4\u00e4nimaisemat ovat usein kiihke\u00e4\u00e4 funkin ja jazzin sekoitusta, joka hyvin ilment\u00e4\u00e4 lentoaseman kiireist\u00e4 ilmapiiri\u00e4. Levyn p\u00e4\u00e4tt\u00e4\u00e4 kuitenkin kaunis, vain pianon ja sellon s\u00e4est\u00e4m\u00e4 &#8221;Plastic Bag&#8221;, jossa senegalilainen Sekou kertoo tarinansa ja mukana on my\u00f6s se matkalaukun kokoinen puna-, sini- ja valkoraidallinen muovikassi, jonka moni on varmasti n\u00e4hnyt maailman lentokentill\u00e4. Varsinaisia instrumentaalisooloja levyll\u00e4 on aika v\u00e4h\u00e4n, vaikka paikoin Iyerin piano ja Rudresh Mahanthappan saksofoni p\u00e4\u00e4sev\u00e4t esille my\u00f6s solisteina. &#8221;in what language?&#8221; ei siis ehk\u00e4 ole olleenkaan jazzia, mutta mit\u00e4p\u00e4 v\u00e4li\u00e4 sill\u00e4 on. Se on kuitenkin vaikuttava puheenvuoro ihmisist\u00e4, jonka kaikkialle ulottuva globalisaatio on tempaissut juuriltaan l\u00e4nsimaisen kulttuurin ty\u00f6voimaksi. <\/p>\n<p><strong>Vijay Iyer &#038; Mike Ladd<\/strong>: in what language? (Pi Recordings)<br \/>\nMike Ladd, Latasha Nevada Diggs, Allison Easter, Ajay Naidu; \u00e4\u00e4ni, Vijay Iyer; piano, kosketinsoittimet, elektroniikka, Ambrose Akinmusire; trumpetti, Rudresh Mahanthappa; alttosaksofoni, Dana Leong; sello, pasuuna, Liberty Ellman; kitara, Stephan Crump; basso, Trevor Holder; rummut<\/p>\n<p>5.2. 2005<\/p>\n","protected":false},"excerpt":{"rendered":"<p>&#8221;in what language?&#8221; on Vijay Iyerin uran t\u00e4h\u00e4n saakka kunnianhimoisin projekti, jossa h\u00e4nen yhteisty\u00f6kumppaninaan on runoilija ja rap-taiteilija Mike Ladd. &#8221;in what language?&#8221; on poikkitaiteellinen jazzia, funkia, hip-hopia, puhuttua sanaa ja elektroniikkaa sis\u00e4lt\u00e4v\u00e4 monitahoinen kaleidoskooppi er\u00e4\u00e4st\u00e4 globaalin maailman ja talouden solmukohdasta, suuresta lentokent\u00e4st\u00e4 ja sen kautta vaeltavien ihmisjoukkojen kohtaloista. Vijay Iyer sai idean levyyns\u00e4 iranilaisen [&hellip;]<\/p>\n","protected":false},"author":1,"featured_media":0,"parent":948,"menu_order":19,"comment_status":"open","ping_status":"closed","template":"onecolumn-page.php","meta":{"ngg_post_thumbnail":0,"footnotes":""},"class_list":["post-1072","page","type-page","status-publish","hentry"],"jetpack_likes_enabled":false,"jetpack_sharing_enabled":true,"_links":{"self":[{"href":"https:\/\/www.valonkuvia.fi\/blogi\/wp-json\/wp\/v2\/pages\/1072","targetHints":{"allow":["GET"]}}],"collection":[{"href":"https:\/\/www.valonkuvia.fi\/blogi\/wp-json\/wp\/v2\/pages"}],"about":[{"href":"https:\/\/www.valonkuvia.fi\/blogi\/wp-json\/wp\/v2\/types\/page"}],"author":[{"embeddable":true,"href":"https:\/\/www.valonkuvia.fi\/blogi\/wp-json\/wp\/v2\/users\/1"}],"replies":[{"embeddable":true,"href":"https:\/\/www.valonkuvia.fi\/blogi\/wp-json\/wp\/v2\/comments?post=1072"}],"version-history":[{"count":2,"href":"https:\/\/www.valonkuvia.fi\/blogi\/wp-json\/wp\/v2\/pages\/1072\/revisions"}],"predecessor-version":[{"id":1078,"href":"https:\/\/www.valonkuvia.fi\/blogi\/wp-json\/wp\/v2\/pages\/1072\/revisions\/1078"}],"up":[{"embeddable":true,"href":"https:\/\/www.valonkuvia.fi\/blogi\/wp-json\/wp\/v2\/pages\/948"}],"wp:attachment":[{"href":"https:\/\/www.valonkuvia.fi\/blogi\/wp-json\/wp\/v2\/media?parent=1072"}],"curies":[{"name":"wp","href":"https:\/\/api.w.org\/{rel}","templated":true}]}}