{"id":11250,"date":"2017-03-26T13:55:52","date_gmt":"2017-03-26T10:55:52","guid":{"rendered":"http:\/\/www.valonkuvia.fi\/blogi\/?page_id=11250"},"modified":"2025-05-18T19:45:22","modified_gmt":"2025-05-18T16:45:22","slug":"vinyylin-viehatys","status":"publish","type":"page","link":"https:\/\/www.valonkuvia.fi\/blogi\/jazzjutut\/vinyylin-viehatys\/","title":{"rendered":"Vinyylin vieh\u00e4tys"},"content":{"rendered":"\n<p>Musiikkiharrastukseni alkoi 1970-luvun loppupuolella tietenkin vinyylilevyjen parissa. C-kasetti toki kulki jonkin aikaa rinnalla, mutta siihen ei liity kaipausta tai nostalgiaa. Sen verran vaivalloista kasettien k\u00e4ytt\u00e4minen oli.<\/p>\n\n\n\n<p>Sen sijaan cd-levyt syrj\u00e4yttiv\u00e4t vinyylit arkisessa k\u00e4yt\u00f6ss\u00e4 pitk\u00e4ksi aikaa, vaikka s\u00e4ilytin vanhat levyni ja levysoittimeni. Nyt ilmapiirin muuttuessa olen muistanut vinyylilevyt ja py\u00f6rittelen niit\u00e4 uuden soittimeni levylautasella. Suhtautumiseni eri tallennusv\u00e4lineisiin on kuitenkin vapaamielinen. Eniten k\u00e4yt\u00e4n edelleen cd-levyj\u00e4, joita hyllyyn on kuitenkin kertynyt huomattavasti vinyylej\u00e4 enemm\u00e4n. My\u00f6sk\u00e4\u00e4n digitaalinen musiikki, tiedostot tai suoratoisto, ei ole t\u00e4ysin vierasta. Toki vinyylin ainutlaatuisesta vieh\u00e4tyksest\u00e4 voi nauttia vain vinyylilevyj\u00e4 kuuntelemalla ja katselemalla.<\/p>\n\n\n\n<p>T\u00e4lle sivulle kokoan yhteen linkit blogiin &#8221;<em>Vinyylin vieh\u00e4tys<\/em>&#8221; -otsikolla kirjoittamiani juttuja. Esittelen sarjassa itselleni t\u00e4rkeit\u00e4 tai itse\u00e4ni kiinnostavia jazzlevyj\u00e4, joita kuuntelen vinyylein\u00e4. T\u00e4ydenn\u00e4n sarjaa harvakseltaan ilman aikataulua. P\u00e4\u00e4paino t\u00e4h\u00e4n saakka on ollut 1970- ja 1980-luvuilla ilmestyneess\u00e4 jazzissa, siis aikakaudessa, jolloin aloitin jazzharrastukseni. Mukaan on t\u00e4h\u00e4n menness\u00e4 p\u00e4\u00e4ssyt vain muutama uusi julkaisu.<\/p>\n\n\n\n<p><em>Motto: Jos musiikki on hyv\u00e4\u00e4, Spotify ei sit\u00e4 pilaa ja jos musiikki on tyls\u00e4\u00e4, ei vinyyli sit\u00e4 pelasta!<\/em><\/p>\n\n\n\n<h4 class=\"wp-block-heading\">Suorat linkit Vinyylin vieh\u00e4tys -sarjan kirjoituksiin:<\/h4>\n\n\n\n<ul class=\"wp-block-list\">\n<li><a href=\"https:\/\/www.valonkuvia.fi\/blogi\/air-air-raid\/\">Air: Air Raid<\/a><\/li>\n\n\n\n<li><a href=\"http:\/\/www.valonkuvia.fi\/blogi\/vinyylin-viehatys-air-air-song\/\">Air: Air Song<\/a><\/li>\n\n\n\n<li><a href=\"https:\/\/www.valonkuvia.fi\/blogi\/barry-altschul-irina\/\">The Barry Altschul Quartet: Irina<\/a><\/li>\n\n\n\n<li><a href=\"http:\/\/www.valonkuvia.fi\/blogi\/you-cant-name-your-own-tune\/\">Barry Altschul: You Can\u00b4t Name Your Own Tune<\/a><\/li>\n\n\n\n<li><a href=\"http:\/\/www.valonkuvia.fi\/blogi\/vinyylin-viehatys-arild-andersen-clouds-in-my-head\/\">Arild Andersen: Clouds In My Head<\/a><\/li>\n\n\n\n<li><a href=\"http:\/\/www.valonkuvia.fi\/blogi\/vinyylin-viehatys-karl-berger-dave-holland-ed-blackwell-%e2%80%8e-transit\/\">Karl Berger \/ Dave Holland \/ Ed Blackwell: \u200eTransit<\/a><\/li>\n\n\n\n<li><a href=\"https:\/\/www.valonkuvia.fi\/blogi\/vinyylin-viehatys-gary-burton-new-quartet-the-new-quartet-ecm\/\" data-type=\"post\" data-id=\"26854\">Gary Burton New Quartet: The New Quartet<\/a><\/li>\n\n\n\n<li><a href=\"https:\/\/www.valonkuvia.fi\/blogi\/vinyylin-viehatys-steve-coleman-group-motherland-pulse-jmt-1986\/\">Steve Coleman Group: Motherland Pulse<\/a><\/li>\n\n\n\n<li><a href=\"http:\/\/www.valonkuvia.fi\/blogi\/vinyylin-viehatys-jack-dejohnette-special-edition\/\">Jack DeJohnette: Special Edition<\/a><\/li>\n\n\n\n<li><a href=\"http:\/\/www.valonkuvia.fi\/blogi\/vinyylin-viehatys-dave-douglas-quintet-be-still\/\">Dave Douglas Quintet: Be Still<\/a><\/li>\n\n\n\n<li><a href=\"http:\/\/www.valonkuvia.fi\/blogi\/vinyylin-viehatys-3-x-charlie-hadenin-humaanit-duolevyt\/\">3 x Charlie Hadenin humaanit duolevyt<\/a><\/li>\n\n\n\n<li><a href=\"https:\/\/www.valonkuvia.fi\/blogi\/charlie-haden-etudes\/\">Charlie Haden \/ Paul Motian feat. Geri Allen: Etudes<\/a><\/li>\n\n\n\n<li><a href=\"http:\/\/www.valonkuvia.fi\/blogi\/vinyylina-viehatys-billy-harper-black-saint\/\">Billy Harper: Black Saint<\/a><\/li>\n\n\n\n<li><a href=\"https:\/\/www.valonkuvia.fi\/blogi\/vinyylin-viehatys-mark-helias\/\">Mark Helias: Split Image<\/a><\/li>\n\n\n\n<li><a href=\"https:\/\/www.valonkuvia.fi\/blogi\/vinyylin-viehatys-mark-helias\/\">Mark Helias: The Current Set<\/a><\/li>\n\n\n\n<li>J<a href=\"https:\/\/www.valonkuvia.fi\/blogi\/jukka-linkola-octet-protofunk\/\" data-type=\"post\" data-id=\"21199\">ukka Linkola Octet: Protofunk<\/a><\/li>\n\n\n\n<li><a href=\"https:\/\/www.valonkuvia.fi\/blogi\/vinyylin-viehatys-joseph-jarman-don-moye-feat-johnny-dyani-black-paladins-black-saint-1980\/\">Joseph Jarman \u2013 Don Moye feat. Johnny Dyani: Black Paladins<\/a><\/li>\n\n\n\n<li><a href=\"http:\/\/www.valonkuvia.fi\/blogi\/vinyylin-viehatys-eero-koivistoinen-labyrinth-svart-records-2017\/\">Eero Koivistoinen: Labyrinth<\/a><\/li>\n\n\n\n<li><a href=\"https:\/\/www.valonkuvia.fi\/blogi\/vinyylin-viehatys-oliver-lake-quintet-prophet-black-saint-1981\/\">Oliver Lake: Prophet<\/a><\/li>\n\n\n\n<li><a href=\"https:\/\/www.valonkuvia.fi\/blogi\/jimmy-lyons-quintet-give-it-up\/\">Jimmy Lyons Quartet: Give It Up<\/a><\/li>\n\n\n\n<li><a href=\"http:\/\/www.valonkuvia.fi\/blogi\/vinyylin-viehatys-pauli-lyytinen-magnetia-orkesteri\/\">Pauli Lyytinen Magnetia Orkesteri: Pauli Lyytinen Magnetia Orkesteri<\/a><\/li>\n\n\n\n<li><a href=\"https:\/\/www.valonkuvia.fi\/blogi\/vinyylin-viehatys-albert-mangelsdorff-a-jazz-tune-i-hope-mps-1979\/\">Albert Mangelsdorff: A Jazz Tune I Hope<\/a><\/li>\n\n\n\n<li><a href=\"http:\/\/www.valonkuvia.fi\/blogi\/vinyylin-viehatys-charles-mingus-presents-charles-mingus\/\">Charles Mingus Presents Charles Mingus<\/a><\/li>\n\n\n\n<li><a href=\"http:\/\/www.valonkuvia.fi\/blogi\/thelonious-monk-brilliance\/\">Thelonious Monk: Brilliance<\/a><\/li>\n\n\n\n<li><a href=\"http:\/\/www.valonkuvia.fi\/blogi\/vinyylin-viehatys-paul-motian-trio-dance\/\">Paul Motian Trio: Dance<\/a><\/li>\n\n\n\n<li><a href=\"http:\/\/www.valonkuvia.fi\/blogi\/vinyylin-viehatys-old-and-new-dreams\/\">Old and New Dreams: Old and New Dreams<\/a><\/li>\n\n\n\n<li><a href=\"http:\/\/www.valonkuvia.fi\/blogi\/riitta-paakki-characters\/\">Riitta Paakki Trio: Characters<\/a><\/li>\n\n\n\n<li><a href=\"http:\/\/www.valonkuvia.fi\/blogi\/vinyylin-viehatys-the-don-pullen-quintet-the-sixth-sense\/\">The Don Pullen Quintet: The Sixth Sense<\/a><\/li>\n\n\n\n<li><a href=\"http:\/\/www.valonkuvia.fi\/blogi\/loaded\/\">The Quartet: Loaded<\/a><\/li>\n\n\n\n<li><a href=\"http:\/\/www.valonkuvia.fi\/blogi\/rena_rama\/\">Rena Rama: Landscapes<\/a><\/li>\n\n\n\n<li><a href=\"https:\/\/www.valonkuvia.fi\/blogi\/vinyylin-viehatys-dewey-redman-quartet-the-struggle-continues-ecm-1982\/\" data-type=\"post\" data-id=\"24029\">Dewey Redman Quartet: The Struggle Continues<\/a><\/li>\n\n\n\n<li><a href=\"https:\/\/www.valonkuvia.fi\/blogi\/sam-rivers-dave-holland\/\">Sam Rivers &#8211; Dave Holland: Vol. 1 &amp; Vol. 2<\/a><\/li>\n\n\n\n<li><a href=\"https:\/\/www.valonkuvia.fi\/blogi\/flexible-flyer\/\">Roswell Rudd: Flexible Flyer<\/a><\/li>\n\n\n\n<li><a href=\"http:\/\/www.valonkuvia.fi\/blogi\/regeneration\/\">Rudd, Lacy, Mengelberg, Carter, Bennink: Regeneration<\/a><\/li>\n\n\n\n<li><a href=\"http:\/\/www.valonkuvia.fi\/blogi\/vinyylin-viehatys-woody-shaw-with-anthony-braxton-%e2%80%8e-the-iron-men\/\">Woody Shaw with Anthony Braxton \u200e\u2013 The Iron Men<\/a><\/li>\n\n\n\n<li><a href=\"http:\/\/www.valonkuvia.fi\/blogi\/vinyylin-viehatys-lars-sjosten-quartet-roots-and-relations\/\">Lars Sj\u00f6sten Quartet: Roots And Relations<\/a><\/li>\n\n\n\n<li><a href=\"http:\/\/www.valonkuvia.fi\/blogi\/leo-smith-divine-love\/\">Leo Smith: Divine Love<\/a><\/li>\n\n\n\n<li><a href=\"http:\/\/www.valonkuvia.fi\/blogi\/vinyylin-viehatys-tomasz-stanko-music-from-taj-mahal-and-karla-caves\/\">Tomasz Stanko: Music From Taj Mahal and Karla Caves<\/a><\/li>\n\n\n\n<li><a href=\"http:\/\/www.valonkuvia.fi\/blogi\/vinyylin-viehatys-stony\/\">String Trio of New York: Area Code 212<\/a><\/li>\n\n\n\n<li><a data-type=\"post\" data-id=\"20943\" href=\"https:\/\/www.valonkuvia.fi\/blogi\/vinyylin-viehatys-the-klaus-suonsaari-quintet-reflecting-times-storyville-1988\/\">The Klaus Suonsaari Quintet: Reflecting Times<\/a><\/li>\n\n\n\n<li><a href=\"http:\/\/www.valonkuvia.fi\/blogi\/vinyylin-viehatys-cecil-taylor-quartet-looking-ahead-contemporary-records-1959\/\">Cecil Taylor. Looking Ahead!<\/a><\/li>\n\n\n\n<li><a href=\"http:\/\/www.valonkuvia.fi\/blogi\/radka-toneff-fairytales\/\">Radka Toneff &amp; Steve Dobrogosz: Fairytales<\/a><\/li>\n\n\n\n<li><a href=\"http:\/\/www.valonkuvia.fi\/blogi\/vinyylin-viehatys-edward-vesala-heavy-life\/\">Edward Vesala: Heavy Life<\/a><\/li>\n\n\n\n<li><a href=\"http:\/\/www.valonkuvia.fi\/blogi\/vinyylin-viehatys-kenny-wheeler-double-double-you\/\">Kenny Wheeler: Double, Double You<\/a><\/li>\n<\/ul>\n","protected":false},"excerpt":{"rendered":"<p>Musiikkiharrastukseni alkoi 1970-luvun loppupuolella tietenkin vinyylilevyjen parissa. C-kasetti toki kulki jonkin aikaa rinnalla, mutta siihen ei liity kaipausta tai nostalgiaa. Sen verran vaivalloista kasettien k\u00e4ytt\u00e4minen oli. Sen sijaan cd-levyt syrj\u00e4yttiv\u00e4t vinyylit arkisessa k\u00e4yt\u00f6ss\u00e4 pitk\u00e4ksi aikaa, vaikka s\u00e4ilytin vanhat levyni ja levysoittimeni. Nyt ilmapiirin muuttuessa olen muistanut vinyylilevyt ja py\u00f6rittelen niit\u00e4 uuden soittimeni levylautasella. Suhtautumiseni eri [&hellip;]<\/p>\n","protected":false},"author":1,"featured_media":0,"parent":116,"menu_order":0,"comment_status":"closed","ping_status":"closed","template":"","meta":{"ngg_post_thumbnail":0,"footnotes":""},"class_list":["post-11250","page","type-page","status-publish","hentry"],"jetpack_likes_enabled":false,"jetpack_sharing_enabled":true,"_links":{"self":[{"href":"https:\/\/www.valonkuvia.fi\/blogi\/wp-json\/wp\/v2\/pages\/11250","targetHints":{"allow":["GET"]}}],"collection":[{"href":"https:\/\/www.valonkuvia.fi\/blogi\/wp-json\/wp\/v2\/pages"}],"about":[{"href":"https:\/\/www.valonkuvia.fi\/blogi\/wp-json\/wp\/v2\/types\/page"}],"author":[{"embeddable":true,"href":"https:\/\/www.valonkuvia.fi\/blogi\/wp-json\/wp\/v2\/users\/1"}],"replies":[{"embeddable":true,"href":"https:\/\/www.valonkuvia.fi\/blogi\/wp-json\/wp\/v2\/comments?post=11250"}],"version-history":[{"count":52,"href":"https:\/\/www.valonkuvia.fi\/blogi\/wp-json\/wp\/v2\/pages\/11250\/revisions"}],"predecessor-version":[{"id":26862,"href":"https:\/\/www.valonkuvia.fi\/blogi\/wp-json\/wp\/v2\/pages\/11250\/revisions\/26862"}],"up":[{"embeddable":true,"href":"https:\/\/www.valonkuvia.fi\/blogi\/wp-json\/wp\/v2\/pages\/116"}],"wp:attachment":[{"href":"https:\/\/www.valonkuvia.fi\/blogi\/wp-json\/wp\/v2\/media?parent=11250"}],"curies":[{"name":"wp","href":"https:\/\/api.w.org\/{rel}","templated":true}]}}