{"id":1264,"date":"2011-11-08T10:15:20","date_gmt":"2011-11-08T08:15:20","guid":{"rendered":"http:\/\/www.valonkuvia.fi\/blogi\/?page_id=1264"},"modified":"2011-11-08T10:15:20","modified_gmt":"2011-11-08T08:15:20","slug":"koppel-anderson-koppel-kakophonia","status":"publish","type":"page","link":"https:\/\/www.valonkuvia.fi\/blogi\/jazzjutut\/levyarviot-j-l\/koppel-anderson-koppel-kakophonia\/","title":{"rendered":"Koppel &#8211; Anderson &#8211; Koppel: Kakophonia"},"content":{"rendered":"<p>Tanskalainen Koppel &#8211; Anderson &#8211; Koppel on sik\u00e4li erikoinen trio, ett\u00e4 harvoin is\u00e4 (A.Koppel) ja poika (B.Koppel) soittavat samassa yhtyeess\u00e4. Noin kymmenen vuotta toimineen trion ensimm\u00e4isell\u00e4 cd:ll\u00e4 on kestoa 75 minuuttia, mutta kappaleita on per\u00e4ti 21, joista suurin osa on siis varsin lyhyit\u00e4, lyhin vain 17 sekuntia. Levyn pisin kappale on levyn avaava &#8221;Kakophonia Shuffle&#8221;, jolle kestoa tulee yhdeks\u00e4n minuuttia. Koppel juniorin kuulasta saksofonia kuljettaa siin\u00e4 varsin perinteellisesti svengaava urkugroove. &#8221;It\u00b4s raining all over the world&#8221; on puolestaan rauhallinen tunnelmapala sopraanosaksofonille ja pianolle. &#8221;In a light place&#8221; tavoittelee kirkkomusiikin hartautta. &#8221;Puerto Rican Rumble&#8221; ja &#8221;Mumi\u00b4s Samba&#8221; hakevat nimens\u00e4 mukaisesti vaikutteita latinalais-amerikkalaisesta musiikista. &#8221;Atlas&#8221; on hilpe\u00e4n surumielinen h\u00f6lkk\u00e4, jonka urkusoundi muistuttaa ravintolab\u00e4ndien sointia. Kakophonia on vaikeasti luokiteltavaa, omalaatuisen huumorin s\u00e4vytt\u00e4m\u00e4\u00e4 musiikkia, mit\u00e4 tietenkin on pidett\u00e4v\u00e4 etup\u00e4\u00e4ss\u00e4 positiivisena seikkana. Suuri joukko lyhyit\u00e4 ja erityylisi\u00e4 kappaleita tekee kuitenkin levyst\u00e4 sellaista sillisalaattia, ett\u00e4 minun on vaikea siit\u00e4 kovasti innostua. <\/p>\n<p><strong>Koppel &#8211; Anderson &#8211; Koppel<\/strong>: Kakophonia (Stunt Records)<br \/>\nBenjamin Koppel; saksofonit, Jacob Anderson; ly\u00f6m\u00e4soittimet, rummut, Anders Koppel; Hammond-urut, piano<\/p>\n<p>10.3.2001<\/p>\n","protected":false},"excerpt":{"rendered":"<p>Tanskalainen Koppel &#8211; Anderson &#8211; Koppel on sik\u00e4li erikoinen trio, ett\u00e4 harvoin is\u00e4 (A.Koppel) ja poika (B.Koppel) soittavat samassa yhtyeess\u00e4. Noin kymmenen vuotta toimineen trion ensimm\u00e4isell\u00e4 cd:ll\u00e4 on kestoa 75 minuuttia, mutta kappaleita on per\u00e4ti 21, joista suurin osa on siis varsin lyhyit\u00e4, lyhin vain 17 sekuntia. Levyn pisin kappale on levyn avaava &#8221;Kakophonia Shuffle&#8221;, [&hellip;]<\/p>\n","protected":false},"author":1,"featured_media":0,"parent":1232,"menu_order":8,"comment_status":"open","ping_status":"open","template":"onecolumn-page.php","meta":{"ngg_post_thumbnail":0,"footnotes":""},"class_list":["post-1264","page","type-page","status-publish","hentry"],"jetpack_likes_enabled":false,"jetpack_sharing_enabled":true,"_links":{"self":[{"href":"https:\/\/www.valonkuvia.fi\/blogi\/wp-json\/wp\/v2\/pages\/1264","targetHints":{"allow":["GET"]}}],"collection":[{"href":"https:\/\/www.valonkuvia.fi\/blogi\/wp-json\/wp\/v2\/pages"}],"about":[{"href":"https:\/\/www.valonkuvia.fi\/blogi\/wp-json\/wp\/v2\/types\/page"}],"author":[{"embeddable":true,"href":"https:\/\/www.valonkuvia.fi\/blogi\/wp-json\/wp\/v2\/users\/1"}],"replies":[{"embeddable":true,"href":"https:\/\/www.valonkuvia.fi\/blogi\/wp-json\/wp\/v2\/comments?post=1264"}],"version-history":[{"count":1,"href":"https:\/\/www.valonkuvia.fi\/blogi\/wp-json\/wp\/v2\/pages\/1264\/revisions"}],"predecessor-version":[{"id":1265,"href":"https:\/\/www.valonkuvia.fi\/blogi\/wp-json\/wp\/v2\/pages\/1264\/revisions\/1265"}],"up":[{"embeddable":true,"href":"https:\/\/www.valonkuvia.fi\/blogi\/wp-json\/wp\/v2\/pages\/1232"}],"wp:attachment":[{"href":"https:\/\/www.valonkuvia.fi\/blogi\/wp-json\/wp\/v2\/media?parent=1264"}],"curies":[{"name":"wp","href":"https:\/\/api.w.org\/{rel}","templated":true}]}}