{"id":1274,"date":"2011-11-09T22:05:26","date_gmt":"2011-11-09T20:05:26","guid":{"rendered":"http:\/\/www.valonkuvia.fi\/blogi\/?page_id=1274"},"modified":"2011-11-09T22:05:26","modified_gmt":"2011-11-09T20:05:26","slug":"koskipyysalotimonen-turgan","status":"publish","type":"page","link":"https:\/\/www.valonkuvia.fi\/blogi\/jazzjutut\/levyarviot-j-l\/koskipyysalotimonen-turgan\/","title":{"rendered":"Koski\/Pyysalo\/Timonen: Turgan"},"content":{"rendered":"<p>Kuulaan viileit\u00e4 soundeja, hienostuneita melodioita, svengaavia rytmej\u00e4, taidokasta instrumenttien hallintaa; Suomen Jazzliiton kiertueella helmikuussa 2003 \u00e4\u00e4nitetty Turgan Trion esikoislevy on sanalla sanoen nautittavan tyylik\u00e4st\u00e4 musiikkia. Vibrafonisti Severi Pyysalon taidot ovat tietenkin k\u00e4yneet kaikille kotimaisen jazzin yst\u00e4ville selviksi jo kauan sitten. Levy tuskin tuottaa pettymyst\u00e4 vibrafonivirtuositeetin yst\u00e4ville, vaikka kyse ei miss\u00e4\u00e4n tapauksessa ole Pyysalon soololevyst\u00e4, vaan ihan oikean yhdess\u00e4 hengitt\u00e4v\u00e4n, yhteen hitsautuneen ja el\u00e4v\u00e4n yhtyeen musiikista. <\/p>\n<p>Soittajan roolinsa lis\u00e4ksi sek\u00e4 Pyysalo ett\u00e4 Koski esiintyv\u00e4t my\u00f6s s\u00e4velt\u00e4jin\u00e4 ja p\u00e4\u00e4osa ohjelmistosta koostuu heid\u00e4n s\u00e4vellyksist\u00e4\u00e4n. Turgan Trio ei kuitenkaan ensisijaisesti tulkitse s\u00e4vellyksi\u00e4, vaan se on klassisessa mieless\u00e4 improvisoiva varsin suoraviivainen jazztrio. S\u00e4vellykset ovat l\u00e4hinn\u00e4 solistien ponnahduslautoja ja el\u00e4v\u00e4 soittotilanne lienee muovannut musiikkia enemm\u00e4n kuin nuotit. Samassa hengess\u00e4 on luontevaa, ett\u00e4 ohjelmistossa on mukana materiaalia my\u00f6s muiden musiikinlajien puolelta; t\u00e4ss\u00e4 tapauksessa siis yhdet kappaleet Gilbert O`Sullivania ja Henry Mancinia.<\/p>\n<p>Kolmas lainakappale l\u00f6ytyy piilosta levyn lopusta, mutta en malta olla paljastamatta sit\u00e4 t\u00e4ss\u00e4. Sen alussa Pyysalo vihjailee \u00e4\u00e4nekk\u00e4\u00e4lle yleis\u00f6lle, ett\u00e4 seuraavaksi on tulossa hiljaisempaa musiikkia. Vihjailu on turhaa, sill\u00e4 h\u00e4lin\u00e4 jatkuu. Trio aloittaa varovasti kappaleen, joka on kaikille koulusta tuttu Aapo Simil\u00e4n Aleksis Kiven runoon s\u00e4velt\u00e4m\u00e4 &#8221;Laulu oravasta&#8221;. Osa h\u00e4lisij\u00f6ist\u00e4 tunnistaa kauniin kappaleen, jotkut koettavat hiljent\u00e4\u00e4 pulinaa, mutta h\u00e4ly ei vain laannu. Lopussa h\u00e4lisij\u00e4tkin puhkeavat innostuneisiin kehuihin ja aplodeihin. Itselleni on h\u00e4mment\u00e4v\u00e4\u00e4, ett\u00e4 t\u00e4m\u00e4 jazzmuusikoiden ty\u00f6olosuhteita ter\u00e4v\u00e4sti kommentoiva raita on \u00e4\u00e4nitetty Tornion Kerhoravintolassa konsertissa, jota itse olin j\u00e4rjest\u00e4m\u00e4ss\u00e4. Harmista huolimatta en jaksa kauheasti syytt\u00e4\u00e4 torniolaisyleis\u00f6\u00e4, sill\u00e4 ongelma on yleinen. Vastaavia tilanteita sattuu muuallakin, jazzin soittajien asema kun on hankala taiteen, jazzin esitysperinteiden ja kaljan myynnin ristipaineessa.<\/p>\n<p><strong>Koski\/Pyysalo\/Timonen<\/strong>: Turgan (Rockadillo)<\/p>\n<p>Severi Pyysalo; vibrafoni, Tuure Koski; basso, Marko Timonen; rummut<\/p>\n<p>25.11. 2004<\/p>\n","protected":false},"excerpt":{"rendered":"<p>Kuulaan viileit\u00e4 soundeja, hienostuneita melodioita, svengaavia rytmej\u00e4, taidokasta instrumenttien hallintaa; Suomen Jazzliiton kiertueella helmikuussa 2003 \u00e4\u00e4nitetty Turgan Trion esikoislevy on sanalla sanoen nautittavan tyylik\u00e4st\u00e4 musiikkia. Vibrafonisti Severi Pyysalon taidot ovat tietenkin k\u00e4yneet kaikille kotimaisen jazzin yst\u00e4ville selviksi jo kauan sitten. Levy tuskin tuottaa pettymyst\u00e4 vibrafonivirtuositeetin yst\u00e4ville, vaikka kyse ei miss\u00e4\u00e4n tapauksessa ole Pyysalon soololevyst\u00e4, vaan [&hellip;]<\/p>\n","protected":false},"author":1,"featured_media":0,"parent":1232,"menu_order":9,"comment_status":"open","ping_status":"open","template":"onecolumn-page.php","meta":{"ngg_post_thumbnail":0,"footnotes":""},"class_list":["post-1274","page","type-page","status-publish","hentry"],"jetpack_likes_enabled":false,"jetpack_sharing_enabled":true,"_links":{"self":[{"href":"https:\/\/www.valonkuvia.fi\/blogi\/wp-json\/wp\/v2\/pages\/1274","targetHints":{"allow":["GET"]}}],"collection":[{"href":"https:\/\/www.valonkuvia.fi\/blogi\/wp-json\/wp\/v2\/pages"}],"about":[{"href":"https:\/\/www.valonkuvia.fi\/blogi\/wp-json\/wp\/v2\/types\/page"}],"author":[{"embeddable":true,"href":"https:\/\/www.valonkuvia.fi\/blogi\/wp-json\/wp\/v2\/users\/1"}],"replies":[{"embeddable":true,"href":"https:\/\/www.valonkuvia.fi\/blogi\/wp-json\/wp\/v2\/comments?post=1274"}],"version-history":[{"count":1,"href":"https:\/\/www.valonkuvia.fi\/blogi\/wp-json\/wp\/v2\/pages\/1274\/revisions"}],"predecessor-version":[{"id":1275,"href":"https:\/\/www.valonkuvia.fi\/blogi\/wp-json\/wp\/v2\/pages\/1274\/revisions\/1275"}],"up":[{"embeddable":true,"href":"https:\/\/www.valonkuvia.fi\/blogi\/wp-json\/wp\/v2\/pages\/1232"}],"wp:attachment":[{"href":"https:\/\/www.valonkuvia.fi\/blogi\/wp-json\/wp\/v2\/media?parent=1274"}],"curies":[{"name":"wp","href":"https:\/\/api.w.org\/{rel}","templated":true}]}}