{"id":1276,"date":"2011-11-09T22:06:50","date_gmt":"2011-11-09T20:06:50","guid":{"rendered":"http:\/\/www.valonkuvia.fi\/blogi\/?page_id=1276"},"modified":"2011-11-09T22:06:50","modified_gmt":"2011-11-09T20:06:50","slug":"kroyt-low","status":"publish","type":"page","link":"https:\/\/www.valonkuvia.fi\/blogi\/jazzjutut\/levyarviot-j-l\/kroyt-low\/","title":{"rendered":"Kr\u00f8yt: Low"},"content":{"rendered":"<p>Norjasta n\u00e4ytt\u00e4\u00e4 nousevan esille runsaasti kiinnostavia ep\u00e4sovinnaisen laulumusiikin tekij\u00f6it\u00e4, kuten laulaja\/runoilija Sidsel Endresen, omintakeinen lauluyhtye Kvittretten ja nyt esill\u00e4 oleva Kr\u00f8yt-trio. Kvittretten esiintyi pari vuotta sitten eri puolilla Suomea ja yhtyeess\u00e4 oli mukana my\u00f6s Kr\u00f8yt-triossa laulava Kristin Asbj\u00f8rnsen. &#8221;Low&#8221; on jo vuodesta 1993 l\u00e4htien toimineen Kr\u00f8ytin toinen cd. Ensimm\u00e4inen, nimelt\u00e4\u00e4n &#8221;SUB&#8221;, ilmestyi Curling Leg-levymerkill\u00e4 vuonna 1997. Kr\u00f8ytin musiikin rakenneosina ovat puhetta l\u00e4hestyv\u00e4t, hauraan rikkin\u00e4iset lauluosuudet sek\u00e4 s\u00e4hk\u00f6isten instrumenttien luomat rujot \u00e4\u00e4nimaisemat. Kokonaisuuden kannalta levyn \u00e4\u00e4nitt\u00e4neen Magnus Torkildsenin \u00e4\u00e4nisuunnittelu on varmasti yht\u00e4 t\u00e4rke\u00e4\u00e4 kuin itse s\u00e4vellykset. Kr\u00f8ytin &#8221;Low&#8221; on tuskin jazzia mill\u00e4\u00e4n mittapuulla mitattuna, mutta yht\u00e4 kaikki kiinnostavaa, oudolla tavalla kaunista ja vaativaa musiikkia, sanalla sanoen &#8221;avaruusromua&#8221;. Levyll\u00e4 k\u00e4ytet\u00e4\u00e4n laulutekstein\u00e4 englantilaisten ja norjalaisten runoilijoiden (mm. Yeats ja Swinburne) runoja, jotka lis\u00e4\u00e4v\u00e4t musiikkiin omat moniselitteiset merkityksens\u00e4. <\/p>\n<p><strong>Kr\u00f8yt<\/strong>: Low (BP)<\/p>\n<p>Kristin Asbj\u00f8rnsen laulu; \u00d8yvind Brandtsegg vibrafoni, tietokone, laulu; Thomas T. Dahl kitarat, laulu <\/p>\n<p>6.2.2000<\/p>\n","protected":false},"excerpt":{"rendered":"<p>Norjasta n\u00e4ytt\u00e4\u00e4 nousevan esille runsaasti kiinnostavia ep\u00e4sovinnaisen laulumusiikin tekij\u00f6it\u00e4, kuten laulaja\/runoilija Sidsel Endresen, omintakeinen lauluyhtye Kvittretten ja nyt esill\u00e4 oleva Kr\u00f8yt-trio. Kvittretten esiintyi pari vuotta sitten eri puolilla Suomea ja yhtyeess\u00e4 oli mukana my\u00f6s Kr\u00f8yt-triossa laulava Kristin Asbj\u00f8rnsen. &#8221;Low&#8221; on jo vuodesta 1993 l\u00e4htien toimineen Kr\u00f8ytin toinen cd. Ensimm\u00e4inen, nimelt\u00e4\u00e4n &#8221;SUB&#8221;, ilmestyi Curling Leg-levymerkill\u00e4 vuonna [&hellip;]<\/p>\n","protected":false},"author":1,"featured_media":0,"parent":1232,"menu_order":10,"comment_status":"open","ping_status":"open","template":"onecolumn-page.php","meta":{"ngg_post_thumbnail":0,"footnotes":""},"class_list":["post-1276","page","type-page","status-publish","hentry"],"jetpack_likes_enabled":false,"jetpack_sharing_enabled":true,"_links":{"self":[{"href":"https:\/\/www.valonkuvia.fi\/blogi\/wp-json\/wp\/v2\/pages\/1276","targetHints":{"allow":["GET"]}}],"collection":[{"href":"https:\/\/www.valonkuvia.fi\/blogi\/wp-json\/wp\/v2\/pages"}],"about":[{"href":"https:\/\/www.valonkuvia.fi\/blogi\/wp-json\/wp\/v2\/types\/page"}],"author":[{"embeddable":true,"href":"https:\/\/www.valonkuvia.fi\/blogi\/wp-json\/wp\/v2\/users\/1"}],"replies":[{"embeddable":true,"href":"https:\/\/www.valonkuvia.fi\/blogi\/wp-json\/wp\/v2\/comments?post=1276"}],"version-history":[{"count":1,"href":"https:\/\/www.valonkuvia.fi\/blogi\/wp-json\/wp\/v2\/pages\/1276\/revisions"}],"predecessor-version":[{"id":1277,"href":"https:\/\/www.valonkuvia.fi\/blogi\/wp-json\/wp\/v2\/pages\/1276\/revisions\/1277"}],"up":[{"embeddable":true,"href":"https:\/\/www.valonkuvia.fi\/blogi\/wp-json\/wp\/v2\/pages\/1232"}],"wp:attachment":[{"href":"https:\/\/www.valonkuvia.fi\/blogi\/wp-json\/wp\/v2\/media?parent=1276"}],"curies":[{"name":"wp","href":"https:\/\/api.w.org\/{rel}","templated":true}]}}