{"id":151,"date":"2011-07-12T18:45:28","date_gmt":"2011-07-12T15:45:28","guid":{"rendered":"http:\/\/www.valonkuvia.fi\/blogi\/?page_id=151"},"modified":"2011-07-13T10:38:23","modified_gmt":"2011-07-13T07:38:23","slug":"2002-2","status":"publish","type":"page","link":"https:\/\/www.valonkuvia.fi\/blogi\/jazzjutut\/2002-2\/","title":{"rendered":"2002"},"content":{"rendered":"<p><a href=\"http:\/\/www.valonkuvia.fi\/blogi\/?page_id=206\" title=\"Rummut ja svengi\">Rummut ja svengi<\/a> Rumpaleista<\/p>\n<p><a href=\"http:\/\/www.valonkuvia.fi\/blogi\/?page_id=208\" title=\"Ep\u00e4ilytt\u00e4v\u00e4\u00e4 jazzia\">Ep\u00e4ilytt\u00e4v\u00e4\u00e4 jazzia<\/a> Jazz ja natsit<\/p>\n<p><a href=\"http:\/\/www.valonkuvia.fi\/blogi\/?page_id=210\" title=\"Rukous ja meditaatio\">Rukous ja meditaatio<\/a> John Coltrane<\/p>\n<p><a href=\"http:\/\/www.valonkuvia.fi\/blogi\/?page_id=212\" title=\"Liian tumma valkoihoiseksi\">Liian tumma valkoihoiseksi<\/a> Charles Mingus<\/p>\n<p><a href=\"http:\/\/www.valonkuvia.fi\/blogi\/?page_id=214\" title=\"Kes\u00e4ll\u00e4 soi jazz\">Kes\u00e4ll\u00e4 soi jazz<\/a> Kes\u00e4n 2002 jatsit<\/p>\n<p><a href=\"http:\/\/www.valonkuvia.fi\/blogi\/?page_id=216\" title=\"Jazzin herttuat, kreivit ja kuninkaat\">Jazzin herttuat, kreivit ja kuninkaat<\/a> Jazzmuusikoiden lempinimet<\/p>\n<p><a href=\"http:\/\/www.valonkuvia.fi\/blogi\/?page_id=218\" title=\"Jazzin monet nimet\">Jazzin monet nimet<\/a> Monenlaista jazzia<\/p>\n<p><a href=\"http:\/\/www.valonkuvia.fi\/blogi\/?page_id=220\" title=\"Basisti hypp\u00e4si jokeen\">Basisti hypp\u00e4si jokeen<\/a> Lionel Hampton<\/p>\n<p><a href=\"http:\/\/www.valonkuvia.fi\/blogi\/?page_id=222\" title=\"Jazzin henki\">Jazzin henki<\/a> Levylt\u00e4 vai liven\u00e4?<\/p>\n<p><a href=\"http:\/\/www.valonkuvia.fi\/blogi\/?page_id=224\" title=\"Kevytt\u00e4 ja raskasta musiikkia\">Kevytt\u00e4 ja raskasta musiikkia<\/a> Kevytt\u00e4 vai vakavaa?<\/p>\n<p><a href=\"http:\/\/www.valonkuvia.fi\/blogi\/?page_id=226\" title=\"Vuoden parhaat jazzlevyt\">Vuoden parhaat jazzlevyt<\/a> Mit\u00e4 j\u00e4i mieleen?<\/p>\n","protected":false},"excerpt":{"rendered":"<p>Rummut ja svengi Rumpaleista Ep\u00e4ilytt\u00e4v\u00e4\u00e4 jazzia Jazz ja natsit Rukous ja meditaatio John Coltrane Liian tumma valkoihoiseksi Charles Mingus Kes\u00e4ll\u00e4 soi jazz Kes\u00e4n 2002 jatsit Jazzin herttuat, kreivit ja kuninkaat Jazzmuusikoiden lempinimet Jazzin monet nimet Monenlaista jazzia Basisti hypp\u00e4si jokeen Lionel Hampton Jazzin henki Levylt\u00e4 vai liven\u00e4? Kevytt\u00e4 ja raskasta musiikkia Kevytt\u00e4 vai vakavaa? Vuoden [&hellip;]<\/p>\n","protected":false},"author":1,"featured_media":0,"parent":116,"menu_order":0,"comment_status":"open","ping_status":"open","template":"onecolumn-page.php","meta":{"ngg_post_thumbnail":0,"footnotes":""},"class_list":["post-151","page","type-page","status-publish","hentry"],"jetpack_likes_enabled":false,"jetpack_sharing_enabled":true,"_links":{"self":[{"href":"https:\/\/www.valonkuvia.fi\/blogi\/wp-json\/wp\/v2\/pages\/151","targetHints":{"allow":["GET"]}}],"collection":[{"href":"https:\/\/www.valonkuvia.fi\/blogi\/wp-json\/wp\/v2\/pages"}],"about":[{"href":"https:\/\/www.valonkuvia.fi\/blogi\/wp-json\/wp\/v2\/types\/page"}],"author":[{"embeddable":true,"href":"https:\/\/www.valonkuvia.fi\/blogi\/wp-json\/wp\/v2\/users\/1"}],"replies":[{"embeddable":true,"href":"https:\/\/www.valonkuvia.fi\/blogi\/wp-json\/wp\/v2\/comments?post=151"}],"version-history":[{"count":6,"href":"https:\/\/www.valonkuvia.fi\/blogi\/wp-json\/wp\/v2\/pages\/151\/revisions"}],"predecessor-version":[{"id":231,"href":"https:\/\/www.valonkuvia.fi\/blogi\/wp-json\/wp\/v2\/pages\/151\/revisions\/231"}],"up":[{"embeddable":true,"href":"https:\/\/www.valonkuvia.fi\/blogi\/wp-json\/wp\/v2\/pages\/116"}],"wp:attachment":[{"href":"https:\/\/www.valonkuvia.fi\/blogi\/wp-json\/wp\/v2\/media?parent=151"}],"curies":[{"name":"wp","href":"https:\/\/api.w.org\/{rel}","templated":true}]}}