{"id":157,"date":"2011-07-13T09:16:50","date_gmt":"2011-07-13T06:16:50","guid":{"rendered":"http:\/\/www.valonkuvia.fi\/blogi\/?page_id=157"},"modified":"2011-07-13T09:25:57","modified_gmt":"2011-07-13T06:25:57","slug":"jazzin-vesilla-kalastelevat-vieraat-2","status":"publish","type":"page","link":"https:\/\/www.valonkuvia.fi\/blogi\/jazzjutut\/jazzin-vesilla-kalastelevat-vieraat\/jazzin-vesilla-kalastelevat-vieraat-2\/","title":{"rendered":"Jazzin vesill\u00e4 kalastelevat vieraat"},"content":{"rendered":"<p>Ilta-Sanomat tiesi jokin aika sitten kertoa mielenkiintoisen pikku-uutisen, jonka mukaan suuren yleis\u00f6n suursuosikki Jari Sillanp\u00e4\u00e4 aikoo laulaa jazzia konsertissa UMO:n s\u00e4est\u00e4m\u00e4n\u00e4. Ohjelmistoksi Sillanp\u00e4\u00e4 lupasi vanhoja ikivihreit\u00e4 standardikappaleita Frank Sinatran tyylill\u00e4 esitettyn\u00e4.<\/p>\n<p>Kiihkeimm\u00e4nk\u00e4\u00e4n jazzin harrastajan ei kannata tyrm\u00e4t\u00e4 ajatusta ei suoralta k\u00e4delt\u00e4, sill\u00e4 Sillanp\u00e4\u00e4 osaa toki laulaa ja on muistaakseni opiskellutkin laulua Oulunkyl\u00e4n Pop-jazz Konservatoriossa ainakin jonkin aikaa. Ehk\u00e4 sielt\u00e4 on mukaan tarttunut uskottavaan jazzlauluun tarvittava annos svengi\u00e4 ja jazzfraseerausta.<\/p>\n<p>Jari Sillanp\u00e4\u00e4 ei ole ensimm\u00e4inen jazziin p\u00e4in kurkotteleva iskelm\u00e4laulaja, monet ainakin suunnittelevat jazzlaulua. Usein saa lukea my\u00f6s ns. klassisen musiikin laulajien jazzlauluhankkeista. Monesti tulokset ovat kuitenkin olleet varsin kehnoja. Jokin vuosi sitten Porin festivaaleilla laulanut amerikkalainen oopperalaulaja Barbara Hendricks sai jazzkokeiluistaan murskaavat arviot jazzkriitikoilta. Hyv\u00e4k\u00e4\u00e4n klassinen laulutaito kun ei mitenk\u00e4\u00e4n takaa sit\u00e4, ett\u00e4 laulaja v\u00e4ltt\u00e4m\u00e4tt\u00e4 onnistuu jazzin ja sen rytmien parissa. Rytmien onnistuminen on erityisen t\u00e4rke\u00e4\u00e4, rytminen k\u00f6mpelyys kun tekee jazzesityksest\u00e4 varsin noloa kuunneltavaa.<\/p>\n<p>Kun jazz on yleens\u00e4 taloudellisesti aika huonosti kaupaksi menev\u00e4\u00e4 musiikkia, joutuu ihmettelem\u00e4\u00e4n, ett\u00e4 mist\u00e4 sitten mahtaa johtua iskelm\u00e4laulajien into vakavoittaa ilmett\u00e4\u00e4n jazzilla ja toisaalta klassisten laulajien halu vastaavasti kevent\u00e4\u00e4 omaansa ? Osa laulajista hakee luonnollisesti uusia kuulijoita ihan kaupallisista syist\u00e4. Siksi varmaan Sillanp\u00e4\u00e4nkin projektiin kuuluvat iso orkesteri, ikivihre\u00e4t s\u00e4velm\u00e4t ja Sinatran kuolematon maine. Ehk\u00e4 joillakin laulajilla on mukana aitoa halua kokeilla uutta<br \/>\n ja kaataa musiikillisia raja-aitoja, mutta suuri syy on varmasti my\u00f6s jazzin omalaatuisella luonteella ja jazzin suorastaan myyttisell\u00e4 maineella.<\/p>\n<p>Jazz on jo alusta pit\u00e4en ollut erilaisten musiikkivirtausten ristiaallokossa. Jazz on ep\u00e4m\u00e4\u00e4r\u00e4inen maa viihteen ja korkeakulttuurin rajamailla ja sen rajoja on vaikea tarkasti m\u00e4\u00e4ritell\u00e4. Jazzia soitettiin vanhastaan vain tanssimusiikkina, mutta jo 1930-luvun lopulta alkaen siit\u00e4 alkoi tulla my\u00f6s kuuntelumusiikkia. Kun Benny Goodman vuonna 1938 ensimm\u00e4isen\u00e4 vei yhtyeens\u00e4 arvovaltaisen klassisen konserttisalin Carnegie Hallin lavalle, jazzin esitt\u00e4minen alkoi siirty\u00e4 yh\u00e4 useammin konserttilavoille.<\/p>\n<p>Toisaalta suurin osa jazzista ja varsinkin 1940-luvun alkupuolella syntyneest\u00e4, kumouksellisena pidetyst\u00e4 bebopista soitettiin pienill\u00e4 jazzklubeilla, jotka oli suunniteltu enemm\u00e4n kuuntelemista kuin tanssimista varten. Varmasti osa jazzin vieh\u00e4tyksest\u00e4 ja jazzin myytist\u00e4 on per\u00e4isin h\u00e4m\u00e4rilt\u00e4 jazzklubeilta. Jo sana jazzklubi tuo mieleen suurkaupungin savuisen musiikkiluolan ja sen intellektuellit kuulijat.<\/p>\n<p>Jazzin \u00e4lyk\u00e4s, mutta toisaalta ep\u00e4sovinnainen imago, houkuttelee siis monenlaisia yritt\u00e4ji\u00e4, jotka koettavat saada siit\u00e4 itselleen lis\u00e4arvoa ja laventaa julkista kuvaansa taiteilijoina. Jari Sillanp\u00e4\u00e4 saattaa onnistua omassa jazzkonsertissaan hienosti, ainakin julkisuutta h\u00e4n tulee esiintymisest\u00e4\u00e4n ep\u00e4ilem\u00e4tt\u00e4 saamaan. Onnenlahjat, siis t\u00e4ss\u00e4 tapauksessa julkisuus, eiv\u00e4t mene t\u00e4ss\u00e4k\u00e4\u00e4n tasan, sill\u00e4 useimmat nuoret Sibelius-Akatemiassa opiskelleet suomalaiset jazzmuusikot eiv\u00e4t koskaan saa omasta ja omaper\u00e4isest\u00e4 musiikistaan sellaista huomiota, jonka monet jazzin vesill\u00e4 kalastelevat vieraat saavat.<\/p>\n<p>25.2.2001<\/p>\n","protected":false},"excerpt":{"rendered":"<p>Ilta-Sanomat tiesi jokin aika sitten kertoa mielenkiintoisen pikku-uutisen, jonka mukaan suuren yleis\u00f6n suursuosikki Jari Sillanp\u00e4\u00e4 aikoo laulaa jazzia konsertissa UMO:n s\u00e4est\u00e4m\u00e4n\u00e4. Ohjelmistoksi Sillanp\u00e4\u00e4 lupasi vanhoja ikivihreit\u00e4 standardikappaleita Frank Sinatran tyylill\u00e4 esitettyn\u00e4. Kiihkeimm\u00e4nk\u00e4\u00e4n jazzin harrastajan ei kannata tyrm\u00e4t\u00e4 ajatusta ei suoralta k\u00e4delt\u00e4, sill\u00e4 Sillanp\u00e4\u00e4 osaa toki laulaa ja on muistaakseni opiskellutkin laulua Oulunkyl\u00e4n Pop-jazz Konservatoriossa ainakin [&hellip;]<\/p>\n","protected":false},"author":1,"featured_media":0,"parent":128,"menu_order":0,"comment_status":"open","ping_status":"closed","template":"onecolumn-page.php","meta":{"ngg_post_thumbnail":0,"footnotes":""},"class_list":["post-157","page","type-page","status-publish","hentry"],"jetpack_likes_enabled":false,"jetpack_sharing_enabled":true,"_links":{"self":[{"href":"https:\/\/www.valonkuvia.fi\/blogi\/wp-json\/wp\/v2\/pages\/157","targetHints":{"allow":["GET"]}}],"collection":[{"href":"https:\/\/www.valonkuvia.fi\/blogi\/wp-json\/wp\/v2\/pages"}],"about":[{"href":"https:\/\/www.valonkuvia.fi\/blogi\/wp-json\/wp\/v2\/types\/page"}],"author":[{"embeddable":true,"href":"https:\/\/www.valonkuvia.fi\/blogi\/wp-json\/wp\/v2\/users\/1"}],"replies":[{"embeddable":true,"href":"https:\/\/www.valonkuvia.fi\/blogi\/wp-json\/wp\/v2\/comments?post=157"}],"version-history":[{"count":2,"href":"https:\/\/www.valonkuvia.fi\/blogi\/wp-json\/wp\/v2\/pages\/157\/revisions"}],"predecessor-version":[{"id":168,"href":"https:\/\/www.valonkuvia.fi\/blogi\/wp-json\/wp\/v2\/pages\/157\/revisions\/168"}],"up":[{"embeddable":true,"href":"https:\/\/www.valonkuvia.fi\/blogi\/wp-json\/wp\/v2\/pages\/128"}],"wp:attachment":[{"href":"https:\/\/www.valonkuvia.fi\/blogi\/wp-json\/wp\/v2\/media?parent=157"}],"curies":[{"name":"wp","href":"https:\/\/api.w.org\/{rel}","templated":true}]}}