{"id":1576,"date":"2011-12-19T21:37:16","date_gmt":"2011-12-19T19:37:16","guid":{"rendered":"http:\/\/www.valonkuvia.fi\/blogi\/?page_id=1576"},"modified":"2011-12-19T21:38:36","modified_gmt":"2011-12-19T19:38:36","slug":"christof-lauer-quintet-fragile-network","status":"publish","type":"page","link":"https:\/\/www.valonkuvia.fi\/blogi\/jazzjutut\/levyarviot-j-l\/christof-lauer-quintet-fragile-network\/","title":{"rendered":"Christof Lauer Quintet: Fragile Network"},"content":{"rendered":"<p>Fragile Network yhdist\u00e4\u00e4 maukkaasti eurooppalaisen ja amerikkalaisen jazzin parhaita puolia. Amerikkalainen komppipari Cox\/Jackson tuottaa funkyn, vet\u00e4v\u00e4n ja svengaavan grooven  joka jatkuu hellitt\u00e4m\u00e4tt\u00f6m\u00e4sti l\u00e4hes koko levyn ajan. V\u00e4lill\u00e4 vauhti toki rauhoittuu rauhallisempien ja lyyrisempien maalausten ajaksi. Eurooppalaisten solistien kelpaa rakentaa omat perusjazzin kliseit\u00e4 onnistuneesti v\u00e4lttelev\u00e4t osuutensa tukevan rytmimaton p\u00e4\u00e4lle. <\/p>\n<p>Yhtyeen johtaja saksalainen Christof Lauer ottaa itselleen soolotilaa kaikissa kappaleissa. Eik\u00e4 syytt\u00e4, sill\u00e4 h\u00e4n on mielenkiintoinen, saksofonin ilmaisukeinoja monipuolisesti hyv\u00e4ksik\u00e4ytt\u00e4v\u00e4 soittaja. Ranskalainen tuubisti Michel Godard irrottaa vaikeasta instrumentistaan j\u00e4nnitt\u00e4v\u00e4\u00e4 kuultavaa sek\u00e4 sooloissa ett\u00e4 yhtyeosuuksissa. <\/p>\n<p>Kitaristi Marc Ducret, h\u00e4nkin Ranskasta, ei ole mukana kaikilla kappaleilla. H\u00e4n l\u00e4hinn\u00e4 v\u00e4ritt\u00e4\u00e4 yhtyeen kokonaissointia, eiv\u00e4tk\u00e4 h\u00e4nen soolonsa oikein sytyt\u00e4 muiden solistien lailla. Fragile Network on hieno kokonaisuus, hyvin yhteen soittavien muusikoiden luoma verkosto, joka ei ole nimest\u00e4\u00e4n huolimatta hauras tai helposti s\u00e4rkyv\u00e4, vaan varsin lujaa tekoa. Eritt\u00e4in suositeltava levytys.<\/p>\n<p><strong>Christof Lauer Quintet: Fragile Network<\/strong> (ACT)<\/p>\n<p>Christof Lauer tenori- ja sopraanosaksofoni; Marc Ducret kitara; Michel Godard tuuba; Anthony Cox basso; Gene Jackson rummut <\/p>\n<p>1.5.1999<\/p>\n","protected":false},"excerpt":{"rendered":"<p>Fragile Network yhdist\u00e4\u00e4 maukkaasti eurooppalaisen ja amerikkalaisen jazzin parhaita puolia. Amerikkalainen komppipari Cox\/Jackson tuottaa funkyn, vet\u00e4v\u00e4n ja svengaavan grooven joka jatkuu hellitt\u00e4m\u00e4tt\u00f6m\u00e4sti l\u00e4hes koko levyn ajan. V\u00e4lill\u00e4 vauhti toki rauhoittuu rauhallisempien ja lyyrisempien maalausten ajaksi. Eurooppalaisten solistien kelpaa rakentaa omat perusjazzin kliseit\u00e4 onnistuneesti v\u00e4lttelev\u00e4t osuutensa tukevan rytmimaton p\u00e4\u00e4lle. Yhtyeen johtaja saksalainen Christof Lauer ottaa itselleen [&hellip;]<\/p>\n","protected":false},"author":1,"featured_media":0,"parent":1232,"menu_order":13,"comment_status":"open","ping_status":"open","template":"onecolumn-page.php","meta":{"ngg_post_thumbnail":0,"footnotes":""},"class_list":["post-1576","page","type-page","status-publish","hentry"],"jetpack_likes_enabled":false,"jetpack_sharing_enabled":true,"_links":{"self":[{"href":"https:\/\/www.valonkuvia.fi\/blogi\/wp-json\/wp\/v2\/pages\/1576","targetHints":{"allow":["GET"]}}],"collection":[{"href":"https:\/\/www.valonkuvia.fi\/blogi\/wp-json\/wp\/v2\/pages"}],"about":[{"href":"https:\/\/www.valonkuvia.fi\/blogi\/wp-json\/wp\/v2\/types\/page"}],"author":[{"embeddable":true,"href":"https:\/\/www.valonkuvia.fi\/blogi\/wp-json\/wp\/v2\/users\/1"}],"replies":[{"embeddable":true,"href":"https:\/\/www.valonkuvia.fi\/blogi\/wp-json\/wp\/v2\/comments?post=1576"}],"version-history":[{"count":4,"href":"https:\/\/www.valonkuvia.fi\/blogi\/wp-json\/wp\/v2\/pages\/1576\/revisions"}],"predecessor-version":[{"id":1580,"href":"https:\/\/www.valonkuvia.fi\/blogi\/wp-json\/wp\/v2\/pages\/1576\/revisions\/1580"}],"up":[{"embeddable":true,"href":"https:\/\/www.valonkuvia.fi\/blogi\/wp-json\/wp\/v2\/pages\/1232"}],"wp:attachment":[{"href":"https:\/\/www.valonkuvia.fi\/blogi\/wp-json\/wp\/v2\/media?parent=1576"}],"curies":[{"name":"wp","href":"https:\/\/api.w.org\/{rel}","templated":true}]}}