{"id":160,"date":"2011-07-13T09:18:42","date_gmt":"2011-07-13T06:18:42","guid":{"rendered":"http:\/\/www.valonkuvia.fi\/blogi\/?page_id=160"},"modified":"2011-07-13T09:25:37","modified_gmt":"2011-07-13T06:25:37","slug":"jazz-on-turvallista","status":"publish","type":"page","link":"https:\/\/www.valonkuvia.fi\/blogi\/jazzjutut\/jazzin-vesilla-kalastelevat-vieraat\/jazz-on-turvallista\/","title":{"rendered":"Jazz on turvallista"},"content":{"rendered":"<p>Huippuhiihdon \u00e4skett\u00e4in paljastunut v\u00e4\u00e4rinpelaaminen vapauttaa muuhun k\u00e4ytt\u00f6\u00f6n miljoonia markkoja tuki- ja sponsorirahaa. N\u00e4ille rahoille olisi varmasti runsaasti ottajia ja julkisuudessa on jo n\u00e4kynyt ehdotuksia rahojen jakamiseksi uudelleen. Niinp\u00e4 min\u00e4kin esit\u00e4n t\u00e4ss\u00e4 pari ideaa valistuneelle sponsorille, jonka kannattaisi suunnata rahansa nyt suomalaiseen kulttuuriin. <\/p>\n<p>Er\u00e4s sen korkeatasoinen laji on uusi kotimainen jazz, joka ei juuri ole p\u00e4\u00e4ssyt t\u00e4h\u00e4n menness\u00e4 mukaan sponsorirahojen jaolle, vaikka sen taso on viime vuosina noussut kohisten ilman kepulikonsteja. Tason nousun on taannut kova ty\u00f6 ja korkeatasoinen koulutus. Kotimaisen jazzin alalta valistunut sponsori l\u00f6yt\u00e4isi kiinnostavia yhteisty\u00f6kohteita, jos vain ennakkoluulottomuutta riitt\u00e4\u00e4. <\/p>\n<p>Pitk\u00e4aikaisen sponsorointisuhteen voi aloittaa tukemalla suomalaista jazzlevytuotantoa. Suomessa toki ilmestyy nyky\u00e4\u00e4n enemm\u00e4n jazzlevyj\u00e4 kuin koskaan. Suurin osa niist\u00e4 on kuitenkin muusikoiden omaa tuotantoa tai pienten levy-yhti\u00f6iden julkaisemia. <\/p>\n<p>Valistunut sponsori voisi valita jonkin n\u00e4ist\u00e4 pienist\u00e4 levymerkeist\u00e4 ja antaa rahaa m\u00e4\u00e4r\u00e4tietoiseen levytuotantoon, jonka tavoitteena olisi tietenkin vain musiikin laatu. Kaupallisia myyntin\u00e4k\u00f6kohtia ei kannattaisi mietti\u00e4 ollenkaan, sen sijaan uutuuksien levitys asianharrastajille ymp\u00e4ri maailmaa olisi t\u00e4rke\u00e4\u00e4. Taiteellisen p\u00e4\u00e4t\u00f6svallan valistunut sponsori antaisi yhdelle henkil\u00f6lle, joka makunsa mukaan rakentaisi levymerkin linjan. Korkeatasoisen sis\u00e4ll\u00f6n kruunaisi taiteellisesti korkeatasoinen levykotelo, joka mielell\u00e4\u00e4n olisi pahvia eik\u00e4 ik\u00e4v\u00e4\u00e4 muovia, kuten cd-kotelot yleens\u00e4 ovat.<\/p>\n<p>T\u00e4m\u00e4 idea ei muuten ole aivan uusi ja omasta hatusta tempaistu. Sveitsil\u00e4inen hatHUT-levymerkki on nimitt\u00e4in toiminut sveitsil\u00e4isen pankin tuella n\u00e4ill\u00e4 periaatteilla. hatHUT on julkaissut uutta jazzia ja nykymusiikkia, jotka eiv\u00e4t varmasti ole kiivenneet levylistoille. hatHUTin levytykset kuuluvat kuitenkin parin viime vuosikymmenen hienoimpien joukkoon ja niit\u00e4 myyd\u00e4\u00e4n varmasti pitk\u00e4lle tulevaisuuteen.<\/p>\n<p>Joku toinen valistunut sponsori voisi ottaa kohteekseen jazzklubitoiminnan. Suomeen on jo vuosia puuhailtu kansallista jazzn\u00e4ytt\u00e4m\u00f6\u00e4, yhteiskunnan tuella toimivaa jazzklubia, kuten Fasching Tukholmassa tai Jazzhouse K\u00f6\u00f6penhaminassa. Klubia ei kuitenkaan ole saatu aikaiseksi varojen puutteen takia. Perinteisen korkeakulttuurin palatsien kuluihin verrattuna jazzklubi olisi aika edullinen laitos, sill\u00e4 se ei vaadi uudisrakentamista eik\u00e4 suurta henkil\u00f6kuntaa. Lis\u00e4ksi jazzyhtyeiden esiintymispalkkiot ovat aivan eri planeetalta kuin esimerkiksi rockt\u00e4htien t\u00e4htitieteelliset vaatimukset. <\/p>\n<p>Valistunut sponsori pit\u00e4isi luonnollisesti t\u00e4rke\u00e4n\u00e4 sit\u00e4, ett\u00e4 klubilla soi uusi kotimainen jazz, ulkomaisia vierailijoitakaan unohtamatta. Miljoona tai pari vuodessa puhtaana k\u00e4teen oikealle ihmiselle tai yhteis\u00f6lle ja uusi korkeatasoinen kulttuuri-instituutio on valmis! <\/p>\n<p>Valistuneen sponsorin kannalta n\u00e4iss\u00e4 ideoissa on tietenkin se huono puoli, ett\u00e4 uusi kotimainen jazz ei koskaan tavoita samanlaisia yleis\u00f6m\u00e4\u00e4ri\u00e4 kuin huippu-urheilu. Toisaalta kulttuuri on sik\u00e4li turvallinen alue, ett\u00e4 sen alalla ei varmasti onnistuta tuhlaamaan yht\u00e4 suuria rahoja yht\u00e4 surkealla menestyksell\u00e4 kuin Hiihtoliiton tapauksessa. Lis\u00e4ksi sponsoroinnin tulokset olisivat parhaimmillaan hyvin kest\u00e4vi\u00e4, eih\u00e4n hiihdon doping-porukaan ole horjuttanut suomalaisen kulttuurin asemaa; sibeliukset, saarikosket ja kaurism\u00e4et eiv\u00e4t ole olleet moksiskaan koko kohusta.<\/p>\n<p>25.3. 2001<\/p>\n","protected":false},"excerpt":{"rendered":"<p>Huippuhiihdon \u00e4skett\u00e4in paljastunut v\u00e4\u00e4rinpelaaminen vapauttaa muuhun k\u00e4ytt\u00f6\u00f6n miljoonia markkoja tuki- ja sponsorirahaa. N\u00e4ille rahoille olisi varmasti runsaasti ottajia ja julkisuudessa on jo n\u00e4kynyt ehdotuksia rahojen jakamiseksi uudelleen. Niinp\u00e4 min\u00e4kin esit\u00e4n t\u00e4ss\u00e4 pari ideaa valistuneelle sponsorille, jonka kannattaisi suunnata rahansa nyt suomalaiseen kulttuuriin. Er\u00e4s sen korkeatasoinen laji on uusi kotimainen jazz, joka ei juuri ole p\u00e4\u00e4ssyt [&hellip;]<\/p>\n","protected":false},"author":1,"featured_media":0,"parent":128,"menu_order":0,"comment_status":"open","ping_status":"closed","template":"onecolumn-page.php","meta":{"ngg_post_thumbnail":0,"footnotes":""},"class_list":["post-160","page","type-page","status-publish","hentry"],"jetpack_likes_enabled":false,"jetpack_sharing_enabled":true,"_links":{"self":[{"href":"https:\/\/www.valonkuvia.fi\/blogi\/wp-json\/wp\/v2\/pages\/160","targetHints":{"allow":["GET"]}}],"collection":[{"href":"https:\/\/www.valonkuvia.fi\/blogi\/wp-json\/wp\/v2\/pages"}],"about":[{"href":"https:\/\/www.valonkuvia.fi\/blogi\/wp-json\/wp\/v2\/types\/page"}],"author":[{"embeddable":true,"href":"https:\/\/www.valonkuvia.fi\/blogi\/wp-json\/wp\/v2\/users\/1"}],"replies":[{"embeddable":true,"href":"https:\/\/www.valonkuvia.fi\/blogi\/wp-json\/wp\/v2\/comments?post=160"}],"version-history":[{"count":2,"href":"https:\/\/www.valonkuvia.fi\/blogi\/wp-json\/wp\/v2\/pages\/160\/revisions"}],"predecessor-version":[{"id":166,"href":"https:\/\/www.valonkuvia.fi\/blogi\/wp-json\/wp\/v2\/pages\/160\/revisions\/166"}],"up":[{"embeddable":true,"href":"https:\/\/www.valonkuvia.fi\/blogi\/wp-json\/wp\/v2\/pages\/128"}],"wp:attachment":[{"href":"https:\/\/www.valonkuvia.fi\/blogi\/wp-json\/wp\/v2\/media?parent=160"}],"curies":[{"name":"wp","href":"https:\/\/api.w.org\/{rel}","templated":true}]}}