{"id":16204,"date":"2020-07-06T15:49:03","date_gmt":"2020-07-06T12:49:03","guid":{"rendered":"https:\/\/www.valonkuvia.fi\/blogi\/?page_id=16204"},"modified":"2023-03-20T23:23:13","modified_gmt":"2023-03-20T21:23:13","slug":"jazzvisat","status":"publish","type":"page","link":"https:\/\/www.valonkuvia.fi\/blogi\/jazzjutut\/jazzvisat\/","title":{"rendered":"Jazzvisat"},"content":{"rendered":"\n<figure class=\"wp-block-image aligncenter is-style-default\"><a href=\"https:\/\/i0.wp.com\/www.valonkuvia.fi\/blogi\/wp-content\/uploads\/2020\/07\/Louis_Armstrong-scaled-e1593894115979.jpg?ssl=1\"><img data-recalc-dims=\"1\" loading=\"lazy\" decoding=\"async\" width=\"640\" height=\"499\" src=\"https:\/\/i0.wp.com\/www.valonkuvia.fi\/blogi\/wp-content\/uploads\/2020\/07\/Louis_Armstrong-scaled-e1593894115979.jpg?resize=640%2C499&#038;ssl=1\" alt=\"\" class=\"wp-image-16169\"\/><\/a><\/figure>\n\n\n\n<p>Testaa, kuinka hyvin tunnet nippelitietoja jazzista! T\u00e4lle sivulle tulee v\u00e4hitellen lis\u00e4\u00e4 Valon kuvia -blogin jazzvisailuja.<\/p>\n\n\n\n<ul class=\"wp-block-list\">\n<li><a href=\"https:\/\/www.valonkuvia.fi\/blogi\/jazzvisa1\/\">Jazzvisa 1<\/a> &#8211; kymmenen kysymyst\u00e4 vanhasta jazzista<\/li>\n<\/ul>\n\n\n\n<div style=\"height:60px\" aria-hidden=\"true\" class=\"wp-block-spacer\"><\/div>\n\n\n\n<h4 class=\"wp-block-heading\">L\u00f6ysitk\u00f6 virheen? Haluatko kommentoida?<\/h4>\n\n\n<div class=\"wp-block-jetpack-contact-form is-layout-flex wp-container-jetpack-contact-form-is-layout-b7ed9015 wp-block-jetpack-contact-form-is-layout-flex\"><a href=\"https:\/\/www.valonkuvia.fi\/blogi\/jazzjutut\/jazzvisat\/\" target=\"_blank\" rel=\"noopener noreferrer\">Submit a form.<\/a><\/div>\n\n\n<p><\/p>\n","protected":false},"excerpt":{"rendered":"<p>Testaa, kuinka hyvin tunnet nippelitietoja jazzista! T\u00e4lle sivulle tulee v\u00e4hitellen lis\u00e4\u00e4 Valon kuvia -blogin jazzvisailuja. L\u00f6ysitk\u00f6 virheen? Haluatko kommentoida?<\/p>\n","protected":false},"author":1,"featured_media":0,"parent":116,"menu_order":17,"comment_status":"closed","ping_status":"closed","template":"","meta":{"ngg_post_thumbnail":0,"footnotes":""},"class_list":["post-16204","page","type-page","status-publish","hentry"],"jetpack_likes_enabled":false,"jetpack_sharing_enabled":true,"_links":{"self":[{"href":"https:\/\/www.valonkuvia.fi\/blogi\/wp-json\/wp\/v2\/pages\/16204","targetHints":{"allow":["GET"]}}],"collection":[{"href":"https:\/\/www.valonkuvia.fi\/blogi\/wp-json\/wp\/v2\/pages"}],"about":[{"href":"https:\/\/www.valonkuvia.fi\/blogi\/wp-json\/wp\/v2\/types\/page"}],"author":[{"embeddable":true,"href":"https:\/\/www.valonkuvia.fi\/blogi\/wp-json\/wp\/v2\/users\/1"}],"replies":[{"embeddable":true,"href":"https:\/\/www.valonkuvia.fi\/blogi\/wp-json\/wp\/v2\/comments?post=16204"}],"version-history":[{"count":7,"href":"https:\/\/www.valonkuvia.fi\/blogi\/wp-json\/wp\/v2\/pages\/16204\/revisions"}],"predecessor-version":[{"id":21538,"href":"https:\/\/www.valonkuvia.fi\/blogi\/wp-json\/wp\/v2\/pages\/16204\/revisions\/21538"}],"up":[{"embeddable":true,"href":"https:\/\/www.valonkuvia.fi\/blogi\/wp-json\/wp\/v2\/pages\/116"}],"wp:attachment":[{"href":"https:\/\/www.valonkuvia.fi\/blogi\/wp-json\/wp\/v2\/media?parent=16204"}],"curies":[{"name":"wp","href":"https:\/\/api.w.org\/{rel}","templated":true}]}}