{"id":17658,"date":"2020-12-04T19:00:47","date_gmt":"2020-12-04T17:00:47","guid":{"rendered":"https:\/\/www.valonkuvia.fi\/blogi\/?page_id=17658"},"modified":"2023-03-21T23:07:19","modified_gmt":"2023-03-21T21:07:19","slug":"armenia-kiviristit-eli-khatskarit","status":"publish","type":"page","link":"https:\/\/www.valonkuvia.fi\/blogi\/armenia-maa-kaukasuksella\/armenia-kiviristit-eli-khatskarit\/","title":{"rendered":"Armenia &#8211; kiviristit eli khat\u0161karit"},"content":{"rendered":"\n<p>Kiviristit (khat\u0161kar) ovat <strong>Serafim Sepp\u00e4l\u00e4n<\/strong> mukaan kaikista taiteenlajeista armenialaisin. Kiviristej\u00e4 on tehty, ja edelleen tehd\u00e4\u00e4n, hautakiviksi tai muiksi muistomerkeiksi ja kirkkojen koristeiksi. Kiviristit valmistetaan tuffikivest\u00e4, joka on kiveksi iskostunutta vulkaaninista tuhkaa.<\/p>\n\n\n\n<p>Kuvasarjan khat\u0161kareista suurin osa on kuvattu Noratusin hautausmaalla, jonka vanhimmat khat\u0161karit ovat per\u00e4isin 900-1000-luvuilta, mutta suurin osa 1400- ja 1500-luvuilta. Kaksi viimeist\u00e4 kuvaa on nykyp\u00e4iv\u00e4n Jerevanista khat\u0161karin veist\u00e4j\u00e4n ty\u00f6pajalta.<\/p>\n\n\n\t\t\t\t\t<style>\r\n\t\t\t\t\t.LoadingImg img {\r\n\t\t\t\t\t\tmax-width: 95px;\r\n\t\t\t\t\t\tmax-height: 95px;\r\n\t\t\t\t\t\tbox-shadow:  none;\r\n\t\t\t\t\t}\r\n\t\t\t\t\t\t\r\n\t\t\t\t\t\/* style for image thumbnail fixed*\/\r\n\t\t\t\t\t#fagp_21500 .img-thumbnail {\r\n\t\t\t\t\t\tpadding: 4px;\r\n\t\t\t\t\t\t\t\t\t\t\t}\r\n\r\n\t\t\t\t\t@media only screen and (min-device-width: 665px) and (max-device-width: 667px) {\r\n\t\t\t\t\t\t#fagp_21500 .img-thumbnail {\r\n\t\t\t\t\t\t    padding: 4px;\r\n\t\t\t\t\t\t    \t\t\t\t\t\t}\r\n\t\t\t\t\t}\r\n\r\n\t\t\t\t\t#fagp_21500 .b-link-fade .b-wrapper,#fagp_21500 .b-link-fade .b-top-line{\r\n\t\t\t\t\t\tbackground: rgba(215, 215, 215, 0.7);\r\n\t\t\t\t\t}\r\n\t\t\t\t\t#fagp_21500 .b-link-flow .b-wrapper,#fagp_21500 .b-link-flow .b-top-line{\r\n\t\t\t\t\t\tbackground: rgba(215, 215, 215, 0.7);\r\n\t\t\t\t\t}\r\n\t\t\t\t\t#fagp_21500 .b-link-stroke .b-top-line{\r\n\t\t\t\t\t\tbackground: rgba(215, 215, 215, 0.7);\r\n\t\t\t\t\t}\r\n\t\t\t\t\t#fagp_21500 .b-link-stroke .b-bottom-line{\r\n\t\t\t\t\t\tbackground: rgba(215, 215, 215, 0.7);\r\n\t\t\t\t\t}\r\n\r\n\t\t\t\t\t#fagp_21500 .b-link-box .b-top-line{\r\n\t\t\t\t\t\tborder: 16px solid rgba(215, 215, 215, 0.7);\r\n\t\t\t\t\t}\r\n\t\t\t\t\t#fagp_21500 .b-link-box .b-bottom-line{\r\n\t\t\t\t\t\tbackground: rgba(215, 215, 215, 0.7);\r\n\t\t\t\t\t}\r\n\t\t\t\t\t#fagp_21500 .b-link-stripe .b-line{\r\n\t\t\t\t\t\tbackground: rgba(215, 215, 215, 0.7);\r\n\t\t\t\t\t}\r\n\t\t\t\t\t#fagp_21500 .b-link-apart-horisontal .b-top-line,#fagp_21500 .b-link-apart-horisontal .b-top-line-up{\r\n\t\t\t\t\t\tbackground: rgba(215, 215, 215, 0.7);\r\n\t\t\t\t\t}\r\n\t\t\t\t\t#fagp_21500 .b-link-apart-horisontal .b-bottom-line,#fagp_21500 .b-link-apart-horisontal .b-bottom-line-up{\r\n\t\t\t\t\t\tbackground: rgba(215, 215, 215, 0.7);\r\n\t\t\t\t\t}\r\n\t\t\t\t\t#fagp_21500 .b-link-apart-vertical .b-top-line,#fagp_21500 .b-link-apart-vertical .b-top-line-up{\r\n\t\t\t\t\t\tbackground: rgba(215, 215, 215, 0.7);\r\n\t\t\t\t\t}\r\n\t\t\t\t\t#fagp_21500 .b-link-apart-vertical .b-bottom-line,#fagp_21500 .b-link-apart-vertical .b-bottom-line-up{\r\n\t\t\t\t\t\tbackground: rgba(215, 215, 215, 0.7);\r\n\t\t\t\t\t}\r\n\t\t\t\t\t#fagp_21500 .b-link-diagonal .b-line{\r\n\t\t\t\t\t\tbackground: rgba(215, 215, 215, 0.7);\r\n\t\t\t\t\t}\r\n\t\t\t\t\t\r\n\t\t\t\t\t#fagp_21500 .hidepics {\r\n\t\t\t\t\t\tdisplay: none !important;\r\n\t\t\t\t\t}\r\n\r\n\t\t\t\t\t@media (min-width: 992px){\r\n\t\t\t\t\t\t#fagp_21500 .col-md-6 {\r\n\t\t\t\t\t\twidth: 49.97% !important;\r\n\t\t\t\t\t\t}\r\n\t\t\t\t\t\t#fagp_21500 .col-md-4 {\r\n\t\t\t\t\t\twidth: 33.30% !important;\r\n\t\t\t\t\t\t}\r\n\t\t\t\t\t\t#fagp_21500 .col-md-3 {\r\n\t\t\t\t\t\twidth: 24.90% !important;\r\n\t\t\t\t\t\t}\r\n\t\t\t\t\t\t#fagp_21500 .col-md-2 {\r\n\t\t\t\t\t\twidth: 16.60% !important;\r\n\t\t\t\t\t\t}\r\n\t\t\t\t\t\t#fagp_21500 .col-md-5 {\r\n\t\t\t\t\t\twidth: 20% !important;\r\n\t\t\t\t\t\t}\r\n\t\t\t\t\t\t#fagp_21500 .col-md-8 {\r\n\t\t\t\t\t\twidth: 12% !important;\r\n\t\t\t\t\t\t}\r\n\t\t\t\t\t\t#fagp_21500 .col-md-10 {\r\n\t\t\t\t\t\twidth: 10% !important;\r\n\t\t\t\t\t\t}\r\n\t\t\t\t\t}\r\n\t\t\t\t\t\r\n\t\t\t\t\t#lightbox .lb-outerContainer{\r\n\t\t\t\t\t\twidth: 100%;\r\n\t\t\t\t\t\theight: 100%;\r\n\t\t\t\t\t}\r\n\t\t\t\t\t.page-id-17658 #elementor-lightbox { display: none !important; }\r\n\t\t\t\t\t.postid-17658 #elementor-lightbox { display: none !important; }\r\n\t\t\t\t\t\t\t\t\t\t<\/style>\r\n\t\t\t\t\t<script type=\"text\/javascript\">\r\n\t\t\t\t\tjQuery(function() {\r\n\t\t\t\t\t\t\/\/ Engage gallery.\r\n\t\t\t\t\t\tjQuery('.gallery21500').flickr21500({\r\n\t\t\t\t\t\t\tapiKey: '3fde1dade831dcf28a47882589daad65',\r\n\t\t\t\t\t\t\tphotosetId: '72157717161705772',\r\n\t\t\t\t\t\t\tloadingSpeed: 45,\r\n\t\t\t\t\t\t\tphotosLimit: 50\t\t\t\t\t\t});\r\n\t\t\t\t\t});\r\n\t\t\t\t\t\r\n\t\t\t\t\t\/*\r\n\t\t\t\t\t* jQuery Flickr Photoset\r\n\t\t\t\t\t* https:\/\/github.com\/hadalin\/jquery-flickr-photoset\r\n\t\t\t\t\t*\r\n\t\t\t\t\t* Copyright 2014, Primo\u017e Hadalin\r\n\t\t\t\t\t*\r\n\t\t\t\t\t* Licensed under the MIT license:\r\n\t\t\t\t\t* http:\/\/www.opensource.org\/licenses\/MIT\r\n\t\t\t\t\t*\/\r\n\r\n\t\t\t\t\t;(function (jQuery, window, document, undefined) {\r\n\t\t\t\t\t\tvar fcount = 1;\r\n\t\t\t\t\t\t'use strict';\r\n\r\n\t\t\t\t\t\tvar pluginName = \"flickr21500\",\r\n\t\t\t\t\t\t\tdefaults = {\r\n\t\t\t\t\t\t\t\tapiKey: \"\",\r\n\t\t\t\t\t\t\t\tphotosetId: \"\",\r\n\t\t\t\t\t\t\t\terrorText: \"<div class='flickr-album-error'><i class='far fa-times-circle'><\/i> Error generating gallery.<\/div>\"\r\n\t\t\t\t\t\t\t},\r\n\t\t\t\t\t\t\tapiUrl = 'https:\/\/api.flickr.com\/services\/rest\/',\r\n\t\t\t\t\t\t\tphotos = [];\r\n\r\n\t\t\t\t\t\t\/\/ The actual plugin constructor\r\n\t\t\t\t\t\tfunction Plugin(element, options) {\r\n\t\t\t\t\t\t\tthis.element = jQuery(element);\r\n\t\t\t\t\t\t\tthis.settings = jQuery.extend({}, defaults, options);\r\n\t\t\t\t\t\t\tthis._defaults = defaults;\r\n\t\t\t\t\t\t\tthis._name = pluginName;\r\n\r\n\t\t\t\t\t\t\tthis._hideSpinner = function() {\r\n\t\t\t\t\t\t\t\tthis.element.find('.spinner-wrapper').hide().find('*').hide();\r\n\t\t\t\t\t\t\t};\r\n\r\n\t\t\t\t\t\t\tthis._printError = function() {\r\n\t\t\t\t\t\t\t\tthis.element.find('.gallery-container').append(jQuery(\"<div><\/div>\", { \"class\": \"col-lg-12 col-lg-offset-1\" })\r\n\t\t\t\t\t\t\t\t\t.append(jQuery(\"<div><\/div>\", { \"class\": \"error-wrapper\" })\r\n\t\t\t\t\t\t\t\t\t\t.append(jQuery(\"<span><\/span>\", { \"class\": \"label label-danger error\" })\r\n\t\t\t\t\t\t\t\t\t\t\t.html(this.settings.errorText))));\r\n\t\t\t\t\t\t\t};\r\n\r\n\t\t\t\t\t\t\tthis._flickrAnimate = function() {\r\n\t\t\t\t\t\t\t\tthis.element.find('.gallery-container img').each(jQuery.proxy(function(index, el) {\r\n\t\t\t\t\t\t\t\t\tvar image = el;\r\n\t\t\t\t\t\t\t\t\tsetTimeout(function() {\r\n\t\t\t\t\t\t\t\t\t\tjQuery(image).parent().fadeIn();\r\n\t\t\t\t\t\t\t\t\t}, this.settings.loadingSpeed * index);\r\n\t\t\t\t\t\t\t\t}, this));\r\n\t\t\t\t\t\t\t};\r\n\r\n\t\t\t\t\t\t\tthis._printGallery = function(photos) {\r\n\t\t\t\t\t\t\t\tvar element = this.element.find('.gallery-container');\r\n\t\t\t\t\t\t\t\tjQuery.each(photos, function(key, photo) {\r\n\t\t\t\t\t\t\t\t\tvar img = jQuery('<img>', { 'class': 'thumb img-thumbnail gall-img-responsive', src: photo.thumbnail, });\r\n\t\t\t\t\t\t\t\t\telement.append(jQuery('<div><\/div>', { 'class': 'col-md-4 col-sm-6 wl-gallery ' + photo.hideme })\r\n\t\t\t\t\t\t\t\t\t.append(jQuery('<div><\/div>', { 'class': 'b-link-fade b-animate-go' })\r\n\t\t\t\t\t\t\t\t\t\t.append(jQuery('<a><\/a>', { 'class': 'magnific_21500', title: photo.title, href: photo.href  }).hide()\r\n\t\t\t\t\t\t\t\t\t\t.append(img)\r\n\t\t\t\t\t\t\t\t\t\t.append(jQuery('<div><\/div>', { 'class': 'b-wrapper' })))));\r\n\t\t\t\t\t\t\t\t});\r\n\r\n\t\t\t\t\t\t\t\telement.imagesLoaded()\r\n\t\t\t\t\t\t\t\t\t.done(jQuery.proxy(this._flickrAnimate, this))\r\n\t\t\t\t\t\t\t\t\t.always(jQuery.proxy(this._hideSpinner, this));\r\n\t\t\t\t\t\t\t};\r\n\r\n\t\t\t\t\t\t\tthis._flickrPhotoset = function(photoset) {\r\n\t\t\t\t\t\t\t\tvar _this = this;\r\n\t\t\t\t\t\t\t\tvar hidemeval = \"\";\r\n\t\t\t\t\t\t\t\tphotos[photoset.id] = [];\r\n\t\t\t\t\t\t\t\tjQuery.each(photoset.photo, function(key, photo) {\r\n\t\t\t\t\t\t\t\t\t\r\n\t\t\t\t\t\t\t\t\t\/\/ hide thumbnails after a limit\r\n\t\t\t\t\t\t\t\t\t\r\n\t\t\t\t\t\t\t\t\tif(key > 49) {\r\n\t\t\t\t\t\t\t\t\t\thidemeval = \"hidepics\";\r\n\t\t\t\t\t\t\t\t\t}\r\n\t\t\t\t\t\t\t\t\t\r\n\t\t\t\t\t\t\t\t\t\/\/ Limit number of photos.\r\n\t\t\t\t\t\t\t\t\tif(key >= _this.settings.photosLimit) {\r\n\t\t\t\t\t\t\t\t\t\treturn false;\r\n\t\t\t\t\t\t\t\t\t}\r\n\r\n\t\t\t\t\t\t\t\t\tphotos[photoset.id][key] = {\r\n\t\t\t\t\t\t\t\t\t\t\/\/ thumbnail image\r\n\t\t\t\t\t\t\t\t\t\t\t\t\t\t\t\t\t\t\t\tthumbnail: 'https:\/\/farm' + photo.farm + '.staticflickr.com\/' + photo.server + '\/' + photo.id + '_' + photo.secret + '_n.jpg',\r\n\t\t\t\t\t\t\t\t\t\t\t\t\t\t\t\t\t\t\t\t\r\n\t\t\t\t\t\t\t\t\t\t\/\/ lightbox image\r\n\t\t\t\t\t\t\t\t\t\t\t\t\t\t\t\t\t\t\t\thref: 'https:\/\/farm' + photo.farm + '.staticflickr.com\/' + photo.server + '\/' + photo.id + '_' + photo.secret + '_c.jpg',\r\n\t\t\t\t\t\t\t\t\t\t\t\t\t\t\t\t\t\t\t\ttitle: photo.title,\r\n\t\t\t\t\t\t\t\t\t\thideme: hidemeval,\r\n\t\t\t\t\t\t\t\t\t};\r\n\t\t\t\t\t\t\t\t\tconsole.log(photo);\r\n\t\t\t\t\t\t\t\t});\r\n\r\n\t\t\t\t\t\t\t\tthis._printGallery(photos[photoset.id]);\r\n\t\t\t\t\t\t\t};\r\n\r\n\t\t\t\t\t\t\tthis._onFlickrResponse = function(response) {\r\n\t\t\t\t\t\t\t\tif(response.stat === \"ok\") {\r\n\t\t\t\t\t\t\t\t\t this._flickrPhotoset(response.photoset);\r\n\t\t\t\t\t\t\t\t}\r\n\t\t\t\t\t\t\t\telse {\r\n\t\t\t\t\t\t\t\t\tthis._hideSpinner();\r\n\t\t\t\t\t\t\t\t\tthis._printError();\r\n\t\t\t\t\t\t\t\t}\r\n\t\t\t\t\t\t\t};\r\n\r\n\t\t\t\t\t\t\tthis._flickrRequest = function(method, data) {\r\n\t\t\t\t\t\t\t\tvar url = apiUrl + \"?format=json&jsoncallback=?&method=\" + method + \"&api_key=\" + this.settings.apiKey + \"&extra=url_h\";\r\n\r\n\t\t\t\t\t\t\t\tjQuery.each(data, function(key, value) {\r\n\t\t\t\t\t\t\t\t\turl += \"&\" + key + \"=\" + value;\r\n\t\t\t\t\t\t\t\t});\r\n\r\n\t\t\t\t\t\t\t\tjQuery.ajax({\r\n\t\t\t\t\t\t\t\t\tdataType: \"json\",\r\n\t\t\t\t\t\t\t\t\turl: url,\r\n\t\t\t\t\t\t\t\t\tcontext: this,\r\n\t\t\t\t\t\t\t\t\tsuccess: this._onFlickrResponse\r\n\t\t\t\t\t\t\t\t});\r\n\t\t\t\t\t\t\t};\r\n\r\n\t\t\t\t\t\t\tthis._flickrInit = function () {\r\n\t\t\t\t\t\t\t\tthis._flickrRequest('flickr.photosets.getPhotos', {\r\n\t\t\t\t\t\t\t\t\tphotoset_id: this.settings.photosetId\r\n\t\t\t\t\t\t\t\t});\r\n\t\t\t\t\t\t\t};\r\n\r\n\t\t\t\t\t\t\t\/\/ Init\r\n\t\t\t\t\t\t\tthis.init();\r\n\t\t\t\t\t\t}\r\n\r\n\t\t\t\t\t\tPlugin.prototype = {\r\n\t\t\t\t\t\t\tinit: function () {\r\n\t\t\t\t\t\t\t\tthis._flickrInit();\r\n\t\t\t\t\t\t\t}\r\n\t\t\t\t\t\t};\r\n\r\n\t\t\t\t\t\t\/\/ Wrapper\r\n\t\t\t\t\t\tjQuery.fn[pluginName] = function (options) {\r\n\t\t\t\t\t\t\tthis.each(function () {\r\n\t\t\t\t\t\t\t\tif (!jQuery.data(this, \"plugin_\" + pluginName)) {\r\n\t\t\t\t\t\t\t\t\tjQuery.data(this, \"plugin_\" + pluginName, new Plugin(this, options));\r\n\t\t\t\t\t\t\t\t}\r\n\t\t\t\t\t\t\t});\r\n\r\n\t\t\t\t\t\t\t\/\/ Chain\r\n\t\t\t\t\t\t\treturn this;\r\n\t\t\t\t\t\t};\r\n\t\t\t\t\t})(jQuery, window, document);\r\n\t\t\t\t\t<\/script>\r\n\t\t\t\t\t<!-- Gallery Thumbnails -->\r\n\t\t\t\t\t<div class=\"album-gallery-main\">\r\n\t\t\t\t\t\t\t\t\t\t\t\t<div class=\"gallery21500\" id=\"fagp_21500\">\r\n\t\t\t\t\t\t\t<div class=\"col-xs-12 spinner-wrapper\">\r\n\t\t\t\t\t\t\t\t<div class=\"LoadingImg\"><img data-recalc-dims=\"1\" decoding=\"async\" src=\"https:\/\/i0.wp.com\/www.valonkuvia.fi\/blogi\/wp-content\/plugins\/flickr-album-gallery-pro\/img\/1.gif?ssl=1\" \/><\/div>\r\n\t\t\t\t\t\t\t<\/div>\r\n\t\t\t\t\t\t\t\t\t\t\t\t\t\t\t<div  class=\"gallery-container magnific_21500  gallery1\"><\/div>\r\n\t\t\t\t\t\t\t\t\t\t\t\t\t<\/div>\r\n\t\t\t\t\t<\/div>\r\n\t\t\t\t\t\t\t\r\n\t\t<!-- Nivo Box -->\r\n\t\t\t\t\r\n\t\t<!-- Photo box-->\r\n\t\t\t\t\r\n\t\t\r\n\t\t<!-- Smooth Box-->\r\n\t\t\t\t\r\n\t\t<!-- Swipe Box-->\r\n\t\t\t\t\r\n\t\t<!-- Ion box-->\r\n\t\t\t\t\t<script type=\"text\/javascript\">\r\n\t\t\t\tjQuery(document).ready(function (){\r\n\t\t\t\t  jQuery('.magnific_21500').magnificPopup({\r\n\t\t\t\t\t delegate: 'a',\r\n\t\t\t\t\t  type: 'image',\r\n\t\t\t\t\t  gallery: {\r\n\t\t\t\t\t\tenabled: true,\r\n\t\t\t\t\t\tnavigateByImgClick: true,\r\n\t\t\t\t\t\tpreload: [0,1] \/\/ Will preload 0 - before current, and 1 after the current image\r\n\t\t\t\t\t  },\r\n\t\t\t\t\t\t \r\n\t\t\t\t\t});\r\n\t\t\t\t});\r\n\t\t\t<\/script>\r\n\t\t\t\t\r\n\t\t<!-- Fancy box-->\r\n\t\t\t\t\r\n\t\t<!-- Hover Animation Effect JS-->\r\n\t\t<script src=\"https:\/\/www.valonkuvia.fi\/blogi\/wp-content\/plugins\/flickr-album-gallery-pro\/js\/hover-pack.js\" ><\/script> \r\n\t\t<script>\r\n\t\tjQuery(window).load(function() {\r\n\t\t\t\/* Slide *\/\r\n\t\t\tjQuery('#slide a').each(function(index, element) {\r\n\t\t\t\tjQuery(this).hoverdir();\r\n\t\t\t});\r\n\r\n\t\t\t\/* Stroke *\/\r\n\t\t\tjQuery('.b-link-stroke').prepend('<div class=\"b-top-line\"><\/div>');\r\n\t\t\tjQuery('.b-link-stroke').prepend('<div class=\"b-bottom-line\"><\/div>');\r\n\r\n\t\t\t\/* Twist *\/\r\n\t\t\tjQuery('.b-link-twist').prepend('<div class=\"b-top-line\"><b><\/b><\/div>');\r\n\t\t\tjQuery('.b-link-twist').prepend('<div class=\"b-bottom-line\"><b><\/b><\/div>');\r\n\t\t\tjQuery('.b-link-twist img').each(function(index, element) {\r\n\t\t\t\tjQuery(this).css('visibility','hidden');\r\n\t\t\t\tjQuery(this).parent().find('.b-top-line, .b-bottom-line').css('background-image','url('+jQuery(this).attr('src')+')');\r\n\t\t\t});\r\n\r\n\t\t\t\/* Flip *\/\r\n\t\t\tjQuery('.b-link-flip').prepend('<div class=\"b-top-line\"><b><\/b><\/div>');\r\n\t\t\tjQuery('.b-link-flip').prepend('<div class=\"b-bottom-line\"><b><\/b><\/div>');\r\n\t\t\tjQuery('.b-link-flip img').each(function(index, element) {\r\n\t\t\t\tjQuery(this).css('visibility','hidden');\r\n\t\t\t\tjQuery(this).parent().find('.b-top-line, .b-bottom-line').css('background-image','url('+jQuery(this).attr('src')+')');\r\n\r\n\t\t\t});\r\n\r\n\t\t\t\/* Fade *\/\r\n\t\t\tjQuery('.b-link-fade').each(function(index, element) {\r\n\t\t\t\tjQuery(this).append('<div class=\"b-top-line\"><\/div>')\r\n\t\t\t});\r\n\r\n\t\t\t\/* Flow *\/\r\n\t\t\tjQuery('.b-link-flow').each(function(index, element) {\r\n\t\t\t\tjQuery(this).append('<div class=\"b-top-line\"><\/div>')\r\n\t\t\t});\r\n\r\n\t\t\t\/* Box *\/\r\n\t\t\tjQuery('.b-link-box').prepend('<div class=\"b-top-line\"><\/div>');\r\n\t\t\tjQuery('.b-link-box').prepend('<div class=\"b-bottom-line\"><\/div>');\r\n\r\n\t\t\t\/* Stripe *\/\r\n\t\t\tjQuery('.b-link-stripe').each(function(index, element) {\r\n\t\t\t\tjQuery(this).prepend('<div class=\"b-line b-line1\"><\/div><div class=\"b-line b-line2\"><\/div><div class=\"b-line b-line3\"><\/div><div class=\"b-line b-line4\"><\/div><div class=\"b-line b-line5\"><\/div>');\r\n\t\t\t});\r\n\r\n\t\t\t\/* Apart *\/\r\n\t\t\tjQuery('.b-link-apart-vertical, .b-link-apart-horisontal').each(function(index, element) {\r\n\t\t\t\tjQuery(this).prepend('<div class=\"b-top-line\"><\/div><div class=\"b-bottom-line\"><\/div><div class=\"b-top-line-up\"><\/div><div class=\"b-bottom-line-up\"><\/div>');\r\n\t\t\t});\r\n\r\n\t\t\t\/* diagonal *\/\r\n\t\t\tjQuery('.b-link-diagonal').each(function(index, element) {\r\n\t\t\t\tjQuery(this).prepend('<div class=\"b-line-group\"><div class=\"b-line b-line1\"><\/div><div class=\"b-line b-line2\"><\/div><div class=\"b-line b-line3\"><\/div><div class=\"b-line b-line4\"><\/div><div class=\"b-line b-line5\"><\/div><\/div>');\r\n\t\t\t});\r\n\t\t});\r\n\t\t\r\n\t\t\t\t\/* isotope JS *\/\r\n\t\tjQuery(window).load(function() {\r\n\t\t\tvar FAG_Gallery = jQuery('.gallery-container').isotope({\r\n\t\t\t\titemSelector: '.wl-gallery',\r\n\t\t\t});\r\n\t\t\t\r\n\t\t\tjQuery(window).scroll(function () {\r\n\t\t\t\t\/\/console.log('scrolling');\r\n\t\t\t\tjQuery('.gallery-container').isotope({\r\n\t\t\t\t\titemSelector: '.wl-gallery',\r\n\t\t\t\t});\r\n\t\t\t});\r\n\t\t\t\r\n\t\t\tjQuery(document).mousemove(function(event){\r\n\t\t\t\t\/\/console.log('moving');\r\n\t\t\t\tjQuery('.gallery-container').isotope({\r\n\t\t\t\t\titemSelector: '.wl-gallery',\r\n\t\t\t\t});\r\n\t\t\t});\r\n\r\n\t\t\tjQuery(document).imagesLoaded()\r\n\t\t\t.always( function( instance ) {\r\n\t\t\t\t\/\/console.log('all images loaded');\r\n\t\t\t\tFAG_Gallery.isotope();\r\n\t\t\t})\r\n\t\t\t.done( function( instance ) {\r\n\t\t\t\t\/\/console.log('all images successfully loaded');\r\n\t\t\t\tFAG_Gallery.isotope();\r\n\t\t\t})\r\n\t\t\t.fail( function() {\r\n\t\t\t\t\/\/console.log('all images loaded, at least one is broken');\r\n\t\t\t\tFAG_Gallery.isotope();\r\n\t\t\t})\r\n\t\t\t.progress( function( instance, image ) {\r\n\t\t\t\tvar result = image.isLoaded ? 'loaded' : 'broken';\r\n\t\t\t\t\/\/console.log( 'image is ' + result + ' for ' + image.img.src );\r\n\t\t\t\tFAG_Gallery.isotope();\r\n\t\t\t});\r\n\t\t});\r\n\t\t\t\t<\/script>\r\n\t\t<div style=\"font-size: small; margin-top:10px; float: left; display:none;\">\r\n\t\t\tFlickr Album Gallery Pro Powered By: <a href=\"https:\/\/wpfrank.com\/\" target=\"_blank\">WP Frank<\/a>\r\n\t\t<\/div>\r\n\t\t\n","protected":false},"excerpt":{"rendered":"<p>Kiviristit (khat\u0161kar) ovat Serafim Sepp\u00e4l\u00e4n mukaan kaikista taiteenlajeista armenialaisin. Kiviristej\u00e4 on tehty, ja edelleen tehd\u00e4\u00e4n, hautakiviksi tai muiksi muistomerkeiksi ja kirkkojen koristeiksi. Kiviristit valmistetaan tuffikivest\u00e4, joka on kiveksi iskostunutta vulkaaninista tuhkaa. Kuvasarjan khat\u0161kareista suurin osa on kuvattu Noratusin hautausmaalla, jonka vanhimmat khat\u0161karit ovat per\u00e4isin 900-1000-luvuilta, mutta suurin osa 1400- ja 1500-luvuilta. Kaksi viimeist\u00e4 kuvaa on [&hellip;]<\/p>\n","protected":false},"author":1,"featured_media":0,"parent":2571,"menu_order":9,"comment_status":"closed","ping_status":"closed","template":"","meta":{"ngg_post_thumbnail":0,"footnotes":""},"class_list":["post-17658","page","type-page","status-publish","hentry"],"jetpack_likes_enabled":false,"jetpack_sharing_enabled":true,"_links":{"self":[{"href":"https:\/\/www.valonkuvia.fi\/blogi\/wp-json\/wp\/v2\/pages\/17658","targetHints":{"allow":["GET"]}}],"collection":[{"href":"https:\/\/www.valonkuvia.fi\/blogi\/wp-json\/wp\/v2\/pages"}],"about":[{"href":"https:\/\/www.valonkuvia.fi\/blogi\/wp-json\/wp\/v2\/types\/page"}],"author":[{"embeddable":true,"href":"https:\/\/www.valonkuvia.fi\/blogi\/wp-json\/wp\/v2\/users\/1"}],"replies":[{"embeddable":true,"href":"https:\/\/www.valonkuvia.fi\/blogi\/wp-json\/wp\/v2\/comments?post=17658"}],"version-history":[{"count":6,"href":"https:\/\/www.valonkuvia.fi\/blogi\/wp-json\/wp\/v2\/pages\/17658\/revisions"}],"predecessor-version":[{"id":21697,"href":"https:\/\/www.valonkuvia.fi\/blogi\/wp-json\/wp\/v2\/pages\/17658\/revisions\/21697"}],"up":[{"embeddable":true,"href":"https:\/\/www.valonkuvia.fi\/blogi\/wp-json\/wp\/v2\/pages\/2571"}],"wp:attachment":[{"href":"https:\/\/www.valonkuvia.fi\/blogi\/wp-json\/wp\/v2\/media?parent=17658"}],"curies":[{"name":"wp","href":"https:\/\/api.w.org\/{rel}","templated":true}]}}