{"id":190,"date":"2011-07-13T09:45:09","date_gmt":"2011-07-13T06:45:09","guid":{"rendered":"http:\/\/www.valonkuvia.fi\/blogi\/?page_id=190"},"modified":"2019-06-27T15:37:13","modified_gmt":"2019-06-27T12:37:13","slug":"pianolla-tuoreita-tuulia","status":"publish","type":"page","link":"https:\/\/www.valonkuvia.fi\/blogi\/jazzjutut\/jazzin-vesilla-kalastelevat-vieraat\/pianolla-tuoreita-tuulia\/","title":{"rendered":"Pianolla tuoreita tuulia"},"content":{"rendered":"<p>Huomenna maanantaina (Huom. tarkka p\u00e4iv\u00e4m\u00e4\u00e4r\u00e4 on jo hukassa.)  Folkets Husilla meille tarjoutuu mahdollisuus p\u00e4\u00e4st\u00e4 kuulemaan jazzpianisti Esbj\u00f6rn Svenssonin trioa, joka on viime vuosien menestyneimpi\u00e4 ruotsalaisia jazzyhtyeit\u00e4. Trio esiintyy yhdess\u00e4 Norrbotten Big Bandin kanssa, joka sekin on korkealle arvostettu iso orkesteri.<\/p>\n<p>Esbj\u00f6rn Svensson Trio on outo lintu jazzmaailmassa, yhtyeell\u00e4 on nimitt\u00e4in ollut kaupallista menestyst\u00e4. Trion uusin levy \u201cGood Morning Susie Soho\u201d p\u00e4\u00e4si parhaimmillaan Ruotsin levylistalla 15. sijalle, mihin on tarvittu jo melkoinen m\u00e4\u00e4r\u00e4 myytyj\u00e4 levyj\u00e4. Yhtye on my\u00f6s ensimm\u00e4inen jazzyhtye, joka on esiintynyt MTV-musiikkikanavalla. T\u00e4m\u00e4 menestys on sik\u00e4li poikkeuksellista, ett\u00e4 yhtyeen ei tarvinnut turvautua musiikkiaan vesitt\u00e4viin kompromisseihin. Trion oma lyyrisesti svengaava pianotriomusiikki on riitt\u00e4nyt. My\u00f6s kriitikoiden palaute on ollut kiitt\u00e4v\u00e4\u00e4, yhtyeen levyj\u00e4 on valittu vuoden parhaiden joukkoon eri puolilla maailmaa.<\/p>\n<p>Eip\u00e4 siis ihme, ett\u00e4 tunnettu englantilainen jazzkirjoittaja Stuart Nicholson valitsee Telegraph-lehden haastattelussa Esbj\u00f6rn Svenssonin jazzin tulevaisuuden tekij\u00f6iden joukkoon. Nicholsonin arvion mukaan jazzin tulevaisuus on Euroopassa, eik\u00e4 en\u00e4\u00e4 jazzin kotimaassa Yhdysvalloissa. Svensson itsekin ihmettelee, kuinka amerikkalaiset jazzmuusikot vain veisaavat samaa vanhaa virtt\u00e4. Ennen eurooppalaiset seurasivat tarkkaan, mit\u00e4 Yhdysvaltojen jazzmaailmassa tapahtui ja amerikkalaiset suhtautuivat eurooppalaisiin yritt\u00e4jiin hieman huvittuneesti. Svenssonin mielest\u00e4 asetelma on nyt vaihtunut; amerikkalainen jazzkentt\u00e4 on muuttunut tyls\u00e4ksi, koska jazz ei ole siell\u00e4 uudistunut viime vuosikymmenin\u00e4. Jazzin tulevaisuus on siis Euroopassa, koska eurooppalaiset jazzmuusikot haluavat kuulostaa erilaisilta, v\u00e4itt\u00e4\u00e4 Svensson.<\/p>\n<p>Stuart Nicholson poimii eurooppalaisesta \u201cpositiivisesti innovatiivisesta\u201d jazzkent\u00e4st\u00e4 viel\u00e4 muita kiinnostavia nimi\u00e4, jotka ovat Svenssonin tavoin onnistuneet tekem\u00e4\u00e4n popista taidetta ja uudistamaan v\u00e4lill\u00e4 kadonneen jazzin yhteyden populaarikulttuuriin. Erityisen innostunut Nicholson on norjalaisten jazzmuusikoiden tavasta yhdist\u00e4\u00e4 jazzia, rockia, teknoa ja muita nykyajan tanssi- ja diskoilmi\u00f6it\u00e4. Trumpetisti Nils Petter Molv\u00e6r, joka esiintyi Khmer-yhtyeineen pari vuotta sitten my\u00f6s Kalottjazz &#038; Blues-festivaaleilla, on er\u00e4s n\u00e4ist\u00e4 tulevaisuuden lupauksista. Ranskasta Nicholson poimii esille trumpetisti Erik Truffazin ja St. Germain-yhtyeen, jotka molemmat ovat, kiinnostavaa kyll\u00e4, tehneet levyj\u00e4 perinteiselle Blue Note-levymerkille.<\/p>\n<p>Jutussa ei mainita yht\u00e4\u00e4n suomalaista jazznime\u00e4, mutta kuten kes\u00e4n aikana n\u00e4hty tv-sarjakin osoitti, my\u00f6s suomalainen jazzkentt\u00e4 on laaja ja uutta luova. Esimerkiksi kansainv\u00e4lisesti menestynyt Rinneradio on jo kauan yhdist\u00e4nyt musiikkiinsa teknorytmej\u00e4, elektroniikkaa ja improvisaatiota, siin\u00e4 miss\u00e4 edell\u00e4 mainitut norjalaiset ja ranskalaisetkin. Jukka Perkon Olavi Virta-projekti on my\u00f6s onnistunut esimerkki siit\u00e4, kuinka populaarikulttuurin pohjalta voidaan luoda uutta ja raikasta jazzia.<\/p>\n<p>Nyt siis on mainio mahdollisuus p\u00e4\u00e4st\u00e4 kuulostelemaan eurooppalaisen jazzin tuoreimpia tuulia. Tilaisuus kannattaa k\u00e4ytt\u00e4\u00e4 hyv\u00e4kseen, sill\u00e4 veikkaanpa, ettei kiinnostavampaa pianotaidetta n\u00e4ille nurkille t\u00e4n\u00e4 syksyn\u00e4 ilmaannu.<\/p>\n<p>16.9. 2001<\/p>\n","protected":false},"excerpt":{"rendered":"<p>Huomenna maanantaina (Huom. tarkka p\u00e4iv\u00e4m\u00e4\u00e4r\u00e4 on jo hukassa.) Folkets Husilla meille tarjoutuu mahdollisuus p\u00e4\u00e4st\u00e4 kuulemaan jazzpianisti Esbj\u00f6rn Svenssonin trioa, joka on viime vuosien menestyneimpi\u00e4 ruotsalaisia jazzyhtyeit\u00e4. Trio esiintyy yhdess\u00e4 Norrbotten Big Bandin kanssa, joka sekin on korkealle arvostettu iso orkesteri. Esbj\u00f6rn Svensson Trio on outo lintu jazzmaailmassa, yhtyeell\u00e4 on nimitt\u00e4in ollut kaupallista menestyst\u00e4. Trion uusin [&hellip;]<\/p>\n","protected":false},"author":1,"featured_media":0,"parent":128,"menu_order":0,"comment_status":"open","ping_status":"open","template":"onecolumn-page.php","meta":{"ngg_post_thumbnail":0,"footnotes":""},"class_list":["post-190","page","type-page","status-publish","hentry"],"jetpack_likes_enabled":false,"jetpack_sharing_enabled":true,"_links":{"self":[{"href":"https:\/\/www.valonkuvia.fi\/blogi\/wp-json\/wp\/v2\/pages\/190","targetHints":{"allow":["GET"]}}],"collection":[{"href":"https:\/\/www.valonkuvia.fi\/blogi\/wp-json\/wp\/v2\/pages"}],"about":[{"href":"https:\/\/www.valonkuvia.fi\/blogi\/wp-json\/wp\/v2\/types\/page"}],"author":[{"embeddable":true,"href":"https:\/\/www.valonkuvia.fi\/blogi\/wp-json\/wp\/v2\/users\/1"}],"replies":[{"embeddable":true,"href":"https:\/\/www.valonkuvia.fi\/blogi\/wp-json\/wp\/v2\/comments?post=190"}],"version-history":[{"count":4,"href":"https:\/\/www.valonkuvia.fi\/blogi\/wp-json\/wp\/v2\/pages\/190\/revisions"}],"predecessor-version":[{"id":14028,"href":"https:\/\/www.valonkuvia.fi\/blogi\/wp-json\/wp\/v2\/pages\/190\/revisions\/14028"}],"up":[{"embeddable":true,"href":"https:\/\/www.valonkuvia.fi\/blogi\/wp-json\/wp\/v2\/pages\/128"}],"wp:attachment":[{"href":"https:\/\/www.valonkuvia.fi\/blogi\/wp-json\/wp\/v2\/media?parent=190"}],"curies":[{"name":"wp","href":"https:\/\/api.w.org\/{rel}","templated":true}]}}