{"id":1905,"date":"2012-01-21T18:31:29","date_gmt":"2012-01-21T16:31:29","guid":{"rendered":"http:\/\/www.valonkuvia.fi\/blogi\/?page_id=1905"},"modified":"2019-11-23T18:22:01","modified_gmt":"2019-11-23T16:22:01","slug":"levyarvioita-m-p","status":"publish","type":"page","link":"https:\/\/www.valonkuvia.fi\/blogi\/jazzjutut\/levyarvioita-m-p\/","title":{"rendered":"Levyarviot M &#8211; P"},"content":{"rendered":"<p>Jazzrytmit-lehdess\u00e4 ja Suomijazz-verkkolehdess\u00e4 ilmestyneist\u00e4 levyarvioita. Uudet levyarviot ilmestyv\u00e4t blogissa.<\/p>\n<p><strong>M<\/strong><br \/>\n<a href=\"http:\/\/www.valonkuvia.fi\/blogi\/?page_id=1908\" title=\"Ninsk: Letters &#038; Signs \u2013 Man Bites Dog: Hot Mule Bait \u2013 Tetzepi: Shu\">Man Bites Dog: Hot Mule Bait<\/a><br \/>\n<a href=\"http:\/\/www.valonkuvia.fi\/blogi\/?page_id=1918\" title=\"Tony Marsh, Steve Franklin &#038; Tim Crowther: Shell of Certainty\">Tony Marsh, Steve Franklin &#038; Tim Crowther: Shell of Certainty<\/a><br \/>\n<a href=\"http:\/\/www.valonkuvia.fi\/blogi\/?page_id=1922\" title=\"Mess: St. Amblendfoll\">Mess: St. Amblendfoll<\/a><br \/>\n<a href=\"http:\/\/www.valonkuvia.fi\/blogi\/?page_id=1928\" title=\"Samuli Mikkonen: 7 Henke\u00e4\">Samuli Mikkonen: 7 Henke\u00e4<\/a><br \/>\n<a href=\"http:\/\/www.valonkuvia.fi\/blogi\/?page_id=1931\" title=\"Roscoe Mitchell And The Note Factory: Nine To Get Ready\">Roscoe Mitchell And The Note Factory: Nine To Get Ready<\/a><br \/>\n<a href=\"http:\/\/www.valonkuvia.fi\/blogi\/?page_id=1933\" title=\"MP4: Central Playa\">MP4: Central Playa<\/a><br \/>\n<a href=\"http:\/\/www.valonkuvia.fi\/blogi\/?page_id=1936\" title=\"Mr Fonebone: Hit &#038; Run\">Mr Fonebone: Hit &#038; Run<\/a><br \/>\n<a href=\"http:\/\/www.valonkuvia.fi\/blogi\/?page_id=1939\" title=\"MusicMusicMusic: What\u00b4s A Good Boss Anyway?\">MusicMusicMusic: What\u00b4s A Good Boss Anyway?<\/a><br \/>\n<a href=\"http:\/\/www.valonkuvia.fi\/blogi\/?page_id=1941\" title=\"Mirja M\u00e4kel\u00e4 &#038; BergerKnutssonSpering: Arco \u00cdris\">Mirja M\u00e4kel\u00e4 &#038; BergerKnutssonSpering: Arco \u00cdris<\/a><\/p>\n<p><strong>N<\/strong><br \/>\n<a href=\"http:\/\/www.valonkuvia.fi\/blogi\/jazzjutut\/levyarvioita-m-p\/tonu-naissoo-you-stepped-out-of-a-dream\">T\u00f5nu Naissoo: You Stepped Out of a Dream<\/a><br \/>\n<a href=\"http:\/\/www.valonkuvia.fi\/blogi\/jazzjutut\/levyarvioita-m-p\/ninsk-letters-signs-man-bites-dog-hot-mule-bait-tetzepi-shu\" title=\"Man Bites Dog: Hot Mule Bait \u2013 Ninsk: Letters &#038; Signs \u2013 Tetzepi: Shu\">Ninsk: Letters &#038; Signs<\/a><br \/>\n<a href=\"http:\/\/www.valonkuvia.fi\/blogi\/jazzjutut\/levyarvioita-m-p\/klas-nevrin-fancy-machine\/\" title=\"Klas Nevrin: Fancy Machine\">Klas Nevrin: Fancy Machine<\/a><br \/>\n<a href=\"http:\/\/www.valonkuvia.fi\/blogi\/jazzjutut\/levyarvioita-m-p\/mess-st-amblendfoll\/\" title=\"Mess: St. Amblendfoll\">Nu: Green Fingers<\/a><br \/>\n<a href=\"http:\/\/www.valonkuvia.fi\/blogi\/jazzjutut\/levyarviot-e-h\/andreas-gidlund-kvartett-mandraki-beach-nyfors-jazz-magnus-lindgren-quartet-the-game\/\" title=\"Andreas Gidlund Kvartett: Mandraki Beach &#038; Nyfors: Jazz &#038; Magnus Lindgren Quartet: The Game\">Nyfors: Jazz<\/a><\/p>\n<p><strong>O<\/strong><br \/>\n<a href=\"http:\/\/www.valonkuvia.fi\/blogi\/jazzjutut\/levyarvioita-m-p\/oddarrang-music-illustrated\/\" title=\"Oddarrang: Music Illustrated\">Oddarrang: Music Illustrated<\/a><br \/>\n<a href=\"http:\/\/www.valonkuvia.fi\/blogi\/jazzjutut\/levyarvioita-m-p\/giorgio-occhipinti-hereo-nonetto-plus-cellos-sequences-global-music-and-circular-thought\/\" title=\"Giorgio Occhipinti Hereo Nonetto plus Cellos Sequences: Global Music and Circular Thought.\">Giorgio Occhipinti Hereo Nonetto plus Cellos Sequences: Global Music and Circular Thought<\/a><br \/>\n<a href=\"http:\/\/www.valonkuvia.fi\/blogi\/jazzjutut\/levyarvioita-m-p\/olespieronczykoles-gray-days\/\" title=\"Oles\/Pieronczyk\/Oles: Gray Days\">Oles\/Pieronczyk\/Oles: Gray Days<\/a><br \/>\n<a href=\"http:\/\/www.valonkuvia.fi\/blogi\/jazzjutut\/levyarvioita-m-p\/stephan-oliva-bruno-chevillon-paul-motian-interieur-nuit\/\" title=\"Stephan Oliva \u2013 Bruno Chevillon \u2013 Paul Motian: Int\u00e9rieur Nuit\">Stephan Oliva \u2013 Bruno Chevillon \u2013 Paul Motian: Int\u00e9rieur Nuit<\/a><br \/>\n<a href=\"http:\/\/www.valonkuvia.fi\/blogi\/jazzjutut\/levyarvioita-m-p\/once-around-the-park-this-is-the-sound-of-music\/\" title=\"Once Around The Park: This Is the Sound of Music\">Once Around The Park: This Is the Sound of Music<\/a><br \/>\n<a href=\"http:\/\/www.valonkuvia.fi\/blogi\/jazzjutut\/levyarvioita-m-p\/tony-oxley-project-1-triangular-screen\/\" title=\"Tony Oxley Project 1: Triangular Screen\">Tony Oxley Project 1: Triangular Screen<\/a><\/p>\n<p><strong>P<\/strong><br \/>\n<a href=\"http:\/\/www.valonkuvia.fi\/blogi\/jazzjutut\/levyarvioita-m-p\/riitta-paakki-trio-enne\/\" title=\"Riitta Paakki Trio: Enne\">Riitta Paakki Trio: Enne<\/a><br \/>\n<a href=\"http:\/\/www.valonkuvia.fi\/blogi\/jazzjutut\/levyarvioita-m-p\/evelina-petrova-year%c2%b4s-cycle\/\" title=\"Evelina Petrova: Year\u00b4s Cycle\">Evelina Petrova: Year\u00b4s Cycle<\/a><br \/>\n<a href=\"http:\/\/www.valonkuvia.fi\/blogi\/jazzjutut\/levyarvioita-m-p\/esa-pietila-trio-direct\/\" title=\"Esa Pietil\u00e4 Trio: Direct\">Esa Pietil\u00e4 Trio: Direct<\/a><br \/>\n<a href=\"http:\/\/www.valonkuvia.fi\/blogi\/jazzjutut\/levyarvioita-m-p\/esa-pietila-trio-travel-of-fulica-atra\/\" title=\"Esa Pietil\u00e4 Trio: Travel of Fulica Atra\">Esa Pietil\u00e4 Trio: Travel of Fulica Atra<\/a><br \/>\n<a href=\"http:\/\/www.valonkuvia.fi\/blogi\/jazzjutut\/levyarvioita-m-p\/platypus-ensemble-gestalt\/\" title=\"Platypus Ensemble: Gestalt\">Platypus Ensemble: Gestalt<\/a><br \/>\n<a href=\"http:\/\/www.valonkuvia.fi\/blogi\/jazzjutut\/levyarvioita-m-p\/platypus-ensemble-satsang\/\" title=\"Platypus Ensemble: Satsang\">Platypus Ensemble: Satsang<\/a><br \/>\n<a href=\"http:\/\/www.valonkuvia.fi\/blogi\/jazzjutut\/levyarvioita-m-p\/platypus-ensemble-life-play\/\" title=\"Platypus Ensemble: Life &#038; Play\">Platypus Ensemble: Life &#038; Play<\/a><br \/>\n<a href=\"http:\/\/www.valonkuvia.fi\/blogi\/jazzjutut\/levyarvioita-m-p\/pohjonenechampard-uumen\/\" title=\"Pohjonen\/Echampard: Uumen\">Pohjonen\/Echampard: Uumen<\/a><br \/>\n<a href=\"http:\/\/www.valonkuvia.fi\/blogi\/jazzjutut\/levyarvioita-m-p\/pepa-paivinen-quartet-tiram-num\/\" title=\"Pepa P\u00e4ivinen Quartet: Tiram Num\">Pepa P\u00e4ivinen Quartet: Tiram Num<\/a><\/p>\n","protected":false},"excerpt":{"rendered":"<p>Jazzrytmit-lehdess\u00e4 ja Suomijazz-verkkolehdess\u00e4 ilmestyneist\u00e4 levyarvioita. Uudet levyarviot ilmestyv\u00e4t blogissa. M Man Bites Dog: Hot Mule Bait Tony Marsh, Steve Franklin &#038; Tim Crowther: Shell of Certainty Mess: St. Amblendfoll Samuli Mikkonen: 7 Henke\u00e4 Roscoe Mitchell And The Note Factory: Nine To Get Ready MP4: Central Playa Mr Fonebone: Hit &#038; Run MusicMusicMusic: What\u00b4s A Good [&hellip;]<\/p>\n","protected":false},"author":1,"featured_media":0,"parent":116,"menu_order":4,"comment_status":"open","ping_status":"closed","template":"onecolumn-page.php","meta":{"ngg_post_thumbnail":0,"footnotes":""},"class_list":["post-1905","page","type-page","status-publish","hentry"],"jetpack_likes_enabled":false,"jetpack_sharing_enabled":true,"_links":{"self":[{"href":"https:\/\/www.valonkuvia.fi\/blogi\/wp-json\/wp\/v2\/pages\/1905","targetHints":{"allow":["GET"]}}],"collection":[{"href":"https:\/\/www.valonkuvia.fi\/blogi\/wp-json\/wp\/v2\/pages"}],"about":[{"href":"https:\/\/www.valonkuvia.fi\/blogi\/wp-json\/wp\/v2\/types\/page"}],"author":[{"embeddable":true,"href":"https:\/\/www.valonkuvia.fi\/blogi\/wp-json\/wp\/v2\/users\/1"}],"replies":[{"embeddable":true,"href":"https:\/\/www.valonkuvia.fi\/blogi\/wp-json\/wp\/v2\/comments?post=1905"}],"version-history":[{"count":32,"href":"https:\/\/www.valonkuvia.fi\/blogi\/wp-json\/wp\/v2\/pages\/1905\/revisions"}],"predecessor-version":[{"id":14875,"href":"https:\/\/www.valonkuvia.fi\/blogi\/wp-json\/wp\/v2\/pages\/1905\/revisions\/14875"}],"up":[{"embeddable":true,"href":"https:\/\/www.valonkuvia.fi\/blogi\/wp-json\/wp\/v2\/pages\/116"}],"wp:attachment":[{"href":"https:\/\/www.valonkuvia.fi\/blogi\/wp-json\/wp\/v2\/media?parent=1905"}],"curies":[{"name":"wp","href":"https:\/\/api.w.org\/{rel}","templated":true}]}}