{"id":1908,"date":"2012-01-21T18:40:29","date_gmt":"2012-01-21T16:40:29","guid":{"rendered":"http:\/\/www.valonkuvia.fi\/blogi\/?page_id=1908"},"modified":"2012-08-29T23:05:03","modified_gmt":"2012-08-29T20:05:03","slug":"ninsk-letters-signs-man-bites-dog-hot-mule-bait-tetzepi-shu","status":"publish","type":"page","link":"https:\/\/www.valonkuvia.fi\/blogi\/jazzjutut\/levyarvioita-m-p\/ninsk-letters-signs-man-bites-dog-hot-mule-bait-tetzepi-shu\/","title":{"rendered":"Man Bites Dog: Hot Mule Bait &#8211; Ninsk: Letters &#038; Signs &#8211; Tetzepi: Shu"},"content":{"rendered":"<p>Uuden jazzin asema ei ole helppo nopeisiin voittoihin pyrkiv\u00e4ss\u00e4 musiikkibisneksess\u00e4. Jotkut muusikot yritt\u00e4v\u00e4t joukkovoimalla parantaa mahdollisuuksiaan saada musiikkiaan esille. Tunnettuja esimerkkej\u00e4 ovat jopa jazzin historiaan vaikuttanut chicagolainen AACM tai Vapaat \u00e4\u00e4net-kiertueiden yhteydess\u00e4 Suomessa tutuksi tullut ranskalainen Arfi. Hollantilaisten muusikoiden yhteenliittym\u00e4 TryTone on sen sijaan viel\u00e4 v\u00e4hemm\u00e4n tunnettu. TryTone organisoi konsertteja, kiertueita ja uuden eurooppalaisen jazzin festivaaleja. TryTone on my\u00f6s levymerkki, joka julkaisee hollantilaisten yhtyeiden levyj\u00e4. TryTonen tuotannosta on seuraavassa esittelyss\u00e4 kolme mielenkiintoista esimerkki\u00e4. <\/p>\n<p>Ninsk on toiminut jo yli kymmenen vuotta ja kvartetin toinen levy &#8221;Letters and Signs&#8221; yhdistelee varsin h\u00e4peilem\u00e4tt\u00f6m\u00e4sti vaikutteita rockista tai erilaisten kitaroiden my\u00f6t\u00e4 yll\u00e4tt\u00e4en jopa countrymusiikista. &#8221;Letters and Signs&#8221; on surumielisen rauhallista, jopa pid\u00e4ttyv\u00e4\u00e4 musiikkia. Ninskin levy poikkeaa tavanomaisista jazzlevyist\u00e4 sik\u00e4li, ett\u00e4 yhtye keskittyy enemm\u00e4n melodioihin ja s\u00e4vellysten tunnelman luomiseen kuin yksitt\u00e4isiin soolosuorituksiin. P\u00e4\u00e4llimm\u00e4isin\u00e4 mieleen j\u00e4\u00e4v\u00e4t herk\u00e4t balladit &#8221;Simple&#8221; ja &#8221;Elina; Song For Two&#8221;, ensin mainitun haikean kauniit kitara ja haitari, j\u00e4lkimm\u00e4isen kirkkaat steel-kitaran ja dobron soundit. Ninsk soittaa melankolista ja vaikeasti lokeroitavaa, mutta ehk\u00e4 hieman yksiulotteista tunnelmointia.<\/p>\n<p>Man Bites Dog ei sek\u00e4\u00e4n ole en\u00e4\u00e4 mik\u00e4\u00e4n uusi yhtye, sill\u00e4 se on toiminut jo vuodesta 1993 l\u00e4htien. Trio soittaa &#8221;Hot Mule Bait&#8221;-levyll\u00e4\u00e4n puolestaan Ninski\u00e4 selke\u00e4mmin jazzia, vaikka yhtyeen kokoonpano on basistin puuttuessa ep\u00e4sovinnaisempi. Man Bites Dog ei kuitenkaan soita mit\u00e4\u00e4n perusjazzia, vaan trio pystyy luomaan hyvin monipuolista ja v\u00e4rik\u00e4st\u00e4 musiikkia. Tunnelmat vaihtelevat balladimaisen hiljaisista jaksoista rankkaan rockrymistelyyn, joissa kitaristi Damien Cluzel p\u00e4\u00e4see kunnolla revittelem\u00e4\u00e4n. Puhaltaja Tobias Klein osoittautuu monipuoliseksi muusikoksi, erityisesti h\u00e4nen bassoklarinettinsa ilahduttaa. Rumpali Bernt Nellen hoitaa komppipuolen mainiosti ilman basistiakin. My\u00f6s h\u00e4nen soitossaan on runsaasti s\u00e4vyj\u00e4, kun v\u00e4h\u00e4eleisyys voi hetkess\u00e4 vaihtua r\u00e4j\u00e4ht\u00e4v\u00e4\u00e4n energiapurkaukseen. Man Bites Dog on hieno yhtye ja &#8221;Hot Mule Bait erinomainen levy, jota kelpaa kyll\u00e4 suositella kaikille uuden jazzin yst\u00e4ville. <\/p>\n<p>TryTone-katsauksen kolmas levy on Tetzepi Bigtetin egyptil\u00e4isen s\u00e4\u00e4n ja ilmakeh\u00e4n jumalan mukaan nimetty &#8221;Shu&#8221;. Mit\u00e4\u00e4n erityisen mystist\u00e4 musiikkia ei kuitenkaan ole tarjolla, vaan hyvin v\u00e4rik\u00e4st\u00e4 ja maanl\u00e4heist\u00e4 nykyjazzia, jossa on, kuten jo arvata saattaa, vaikutteita monelta suunnalta. Levyn materiaali koostuu yhtyeen j\u00e4senten omista s\u00e4vellyksist\u00e4, jotka antavat hyv\u00e4\u00e4 tilaa sek\u00e4 b\u00e4ndille ett\u00e4 solisteille kykyjens\u00e4 n\u00e4ytt\u00e4miseen. Levyn avaava &#8221;Texmex&#8221; sy\u00f6ks\u00e4ht\u00e4\u00e4 k\u00e4yntiin koko b\u00e4ndin ja kitaran voimin, rauhoittuu haitarisooloksi, ker\u00e4\u00e4 j\u00e4lleen energiaa, vapautuu intensiiviseen saksofonisooloon ja loppuu alun mutkikkaisiin kuvioihin. Man Bites Dog-yhtyeen Tobias Kleinin &#8221;Senses in Ambush&#8221; rakentaa komean kaaren ja trumpetisti Hans Leeuw saa soittaa pitk\u00e4n ja upean soolon. Kollektiivisesti improvisoitu &#8221;W&#8221; on vaikuttava ry\u00f6ps\u00e4hdys ja saksofonisti Olthuisin &#8221;Glassworks&#8221; herk\u00e4n kaunis balladi. Levyn kaikki s\u00e4vellykset ovat kiinnostavia, b\u00e4ndin sointi rikas ja mehukas; sanalla sanoen &#8221;Shu&#8221; on parhaita viime aikoina kuulemiani ison orkesterin levyj\u00e4.<\/p>\n<p><strong>Ninsk: Letters &#038; Signs<\/strong> (TryTone)<br \/>\n<em>Lothar Ohlmeier; saksofonit, bassoklarinetti, Damien Cluzel; kitara, oud, Edwin Wieringa; basso, Nout IngenHousz; rummut, sek\u00e4 vieraina Wim Rietveld; slidekitara, dobro, Pieterjan Cramer; hanuri, Joost Buis, Kai Wolff, Anton Goudsmit; kitarat, Richard Lems; rummut <\/em><\/p>\n<p><strong>Man Bites Dog: Hot Mule Bait <\/strong>(TryTone)<br \/>\n<em>Tobias Klein; saksofonit, bassoklarinetti, Damien Cluzel; kitara, Bertn Nellen; rummut <\/em><\/p>\n<p><strong>Tetzepi: Shu<\/strong> (TryTone)<br \/>\n<em>Hans Leeuw, James p. Sernesky, George Pancraz; trumpetit, Esm\u00e9e Olthuis, Tobias Klein, Onno van Swigchem, Paul Welling; saksofonit, Bart Lust, Michael R\u00f6rby, Axel Schappert; pasuunat, Edwin Wieringa; basso, Pieter Jan Cramer; piano, haitari, Tobias Klein; kitara, Nout IngenHousz; rummut, Edwin van der Heide, Kai Wolff; elektroniikka, Wouter Hakhoff; kapellimestari <\/em><\/p>\n<p>3.3. 2002<\/p>\n","protected":false},"excerpt":{"rendered":"<p>Uuden jazzin asema ei ole helppo nopeisiin voittoihin pyrkiv\u00e4ss\u00e4 musiikkibisneksess\u00e4. Jotkut muusikot yritt\u00e4v\u00e4t joukkovoimalla parantaa mahdollisuuksiaan saada musiikkiaan esille. Tunnettuja esimerkkej\u00e4 ovat jopa jazzin historiaan vaikuttanut chicagolainen AACM tai Vapaat \u00e4\u00e4net-kiertueiden yhteydess\u00e4 Suomessa tutuksi tullut ranskalainen Arfi. Hollantilaisten muusikoiden yhteenliittym\u00e4 TryTone on sen sijaan viel\u00e4 v\u00e4hemm\u00e4n tunnettu. TryTone organisoi konsertteja, kiertueita ja uuden eurooppalaisen jazzin [&hellip;]<\/p>\n","protected":false},"author":1,"featured_media":0,"parent":1905,"menu_order":1,"comment_status":"open","ping_status":"open","template":"onecolumn-page.php","meta":{"ngg_post_thumbnail":0,"footnotes":""},"class_list":["post-1908","page","type-page","status-publish","hentry"],"jetpack_likes_enabled":false,"jetpack_sharing_enabled":true,"_links":{"self":[{"href":"https:\/\/www.valonkuvia.fi\/blogi\/wp-json\/wp\/v2\/pages\/1908","targetHints":{"allow":["GET"]}}],"collection":[{"href":"https:\/\/www.valonkuvia.fi\/blogi\/wp-json\/wp\/v2\/pages"}],"about":[{"href":"https:\/\/www.valonkuvia.fi\/blogi\/wp-json\/wp\/v2\/types\/page"}],"author":[{"embeddable":true,"href":"https:\/\/www.valonkuvia.fi\/blogi\/wp-json\/wp\/v2\/users\/1"}],"replies":[{"embeddable":true,"href":"https:\/\/www.valonkuvia.fi\/blogi\/wp-json\/wp\/v2\/comments?post=1908"}],"version-history":[{"count":6,"href":"https:\/\/www.valonkuvia.fi\/blogi\/wp-json\/wp\/v2\/pages\/1908\/revisions"}],"predecessor-version":[{"id":3795,"href":"https:\/\/www.valonkuvia.fi\/blogi\/wp-json\/wp\/v2\/pages\/1908\/revisions\/3795"}],"up":[{"embeddable":true,"href":"https:\/\/www.valonkuvia.fi\/blogi\/wp-json\/wp\/v2\/pages\/1905"}],"wp:attachment":[{"href":"https:\/\/www.valonkuvia.fi\/blogi\/wp-json\/wp\/v2\/media?parent=1908"}],"curies":[{"name":"wp","href":"https:\/\/api.w.org\/{rel}","templated":true}]}}