{"id":1918,"date":"2012-01-21T18:43:59","date_gmt":"2012-01-21T16:43:59","guid":{"rendered":"http:\/\/www.valonkuvia.fi\/blogi\/?page_id=1918"},"modified":"2012-01-21T18:43:59","modified_gmt":"2012-01-21T16:43:59","slug":"tony-marsh-steve-franklin-tim-crowther-shell-of-certainty","status":"publish","type":"page","link":"https:\/\/www.valonkuvia.fi\/blogi\/jazzjutut\/levyarvioita-m-p\/tony-marsh-steve-franklin-tim-crowther-shell-of-certainty\/","title":{"rendered":"Tony Marsh, Steve Franklin &#038; Tim Crowther: Shell of Certainty"},"content":{"rendered":"<p>&#8221;Shell of Certainty&#8221; kokoaa yhteen kolme kokenutta brittimuusikkoa, joilla laaja kokemus uuden musiikin eri alueilta. Kaikki kolme ovat soittaneet nykyjazzia, fuusiota, kokeellista rockia ja vapaata improvisointia, jota my\u00f6s levyn musiikki l\u00e4hinn\u00e4 on. Levyll\u00e4 on yhdeks\u00e4n improvisaatiota, jotka kest\u00e4v\u00e4t 5 &#8211; 12 minuuttia. Levyn yksitt\u00e4isi\u00e4 raitoja kuitenkin vaikea analysoida, sill\u00e4 kaikille on yhteist\u00e4 sek\u00e4 varsin brutaali soundi ett\u00e4 kulmikkaat ja rujosti onnahtelevat rytmit. Improvisaatiot alkavat kuin tyhj\u00e4st\u00e4, rakentavat kaaren ja huipennuksen sek\u00e4 loppuvat yht\u00e4kki\u00e4 johtamatta varsinaisesti minnek\u00e4\u00e4n. Improvisaatioissa on luonnollisesti soolotilaa, jota varsinkin kosketinsoittaja Franklin ja kitaristi Crowther k\u00e4ytt\u00e4v\u00e4t. Sooloista huolimatta musiikista syntyy vahva kokonaisuuden tuntu, mit\u00e4 kitaran ja kosketinsoittimien soundien l\u00e4hekk\u00e4isyys korostaa. &#8221;Shell of Certainty&#8221; on tylyn s\u00e4rmik\u00e4st\u00e4 musiikkia, jonka ehdottomuus kuitenkin vet\u00e4\u00e4 puoleensa.<\/p>\n<p><strong>Tony Marsh, Steve Franklin &#038; Tim Crowther: Shell of Certainty<\/strong> (Visionlogic)<br \/>\n<em>Tony Marsh; rummut, Steve Franklin; kosketinsoittimet, Tim Crowther; kitara ja kitarasyntesoija <\/em><\/p>\n<p>4.10.1999<\/p>\n","protected":false},"excerpt":{"rendered":"<p>&#8221;Shell of Certainty&#8221; kokoaa yhteen kolme kokenutta brittimuusikkoa, joilla laaja kokemus uuden musiikin eri alueilta. Kaikki kolme ovat soittaneet nykyjazzia, fuusiota, kokeellista rockia ja vapaata improvisointia, jota my\u00f6s levyn musiikki l\u00e4hinn\u00e4 on. Levyll\u00e4 on yhdeks\u00e4n improvisaatiota, jotka kest\u00e4v\u00e4t 5 &#8211; 12 minuuttia. Levyn yksitt\u00e4isi\u00e4 raitoja kuitenkin vaikea analysoida, sill\u00e4 kaikille on yhteist\u00e4 sek\u00e4 varsin brutaali [&hellip;]<\/p>\n","protected":false},"author":1,"featured_media":0,"parent":1905,"menu_order":2,"comment_status":"open","ping_status":"open","template":"onecolumn-page.php","meta":{"ngg_post_thumbnail":0,"footnotes":""},"class_list":["post-1918","page","type-page","status-publish","hentry"],"jetpack_likes_enabled":false,"jetpack_sharing_enabled":true,"_links":{"self":[{"href":"https:\/\/www.valonkuvia.fi\/blogi\/wp-json\/wp\/v2\/pages\/1918","targetHints":{"allow":["GET"]}}],"collection":[{"href":"https:\/\/www.valonkuvia.fi\/blogi\/wp-json\/wp\/v2\/pages"}],"about":[{"href":"https:\/\/www.valonkuvia.fi\/blogi\/wp-json\/wp\/v2\/types\/page"}],"author":[{"embeddable":true,"href":"https:\/\/www.valonkuvia.fi\/blogi\/wp-json\/wp\/v2\/users\/1"}],"replies":[{"embeddable":true,"href":"https:\/\/www.valonkuvia.fi\/blogi\/wp-json\/wp\/v2\/comments?post=1918"}],"version-history":[{"count":1,"href":"https:\/\/www.valonkuvia.fi\/blogi\/wp-json\/wp\/v2\/pages\/1918\/revisions"}],"predecessor-version":[{"id":1919,"href":"https:\/\/www.valonkuvia.fi\/blogi\/wp-json\/wp\/v2\/pages\/1918\/revisions\/1919"}],"up":[{"embeddable":true,"href":"https:\/\/www.valonkuvia.fi\/blogi\/wp-json\/wp\/v2\/pages\/1905"}],"wp:attachment":[{"href":"https:\/\/www.valonkuvia.fi\/blogi\/wp-json\/wp\/v2\/media?parent=1918"}],"curies":[{"name":"wp","href":"https:\/\/api.w.org\/{rel}","templated":true}]}}