{"id":192,"date":"2011-07-13T09:46:01","date_gmt":"2011-07-13T06:46:01","guid":{"rendered":"http:\/\/www.valonkuvia.fi\/blogi\/?page_id=192"},"modified":"2011-07-13T09:46:01","modified_gmt":"2011-07-13T06:46:01","slug":"ajattelevan-ihmisen-vastuu","status":"publish","type":"page","link":"https:\/\/www.valonkuvia.fi\/blogi\/jazzjutut\/jazzin-vesilla-kalastelevat-vieraat\/ajattelevan-ihmisen-vastuu\/","title":{"rendered":"Ajattelevan ihmisen vastuu"},"content":{"rendered":"<p>Eurooppalainen jazz on viime vuosikymmenien aikana kehittynyt yh\u00e4 omaper\u00e4isemm\u00e4ksi taiteeksi. Jotkut kriitikot jopa n\u00e4kev\u00e4t Euroopassa koko jazzin tulevaisuuden, samalla kun amerikkalaista jazzia moititaan pys\u00e4htyneeksi. Asetelma ei tietenk\u00e4\u00e4n ole aivan n\u00e4in mustavalkoinen, sill\u00e4 jos amerikkalaisen jazzin valtavirta ehk\u00e4 onkin juuttunut perinteisiins\u00e4, Yhdysvalloissa toimii my\u00f6s laaja uutta etsivien muusikoiden joukko.<\/p>\n<p>Uusista nimist\u00e4 menestyneimpi\u00e4 on trumpetisti ja s\u00e4velt\u00e4j\u00e4 Dave Douglas, joka on suorastaan \u00e4llistytt\u00e4v\u00e4n moni-ilmeinen ja avarakatseinen taiteilija. Douglasin musiikissa jazzin perinne kohtaa eurooppalaisen konserttimusiikin vaikutteet; Douglas voi tehd\u00e4 versioita vaikka Stravinskyn, Messiaenin tai Schumannin klassikoista. Usein h\u00e4nen musiikistaan kuuluu kaikuja my\u00f6s eri maiden kansanmusiikista tai juutalaisesta klezmerist\u00e4.<\/p>\n<p>Douglas on hy\u00f6dynt\u00e4nyt yhtyeiss\u00e4\u00e4n perinteisten jazzinstrumenttien lis\u00e4ksi jousisoittimia, haitaria ja erilaisia s\u00e4hk\u00f6soittimia. Douglas on my\u00f6s harrastanut tavanomaisten jazzyhtyeiden lis\u00e4ksi my\u00f6s kokoonpanoltaan ep\u00e4sovinnaisia yhtyeit\u00e4. kuten Tiny Bell Trio (trumpetti, kitara ja rummut) tai Charms of the Night Sky-kvartetti (trumpetti, viulu, haitari ja basso). Douglas on siis todellinen musiikillisten raja-aitojen kaataja.<\/p>\n<p>Dave Douglas on aina mielell\u00e4\u00e4n omistanut s\u00e4vellyksi\u00e4\u00e4n arvostamilleen ihmisille, varsinkin muille muusikoille ja s\u00e4velt\u00e4jille. H\u00e4n on my\u00f6s ottanut musiikillaan poliittisesti kantaa, esimerkiksi s\u00e4velt\u00e4m\u00e4ll\u00e4 muistokirjoituksia Persianlahden sodan ja Jugoslavian sotien uhreilla. Viime elokuussa ilmestyneell\u00e4 \u201cWitness\u201d-levyll\u00e4\u00e4n (RCA Victor) Douglas on antanut musiikilleen entist\u00e4 avoimemmin poliittista sis\u00e4lt\u00f6\u00e4. Douglas kertoo levyn saaneen alkunsa lehtijutusta, jossa kerrottiin aseteollisuuden voitoista NATON Jugoslavian pommitusten aikana.<\/p>\n<p>Kaikki levyn s\u00e4vellykset on omistettu ihmisoikeuksien, sananvapauden ja kansalaisaktivismin puolustajille eri puolilta maailmaa. Levyll\u00e4 on kunnianosoituksia monille kolmannen maailman kirjailijoille, esimerkiksi Nigeriassa teloitetulle Ken Saro-Wiwalle, bangladeshilaiselle Talisma Nasrinille sek\u00e4 egyptil\u00e4isille Nawal El Saadawille ja Nagib Mahfouzille, jolle my\u00f6nnettiin kirjallisuuden Nobel-palkinto vuonna 1988.<\/p>\n<p>Levyn nimikappale \u201cWitness\u201d on omistettu palestiinalaissyntyiselle New Yorkin Columbian yliopiston kirjallisuuden professorille Edward W. Saidille. H\u00e4nen kirjansa \u201cRepresentations of Intellectual\u201d, joka on ohjannut Douglasia levynteossa, ilmestyi viime kev\u00e4\u00e4n\u00e4 suomeksi nimell\u00e4 \u201cAjattelevan ihmisen vastuu\u201d. Yhdysvaltoihin tehtyjen terrori-iskujen my\u00f6t\u00e4 Douglasin uusi levy muuttui poliittisesti viel\u00e4kin ter\u00e4v\u00e4mm\u00e4ksi kannanotoksi, varsinkin kun juuri Edward W. Said on ollut er\u00e4s Yhdysvaltain L\u00e4hi-id\u00e4n politiikan kriitikoita.<\/p>\n<p>Yhdysvaltain kauheat tapahtumat tekiv\u00e4t Douglasin levyuutuudesta entist\u00e4 ajankohtaisemman ja t\u00e4rke\u00e4mm\u00e4n, vaikka Douglasin humanismi voi vaikuttaa liian idealistiselta ohjuksien, pommien ja pyh\u00e4n sodan julistuksien sinkoillessa. Dave Douglasin emotionaalista l\u00e4mp\u00f6\u00e4 s\u00e4teilev\u00e4 musiikki ei maailmaa pelasta, mutta se antaa ainakin lohtua kuulijalleen, kuten sivistynyt ja viisas taide tekee.<\/p>\n<p><em>14.10. 2001<\/em><\/p>\n","protected":false},"excerpt":{"rendered":"<p>Eurooppalainen jazz on viime vuosikymmenien aikana kehittynyt yh\u00e4 omaper\u00e4isemm\u00e4ksi taiteeksi. Jotkut kriitikot jopa n\u00e4kev\u00e4t Euroopassa koko jazzin tulevaisuuden, samalla kun amerikkalaista jazzia moititaan pys\u00e4htyneeksi. Asetelma ei tietenk\u00e4\u00e4n ole aivan n\u00e4in mustavalkoinen, sill\u00e4 jos amerikkalaisen jazzin valtavirta ehk\u00e4 onkin juuttunut perinteisiins\u00e4, Yhdysvalloissa toimii my\u00f6s laaja uutta etsivien muusikoiden joukko. Uusista nimist\u00e4 menestyneimpi\u00e4 on trumpetisti ja s\u00e4velt\u00e4j\u00e4 [&hellip;]<\/p>\n","protected":false},"author":1,"featured_media":0,"parent":128,"menu_order":0,"comment_status":"open","ping_status":"open","template":"onecolumn-page.php","meta":{"ngg_post_thumbnail":0,"footnotes":""},"class_list":["post-192","page","type-page","status-publish","hentry"],"jetpack_likes_enabled":false,"jetpack_sharing_enabled":true,"_links":{"self":[{"href":"https:\/\/www.valonkuvia.fi\/blogi\/wp-json\/wp\/v2\/pages\/192","targetHints":{"allow":["GET"]}}],"collection":[{"href":"https:\/\/www.valonkuvia.fi\/blogi\/wp-json\/wp\/v2\/pages"}],"about":[{"href":"https:\/\/www.valonkuvia.fi\/blogi\/wp-json\/wp\/v2\/types\/page"}],"author":[{"embeddable":true,"href":"https:\/\/www.valonkuvia.fi\/blogi\/wp-json\/wp\/v2\/users\/1"}],"replies":[{"embeddable":true,"href":"https:\/\/www.valonkuvia.fi\/blogi\/wp-json\/wp\/v2\/comments?post=192"}],"version-history":[{"count":1,"href":"https:\/\/www.valonkuvia.fi\/blogi\/wp-json\/wp\/v2\/pages\/192\/revisions"}],"predecessor-version":[{"id":193,"href":"https:\/\/www.valonkuvia.fi\/blogi\/wp-json\/wp\/v2\/pages\/192\/revisions\/193"}],"up":[{"embeddable":true,"href":"https:\/\/www.valonkuvia.fi\/blogi\/wp-json\/wp\/v2\/pages\/128"}],"wp:attachment":[{"href":"https:\/\/www.valonkuvia.fi\/blogi\/wp-json\/wp\/v2\/media?parent=192"}],"curies":[{"name":"wp","href":"https:\/\/api.w.org\/{rel}","templated":true}]}}