{"id":1933,"date":"2012-01-21T19:03:25","date_gmt":"2012-01-21T17:03:25","guid":{"rendered":"http:\/\/www.valonkuvia.fi\/blogi\/?page_id=1933"},"modified":"2012-01-21T19:03:25","modified_gmt":"2012-01-21T17:03:25","slug":"mp4-central-playa","status":"publish","type":"page","link":"https:\/\/www.valonkuvia.fi\/blogi\/jazzjutut\/levyarvioita-m-p\/mp4-central-playa\/","title":{"rendered":"MP4: Central Playa"},"content":{"rendered":"<p>Harvoin kuulee niin oivallista levyn avausta kuin MP4:n uudella levyll\u00e4. Yhtye on rohkeasti valinnut ensimm\u00e4iseksi kappaleeksi tumman kauniin balladin &#8221;Autumn Rain&#8221;, jonka rauhallisista tunnelmista siirryt\u00e4\u00e4n lyhyen v\u00e4lisoiton kautta &#8221;Vote for Modes&#8221;-raidan rennosti svengaavaan energiaan. Jo n\u00e4m\u00e4 ensimm\u00e4iset kappaleet tuovat vakuuttavasti esille yhtyeen taidot ja ominaispiirteet. Mikko Pettisen intensiivinen trumpetti soi varmasti ja instrumentin komea soundi el\u00e4\u00e4 koko ajan. Pettinen ei ole vain korkealle ylt\u00e4v\u00e4 energiatrumpetisti, vaan h\u00e4nen soittonsa on vahvasti melodista ja vivahteikasta, usein herkk\u00e4\u00e4kin. Tuomas Pr\u00e4tt\u00e4l\u00e4n s\u00e4hk\u00f6piano s\u00e4vytt\u00e4\u00e4 koko yhtyesointia ja komppipari Huolman-Porth\u00e9n kantaa yhtyett\u00e4 dynaamisesti. <\/p>\n<p>Hieman k\u00e4rjist\u00e4en sanoen; n\u00e4in vankan alun j\u00e4lkeen levyn MP4 voi vain varioida kolmen ensimm\u00e4isen kappaleen esittelemi\u00e4 aiheita, vaikka mukaan tulee viel\u00e4 vierailevia muusikoita, Hammond-urkuja, lauluosuuksia ja s\u00e4hk\u00f6isesti vahvasti muokattua trumpettisoundia. Toki my\u00f6s levyn loppupuolella kuullaan runsaasti hienoja hetki\u00e4, kuten esimerkiksi levy pisin raita, j\u00e4nnitt\u00e4v\u00e4sti hiipiv\u00e4 &#8221;Long Distance&#8221;, trumpetin ja s\u00e4hk\u00f6pianon liikkuvalla duetolla alkava balladi &#8221;Gavia Arctica&#8221;, kiihke\u00e4 &#8221;Hedgehog&#8221; sek\u00e4 surumielinen &#8221;Mies ilman kotia&#8221;.<\/p>\n<p>Ainoa varsinainen moite koskee levyn onnetonta kansitaidetta. Pieni ja punaisella tummalle pohjalle painettu teksti on lukukelvotonta varmasti muillekin kuin t\u00e4llaiselle l\u00e4hes viisikymppiselle kuuntelijalle. Mutta musiikillisesti &#8221;Central Playa&#8221; on siis hyvin toimiva kokonaisuus, joka olisi toki hy\u00f6tynyt pienest\u00e4 tiivist\u00e4misest\u00e4. Urheilukielen kliseet\u00e4 lainatakseni MP4 on juuri nyt &#8221;kuuma&#8221; kotimainen jazzyhtye, jonka \u00e4\u00e4relle kannattaa hakeutua.<\/p>\n<p><strong>MP4: Central Playa<\/strong> (IMPALA)<br \/>\n<em>Mikko Pettinen; trumpetti, Tuomas Pr\u00e4tt\u00e4l\u00e4; s\u00e4hk\u00f6piano, Ville Huolman; basso, Toni Porth\u00e9n; rummut<\/em><\/p>\n<p>13.10. 2004<\/p>\n","protected":false},"excerpt":{"rendered":"<p>Harvoin kuulee niin oivallista levyn avausta kuin MP4:n uudella levyll\u00e4. Yhtye on rohkeasti valinnut ensimm\u00e4iseksi kappaleeksi tumman kauniin balladin &#8221;Autumn Rain&#8221;, jonka rauhallisista tunnelmista siirryt\u00e4\u00e4n lyhyen v\u00e4lisoiton kautta &#8221;Vote for Modes&#8221;-raidan rennosti svengaavaan energiaan. Jo n\u00e4m\u00e4 ensimm\u00e4iset kappaleet tuovat vakuuttavasti esille yhtyeen taidot ja ominaispiirteet. Mikko Pettisen intensiivinen trumpetti soi varmasti ja instrumentin komea soundi [&hellip;]<\/p>\n","protected":false},"author":1,"featured_media":0,"parent":1905,"menu_order":6,"comment_status":"open","ping_status":"open","template":"onecolumn-page.php","meta":{"ngg_post_thumbnail":0,"footnotes":""},"class_list":["post-1933","page","type-page","status-publish","hentry"],"jetpack_likes_enabled":false,"jetpack_sharing_enabled":true,"_links":{"self":[{"href":"https:\/\/www.valonkuvia.fi\/blogi\/wp-json\/wp\/v2\/pages\/1933","targetHints":{"allow":["GET"]}}],"collection":[{"href":"https:\/\/www.valonkuvia.fi\/blogi\/wp-json\/wp\/v2\/pages"}],"about":[{"href":"https:\/\/www.valonkuvia.fi\/blogi\/wp-json\/wp\/v2\/types\/page"}],"author":[{"embeddable":true,"href":"https:\/\/www.valonkuvia.fi\/blogi\/wp-json\/wp\/v2\/users\/1"}],"replies":[{"embeddable":true,"href":"https:\/\/www.valonkuvia.fi\/blogi\/wp-json\/wp\/v2\/comments?post=1933"}],"version-history":[{"count":2,"href":"https:\/\/www.valonkuvia.fi\/blogi\/wp-json\/wp\/v2\/pages\/1933\/revisions"}],"predecessor-version":[{"id":1935,"href":"https:\/\/www.valonkuvia.fi\/blogi\/wp-json\/wp\/v2\/pages\/1933\/revisions\/1935"}],"up":[{"embeddable":true,"href":"https:\/\/www.valonkuvia.fi\/blogi\/wp-json\/wp\/v2\/pages\/1905"}],"wp:attachment":[{"href":"https:\/\/www.valonkuvia.fi\/blogi\/wp-json\/wp\/v2\/media?parent=1933"}],"curies":[{"name":"wp","href":"https:\/\/api.w.org\/{rel}","templated":true}]}}