{"id":1939,"date":"2012-01-21T19:08:57","date_gmt":"2012-01-21T17:08:57","guid":{"rendered":"http:\/\/www.valonkuvia.fi\/blogi\/?page_id=1939"},"modified":"2012-01-21T23:58:24","modified_gmt":"2012-01-21T21:58:24","slug":"musicmusicmusic-what%c2%b4s-a-good-boss-anyway","status":"publish","type":"page","link":"https:\/\/www.valonkuvia.fi\/blogi\/jazzjutut\/levyarvioita-m-p\/musicmusicmusic-what%c2%b4s-a-good-boss-anyway\/","title":{"rendered":"MusicMusicMusic: What\u00b4s A Good Boss Anyway?"},"content":{"rendered":"<p>Vuoden 2006 &#8221;Jazz i Sverige&#8221;-muusikoksi valitun pianisti Fabian Kallerdahlin trio MusicMusicMusic (MMM) ei ole yht\u00e4 levytysprojektia varten koottu tilap\u00e4inen kokoonpano, vaan yhtye soittanut yhdess\u00e4 jo vuodesta 2002 l\u00e4htien. Yhteiset vuodet kuuluvatkin selv\u00e4sti tavassa, mill\u00e4 trio selvitt\u00e4\u00e4 toisen levyns\u00e4 kiper\u00e4t kuviot. &#8221;What\u00b4s A Good Boss Anyway?&#8221; on niin r\u00e4iskyv\u00e4n estottomasti svengaavaa ja villi\u00e4 vauhtijazzia, ett\u00e4 hidas &#8221;Satoshi&#8221; tuntuu muihin kappaleisiin verrattuna suorastaan tahmealta ja paikoilleen pys\u00e4htyneelt\u00e4. Kovasta menostaan huolimatta MMM ei rynt\u00e4ile p\u00e4\u00e4tt\u00f6m\u00e4sti, vaan sen vaihtelevassa musiikissa yhdistyy ihailtavan onnistuneesti nuorekas energia ja \u00e4lyk\u00e4s huumori.<\/p>\n<p>MMM soittaa etup\u00e4\u00e4ss\u00e4 Fabian Kallerdahlin s\u00e4vellyksi\u00e4, mutta mukaan on mahtunut esimerkiksi leikkis\u00e4n kevyt tulkinta standardista &#8221;How My Heart Sings&#8221; ja riemastuttava &#8221;What A Wonderful World&#8221;. Fabian Kallerdahl soittaa MMM:n lis\u00e4ksi monissa muissakin yhtyeiss\u00e4 (esimerksi :nu ja Andreas Gidlund Kvartet) ja h\u00e4n ehdottomasti er\u00e4s mielenkiintoisimmista uusista jazzmuusikoista Ruotsissa.<\/p>\n<p><strong>MusicMusicMusic: What\u00b4s A Good Boss Anyway?<\/strong> (Hoob Records)<br \/>\n<em>Fabian Kallerdahl; piano, SH-09, Josef Kallerdahl; basso, Michael Edlund; rummut<\/em><\/p>\n<p>22.1.2006<\/p>\n","protected":false},"excerpt":{"rendered":"<p>Vuoden 2006 &#8221;Jazz i Sverige&#8221;-muusikoksi valitun pianisti Fabian Kallerdahlin trio MusicMusicMusic (MMM) ei ole yht\u00e4 levytysprojektia varten koottu tilap\u00e4inen kokoonpano, vaan yhtye soittanut yhdess\u00e4 jo vuodesta 2002 l\u00e4htien. Yhteiset vuodet kuuluvatkin selv\u00e4sti tavassa, mill\u00e4 trio selvitt\u00e4\u00e4 toisen levyns\u00e4 kiper\u00e4t kuviot. &#8221;What\u00b4s A Good Boss Anyway?&#8221; on niin r\u00e4iskyv\u00e4n estottomasti svengaavaa ja villi\u00e4 vauhtijazzia, ett\u00e4 hidas [&hellip;]<\/p>\n","protected":false},"author":1,"featured_media":0,"parent":1905,"menu_order":8,"comment_status":"open","ping_status":"open","template":"onecolumn-page.php","meta":{"ngg_post_thumbnail":0,"footnotes":""},"class_list":["post-1939","page","type-page","status-publish","hentry"],"jetpack_likes_enabled":false,"jetpack_sharing_enabled":true,"_links":{"self":[{"href":"https:\/\/www.valonkuvia.fi\/blogi\/wp-json\/wp\/v2\/pages\/1939","targetHints":{"allow":["GET"]}}],"collection":[{"href":"https:\/\/www.valonkuvia.fi\/blogi\/wp-json\/wp\/v2\/pages"}],"about":[{"href":"https:\/\/www.valonkuvia.fi\/blogi\/wp-json\/wp\/v2\/types\/page"}],"author":[{"embeddable":true,"href":"https:\/\/www.valonkuvia.fi\/blogi\/wp-json\/wp\/v2\/users\/1"}],"replies":[{"embeddable":true,"href":"https:\/\/www.valonkuvia.fi\/blogi\/wp-json\/wp\/v2\/comments?post=1939"}],"version-history":[{"count":2,"href":"https:\/\/www.valonkuvia.fi\/blogi\/wp-json\/wp\/v2\/pages\/1939\/revisions"}],"predecessor-version":[{"id":1948,"href":"https:\/\/www.valonkuvia.fi\/blogi\/wp-json\/wp\/v2\/pages\/1939\/revisions\/1948"}],"up":[{"embeddable":true,"href":"https:\/\/www.valonkuvia.fi\/blogi\/wp-json\/wp\/v2\/pages\/1905"}],"wp:attachment":[{"href":"https:\/\/www.valonkuvia.fi\/blogi\/wp-json\/wp\/v2\/media?parent=1939"}],"curies":[{"name":"wp","href":"https:\/\/api.w.org\/{rel}","templated":true}]}}