{"id":194,"date":"2011-07-13T09:46:50","date_gmt":"2011-07-13T06:46:50","guid":{"rendered":"http:\/\/www.valonkuvia.fi\/blogi\/?page_id=194"},"modified":"2011-07-13T09:47:26","modified_gmt":"2011-07-13T06:47:26","slug":"uni-jazzklubista","status":"publish","type":"page","link":"https:\/\/www.valonkuvia.fi\/blogi\/jazzjutut\/jazzin-vesilla-kalastelevat-vieraat\/uni-jazzklubista\/","title":{"rendered":"Uni jazzklubista"},"content":{"rendered":"<p>\u201cEr\u00e4\u00e4n\u00e4 tavallisena arki-iltana p\u00e4\u00e4tin pist\u00e4yty\u00e4 paikallisella jazzklubilla katsomassa mahtaisiko tarjolla olla kiinnostavaa kuultavaa. Klubin ovella huomasin ilmoituksen, jossa mainostettiin, ett\u00e4 klubilla esiintyy kiinnostava kotimainen uusi pianotrio. Astuin tietenkin sis\u00e4lle ja k\u00e4vin tyytyv\u00e4isen\u00e4 peremm\u00e4lle. Klubin omistaja sattui olemaan baaritiskin takana ja k\u00e4vin siin\u00e4 odotellessani juttusille h\u00e4nen kanssaan. Is\u00e4nt\u00e4 aivan erikseen mainitsi, ett\u00e4 komeasti mustana kiiltelev\u00e4 Steinway-flyygeli oli samana p\u00e4iv\u00e4n\u00e4 saatu viritetty\u00e4. Samoin h\u00e4n esitteli ylpe\u00e4n\u00e4 klubin valaistusj\u00e4rjestelyj\u00e4 ja uusia \u00e4\u00e4nentoistolaitteita, joiden avulla my\u00f6s s\u00e4hk\u00f6inen musiikki saadaan kuulumaan miellytt\u00e4v\u00e4sti kuulijoiden korviin. T\u00e4n\u00e4 iltana laitteilla olisi vain v\u00e4h\u00e4n k\u00e4ytt\u00f6\u00e4, sill\u00e4 akustinen pianotrio k\u00e4ytt\u00e4isi \u00e4\u00e4nentoistoa vain kontrabasson ja kuulutusten vahvistamiseen.<\/p>\n<p>Kun iloisesti poriseva runsaslukuinen yleis\u00f6joukko alkoi tulla sis\u00e4ll\u00e4, kiirehdin tilaamaan itselle lasillisen laatuviski\u00e4 ja valitsin paikan p\u00f6yd\u00e4st\u00e4, josta oli, kuten kaikista muistakin p\u00f6ydist\u00e4, esteet\u00f6n n\u00e4k\u00f6ala tyylikk\u00e4\u00e4sti valaistulle esiintymislavalle. P\u00f6yt\u00e4\u00e4n istuuduttuani huomasin mielikseni, ett\u00e4 tupakointi oli kielletty koko klubissa. Illalla olisi mukava palata kotiin, kun vaatteet eiv\u00e4t haisisi ilke\u00e4sti tupakalle. Kello oli 21.10., vain kymmenen minuuttia yli ilmoitetun alkamisajan, kun b\u00e4ndi astui lavalle. Oli hyv\u00e4, ett\u00e4 musiikki p\u00e4\u00e4si alkamaan ajoissa. Seuraavana p\u00e4iv\u00e4n\u00e4 odottaisi j\u00e4lleen ty\u00f6p\u00e4iv\u00e4 ja olisi syyt\u00e4 p\u00e4\u00e4st\u00e4 nukkumaan ennen puoltay\u00f6t\u00e4.<\/p>\n<p>Hiljaisuus laskeutui klubisaliin. Baaritiskin \u00e4\u00e4rell\u00e4kin istuvat k\u00e4\u00e4ntyiv\u00e4t lavalle p\u00e4in odottaen innokkaasti musiikin alkamista. Yhtye aloitti hiljaisesti ja mietteli\u00e4\u00e4sti, mutta musiikin kaikki pienetkin vivahteet nousivat upeasti esille akustisesti onnistuneessa salissa. Kun b\u00e4ndi sitten nousi svengaavaan lentoon, kuunteluun keskittynyt yleis\u00f6 palkitsi sen l\u00e4mpimill\u00e4 ja raikuvilla aplodeilla. T\u00e4ss\u00e4 vaiheessa s\u00e4ps\u00e4hdin hereille s\u00e4ngyss\u00e4ni ja havaitsin pettymyksekseni, ett\u00e4 koko juttu olikin ollut unta\u201d<\/p>\n<p>Kansakouluaikoina oli joskus tapana kirjoittaa koulussa aine aiheesta \u201cKun n\u00e4in unta\u201d. Varmasti sellaisia kirjoitelmia kirjoitetaan koulussa nyky\u00e4\u00e4nkin, antaahan uniteema mahdollisuuden kuvata mahdottomia tapahtumia. Yll\u00e4 oleva kuvaus jazzklubista on ainakin Suomessa pelkk\u00e4\u00e4 unta. Kotimaiset jazzmuusikot joutuvat monesti toimimaan ala-arvoisissa olosuhteissa, joissa ei periaatteessa pit\u00e4isi taidetta ollenkaan esitt\u00e4\u00e4.<\/p>\n<p>On vaikea kuvitella, ett\u00e4 klassisen musiikin esitt\u00e4minen voisi olla riippuvainen myydyn alkoholin m\u00e4\u00e4r\u00e4st\u00e4. Jazztoiminta sen sijaan saattaa jostain ravintolasta loppua, jos kalja ei k\u00e4y riitt\u00e4v\u00e4sti kaupaksi. Usein k\u00e4yt\u00f6ss\u00e4 ei ole pianoa, hyvin viritetyst\u00e4 flyygelist\u00e4 nyt puhumattakaan. Monesti jazztilaisuudet alkavat arki-iltoinakin j\u00e4rjett\u00f6m\u00e4n my\u00f6h\u00e4\u00e4n, mik\u00e4 on hankalaa sek\u00e4 muusikoille ett\u00e4 ty\u00f6ss\u00e4 k\u00e4yv\u00e4lle yleis\u00f6lle. Ja jos yleis\u00f6\u00e4 joskus onkin riitt\u00e4v\u00e4sti, viimeist\u00e4\u00e4n baaritiskilt\u00e4 l\u00f6ytyy joukko \u00f6risij\u00f6it\u00e4, jotka eiv\u00e4t tippaakaan piittaa esitett\u00e4v\u00e4st\u00e4 musiikista.<\/p>\n<p>Reaalimaailmassa unen kaltaiset klubij\u00e4rjestelyt vaatisivat toimiakseen tietenkin huomattavasti suuremman yleis\u00f6pohjan kuin mit\u00e4 Torniossa, Haaparannalla ja Kemiss\u00e4 on. Joka tapauksessa jazziksi kutsuttu taiteenlaji ansaitsisi jonnekin edes yhden musiikin ehdoilla toimivan esityspaikan.<\/p>\n<p><em>18.11. 2001<\/em><\/p>\n","protected":false},"excerpt":{"rendered":"<p>\u201cEr\u00e4\u00e4n\u00e4 tavallisena arki-iltana p\u00e4\u00e4tin pist\u00e4yty\u00e4 paikallisella jazzklubilla katsomassa mahtaisiko tarjolla olla kiinnostavaa kuultavaa. Klubin ovella huomasin ilmoituksen, jossa mainostettiin, ett\u00e4 klubilla esiintyy kiinnostava kotimainen uusi pianotrio. Astuin tietenkin sis\u00e4lle ja k\u00e4vin tyytyv\u00e4isen\u00e4 peremm\u00e4lle. Klubin omistaja sattui olemaan baaritiskin takana ja k\u00e4vin siin\u00e4 odotellessani juttusille h\u00e4nen kanssaan. Is\u00e4nt\u00e4 aivan erikseen mainitsi, ett\u00e4 komeasti mustana kiiltelev\u00e4 Steinway-flyygeli [&hellip;]<\/p>\n","protected":false},"author":1,"featured_media":0,"parent":128,"menu_order":0,"comment_status":"open","ping_status":"open","template":"onecolumn-page.php","meta":{"ngg_post_thumbnail":0,"footnotes":""},"class_list":["post-194","page","type-page","status-publish","hentry"],"jetpack_likes_enabled":false,"jetpack_sharing_enabled":true,"_links":{"self":[{"href":"https:\/\/www.valonkuvia.fi\/blogi\/wp-json\/wp\/v2\/pages\/194","targetHints":{"allow":["GET"]}}],"collection":[{"href":"https:\/\/www.valonkuvia.fi\/blogi\/wp-json\/wp\/v2\/pages"}],"about":[{"href":"https:\/\/www.valonkuvia.fi\/blogi\/wp-json\/wp\/v2\/types\/page"}],"author":[{"embeddable":true,"href":"https:\/\/www.valonkuvia.fi\/blogi\/wp-json\/wp\/v2\/users\/1"}],"replies":[{"embeddable":true,"href":"https:\/\/www.valonkuvia.fi\/blogi\/wp-json\/wp\/v2\/comments?post=194"}],"version-history":[{"count":2,"href":"https:\/\/www.valonkuvia.fi\/blogi\/wp-json\/wp\/v2\/pages\/194\/revisions"}],"predecessor-version":[{"id":196,"href":"https:\/\/www.valonkuvia.fi\/blogi\/wp-json\/wp\/v2\/pages\/194\/revisions\/196"}],"up":[{"embeddable":true,"href":"https:\/\/www.valonkuvia.fi\/blogi\/wp-json\/wp\/v2\/pages\/128"}],"wp:attachment":[{"href":"https:\/\/www.valonkuvia.fi\/blogi\/wp-json\/wp\/v2\/media?parent=194"}],"curies":[{"name":"wp","href":"https:\/\/api.w.org\/{rel}","templated":true}]}}