{"id":1941,"date":"2012-01-21T19:10:48","date_gmt":"2012-01-21T17:10:48","guid":{"rendered":"http:\/\/www.valonkuvia.fi\/blogi\/?page_id=1941"},"modified":"2012-01-21T19:10:48","modified_gmt":"2012-01-21T17:10:48","slug":"mirja-makela-bergerknutssonspering-arco-iris","status":"publish","type":"page","link":"https:\/\/www.valonkuvia.fi\/blogi\/jazzjutut\/levyarvioita-m-p\/mirja-makela-bergerknutssonspering-arco-iris\/","title":{"rendered":"Mirja M\u00e4kel\u00e4 &#038; BergerKnutssonSpering: Arco \u00cdris"},"content":{"rendered":"<p>Suomenkielell\u00e4 laulettuja jazzlevyj\u00e4 on v\u00e4h\u00e4n ja suomalaisten ja ruotsalaisten muusikoiden yhteisty\u00f6 on aivan liian harvinaista. Laulaja Mirja M\u00e4kel\u00e4n ja ruotsalaisen Berger-Knutson-Spering-trion &#8221;Arco \u00cdris&#8221; on kummassakin suhteessa miellytt\u00e4v\u00e4 poikkeus. M\u00e4kel\u00e4 on valinnut levylleen Kirsi Kunnaksen, Edith S\u00f6dergranin ja Pentti Saaritsan runoja sek\u00e4 omia tekstej\u00e4\u00e4n. Suurin osa levyn lauluista esitet\u00e4\u00e4n siis suomeksi, poikkeuksena englanniksi laulettu nimikappale &#8221;Arco \u00cdris&#8221; (=sateenkaari portugaliksi) ja Edith S\u00f6dergranin ruotsinkielinen runo &#8221;Det underliga havet&#8221;. M\u00e4kel\u00e4 on s\u00e4velt\u00e4nyt kahdeksan levyn kymmenest\u00e4 s\u00e4vellyksest\u00e4, loput ovat Jonas Knutssonin, Christian Speringin ja Eero Koivistoisen k\u00e4sialaa. M\u00e4kel\u00e4 luottaa laulujensa voimaan, mit\u00e4\u00e4n varsinaista teemaa levylle ei ole tarvinnut hakea, jollei suomenkielisyytt\u00e4 sellaiseksi lasketa. <\/p>\n<p>Trio Berger-Knutsson-Spering on jo vuosia toiminut upea jazzyhtye, ruotsalaisen jazzin parhaimmistoa; t\u00e4ynn\u00e4 j\u00e4ntev\u00e4\u00e4 svengi\u00e4 ja kuuntelevaa yhteispeli\u00e4. Triolle ei ole levyll\u00e4 varattu vain s\u00e4est\u00e4v\u00e4n komppiryhm\u00e4n roolia, eik\u00e4 M\u00e4kel\u00e4 toisaalta varasta itselleen t\u00e4htisolistin osaa. Kyse on siis vankasti yhteen soittavan yhtyeen levyst\u00e4. Levylle on tallentunut vaikuttavia sooloja kaikilta kolmelta, varsinkin pelimannihenkinen saksofonisti Jonas Knutsson p\u00e4\u00e4see loistamaan useammalla eri saksofonilla. Basisti Christian Spering on sek\u00e4 vankka ett\u00e4 vivahteikas ja rumpali Bengt Berger soittaa v\u00e4rikk\u00e4\u00e4n dynaamisesti.<\/p>\n<p>M\u00e4kel\u00e4 onnistuu v\u00e4ltt\u00e4m\u00e4\u00e4n perinteisemp\u00e4\u00e4 jazzlaulua usein piinaavan tekohilpeyden. H\u00e4nen lauluosuutensa ovat v\u00e4lill\u00e4 l\u00e4hes puheenomaista runonlausuntaa, esimerkkin\u00e4 Kirsi Kunnaksen runoon s\u00e4velletty herkk\u00e4 &#8221;Ei kukaan tied\u00e4 mihin olet mennyt&#8221;. V\u00e4lill\u00e4 h\u00e4n k\u00e4ytt\u00e4\u00e4 \u00e4\u00e4nt\u00e4\u00e4n yhten\u00e4 instrumenttina muiden joukossa, kuten sanattomassa rutistuksessa &#8221;M\u00f6rk\u00f6&#8221;. &#8221;Oikeiden&#8221; kirjailijoiden runojen ottaminen mukaan levylle on onnistunut ratkaisu, sill\u00e4 M\u00e4kel\u00e4n omat tekstit tuntuvat kuviltaan hieman yksiulotteisilta, esimerkiksi kuolevan linnun kuva laulussa &#8221;Vesilintu&#8221; ei oikein vakuuta. Sen sijaan kansanlaulunomainen &#8221;Vilu&#8221; on levyn parhaasta p\u00e4\u00e4st\u00e4. Siin\u00e4 svengaava esitys ja teksti osuvat hyvin kohdalleen. <\/p>\n<p>&#8221;Arco \u00cdris&#8221; on vahva kokonaisuus, monella tasolla onnistunut levytys, mit\u00e4 ilmeik\u00e4s \u00e4\u00e4nitys ja tyylik\u00e4s levykotelo viel\u00e4 korostavat. Toivottavasti M\u00e4kel\u00e4n ja Berger-Knutsson-Speringin yhteisty\u00f6 saa viel\u00e4 mahdollisuuksia jatkua. <\/p>\n<p><strong>Mirja M\u00e4kel\u00e4 &#038; BergerKnutssonSpering: Arco \u00cdris<\/strong> (Texicalli Records)<br \/>\n<em>Mirja M\u00e4kel\u00e4; laulu, Jonas Knutsson; saksofonit, Christian Spering; basso, Bengt Berger; rummut<\/em><\/p>\n<p>12.2. 2003<\/p>\n","protected":false},"excerpt":{"rendered":"<p>Suomenkielell\u00e4 laulettuja jazzlevyj\u00e4 on v\u00e4h\u00e4n ja suomalaisten ja ruotsalaisten muusikoiden yhteisty\u00f6 on aivan liian harvinaista. Laulaja Mirja M\u00e4kel\u00e4n ja ruotsalaisen Berger-Knutson-Spering-trion &#8221;Arco \u00cdris&#8221; on kummassakin suhteessa miellytt\u00e4v\u00e4 poikkeus. M\u00e4kel\u00e4 on valinnut levylleen Kirsi Kunnaksen, Edith S\u00f6dergranin ja Pentti Saaritsan runoja sek\u00e4 omia tekstej\u00e4\u00e4n. Suurin osa levyn lauluista esitet\u00e4\u00e4n siis suomeksi, poikkeuksena englanniksi laulettu nimikappale &#8221;Arco [&hellip;]<\/p>\n","protected":false},"author":1,"featured_media":0,"parent":1905,"menu_order":9,"comment_status":"open","ping_status":"open","template":"onecolumn-page.php","meta":{"ngg_post_thumbnail":0,"footnotes":""},"class_list":["post-1941","page","type-page","status-publish","hentry"],"jetpack_likes_enabled":false,"jetpack_sharing_enabled":true,"_links":{"self":[{"href":"https:\/\/www.valonkuvia.fi\/blogi\/wp-json\/wp\/v2\/pages\/1941","targetHints":{"allow":["GET"]}}],"collection":[{"href":"https:\/\/www.valonkuvia.fi\/blogi\/wp-json\/wp\/v2\/pages"}],"about":[{"href":"https:\/\/www.valonkuvia.fi\/blogi\/wp-json\/wp\/v2\/types\/page"}],"author":[{"embeddable":true,"href":"https:\/\/www.valonkuvia.fi\/blogi\/wp-json\/wp\/v2\/users\/1"}],"replies":[{"embeddable":true,"href":"https:\/\/www.valonkuvia.fi\/blogi\/wp-json\/wp\/v2\/comments?post=1941"}],"version-history":[{"count":1,"href":"https:\/\/www.valonkuvia.fi\/blogi\/wp-json\/wp\/v2\/pages\/1941\/revisions"}],"predecessor-version":[{"id":1942,"href":"https:\/\/www.valonkuvia.fi\/blogi\/wp-json\/wp\/v2\/pages\/1941\/revisions\/1942"}],"up":[{"embeddable":true,"href":"https:\/\/www.valonkuvia.fi\/blogi\/wp-json\/wp\/v2\/pages\/1905"}],"wp:attachment":[{"href":"https:\/\/www.valonkuvia.fi\/blogi\/wp-json\/wp\/v2\/media?parent=1941"}],"curies":[{"name":"wp","href":"https:\/\/api.w.org\/{rel}","templated":true}]}}