{"id":197,"date":"2011-07-13T09:48:35","date_gmt":"2011-07-13T06:48:35","guid":{"rendered":"http:\/\/www.valonkuvia.fi\/blogi\/?page_id=197"},"modified":"2011-07-13T09:48:35","modified_gmt":"2011-07-13T06:48:35","slug":"vuoden-jazzelamykset","status":"publish","type":"page","link":"https:\/\/www.valonkuvia.fi\/blogi\/jazzjutut\/jazzin-vesilla-kalastelevat-vieraat\/vuoden-jazzelamykset\/","title":{"rendered":"Vuoden jazzel\u00e4mykset"},"content":{"rendered":"<p>Vuodenvaihteen tienoilla on tapana muistella kuluneen vuoden huippuja ja merkitt\u00e4vi\u00e4 tapahtumia, valitaan vuoden urheilijoita eri lajeissa ja laaditaan parhaiden kirjojen ja levyjen listoja. Niinp\u00e4 min\u00e4kin tein oman jazzaiheisen, t\u00e4ysin subjektiivisen listan, johon olen koonnut joitain omia jazzel\u00e4myksi\u00e4ni vuoden 2001 varrelta.<\/p>\n<p><em>Vuoden jazzkonsertti<\/em><br \/>\n oli ruotsalaisen Esbj\u00f6rn Svenssonin trion ja Norrbotten Big Bandin hieno esiintyminen syksyll\u00e4 Haaparannalla. T\u00e4ll\u00e4 kertaa ei tarvinnut menn\u00e4 merta edemm\u00e4ksi kalaan, kun saaliiksi tuli upean musikaalinen jazzel\u00e4mys.<\/p>\n<p><em>Vuoden Kalottjazz &#038; Blues-konsertiksi<\/em><br \/>\n viime kes\u00e4n festivaaleilla kohoaa Jarmo Savolaisen Trion ja hollantilaisen trumpetistin Eric Vloeimansin maailmanluokan esitys. Kuulopuheiden mukaan Jonas Knutsonin konsertti oli viel\u00e4 parempi, mutta sit\u00e4 en valitettavasti ehtinyt kuulla.<\/p>\n<p><em>Vuoden performanssi<\/em><br \/>\n tapahtui alkukes\u00e4st\u00e4 Kerava Jazz-tapahtumassa. Ly\u00f6m\u00e4soittaja Sven-\u00c5ke Johanssonin ja hanuristi-klarinetisti R\u00fcdiger Carlin esitys oli samalla kertaa umpihullu, kuivan humoristinen ja pirist\u00e4v\u00e4n \u00e4lyllinen.<\/p>\n<p><em>Vuoden veteraani<\/em><br \/>\n on ehdottomasti saksofonisti ja huilisti Juhani Aaltonen. H\u00e4n palasi Raahen Rantajazzeilla pitk\u00e4n tauon j\u00e4lkeen vanhan lempilapsensa free jazzin pariin. Aaltonen keikka yhdess\u00e4 basisti Uffe Krokforsin ja rumpali Tom Nekljudowin kanssa oli emotionaalinen. Aaltonen soitti vakuuttavasti my\u00f6s soolokonsertissaan Raahen kirkossa. Lis\u00e4ksi vuoden aikana julkaistiin uudelleen cd:ll\u00e4 Aaltosen klassikkolevytys \u201cEtiquette\u201d vuodelta 1974.<\/p>\n<p><em>Vuoden Suomi-poika maailmalla<\/em><br \/>\n on Belgiassa vaikuttava pianisti Alexi Tuomarila. H\u00e4n on useimmista suomalaisista uusista nimist\u00e4 poiketen opiskellut Belgiassa ja luonut siell\u00e4 omaa uraansa belgialaisten muusikoiden kanssa. Tuomarilan yhtye voitti \u201cEuropean Jazz Contest\u201d-kisan Ranskassa ja yhtyeen \u201cVoices of Pohjola\u201d on poikkeuksellisen onnistunut ensilevy.<\/p>\n<p><em>Vuoden syntym\u00e4p\u00e4iv\u00e4sankari<\/em><br \/>\noli tietenkin Louis Armstrong, jazzin ensimm\u00e4inen suuri solisti ja supert\u00e4hti, jonka syntym\u00e4st\u00e4 tuli elokuun alussa 100 vuotta. Hyv\u00e4 vaihtoehto vuoden syntym\u00e4p\u00e4iv\u00e4sankariksi olisi ollut modernin jazzin merkitt\u00e4vin saksofonisti John Coltrane, jonka syntym\u00e4st\u00e4 tuli syksyll\u00e4 75 vuotta, mutta sata vuotta on enemm\u00e4n!<\/p>\n<p><em>Vuoden jazzaiheiseksi TV-sarjaksi<\/em><br \/>\n osoittautui TV1:n esitt\u00e4m\u00e4 kotimaisen jazzin dokumentaatio \u201cJazz goes\u201d, joka esitteli tyylilajeihin katsomatta kaikki merkitt\u00e4v\u00e4t kotimaiset jazzmuusikot. Sen sijaan kovasti kohuttu amerikkalaisen Ken Burnsin jazzhistoria \u201cJazz\u201d oli yll\u00e4tykset\u00f6n dokumentti, joka j\u00e4tti l\u00e4hes kokonaan huomiotta viime vuosikymmenien kehityksen.<\/p>\n<p><em>Vuoden ulkomainen jazzlevy<\/em><br \/>\non amerikkalaisen trumpetistin ja s\u00e4velt\u00e4j\u00e4n Dave Douglasin \u201cWitness\u201d. Douglas on er\u00e4s viime vuosien t\u00e4rkeimpi\u00e4 jazzmuusikkoja, virtuoosimainen soittaja, omaper\u00e4inen s\u00e4velt\u00e4j\u00e4 ja uutta etsiv\u00e4 taiteilija.<\/p>\n<p><em>Vuoden kotimaiseksi jazzlevyksi<\/em><br \/>\n valitsen Sakari Kukon vanhojen suomalaisten virsien pohjalta tekem\u00e4n \u201cVirret\u201d -levyn, vahvaa ja harrasta musiikkia John Coltranen hengess\u00e4. \u201cVirret\u201d on kaunis levy vaikka joululahjaksi kenelle tahansa musiikinyst\u00e4v\u00e4lle.<\/p>\n<p><em>16.12. 2001<\/em><\/p>\n","protected":false},"excerpt":{"rendered":"<p>Vuodenvaihteen tienoilla on tapana muistella kuluneen vuoden huippuja ja merkitt\u00e4vi\u00e4 tapahtumia, valitaan vuoden urheilijoita eri lajeissa ja laaditaan parhaiden kirjojen ja levyjen listoja. Niinp\u00e4 min\u00e4kin tein oman jazzaiheisen, t\u00e4ysin subjektiivisen listan, johon olen koonnut joitain omia jazzel\u00e4myksi\u00e4ni vuoden 2001 varrelta. Vuoden jazzkonsertti oli ruotsalaisen Esbj\u00f6rn Svenssonin trion ja Norrbotten Big Bandin hieno esiintyminen syksyll\u00e4 Haaparannalla. [&hellip;]<\/p>\n","protected":false},"author":1,"featured_media":0,"parent":128,"menu_order":0,"comment_status":"open","ping_status":"open","template":"onecolumn-page.php","meta":{"ngg_post_thumbnail":0,"footnotes":""},"class_list":["post-197","page","type-page","status-publish","hentry"],"jetpack_likes_enabled":false,"jetpack_sharing_enabled":true,"_links":{"self":[{"href":"https:\/\/www.valonkuvia.fi\/blogi\/wp-json\/wp\/v2\/pages\/197","targetHints":{"allow":["GET"]}}],"collection":[{"href":"https:\/\/www.valonkuvia.fi\/blogi\/wp-json\/wp\/v2\/pages"}],"about":[{"href":"https:\/\/www.valonkuvia.fi\/blogi\/wp-json\/wp\/v2\/types\/page"}],"author":[{"embeddable":true,"href":"https:\/\/www.valonkuvia.fi\/blogi\/wp-json\/wp\/v2\/users\/1"}],"replies":[{"embeddable":true,"href":"https:\/\/www.valonkuvia.fi\/blogi\/wp-json\/wp\/v2\/comments?post=197"}],"version-history":[{"count":1,"href":"https:\/\/www.valonkuvia.fi\/blogi\/wp-json\/wp\/v2\/pages\/197\/revisions"}],"predecessor-version":[{"id":198,"href":"https:\/\/www.valonkuvia.fi\/blogi\/wp-json\/wp\/v2\/pages\/197\/revisions\/198"}],"up":[{"embeddable":true,"href":"https:\/\/www.valonkuvia.fi\/blogi\/wp-json\/wp\/v2\/pages\/128"}],"wp:attachment":[{"href":"https:\/\/www.valonkuvia.fi\/blogi\/wp-json\/wp\/v2\/media?parent=197"}],"curies":[{"name":"wp","href":"https:\/\/api.w.org\/{rel}","templated":true}]}}