{"id":2,"date":"2010-01-28T20:47:36","date_gmt":"2010-01-28T20:47:36","guid":{"rendered":"http:\/\/www.valonkuvia.fi\/blogi\/?page_id=2"},"modified":"2025-09-02T14:35:48","modified_gmt":"2025-09-02T11:35:48","slug":"tietoja","status":"publish","type":"page","link":"https:\/\/www.valonkuvia.fi\/blogi\/tietoja\/","title":{"rendered":"Info &#8211; mist\u00e4 on kysymys?"},"content":{"rendered":"\n<div class=\"wp-block-columns is-layout-flex wp-container-core-columns-is-layout-28f84493 wp-block-columns-is-layout-flex\">\n<div class=\"wp-block-column is-layout-flow wp-block-column-is-layout-flow\" style=\"flex-basis:66.66%\">\n<p>Olen torniolainen jazzin ja valokuvauksen harrastaja, el\u00e4kkeelle siirtynyt luokanopettaja. Julkaisen Valon kuvia -blogissa l\u00e4hinn\u00e4 jazziin ja valokuvaukseen liittyvi\u00e4 kirjoituksia sek\u00e4 valokuviani.<\/p>\n<\/div>\n\n\n\n<div class=\"wp-block-column is-layout-flow wp-block-column-is-layout-flow\" style=\"flex-basis:33.33%\">\n<figure class=\"wp-block-image size-full is-resized has-custom-border is-style-default\"><img data-recalc-dims=\"1\" loading=\"lazy\" decoding=\"async\" width=\"150\" height=\"150\" src=\"https:\/\/i0.wp.com\/www.valonkuvia.fi\/blogi\/wp-content\/uploads\/2022\/05\/omakuva.jpeg?resize=150%2C150&#038;ssl=1\" alt=\"\" class=\"wp-image-19897\" style=\"border-style:none;border-width:0px;width:150px;height:150px\" srcset=\"https:\/\/i0.wp.com\/www.valonkuvia.fi\/blogi\/wp-content\/uploads\/2022\/05\/omakuva.jpeg?w=150&amp;ssl=1 150w, https:\/\/i0.wp.com\/www.valonkuvia.fi\/blogi\/wp-content\/uploads\/2022\/05\/omakuva.jpeg?resize=96%2C96&amp;ssl=1 96w, https:\/\/i0.wp.com\/www.valonkuvia.fi\/blogi\/wp-content\/uploads\/2022\/05\/omakuva.jpeg?resize=84%2C84&amp;ssl=1 84w, https:\/\/i0.wp.com\/www.valonkuvia.fi\/blogi\/wp-content\/uploads\/2022\/05\/omakuva.jpeg?resize=120%2C120&amp;ssl=1 120w\" sizes=\"auto, (max-width: 150px) 100vw, 150px\" \/><\/figure>\n<\/div>\n<\/div>\n\n\n\n<p><strong>Postiosoite<\/strong>, johon voi l\u00e4hett\u00e4\u00e4 levyj\u00e4 tarjolle arviointia varten:<\/p>\n\n\n\n<p><strong>Jukka Piiroinen<\/strong><br>Vapaudenkatu 10 A2<br>95430 Tornio<br>Finland<\/p>\n\n\n\n<p><strong>S\u00e4hk\u00f6posti:&nbsp;<\/strong>etunimi.sukunimi(at)valonkuvia.fi<\/p>\n\n\n\n<h4 class=\"wp-block-heading\">Ota yhteytt\u00e4 lomakkeella!<\/h4>\n\n\n<div class=\"wp-block-jetpack-contact-form is-layout-flex wp-container-jetpack-contact-form-is-layout-b7ed9015 wp-block-jetpack-contact-form-is-layout-flex\"><a href=\"https:\/\/www.valonkuvia.fi\/blogi\/tietoja\/\" target=\"_blank\" rel=\"noopener noreferrer\">Submit a form.<\/a><\/div>\n\n\n<h3 class=\"wp-block-heading\" style=\"font-style:normal;font-weight:300\">Miksi jazz?<\/h3>\n\n\n\n<p>Kiinnostus jazziin juontaa juurensa kouluvuosiin. It\u00e4-Suomen maaseudulla t\u00f6rm\u00e4si 1970-luvulla harvoin el\u00e4v\u00e4\u00e4n rockiin tai jazziin, joten radion musiikkitarjonta oli ainoa mahdollisuus kuulla jotain kiinnostavaa. Kun jostain syyst\u00e4 aloin kuunnella radion harvoja jazzohjelmia, musiikki kiehtoi ja vei menness\u00e4\u00e4n.<\/p>\n\n\n\n<p>Ensimm\u00e4inen jazzkonsertti oli Ilomantsin lukion oppilaskunnan j\u00e4rjest\u00e4m\u00e4 Tapiolan yhteiskoulun big bandin konsertti, 1976 varmaankin. K\u00e4vin koulukonsertissa ja ilman muuta viel\u00e4 illalla toisen kerran kaikelle kansalle tarkoitetussa konsertissa. Yhtye soitti <b>Count Basien<\/b> klassikoita, mutta my\u00f6s muistaakseni <b>Palle Mikkelborgin<\/b> nykyjazzteoksen. Yhtyeess\u00e4 soittivat ainakin <b>Teemu Salminen<\/b>, <b>Sakari Kukko<\/b>, <b>Simo Salminen<\/b>, <b>Tomi Parkkonen<\/b> ja <b>Juhani Aalto<\/b>. Yhtyett\u00e4 johti <b>Martti Lappalainen<\/b>.<\/p>\n\n\n\n<p>Konsertti teki suuren vaikutuksen ja siit\u00e4 minun jazzin harrastukseni alkoi. Torniossa 1980-luvun lopulla l\u00e4hdin mukaan Kalottjazz &amp; Blues -festivaalin j\u00e4rjestelyihin. Kirjoitin tiedotteita ja esiintyjien esittelytekstej\u00e4, mist\u00e4 puolestaan p\u00e4\u00e4sin jazzkirjoittamisen alkuun.<\/p>\n\n\n\n<h3 class=\"wp-block-heading\" style=\"font-style:normal;font-weight:300\">Miksi valokuvaus?<\/h3>\n\n\n\n<p>Kiinnostus valokuvaukseen alkoi lapsuudessa. Is\u00e4 kuvasi perhetilanteita ja \u00e4iti piti ahkerasti yll\u00e4 perhealbumeita, joita kertyi iso pino.<\/p>\n\n\n\n<p>Jo alle kouluik\u00e4isen\u00e4 p\u00e4\u00e4sin seuraamaan sukulaismiehen ty\u00f6sketely\u00e4 laboratoriossa. Salaper\u00e4inen punainen &nbsp;valo ja kehitteess\u00e4 v\u00e4hitellen &nbsp;paperille ilmestyv\u00e4 kuva ovat varhaisia muistoja lapsuudesta.<\/p>\n\n\n\n<p>Oman kameran, jonkun halvan r\u00e4psyttimen, hankin toisella kymmenell\u00e4 ollessani. J\u00e4rjestelm\u00e4kameran k\u00e4ytt\u00e4j\u00e4ksi siirryin jo filmiaikana, mutta ty\u00f6el\u00e4m\u00e4n ja perheenkin kiireet v\u00e4hensiv\u00e4t harrastusta v\u00e4lill\u00e4 yli kymmeneksi vuodeksi. Varsinkin mustavalkoisten kuvien kehitt\u00e4minen itse oli liian ty\u00f6l\u00e4st\u00e4 silloisessa el\u00e4m\u00e4ntilanteessa. Digitaaliset kamerat her\u00e4ttiv\u00e4t innostuksen vihdoin uudelleen. Canon 300D vei minut lopullisesti takaisin harrastuksen pariin. Samalla syntyi kiinnostus valokuvauksen ja internetin yhdist\u00e4miseen ja perustin ensimm\u00e4isen version &#8221;Valon kuvia&#8221; -sivusta vuonna 2004.<\/p>\n\n\n\n<p>Valokuvaajan ammattitutkinnon suorittamisesta (vuonna 2007) huolimatta olen pysynyt visusti valokuvauksen harrastajana. Jazzkuvien lis\u00e4ksi olen harrastanut yleens\u00e4 ekokuvaamista eli hakenut kuvausaiheet k\u00e4vely- ja py\u00f6r\u00e4matkan p\u00e4\u00e4st\u00e4. Merkitt\u00e4vimm\u00e4t poikkeukset t\u00e4h\u00e4n ovat olleet kuvausmatkat Armeniaan (katso: <a href=\"http:\/\/www.valonkuvia.fi\/blogi\/armenia-maa-kaukasuksella\/\">Armenia &#8211; vuoristoinen maa Kaukasuksella<\/a>) sek\u00e4 tietenkin matkat <a href=\"https:\/\/www.valonkuvia.fi\/blogi\/tag\/festivaaliraportti\/\">jazzfestivaaleille<\/a>.<\/p>\n\n\n\n<p>Kes\u00e4ll\u00e4 2024 l\u00e4hdin mukaan Tornion kameraseuran hankkeeseen &#8221;<em>Filmikuvaajan vuosi<\/em>&#8221;.  Projektin tarkoituksena on palauttaa mieliin filmikuvaamisen taitoja, jotka n\u00e4in teko\u00e4lyn tuottaman kuvah\u00f6t\u00f6n maailmassa tuntuvat j\u00e4lleen ajankohtaisilta. Keskitin projektin my\u00f6t\u00e4 syntyneet valokuvat omalle sivulleen: <a href=\"https:\/\/www.valonkuvia.fi\/blogi\/kuvia-filmilla\/\" data-type=\"page\" data-id=\"26134\">Filmikuvaajan vuodet<\/a>.<\/p>\n\n\n\n<h3 class=\"wp-block-heading\" style=\"font-style:normal;font-weight:300\">Blogin toistuvaa sis\u00e4lt\u00f6\u00e4<\/h3>\n\n\n\n<ul class=\"wp-block-list\">\n<li><a href=\"https:\/\/www.valonkuvia.fi\/blogi\/jazzjutut\/vinyylin-viehatys\/\">Vinyylin vieh\u00e4tys<\/a>; vinyylilevyj\u00e4 kuuntelussa<\/li>\n\n\n\n<li><a href=\"https:\/\/www.valonkuvia.fi\/blogi\/jazzjutut\/levyhyllysta\/\">Levyhyllyst\u00e4<\/a>; cd-l\u00f6yt\u00f6j\u00e4 levyhyllyst\u00e4<\/li>\n\n\n\n<li><a href=\"http:\/\/www.valonkuvia.fi\/blogi\/tag\/kuva-ja-noin-sata-sanaa\/\">Kuva ja noin sata sanaa<\/a>; omia valokuviani esittelyss\u00e4<\/li>\n\n\n\n<li><a href=\"http:\/\/www.valonkuvia.fi\/blogi\/kirjahylly\/\">Kirjahylly<\/a>; juttua kirjoista<\/li>\n\n\n\n<li><a href=\"http:\/\/www.valonkuvia.fi\/blogi\/?s=festivaaliraportti\">Festivaaliraportteja<\/a>; vaikutelmia festivaaleilta<\/li>\n\n\n\n<li><a href=\"https:\/\/www.valonkuvia.fi\/blogi\/tag\/x\/\">X-sarja<\/a>; samaan aihepiiriin kuuluvia levyj\u00e4 tai kirjoja yhdess\u00e4 nipussa<\/li>\n\n\n\n<li><a href=\"https:\/\/www.valonkuvia.fi\/blogi\/kuvia-filmilla\/\" data-type=\"page\" data-id=\"26134\">Filmikuvaajan vuodet<\/a>, analogisen kuvan maailma kiinnostaa j\u00e4lleen<\/li>\n<\/ul>\n\n\n\n<h3 class=\"wp-block-heading\" style=\"font-style:normal;font-weight:300\">Vanhoja jazzkirjoituksia<\/h3>\n\n\n\n<p>Sivulle <a title=\"Jazzkirjoituksia\" href=\"http:\/\/www.valonkuvia.fi\/blogi\/?page_id=116\">Jazzkirjoituksia<\/a> olen koonnut talteen jazzaiheisia kolumnejani, jotka alunperin ilmestyiv\u00e4t Pohjolan Sanomissa vuosina 2001 &#8211; 2008. Sivulta l\u00f6ytyv\u00e4t my\u00f6s&nbsp;vuoden 2008 j\u00e4lkeen Pohjolan Sanomissa ilmestyneit\u00e4 kirjoituksia jazzlevyist\u00e4 ja -jazztapahtumista.<\/p>\n\n\n\n<p>Olen siirt\u00e4nyt blogiin my\u00f6s vanhat levyarvioni, jotka ilmestyiv\u00e4t Jazzrytmit-lehden paperiversiossa ja Suomijazz-verkkolehdess\u00e4.<\/p>\n\n\n\n<h3 class=\"wp-block-heading\" style=\"font-style:normal;font-weight:300\">Armenia<\/h3>\n\n\n\n<p>Olen k\u00e4ynyt Armeniassa valokuvaamassa nelj\u00e4 kertaa. Ensimm\u00e4inen kerta oli toukokuussa 2006, toinen syksyll\u00e4 2009 ja kolmas kerta kev\u00e4\u00e4ll\u00e4 2011. Nelj\u00e4s matka oli <a href=\"https:\/\/www.valonkuvia.fi\/blogi\/kulttuurimatkalla-armeniassa\/\" data-type=\"post\" data-id=\"26871\">kulttuurikiertomatka<\/a> kev\u00e4\u00e4ll\u00e4 2025. K\u00e4y tutustumassa uudistuneisiin sivuihin: <a href=\"https:\/\/www.valonkuvia.fi\/blogi\/armenia-maa-kaukasuksella\/\">Armenia &#8211; vuoristoinen maa Kaukasuksella<\/a>.<\/p>\n\n\n\n<h3 class=\"wp-block-heading\" style=\"font-style:normal;font-weight:300\">Kommentit<\/h3>\n\n\n\n<p>Kommenttien julkaisemisen periaatteet blogissani (20.9.2015 l\u00e4htien):<br>\u2013 moderoin kommenttiosastoa<br>\u2013 julkaisen vain omalla nimell\u00e4\u00e4n kirjoittavien kommentit<br>\u2013 en julkaise ep\u00e4asiallisia kommentteja<br>\u2013 ved\u00e4n itse rajan asiallisen ja ep\u00e4asiallisen v\u00e4lille<\/p>\n\n\n\n<p><em>Jukka Piiroinen<\/em><\/p>\n\n\n\n<h3 class=\"wp-block-heading\" style=\"font-style:normal;font-weight:300\">Valon kuvia &#8211; valokuvia on muualla internetiss\u00e4<\/h3>\n\n\n\n<ul class=\"wp-block-list\">\n<li><a href=\"http:\/\/instagram.com\/valonkuvia\">Valon kuvia &#8211; Instagram<\/a><\/li>\n\n\n\n<li><a title=\"Valon kuvia - Facebook-sivu\" href=\"https:\/\/www.facebook.com\/valonkuvia\">Valon kuvia &#8211; Facebook-sivu<\/a>; k\u00e4y tykk\u00e4\u00e4m\u00e4ss\u00e4<\/li>\n\n\n\n<li><a href=\"https:\/\/flickr.com\/people\/valon_kuvia\/\">Jukka Piiroinen \u2013 Flickr<\/a>; kuvasarjoja Flickr-palvelussa<\/li>\n\n\n\n<li><a title=\"Valon kuvia - Vimeo\" href=\"http:\/\/www.vimeo.com\/valonkuvia\">Valon kuvia &#8211; Vimeo<\/a>; valokuvistani kokoamiani kuvaesityksi\u00e4 videoina<\/li>\n<\/ul>\n\n\n\n<p><strong>Valokuvista<\/strong><\/p>\n\n\n\n<p>Kaikki blogin valokuvat (c) Jukka Piiroinen, ellei muuta ole mainittu. <\/p>\n","protected":false},"excerpt":{"rendered":"<p>Olen torniolainen jazzin ja valokuvauksen harrastaja, el\u00e4kkeelle siirtynyt luokanopettaja. Julkaisen Valon kuvia -blogissa l\u00e4hinn\u00e4 jazziin ja valokuvaukseen liittyvi\u00e4 kirjoituksia sek\u00e4 valokuviani. Postiosoite, johon voi l\u00e4hett\u00e4\u00e4 levyj\u00e4 tarjolle arviointia varten: Jukka PiiroinenVapaudenkatu 10 A295430 TornioFinland S\u00e4hk\u00f6posti:&nbsp;etunimi.sukunimi(at)valonkuvia.fi Ota yhteytt\u00e4 lomakkeella! Miksi jazz? Kiinnostus jazziin juontaa juurensa kouluvuosiin. It\u00e4-Suomen maaseudulla t\u00f6rm\u00e4si 1970-luvulla harvoin el\u00e4v\u00e4\u00e4n rockiin tai jazziin, joten [&hellip;]<\/p>\n","protected":false},"author":1,"featured_media":24800,"parent":0,"menu_order":1,"comment_status":"open","ping_status":"open","template":"","meta":{"ngg_post_thumbnail":0,"footnotes":""},"class_list":["post-2","page","type-page","status-publish","has-post-thumbnail","hentry"],"jetpack_likes_enabled":false,"jetpack_sharing_enabled":true,"_links":{"self":[{"href":"https:\/\/www.valonkuvia.fi\/blogi\/wp-json\/wp\/v2\/pages\/2","targetHints":{"allow":["GET"]}}],"collection":[{"href":"https:\/\/www.valonkuvia.fi\/blogi\/wp-json\/wp\/v2\/pages"}],"about":[{"href":"https:\/\/www.valonkuvia.fi\/blogi\/wp-json\/wp\/v2\/types\/page"}],"author":[{"embeddable":true,"href":"https:\/\/www.valonkuvia.fi\/blogi\/wp-json\/wp\/v2\/users\/1"}],"replies":[{"embeddable":true,"href":"https:\/\/www.valonkuvia.fi\/blogi\/wp-json\/wp\/v2\/comments?post=2"}],"version-history":[{"count":145,"href":"https:\/\/www.valonkuvia.fi\/blogi\/wp-json\/wp\/v2\/pages\/2\/revisions"}],"predecessor-version":[{"id":27376,"href":"https:\/\/www.valonkuvia.fi\/blogi\/wp-json\/wp\/v2\/pages\/2\/revisions\/27376"}],"wp:featuredmedia":[{"embeddable":true,"href":"https:\/\/www.valonkuvia.fi\/blogi\/wp-json\/wp\/v2\/media\/24800"}],"wp:attachment":[{"href":"https:\/\/www.valonkuvia.fi\/blogi\/wp-json\/wp\/v2\/media?parent=2"}],"curies":[{"name":"wp","href":"https:\/\/api.w.org\/{rel}","templated":true}]}}