{"id":208,"date":"2011-07-13T10:11:04","date_gmt":"2011-07-13T07:11:04","guid":{"rendered":"http:\/\/www.valonkuvia.fi\/blogi\/?page_id=208"},"modified":"2011-07-13T10:11:04","modified_gmt":"2011-07-13T07:11:04","slug":"epailyttavaa-jazzia","status":"publish","type":"page","link":"https:\/\/www.valonkuvia.fi\/blogi\/jazzjutut\/2002-2\/epailyttavaa-jazzia\/","title":{"rendered":"Ep\u00e4ilytt\u00e4v\u00e4\u00e4 jazzia"},"content":{"rendered":"<p>Tornionlaakson maakuntamuseossa esill\u00e4 oleva Anne Frank-n\u00e4yttely palauttaa mieliin natsi-Saksan rikokset ihmisyytt\u00e4 vastaan. Natsien vainoissa k\u00e4rsiv\u00e4t juutalaisten lis\u00e4ksi my\u00f6s romanit, kommunistit, homoseksuaalit, mielisairaat, vammaiset, toisinajattelijat, kaikki ne, jotka uhkasivat arjalaisen yhten\u00e4iskulttuurin ihannetta. <\/p>\n<p>Osansa vainoista saivat tiedemiehet ja eri alojen taiteilijat. Kirjaroviot roihusivat ja kuvataiteen mestariteoksia koottiin &#8221;rappiotaiteen&#8221;, Entartete Kunst, n\u00e4yttelyyn. My\u00f6s musiikin sensuroinnissa otettiin k\u00e4ytt\u00f6\u00f6n rappiomusiikin k\u00e4site. Rappiomusiikkia oli kaikki juutalaisten s\u00e4velt\u00e4jien uusi musiikki ja tietenkin jazz.<\/p>\n<p>Jazzissa oli natsien kannalta paljon ep\u00e4ilytt\u00e4v\u00e4\u00e4. Sen svengaava rytmiikka oli luonnotonta ja t\u00e4ysin ep\u00e4sopivaa marssittavaksi, mit\u00e4 ihmis\u00e4\u00e4nen kaltaisesti k\u00e4ytetty saksofoni vain korosti. Jazzissa katsottiin my\u00f6s olevan kansakunnan moraalista selk\u00e4rankaa rappeuttavaa eroottista latausta. Jazzia pidettiin juutalaisten ja Amerikan mustien salaliittona, jonka tarkoituksena oli vietell\u00e4 ja saastuttaa puhtaita saksalaisia tytt\u00f6j\u00e4 ja naisia. Kaikki elementit yhdistyv\u00e4t vuonna 1938 painetussa jazzia vastustavassa julisteessa, jossa turpeahuulinen musta mies puhaltaa v\u00e4\u00e4ristynytt\u00e4 saksofonia Daavidin t\u00e4hti rinnassaan. <\/p>\n<p>Jazz kuitenkin kelpasi natseille propagandatarkoituksiin. Absurdi esimerkki t\u00e4st\u00e4 oli big band nimelt\u00e4 Ghetto Swingers, joka koottiin Theresienstadtin getossa saksalaisista ja t\u0161ekkil\u00e4isist\u00e4 jazzmuusikoista. Theresienstadtia aiottiin esitell\u00e4 ulkomailla malligettona, jonka piti todistaa, ett\u00e4 juutalaisia kohdeltiin Saksassa hyvin ja v\u00e4it\u00f6kset vainoista olivat per\u00e4tt\u00f6mi\u00e4. Tarkoitusta varten getossa tehtiin propagandaelokuva, jossa my\u00f6s Ghetto Swingers esiintyi.<\/p>\n<p>Yhtyeess\u00e4 soitti useita sotaa edelt\u00e4v\u00e4n ajan eurooppalaisia huippumuusikoita, kuten t\u0161ekkil\u00e4inen Fritz Weiss, jota pidettiin l\u00e4hes Benny Goodmanin veroisena. Joukkoon kuului my\u00f6s saksalainen nuori kitaristilupaus Coco Schumann. H\u00e4n v\u00e4lttyi suoralta passitukselta Auschwitziin, koska h\u00e4nen is\u00e4ns\u00e4 oli arjalainen. Yhtyeen kapellimestariksi m\u00e4\u00e4r\u00e4ttiin Berliiniss\u00e4 jo 1920-luvulla itsens\u00e4 Sidney Bechet\u00b4n kanssa soittanut pianisti Martin Roman. <\/p>\n<p>Theresienstadtin keskustaan pystytell\u00e4 esiintymislavalla yhtye soitti valkoisissa paidoissaan ja tyylik\u00e4iss\u00e4 solmioissaan kuin mill\u00e4 tahansa kes\u00e4festivaalilla. Vain paidan rinnukseen ommeltu keltainen t\u00e4hti kertoi, mist\u00e4 oikeasti oli kysymys. Ghetto Swingers esitti mm .vanhan jazzkappaleen &#8221;Bugle Call Rag&#8221; ja v\u00e4itet\u00e4\u00e4n, ettei Fritz Weiss koskaan soittanut paremmin. Yhtyeen j\u00e4senet alkoivat uskoa musiikkinsa voimaan ja he suunnittelivat jopa sodan j\u00e4lkeist\u00e4 tulevaisuutta. Kuitenkin koko joukko kuljetettiin Auschwitziin pian filmiryhm\u00e4n poistuttua getosta. <\/p>\n<p>Fritz Weiss l\u00e4hetettiin suoralta k\u00e4delt\u00e4 kaasukammioon, mutta esim. Schumann ja Roman joutuivat organisoimaan viel\u00e4 uuden yhtyeen Auschwitzissa. Yhtye ei kuitenkaan liene soittanut paljoakaan swingi\u00e4, vaan saksalaisia iskelmi\u00e4, operettis\u00e4velmi\u00e4 ja marsseja. Coco Schumann, Martin Roman ja trumpetisti Eric Vogel olivat ainoat hengiss\u00e4 selvinneet Ghetto Swingersin j\u00e4senet. He olivat my\u00f6hemmin kaikki sit\u00e4 mielt\u00e4, ett\u00e4 juuri natsien vainoama ja v\u00e4\u00e4rist\u00e4m\u00e4 jazz oli heid\u00e4t pelastanut.<\/p>\n<p><em>24.2. 2002<\/em><\/p>\n","protected":false},"excerpt":{"rendered":"<p>Tornionlaakson maakuntamuseossa esill\u00e4 oleva Anne Frank-n\u00e4yttely palauttaa mieliin natsi-Saksan rikokset ihmisyytt\u00e4 vastaan. Natsien vainoissa k\u00e4rsiv\u00e4t juutalaisten lis\u00e4ksi my\u00f6s romanit, kommunistit, homoseksuaalit, mielisairaat, vammaiset, toisinajattelijat, kaikki ne, jotka uhkasivat arjalaisen yhten\u00e4iskulttuurin ihannetta. Osansa vainoista saivat tiedemiehet ja eri alojen taiteilijat. Kirjaroviot roihusivat ja kuvataiteen mestariteoksia koottiin &#8221;rappiotaiteen&#8221;, Entartete Kunst, n\u00e4yttelyyn. My\u00f6s musiikin sensuroinnissa otettiin k\u00e4ytt\u00f6\u00f6n rappiomusiikin [&hellip;]<\/p>\n","protected":false},"author":1,"featured_media":0,"parent":151,"menu_order":0,"comment_status":"open","ping_status":"open","template":"onecolumn-page.php","meta":{"ngg_post_thumbnail":0,"footnotes":""},"class_list":["post-208","page","type-page","status-publish","hentry"],"jetpack_likes_enabled":false,"jetpack_sharing_enabled":true,"_links":{"self":[{"href":"https:\/\/www.valonkuvia.fi\/blogi\/wp-json\/wp\/v2\/pages\/208","targetHints":{"allow":["GET"]}}],"collection":[{"href":"https:\/\/www.valonkuvia.fi\/blogi\/wp-json\/wp\/v2\/pages"}],"about":[{"href":"https:\/\/www.valonkuvia.fi\/blogi\/wp-json\/wp\/v2\/types\/page"}],"author":[{"embeddable":true,"href":"https:\/\/www.valonkuvia.fi\/blogi\/wp-json\/wp\/v2\/users\/1"}],"replies":[{"embeddable":true,"href":"https:\/\/www.valonkuvia.fi\/blogi\/wp-json\/wp\/v2\/comments?post=208"}],"version-history":[{"count":1,"href":"https:\/\/www.valonkuvia.fi\/blogi\/wp-json\/wp\/v2\/pages\/208\/revisions"}],"predecessor-version":[{"id":209,"href":"https:\/\/www.valonkuvia.fi\/blogi\/wp-json\/wp\/v2\/pages\/208\/revisions\/209"}],"up":[{"embeddable":true,"href":"https:\/\/www.valonkuvia.fi\/blogi\/wp-json\/wp\/v2\/pages\/151"}],"wp:attachment":[{"href":"https:\/\/www.valonkuvia.fi\/blogi\/wp-json\/wp\/v2\/media?parent=208"}],"curies":[{"name":"wp","href":"https:\/\/api.w.org\/{rel}","templated":true}]}}