{"id":216,"date":"2011-07-13T10:19:04","date_gmt":"2011-07-13T07:19:04","guid":{"rendered":"http:\/\/www.valonkuvia.fi\/blogi\/?page_id=216"},"modified":"2011-07-13T12:26:49","modified_gmt":"2011-07-13T09:26:49","slug":"jazzin-herttuat-kreivit-ja-kuninkaat","status":"publish","type":"page","link":"https:\/\/www.valonkuvia.fi\/blogi\/jazzjutut\/2003-2\/jazzin-herttuat-kreivit-ja-kuninkaat\/","title":{"rendered":"Jazzin herttuat, kreivit ja kuninkaat"},"content":{"rendered":"<p>Viime vuosisadan alkupuolella, kun jazz oli viel\u00e4 nuori, jazzmuusikot tunnettiin yleisesti paremmin lempinimill\u00e4\u00e4n kuin varsinaisilla etunimill\u00e4\u00e4n. Uljaat aatelisnimet loistivat yhdess\u00e4 klubien ja tanssisalonkien mainosvalojen kanssa, kuten Duke (= herttua) Ellington ja Count (= kreivi) Basie tai jopa kuningas, kuten King Oliver. <\/p>\n<p>V\u00e4rikk\u00e4iden lempinimien taustalla oli tietysti usein markkinointisyyt. Jazz oli uutta urbaania populaarimusiikkia, joka tarvitsi kuninkaansa ja aatelismiehens\u00e4. Esimerkiksi Joe &#8221;King&#8221; Oliver nimettiin kuninkaaksi jo vuonna 1917. Orkesterinjohtaja William &#8221;Count&#8221; Basie lienee saanut kreivinarvonsa 1930-luvun puoliv\u00e4liss\u00e4 Kansas Cityss\u00e4 radiotoimittajan suusta. Tosin Basie itse kertoo alkaneensa kutsua itse\u00e4\u00e4n kreiviksi Duken, King Oliverin ja Earl (= jaarli) Hinesin esikuvan mukaan. Tarkkaan ottaen pianisti Earl Hines ei kuulu mukaan lempinimiaatelisten joukkoon, sill\u00e4 Earl oli h\u00e4nen aivan oikea etunimens\u00e4.<\/p>\n<p>Tunnetuin lempinimist\u00e4 lienee Edward Kennedy &#8221;Duke&#8221; Ellington, jonka nimen taustalla ei hieman yll\u00e4tt\u00e4en olekaan kaupallisia pyrkimyksi\u00e4, sill\u00e4 Ellington sai lis\u00e4nimens\u00e4 jo lapsuudenkodissaan. Ellington syntyi varsin hyvinvoivaan ja keskiluokkaiseen perheeseen Washingtonissa, miss\u00e4 h\u00e4nen is\u00e4ns\u00e4 ty\u00f6skenteli rikkaan perheen hovimestarina. Hemmoteltu nuori Ellington tiesikin samppanjasta, hienoista posliiniastioista ja sulavista k\u00e4yt\u00f6stavoista keskim\u00e4\u00e4r\u00e4ist\u00e4 pikkupoikaa enemm\u00e4n. Perheen muistelmat kertovat, kuinka nuori mies komensi nuoremmat serkkunsa hoviv\u00e4ekseen ja julisti n\u00e4ille olevansa suuri ja jalosukuinen herttua. N\u00e4in syntynyt lempinimi oli Ellingtonin my\u00f6hempien hienostelevien el\u00e4m\u00e4ntapojen valossa eritt\u00e4in osuva. <\/p>\n<p>Aatelisarvojen vastapainona jazzin maailmassa oli toki my\u00f6s presidentti, lyhennettyn\u00e4 &#8221;Prez&#8221; tai &#8221;Pres&#8221;. Se on nimi, jonka laulaja Billie Holiday antoi l\u00e4heiselle yst\u00e4v\u00e4lleen saksofonisti Lester Youngille. Holiday kertoo, ett\u00e4 h\u00e4nen mielest\u00e4\u00e4n Lester oli suurin kaikista jazzmuusikoista ja silloinen presidentti Franklin D. Roosevelt suurin muista amerikkalaisista. Holiday yhdisti n\u00e4m\u00e4 kaksi suurta miest\u00e4 ja alkoi kutsua Lester Youngia presidentiksi. <\/p>\n<p>Vastavuoroisesti Lester antoi Holidaylle nimen &#8221;Lady Day&#8221;. Lester Young oli erikoislaatuinen, sis\u00e4\u00e4np\u00e4in k\u00e4\u00e4ntynyt originelli, ehk\u00e4 autistinenkin persoona, joka eli niin omissa maailmoissaan, ett\u00e4 h\u00e4n k\u00e4ytti aivan omia sanojaan monista arkisista asioista ja tietysti my\u00f6s ty\u00f6tovereistaan. Youngin yhtyeess\u00e4 soittanut pianisti Jimmy Rowles muistelee, ett\u00e4 h\u00e4nelt\u00e4 kesti ainakin kolme kuukautta, ennen kuin h\u00e4n alkoi ymm\u00e4rt\u00e4\u00e4 Youngin puhetta. Esimerkiksi &#8221;Lady&#8221; k\u00e4vi aivan mainiosti my\u00f6s miehen nimeksi, tyyliin &#8221;Lady Webster&#8221; tai &#8221;Lady Flip&#8221; tarkoittaen saksofonistikollegoita Benny Webster ja Flip Phillips. <\/p>\n<p>Ajat ovat muuttuneet sik\u00e4li tylsemmiksi, ett\u00e4 nyky\u00e4\u00e4n aatelisnimi\u00e4, tai lempinimi\u00e4 ylip\u00e4\u00e4t\u00e4\u00e4n, ei ainakaan jazzin maailmassa juuri k\u00e4ytet\u00e4, vaan muusikot esiintyv\u00e4t v\u00e4ritt\u00f6m\u00e4sti omilla ristim\u00e4nimill\u00e4\u00e4n. Nykyajan jazz on arkip\u00e4iv\u00e4istynyt, kun oikeat sankarit ovat vaipuneet historian h\u00e4m\u00e4r\u00e4\u00e4n, eik\u00e4 j\u00e4lkipolvi varmasti n\u00e4e nykyajan muusikoita samalla tavalla legendaarisina hahmoina kuin menneiden aikojen &#8221;jazzin j\u00e4ttil\u00e4isi\u00e4&#8221;. Jazzin varhaisvuosien loiston aika on ohi ja sankarit vaipuvat historian h\u00e4m\u00e4r\u00e4\u00e4n. <\/p>\n<p><em>21.6. 2002<\/em><\/p>\n","protected":false},"excerpt":{"rendered":"<p>Viime vuosisadan alkupuolella, kun jazz oli viel\u00e4 nuori, jazzmuusikot tunnettiin yleisesti paremmin lempinimill\u00e4\u00e4n kuin varsinaisilla etunimill\u00e4\u00e4n. Uljaat aatelisnimet loistivat yhdess\u00e4 klubien ja tanssisalonkien mainosvalojen kanssa, kuten Duke (= herttua) Ellington ja Count (= kreivi) Basie tai jopa kuningas, kuten King Oliver. V\u00e4rikk\u00e4iden lempinimien taustalla oli tietysti usein markkinointisyyt. Jazz oli uutta urbaania populaarimusiikkia, joka tarvitsi [&hellip;]<\/p>\n","protected":false},"author":1,"featured_media":0,"parent":232,"menu_order":0,"comment_status":"open","ping_status":"closed","template":"onecolumn-page.php","meta":{"ngg_post_thumbnail":0,"footnotes":""},"class_list":["post-216","page","type-page","status-publish","hentry"],"jetpack_likes_enabled":false,"jetpack_sharing_enabled":true,"_links":{"self":[{"href":"https:\/\/www.valonkuvia.fi\/blogi\/wp-json\/wp\/v2\/pages\/216","targetHints":{"allow":["GET"]}}],"collection":[{"href":"https:\/\/www.valonkuvia.fi\/blogi\/wp-json\/wp\/v2\/pages"}],"about":[{"href":"https:\/\/www.valonkuvia.fi\/blogi\/wp-json\/wp\/v2\/types\/page"}],"author":[{"embeddable":true,"href":"https:\/\/www.valonkuvia.fi\/blogi\/wp-json\/wp\/v2\/users\/1"}],"replies":[{"embeddable":true,"href":"https:\/\/www.valonkuvia.fi\/blogi\/wp-json\/wp\/v2\/comments?post=216"}],"version-history":[{"count":2,"href":"https:\/\/www.valonkuvia.fi\/blogi\/wp-json\/wp\/v2\/pages\/216\/revisions"}],"predecessor-version":[{"id":234,"href":"https:\/\/www.valonkuvia.fi\/blogi\/wp-json\/wp\/v2\/pages\/216\/revisions\/234"}],"up":[{"embeddable":true,"href":"https:\/\/www.valonkuvia.fi\/blogi\/wp-json\/wp\/v2\/pages\/232"}],"wp:attachment":[{"href":"https:\/\/www.valonkuvia.fi\/blogi\/wp-json\/wp\/v2\/media?parent=216"}],"curies":[{"name":"wp","href":"https:\/\/api.w.org\/{rel}","templated":true}]}}