{"id":218,"date":"2011-07-13T10:22:41","date_gmt":"2011-07-13T07:22:41","guid":{"rendered":"http:\/\/www.valonkuvia.fi\/blogi\/?page_id=218"},"modified":"2011-07-13T10:22:41","modified_gmt":"2011-07-13T07:22:41","slug":"jazzin-monet-nimet","status":"publish","type":"page","link":"https:\/\/www.valonkuvia.fi\/blogi\/jazzjutut\/2002-2\/jazzin-monet-nimet\/","title":{"rendered":"Jazzin monet nimet"},"content":{"rendered":"<p>Rakkaalla lapsella on monta nime\u00e4, sanotaan. Jazzista puhuttaessa v\u00e4ite voi hyvinkin pit\u00e4\u00e4 paikkansa, sill\u00e4 jazzin eri tyylej\u00e4 ja soittotapoja kuvaavista sanoista kertyy helposti pitk\u00e4 lista. Kun jazz syntyi reilut sata vuotta sitten, k\u00e4ytettiin uudesta musiikista aluksi sanaa &#8221;jass&#8221; ja vasta my\u00f6hemmin alettiin puhua &#8221;New Orleans-jazzista&#8221; tai &#8221;dixielandista&#8221;. Sitten Louis Armstrong ja kumppanit muuttivat jazzin kotikaupungista pohjoiseen ja 1920-luvulla kehittyi merkitt\u00e4v\u00e4 &#8221;Chicago-jazz&#8221;. Pikkuhiljaa painopiste siirtyi &#8221;New York-jazziin&#8221;, jonka alalajeja olivat Duke Ellingtonin &#8221;jungle music&#8221; ja Paul Whitemanin &#8221;symphonic jazz&#8221;.<\/p>\n<p>Seuraava vuosikymmen oli &#8221;swingin&#8221; ja &#8221;big band-jazzin&#8221; kulta-aikaa, mutta toisen maailmansodan j\u00e4lkeen isojen orkesterien musiikki antoi tiet\u00e4 &#8221;pikkuyhtyejazzille&#8221;. Charlie Parkerin ja Dizzy Gillespien k\u00e4siss\u00e4 syntyi vallankumouksellinen &#8221;bebop&#8221; ja samalla alettiin puhua &#8221;modernista jazzista&#8221;. Gillespie kiinnostui kuubalaisesta musiikista ja niin klubeilla soi my\u00f6s &#8221;latin jazz&#8221;. <\/p>\n<p>Kiihke\u00e4n bebopin rinnalle Miles Davis loi viile\u00e4mm\u00e4n &#8221;cool jazzin&#8221;, joka oli erityisen suosittua USA:n l\u00e4nsirannikolla. Kuitenkin &#8221;West Coast jazzin&#8221; viileyteen kyll\u00e4styneet muusikot hakivat vaikutteita mustan musiikin juurilta ja loivat maanl\u00e4heisemm\u00e4n &#8221;hard bopin&#8221; ja &#8221;soul jazzin&#8221;. Blue Note-levy-yhti\u00f6 osallistui niin ansiokkaasti t\u00e4m\u00e4n musiikin luomiseen ja dokumentointiin, ett\u00e4 voidaan puhua &#8221;Blue Note-jazzista&#8221;.<\/p>\n<p>Taiteelliset hurjap\u00e4\u00e4t John Coltranen ja Ornette Colemanin johdolla alkoivat 1960-luvun hengess\u00e4 kapinoida musiikin valtavirtaa eli &#8221;mainstream jazzia&#8221; vastaan. Uusi &#8221;free jazz&#8221; tai &#8221;avantgarde jazz&#8221; her\u00e4tti vilkasta keskustelua ja konservatiiviset ep\u00e4ilij\u00e4t haukkuivat  &#8221;kokeellista jazzia&#8221; jopa &#8221;antijazziksi&#8221;. <\/p>\n<p>Akateemisessa maailmassa koetettiin yhdist\u00e4\u00e4 jazz ja klassinen, yritettiin l\u00f6yt\u00e4\u00e4 kolmas tie eli &#8221;third stream jazz&#8221;. Beatlesin ja Rolling Stonesin suosion my\u00f6t\u00e4 rock vei 1960-luvun lopulla jazzilta kuulijat ja levymarkkinat ja monet muusikot kiinnostuivat suositusta nuorisomusiikista. Miles Davis oli j\u00e4lleen eturiviss\u00e4, kun luotiin \u00e4\u00e4nek\u00e4s ja s\u00e4hk\u00f6isesti vahvistettu &#8221;rockjazz&#8221;, &#8221;jazzrock&#8221; tai &#8221;fuusiojazz&#8221;. <\/p>\n<p>Nykyisin jazz on hyvin kansainv\u00e4list\u00e4 taidetta, kuten voidaan p\u00e4\u00e4tell\u00e4 nimist\u00e4 &#8221;eurooppalainen jazz&#8221;, &#8221;etnojazz&#8221;, &#8221;world jazz&#8221;, &#8221;Nordic jazz&#8221;, &#8221;klezmer jazz&#8221;, &#8221;Brazil jazz&#8221;  tai &#8221;Suomi-jazz&#8221;. &#8221;Nykyjazzin&#8221; monimuotoisuutta kuvaavat ihan vain esimerkkein\u00e4 sanat &#8221;&#8221;freebop&#8221;, &#8221;teknojazz&#8221;, &#8221;postbop&#8221;, &#8221;crossover jazz&#8221;, &#8221;pianojazz&#8221;,  &#8221;smooth jazz&#8221;, &#8221;retrojazz&#8221;, &#8221;punk jazz&#8221;, &#8221;tradjazz&#8221;, &#8221;noise jazz&#8221; , &#8221;acid jazz&#8221;, &#8221;neobop&#8221;, &#8221;ECM-jazz&#8221;, &#8221;groove jazz&#8221;, &#8221;laulujazz&#8221;, &#8221;popjazz&#8221;, &#8221;hip-hop jazz&#8221; ja &#8221;kitarajazz&#8221;.<\/p>\n<p>Jazzin sein\u00e4t ovat niin laajat ja katto korkealla, ett\u00e4 aivan tavallisesta &#8221;standardijazzista&#8221; k\u00e4ytet\u00e4\u00e4n joskus jopa nime\u00e4 &#8221;jazzjazz&#8221;. Tarjolla on siis hyvin monenlaista musiikkia monenlaisille ihmisille, esimerkiksi &#8221;viihdejazzia&#8221; niille, joiden jalka mieluusti vipattaa &#8221;pappajatsin&#8221; tahdissa, tanssihaluisille trendiklubien &#8221;nu-jazzia&#8221; ja vakavaa &#8221;kamarijazzia&#8221; niille,  jotka mielell\u00e4\u00e4n otsa rypyss\u00e4 keskittyv\u00e4t &#8221;taidejazzin&#8221; salaisuuksiin konserttisalissa.<\/p>\n<p>11.8. 2002<\/p>\n","protected":false},"excerpt":{"rendered":"<p>Rakkaalla lapsella on monta nime\u00e4, sanotaan. Jazzista puhuttaessa v\u00e4ite voi hyvinkin pit\u00e4\u00e4 paikkansa, sill\u00e4 jazzin eri tyylej\u00e4 ja soittotapoja kuvaavista sanoista kertyy helposti pitk\u00e4 lista. Kun jazz syntyi reilut sata vuotta sitten, k\u00e4ytettiin uudesta musiikista aluksi sanaa &#8221;jass&#8221; ja vasta my\u00f6hemmin alettiin puhua &#8221;New Orleans-jazzista&#8221; tai &#8221;dixielandista&#8221;. Sitten Louis Armstrong ja kumppanit muuttivat jazzin kotikaupungista [&hellip;]<\/p>\n","protected":false},"author":1,"featured_media":0,"parent":151,"menu_order":0,"comment_status":"open","ping_status":"open","template":"onecolumn-page.php","meta":{"ngg_post_thumbnail":0,"footnotes":""},"class_list":["post-218","page","type-page","status-publish","hentry"],"jetpack_likes_enabled":false,"jetpack_sharing_enabled":true,"_links":{"self":[{"href":"https:\/\/www.valonkuvia.fi\/blogi\/wp-json\/wp\/v2\/pages\/218","targetHints":{"allow":["GET"]}}],"collection":[{"href":"https:\/\/www.valonkuvia.fi\/blogi\/wp-json\/wp\/v2\/pages"}],"about":[{"href":"https:\/\/www.valonkuvia.fi\/blogi\/wp-json\/wp\/v2\/types\/page"}],"author":[{"embeddable":true,"href":"https:\/\/www.valonkuvia.fi\/blogi\/wp-json\/wp\/v2\/users\/1"}],"replies":[{"embeddable":true,"href":"https:\/\/www.valonkuvia.fi\/blogi\/wp-json\/wp\/v2\/comments?post=218"}],"version-history":[{"count":1,"href":"https:\/\/www.valonkuvia.fi\/blogi\/wp-json\/wp\/v2\/pages\/218\/revisions"}],"predecessor-version":[{"id":219,"href":"https:\/\/www.valonkuvia.fi\/blogi\/wp-json\/wp\/v2\/pages\/218\/revisions\/219"}],"up":[{"embeddable":true,"href":"https:\/\/www.valonkuvia.fi\/blogi\/wp-json\/wp\/v2\/pages\/151"}],"wp:attachment":[{"href":"https:\/\/www.valonkuvia.fi\/blogi\/wp-json\/wp\/v2\/media?parent=218"}],"curies":[{"name":"wp","href":"https:\/\/api.w.org\/{rel}","templated":true}]}}