{"id":220,"date":"2011-07-13T10:24:52","date_gmt":"2011-07-13T07:24:52","guid":{"rendered":"http:\/\/www.valonkuvia.fi\/blogi\/?page_id=220"},"modified":"2011-07-13T10:24:52","modified_gmt":"2011-07-13T07:24:52","slug":"basisti-hyppasi-jokeen","status":"publish","type":"page","link":"https:\/\/www.valonkuvia.fi\/blogi\/jazzjutut\/2002-2\/basisti-hyppasi-jokeen\/","title":{"rendered":"Basisti hypp\u00e4si jokeen"},"content":{"rendered":"<p>Vibrafonisti, rumpali ja orkesterinjohtaja Lionel Hampton kuoli 31.8. 94-vuotiaana. Hamptonista saattoi hyv\u00e4ll\u00e4 syyll\u00e4 k\u00e4ytt\u00e4\u00e4 kulunutta ilmausta &#8221;legendaarinen jazzin j\u00e4ttil\u00e4inen&#8221;, sill\u00e4 h\u00e4n oli viel\u00e4 niit\u00e4 jazzmuusikoita, joilla oli suora yhteys jazzin historian alkuvaiheisiin. <\/p>\n<p>Hamptonin viihdytt\u00e4j\u00e4nlahjoista ja miksei my\u00f6s big band-kauden kilpailuhengest\u00e4 kertoo basisti Milt Hintonin muistelema anekdootti jazzkonsertista, joka j\u00e4rjestettiin ravintolalaivassa Potomac-joen rannalla Washingtonissa. Konsertin esiintyj\u00e4lista oli komea. Illan aloittajaksi oli luvattu saksofonisti Illinois Jacquetin orkesteri. Illinois Jacquet oli aiemmin soittanut Lionel Hamptonin big bandiss\u00e4, joka oli esiintyj\u00e4listalla toisena. <\/p>\n<p>Illan kolmantena ja suurimpana t\u00e4hten\u00e4 loisti itse Louis Armstrong. Konsertin alkamisaika oli mennyt jo aikaa sitten ohi, mutta sek\u00e4 Jacquetin ett\u00e4 Hamptonin yhtyeet olivat jostain syyst\u00e4 my\u00f6h\u00e4ss\u00e4. Yleis\u00f6 vaati musiikkia yh\u00e4 k\u00e4rsim\u00e4tt\u00f6m\u00e4mmin ja \u00e4\u00e4nekk\u00e4\u00e4mmin. Lopulta j\u00e4rjest\u00e4jien t\u00e4ytyi pyyt\u00e4\u00e4 p\u00e4\u00e4t\u00e4hti Armstrongia aloittamaan. Satchmo ei ollut koskaan pikkumainen muodollisuuksista ja h\u00e4n suostui pelastamaan tilanteen. Armstrong soitti yhtyeineen loistavan keikan ja ylim\u00e4\u00e4r\u00e4isten kappaleiden j\u00e4lkeen innostunut yleis\u00f6 osoitti suosiotaan seisaaltaan k\u00e4sin.<\/p>\n<p>T\u00e4ss\u00e4 vaiheessa Illinois Jacquet orkestereineen oli jo saapunut ja h\u00e4nen ep\u00e4kiitollinen teht\u00e4v\u00e4ns\u00e4 oli menn\u00e4 lavalle Armstrongin j\u00e4lkeen. Koska yleis\u00f6 tiesi, ett\u00e4 he olivat joutuneet odottamaan juuri Jacquetin takia, vastaanotto oli nihke\u00e4. N\u00e4ytt\u00e4v\u00e4 rumpusoolokaan ei yleis\u00f6\u00e4 sytytt\u00e4nyt. Viimein Jacquet p\u00e4\u00e4tti soittaa Lionel Hamptonin hittikappaleen &#8221;Flying Home&#8221;, jonka tenorisolistina Jacquet oli itse aikoinaan tullut tunnetuksi. Hitti mursi yleis\u00f6n vastarinnan. Jacquetin tenorisoolo sai yleis\u00f6n tanssimaan ja ulvomaan lis\u00e4\u00e4.<\/p>\n<p>Nyt my\u00f6s Lionel Hampton ehti paikalle ja kuuli kauhukseen, kuinka Jacquet villitsee yleis\u00f6n h\u00e4nen tunnuss\u00e4velm\u00e4ll\u00e4\u00e4n. Hamptonin yhtyeen menness\u00e4 lavalle tunnelma oli j\u00e4lleen laimea, mik\u00e4\u00e4n ei tuntunut tavoittavan yleis\u00f6\u00e4, joka oli saanut jo niin paljon viihdykett\u00e4 ja vauhtia. Hampton kokeili my\u00f6s hitti\u00e4\u00e4n &#8221;Flying Home&#8221;, mutta vanhan kertaus ei en\u00e4\u00e4 sytytt\u00e4nyt. <\/p>\n<p>Hampton oli sen verran showmies, ett\u00e4 vaisu vastaanotto ja tappio yleis\u00f6n suosiosta ei h\u00e4nt\u00e4 tyydytt\u00e4nyt. Hampton meni basisti Monk Montgomeryn luokse ja lupasi ylim\u00e4\u00e4r\u00e4iset kymmenen dollaria, jos t\u00e4m\u00e4 hypp\u00e4\u00e4 ravintolalaivan laidan yli jokeen. Yhtye aloitti uuden kappaleen, kiihdytti sen vauhtiin, jonka huipennukseksi Montgomery hypp\u00e4si jokeen. Yhtye jatkoi soittamistaan, rakensi uuden kliimaksin, basisti hypp\u00e4si viel\u00e4 kaksi kertaa uudelleen jokeen ja lopulta yleis\u00f6 villiintyi. <\/p>\n<p>Hampton oli toki paljon muutakin kuin taitava viihdytt\u00e4j\u00e4. H\u00e4n teki ensimm\u00e4isen\u00e4 jazzmuusikkona vibrafonista  soolosoittimen ja soitti sit\u00e4 virtuoosimaisesti. Hampton oli mukana murtamassa rotujen v\u00e4lisi\u00e4 raja-aitoja soittaessaan Benny Goodmanin yhtyeiss\u00e4 yhdess\u00e4 toisen mustan muusikon pianisti Teddy Wilsonin kanssa. Hampton johti monia erikokoisia jazzyhtyeit\u00e4, jotka olivat kuin yliopistoja suurelle joukolle nuoria huippumuusikoita. Hampton levytti my\u00f6s laajan levytystuotannon, joka kest\u00e4\u00e4 hyvin kuuntelua vuosikymmenten j\u00e4lkeenkin. <\/p>\n<p>L\u00e4hde: Bill Crow: Jazz Anecdotes. Oxford University Press. 1990. <\/p>\n<p><em>15.9. 2002<\/em><\/p>\n","protected":false},"excerpt":{"rendered":"<p>Vibrafonisti, rumpali ja orkesterinjohtaja Lionel Hampton kuoli 31.8. 94-vuotiaana. Hamptonista saattoi hyv\u00e4ll\u00e4 syyll\u00e4 k\u00e4ytt\u00e4\u00e4 kulunutta ilmausta &#8221;legendaarinen jazzin j\u00e4ttil\u00e4inen&#8221;, sill\u00e4 h\u00e4n oli viel\u00e4 niit\u00e4 jazzmuusikoita, joilla oli suora yhteys jazzin historian alkuvaiheisiin. Hamptonin viihdytt\u00e4j\u00e4nlahjoista ja miksei my\u00f6s big band-kauden kilpailuhengest\u00e4 kertoo basisti Milt Hintonin muistelema anekdootti jazzkonsertista, joka j\u00e4rjestettiin ravintolalaivassa Potomac-joen rannalla Washingtonissa. Konsertin esiintyj\u00e4lista [&hellip;]<\/p>\n","protected":false},"author":1,"featured_media":0,"parent":151,"menu_order":0,"comment_status":"open","ping_status":"open","template":"onecolumn-page.php","meta":{"ngg_post_thumbnail":0,"footnotes":""},"class_list":["post-220","page","type-page","status-publish","hentry"],"jetpack_likes_enabled":false,"jetpack_sharing_enabled":true,"_links":{"self":[{"href":"https:\/\/www.valonkuvia.fi\/blogi\/wp-json\/wp\/v2\/pages\/220","targetHints":{"allow":["GET"]}}],"collection":[{"href":"https:\/\/www.valonkuvia.fi\/blogi\/wp-json\/wp\/v2\/pages"}],"about":[{"href":"https:\/\/www.valonkuvia.fi\/blogi\/wp-json\/wp\/v2\/types\/page"}],"author":[{"embeddable":true,"href":"https:\/\/www.valonkuvia.fi\/blogi\/wp-json\/wp\/v2\/users\/1"}],"replies":[{"embeddable":true,"href":"https:\/\/www.valonkuvia.fi\/blogi\/wp-json\/wp\/v2\/comments?post=220"}],"version-history":[{"count":1,"href":"https:\/\/www.valonkuvia.fi\/blogi\/wp-json\/wp\/v2\/pages\/220\/revisions"}],"predecessor-version":[{"id":221,"href":"https:\/\/www.valonkuvia.fi\/blogi\/wp-json\/wp\/v2\/pages\/220\/revisions\/221"}],"up":[{"embeddable":true,"href":"https:\/\/www.valonkuvia.fi\/blogi\/wp-json\/wp\/v2\/pages\/151"}],"wp:attachment":[{"href":"https:\/\/www.valonkuvia.fi\/blogi\/wp-json\/wp\/v2\/media?parent=220"}],"curies":[{"name":"wp","href":"https:\/\/api.w.org\/{rel}","templated":true}]}}