{"id":224,"date":"2011-07-13T10:28:13","date_gmt":"2011-07-13T07:28:13","guid":{"rendered":"http:\/\/www.valonkuvia.fi\/blogi\/?page_id=224"},"modified":"2011-07-13T10:28:13","modified_gmt":"2011-07-13T07:28:13","slug":"kevytta-ja-raskasta-musiikkia","status":"publish","type":"page","link":"https:\/\/www.valonkuvia.fi\/blogi\/jazzjutut\/2002-2\/kevytta-ja-raskasta-musiikkia\/","title":{"rendered":"Kevytt\u00e4 ja raskasta musiikkia"},"content":{"rendered":"<p>Er\u00e4s tuttava kyseli t\u00e4ss\u00e4 jokin aika sitten, ett\u00e4 sin\u00e4k\u00f6 harrastat kevytt\u00e4 musiikkia, sit\u00e4 jazzia. Min\u00e4 my\u00f6ntelin siihen, ett\u00e4 jazziahan min\u00e4 kuuntelen. Mieleni teki kommentoida tarkemmin k\u00e4sitett\u00e4 &#8221;kevyt musiikki&#8221;, mutta tilaisuus ei ollut oikein sopiva syvemm\u00e4lle musiikkikeskustelulle. Toisaalta yksityisen ihmisen puheenparsi ei anna aihetta suurempiin nurinoihin, se ei ole niin kovin vaarallista. <\/p>\n<p>Julkisemman puheen ja ajattelun laita on sen sijaan toisin. Jazzista puhuttaessa &#8221;kevyt musiikki&#8221; vihjailee jazzin olevan jotenkin huonompaa, pinnallisempaa ja v\u00e4h\u00e4arvoisempaa kuin oikea &#8221;vakava musiikki&#8221;. Samoin kevytt\u00e4 musiikkia soittava muusikko lienee taidoiltaan v\u00e4h\u00e4p\u00e4t\u00f6isempi kuin vakavan musiikin soittaja. Vanha jako kevyen ja vakavan musiikin v\u00e4lill\u00e4 selitt\u00e4nee sen, miksi jazz p\u00e4rj\u00e4\u00e4 klassista musiikkia huonommin musiikin julkista tukea jaettaessa. <\/p>\n<p>Koko k\u00e4site &#8221;kevyt musiikki&#8221; joutaisi hyl\u00e4t\u00e4 kokonaan sen sis\u00e4lt\u00e4m\u00e4n negatiivisen arvolatauksen vuoksi. Jazz on siis aivan yht\u00e4 arvokasta musiikkia kuin ns. klassinen musiikki. Louis Armstrong on aivan yht\u00e4 painava laulaja kuin oopperalavojen sankaritenorit ja Charlie Parkerin amerikkalaisten iskelmien pohjalta punomat saksofonisoolot ovat yht\u00e4 vakuuttavaa taidetta kuin wienil\u00e4isklassikoiden versiot aikansa eurooppalaisesta hovimusiikista. <\/p>\n<p>Jazzin v\u00e4heksymisen taustalla lienee alun perin ollut rasistisia ajatuksia. Mustien muusikoiden hurjat tanssirytmit tulkittiin eurooppalaisen korkeakulttuurin kannalta primitiiviseksi meteliksi. Metelin tuottamisen vaatima virtuoosimainen soittotekniikka j\u00e4i usein huomaamatta. Paperille kirjoitettuun musiikkiin verrattuna improvisoitua jazzia pidettiin hetken hurmiona. <\/p>\n<p>Lis\u00e4ksi jazz on tavallisesti pienimuotoista musiikkia, jazzmuusikot ovat harvoin pyrkineet luomaan klassisessa musiikissa ihailtujen sinfonian ja oopperan kaltaisia laajoja s\u00e4velteoksia. Jazz vertautuukin luontevimmin muusikoiden l\u00e4heiseen kommunikaatioon perustuvaan intiimiin kamarimusiikkiin.<br \/>\nMusiikilliset raja-aidat ovat viime aikoina toki kovalla vauhdilla murtuneet. Jazz on p\u00e4\u00e4ssyt mukaan musiikkikoulutusj\u00e4rjestelm\u00e4\u00e4n, joka on Suomessakin tuottanut uskomattoman paljon taitavia muusikoita, joiden k\u00e4sist\u00e4 on jo syntynyt omaper\u00e4ist\u00e4 taidetta.<\/p>\n<p>Monet muusikot ovat itse olleet innokkaita koettelemaan musiikinmuotojen rajoja. Saksofonisti Jukka Perko kertoi uuden Virtuosi di Kuhmo-kamariorkesterin kanssa levytt\u00e4m\u00e4ns\u00e4 &#8221;Kanaanmaa&#8221; -levyn olevan oikeastaan klassista musiikkia, jossa on mukana vaikutteita jazzista. Toisaalta klassinen viuluvirtuoosi Pekka Kuusisto h\u00e4\u00e4ri viime viikonloppuna s\u00e4hk\u00f6viuluineen ja efektilaitteineen helsinkil\u00e4isen jazzklubin lavalla yhdess\u00e4 Suomen Jazzliiton Yrj\u00f6-palkinnon saaneen laulaja Anna-Mari K\u00e4h\u00e4r\u00e4n kanssa. Vanha jako kevyeen ja vakavaan on siis h\u00e4ipym\u00e4ss\u00e4.<\/p>\n<p>Lopuksi rakennan jazzin kamarimusiikkiluonteesta aasinsillan Tornion musiikkitarjontaan, tarkemmin olemattomaan klassisen kamarimusiikin tarjontaan. Torniossa ei ole voinut vuosikausiin kuunnella huipputason kamarimusiikkia, ei kotimaisia korkeatasoisia jousiorkestereita eik\u00e4 pienempi\u00e4k\u00e4\u00e4n kokoonpanoja. Klassisen musiikin harrastajat Torniossa, perustakaa musiikkiyhdistys konsertteja j\u00e4rjest\u00e4m\u00e4\u00e4n. Teht\u00e4v\u00e4n ei pit\u00e4isi olla mahdoton. Riverside Jazz-yhdistyksess\u00e4 olemme s\u00e4\u00e4nn\u00f6llisesti tuoneet jazziksi kutsuttua kamarimusiikkia kaupunkiin yli kymmenen vuoden ajan. <\/p>\n<p><em>24.11. 2002<\/em><\/p>\n","protected":false},"excerpt":{"rendered":"<p>Er\u00e4s tuttava kyseli t\u00e4ss\u00e4 jokin aika sitten, ett\u00e4 sin\u00e4k\u00f6 harrastat kevytt\u00e4 musiikkia, sit\u00e4 jazzia. Min\u00e4 my\u00f6ntelin siihen, ett\u00e4 jazziahan min\u00e4 kuuntelen. Mieleni teki kommentoida tarkemmin k\u00e4sitett\u00e4 &#8221;kevyt musiikki&#8221;, mutta tilaisuus ei ollut oikein sopiva syvemm\u00e4lle musiikkikeskustelulle. Toisaalta yksityisen ihmisen puheenparsi ei anna aihetta suurempiin nurinoihin, se ei ole niin kovin vaarallista. Julkisemman puheen ja ajattelun [&hellip;]<\/p>\n","protected":false},"author":1,"featured_media":0,"parent":151,"menu_order":0,"comment_status":"open","ping_status":"open","template":"onecolumn-page.php","meta":{"ngg_post_thumbnail":0,"footnotes":""},"class_list":["post-224","page","type-page","status-publish","hentry"],"jetpack_likes_enabled":false,"jetpack_sharing_enabled":true,"_links":{"self":[{"href":"https:\/\/www.valonkuvia.fi\/blogi\/wp-json\/wp\/v2\/pages\/224","targetHints":{"allow":["GET"]}}],"collection":[{"href":"https:\/\/www.valonkuvia.fi\/blogi\/wp-json\/wp\/v2\/pages"}],"about":[{"href":"https:\/\/www.valonkuvia.fi\/blogi\/wp-json\/wp\/v2\/types\/page"}],"author":[{"embeddable":true,"href":"https:\/\/www.valonkuvia.fi\/blogi\/wp-json\/wp\/v2\/users\/1"}],"replies":[{"embeddable":true,"href":"https:\/\/www.valonkuvia.fi\/blogi\/wp-json\/wp\/v2\/comments?post=224"}],"version-history":[{"count":1,"href":"https:\/\/www.valonkuvia.fi\/blogi\/wp-json\/wp\/v2\/pages\/224\/revisions"}],"predecessor-version":[{"id":225,"href":"https:\/\/www.valonkuvia.fi\/blogi\/wp-json\/wp\/v2\/pages\/224\/revisions\/225"}],"up":[{"embeddable":true,"href":"https:\/\/www.valonkuvia.fi\/blogi\/wp-json\/wp\/v2\/pages\/151"}],"wp:attachment":[{"href":"https:\/\/www.valonkuvia.fi\/blogi\/wp-json\/wp\/v2\/media?parent=224"}],"curies":[{"name":"wp","href":"https:\/\/api.w.org\/{rel}","templated":true}]}}