{"id":226,"date":"2011-07-13T10:29:51","date_gmt":"2011-07-13T07:29:51","guid":{"rendered":"http:\/\/www.valonkuvia.fi\/blogi\/?page_id=226"},"modified":"2011-07-13T10:29:51","modified_gmt":"2011-07-13T07:29:51","slug":"vuoden-parhaat-jazzlevyt","status":"publish","type":"page","link":"https:\/\/www.valonkuvia.fi\/blogi\/jazzjutut\/2002-2\/vuoden-parhaat-jazzlevyt\/","title":{"rendered":"Vuoden parhaat jazzlevyt"},"content":{"rendered":"<p>Vuosi 2002 alkaa olla lopuillaan ja on aika laatia lista kuluneen vuoden aikana eteen sattuneista ja mieleen j\u00e4\u00e4neist\u00e4 levyist\u00e4. Listani on aika sattumanvarainen, sill\u00e4 kaikkea kiinnostavaa en ole p\u00e4\u00e4ssyt kuulemaan. Valinnat ovat my\u00f6s t\u00e4ysin puolueellisia, mink\u00e4\u00e4nlaista pyrkimyst\u00e4 puolueettomuuteen listalla ei ole. Jos joku haluaa hankkia listan levyj\u00e4 vaikkapa joululahjaksi, kannattaa k\u00e4\u00e4nty\u00e4 ns. asiantuntevan levykaupan puoleen.<\/p>\n<p><em>Vuoden kotimainen jazzlevy<\/em><br \/>\non suomalais-tanskalaisen Delirium-kvartetin vankka esikoislevy &#8221;Delirium&#8221; (Fiasko Records). Saksofonisti Mikko Innanen ja kornetisti Kasper Tranberg loistavat solisteina voimakkaalla ja svengaavalla levyll\u00e4. <\/p>\n<p><em>Vuoden kotimainen uusintajulkaisu<\/em><br \/>\non Esa Pethmanin &#8221;The Modern Sound of Finland&#8221; (Warner). Esa Pethmanin s\u00e4vellyksist\u00e4 koostuva levy osoittaa, ett\u00e4 Suomessa osattiin yhdist\u00e4\u00e4 jazzin, kansanmusiikin ja klassisen aineksia jo 1960-luvun puoliv\u00e4liss\u00e4. Levy lavensi k\u00e4sityst\u00e4ni kotimaisen jazzin historiasta.<\/p>\n<p><em>Vuoden amerikkalainen jazzlevy<\/em><br \/>\non saksofonisti Wayne Shorterin &#8221;Footprints Live !&#8221; (Verve). Shorter on er\u00e4s kaikkien aikojen merkitt\u00e4vimmist\u00e4 jazzs\u00e4velt\u00e4jist\u00e4, joka aikoinaan soitti esimerkiksi Miles Davisin kvintetiss\u00e4 ja fuusiojazzin uraa uurtaneessa Weather Report-yhtyeess\u00e4. H\u00e4n palaa nyt pitk\u00e4n tauon j\u00e4lkeen vakuuttavasti akustisen jazzin pariin. Virtuoosimainen kvartetti n\u00e4ytt\u00e4\u00e4 mit\u00e4 pienyhtyejazz voi parhaimmillaan olla.<\/p>\n<p><em>Vuoden arkistol\u00f6yt\u00f6<\/em><br \/>\non Weather Report-yhtyeen &#8221;Live and Unreleased&#8221; (Columbia\/Legacy), joka sis\u00e4lt\u00e4\u00e4 ennen julkaisemattomia konsertti\u00e4\u00e4nityksi\u00e4 1970- ja 80-luvuilta. Wayne Shorter ja kosketinsoittaja Joe Zawinul olivat yhtyeen voimahahmot. Joe Zawinulin koskettimistaan loihtimat \u00e4\u00e4nimaailmat kuulostavat edelleen tuoreilta ja rikkailta.<\/p>\n<p><em>Vuoden eurooppalainen jazzlevy<\/em><br \/>\non trumpetisti Tomasz Stankon &#8221;Soul of Things&#8221; (ECM), jolla Stanko omien sanojensa mukaan jatkaa sen saman melodian soittamista, jota h\u00e4n on koko 1960-luvun alusta alkaneen uransa aikana soittanut. Veteraani Stanko soittaa nuorten puolalaisten muusikoiden kanssa kaunista jazzia.<\/p>\n<p><em>Vuoden pianotriolevy<\/em><br \/>\non pianisti Keith Jarrettin trion konsertti\u00e4\u00e4nitys &#8221;Always Let Me Go&#8221; (ECM). Trio on soittanut yhdess\u00e4 jo parikymment\u00e4 vuotta. Alunperin standardis\u00e4velmi\u00e4 tulkinnut trio on viime vuosina alkanut soittaa hyvin vapaamuotoisesti. Todellista improvisaatiota.<\/p>\n<p><em>Vuoden kamarimusiikkilevy<\/em><br \/>\non Jukka Perkon ja kamariorkesteri Virtuosi di Kuhmon virsilevy &#8221;Kaanaanmaa&#8221; (Blue Note\/EMI). Innostus suomalaisiin virsiin kest\u00e4\u00e4 viel\u00e4 ainakin t\u00e4m\u00e4n tyylikk\u00e4\u00e4n ja tunnelmallisen yrityksen. Vanhojen virsien sovittajana kamariorkesterille kunnostautuvat suomalaiset jazzmuusikot Pekka Pohjolasta Severi Pyysaloon. <\/p>\n<p><em>Vuoden kansanmusiikkilevy<\/em><br \/>\non Jord-yhtyeen &#8221;V\u00e4yl\u00e4n virrassa&#8221; (Caprice). Tornionjokilaakson uutta kansanmusiikkia esitt\u00e4v\u00e4 ruotsalainen Jord esitt\u00e4\u00e4 lauluja joppauksesta, me\u00e4nkielest\u00e4, Tornionjoesta ja rakkaudesta. Raikasta, hauskaa ja herkk\u00e4\u00e4 musiikkia. Jord on mainio my\u00f6s esiintymislavalla.<\/p>\n<p><em>15.12. 2002<\/em><\/p>\n","protected":false},"excerpt":{"rendered":"<p>Vuosi 2002 alkaa olla lopuillaan ja on aika laatia lista kuluneen vuoden aikana eteen sattuneista ja mieleen j\u00e4\u00e4neist\u00e4 levyist\u00e4. Listani on aika sattumanvarainen, sill\u00e4 kaikkea kiinnostavaa en ole p\u00e4\u00e4ssyt kuulemaan. Valinnat ovat my\u00f6s t\u00e4ysin puolueellisia, mink\u00e4\u00e4nlaista pyrkimyst\u00e4 puolueettomuuteen listalla ei ole. Jos joku haluaa hankkia listan levyj\u00e4 vaikkapa joululahjaksi, kannattaa k\u00e4\u00e4nty\u00e4 ns. asiantuntevan levykaupan puoleen. [&hellip;]<\/p>\n","protected":false},"author":1,"featured_media":0,"parent":151,"menu_order":0,"comment_status":"open","ping_status":"open","template":"onecolumn-page.php","meta":{"ngg_post_thumbnail":0,"footnotes":""},"class_list":["post-226","page","type-page","status-publish","hentry"],"jetpack_likes_enabled":false,"jetpack_sharing_enabled":true,"_links":{"self":[{"href":"https:\/\/www.valonkuvia.fi\/blogi\/wp-json\/wp\/v2\/pages\/226","targetHints":{"allow":["GET"]}}],"collection":[{"href":"https:\/\/www.valonkuvia.fi\/blogi\/wp-json\/wp\/v2\/pages"}],"about":[{"href":"https:\/\/www.valonkuvia.fi\/blogi\/wp-json\/wp\/v2\/types\/page"}],"author":[{"embeddable":true,"href":"https:\/\/www.valonkuvia.fi\/blogi\/wp-json\/wp\/v2\/users\/1"}],"replies":[{"embeddable":true,"href":"https:\/\/www.valonkuvia.fi\/blogi\/wp-json\/wp\/v2\/comments?post=226"}],"version-history":[{"count":1,"href":"https:\/\/www.valonkuvia.fi\/blogi\/wp-json\/wp\/v2\/pages\/226\/revisions"}],"predecessor-version":[{"id":227,"href":"https:\/\/www.valonkuvia.fi\/blogi\/wp-json\/wp\/v2\/pages\/226\/revisions\/227"}],"up":[{"embeddable":true,"href":"https:\/\/www.valonkuvia.fi\/blogi\/wp-json\/wp\/v2\/pages\/151"}],"wp:attachment":[{"href":"https:\/\/www.valonkuvia.fi\/blogi\/wp-json\/wp\/v2\/media?parent=226"}],"curies":[{"name":"wp","href":"https:\/\/api.w.org\/{rel}","templated":true}]}}