{"id":232,"date":"2011-07-13T12:25:31","date_gmt":"2011-07-13T09:25:31","guid":{"rendered":"http:\/\/www.valonkuvia.fi\/blogi\/?page_id=232"},"modified":"2012-02-24T23:53:34","modified_gmt":"2012-02-24T21:53:34","slug":"2003-2","status":"publish","type":"page","link":"https:\/\/www.valonkuvia.fi\/blogi\/jazzjutut\/2003-2\/","title":{"rendered":"2003"},"content":{"rendered":"<p><a href=\"http:\/\/www.valonkuvia.fi\/blogi\/?page_id=259\" title=\"Svengi ja soolo\">Svengi ja soolo<\/a> K\u00e4sitteet selviksi<\/p>\n<p><a href=\"http:\/\/www.valonkuvia.fi\/blogi\/?page_id=235\" title=\"Internetjazzia\">Internetjazzia<\/a> Netti alkoi nousta yh\u00e4 t\u00e4rke\u00e4mm\u00e4ksi.<\/p>\n<p><a href=\"http:\/\/www.valonkuvia.fi\/blogi\/?page_id=240\" title=\"Musiikkilajien rajamailla\">Musiikkilajien rajamailla<\/a> Norrbotten Big Band ja UMO<\/p>\n<p><a href=\"http:\/\/www.valonkuvia.fi\/blogi\/?page_id=242\" title=\"Virtuoosi\">Virtuoosi<\/a> Django Reinhardt<\/p>\n<p><a href=\"http:\/\/www.valonkuvia.fi\/blogi\/?page_id=244\" title=\"Kaikkien aikojen jazzkonsertti\">Kaikkien aikojen jazzkonsertti<\/a> Jazz at Massey Hall<\/p>\n<p><a href=\"http:\/\/www.valonkuvia.fi\/blogi\/?page_id=246\" title=\"Jazzia paremmuusj\u00e4rjestyksess\u00e4\">Jazzia paremmuusj\u00e4rjestyksess\u00e4<\/a> Down Beat &#8211; kriitikko\u00e4\u00e4nestys<\/p>\n<p><a href=\"http:\/\/www.valonkuvia.fi\/blogi\/?page_id=248\" title=\"Musiikillista lohtua vaikeista kohtaloista\">Musiikillista lohtua vaikeista kohtaloista<\/a> Ovatko jazzmuusikot hulluja?<\/p>\n<p><a href=\"http:\/\/www.valonkuvia.fi\/blogi\/?page_id=250\" title=\"Jamit ja jammaaminen\">Jamit ja jammaaminen<\/a> K\u00e4sitteet selviksi<\/p>\n<p><a href=\"http:\/\/www.valonkuvia.fi\/blogi\/?page_id=252\" title=\"Vuoden jazzlevyt\">Vuoden jazzlevyt<\/a> Vuosi 2003 pakettiin<\/p>\n","protected":false},"excerpt":{"rendered":"<p>Svengi ja soolo K\u00e4sitteet selviksi Internetjazzia Netti alkoi nousta yh\u00e4 t\u00e4rke\u00e4mm\u00e4ksi. Musiikkilajien rajamailla Norrbotten Big Band ja UMO Virtuoosi Django Reinhardt Kaikkien aikojen jazzkonsertti Jazz at Massey Hall Jazzia paremmuusj\u00e4rjestyksess\u00e4 Down Beat &#8211; kriitikko\u00e4\u00e4nestys Musiikillista lohtua vaikeista kohtaloista Ovatko jazzmuusikot hulluja? Jamit ja jammaaminen K\u00e4sitteet selviksi Vuoden jazzlevyt Vuosi 2003 pakettiin<\/p>\n","protected":false},"author":1,"featured_media":0,"parent":116,"menu_order":0,"comment_status":"open","ping_status":"open","template":"onecolumn-page.php","meta":{"ngg_post_thumbnail":0,"footnotes":""},"class_list":["post-232","page","type-page","status-publish","hentry"],"jetpack_likes_enabled":false,"jetpack_sharing_enabled":true,"_links":{"self":[{"href":"https:\/\/www.valonkuvia.fi\/blogi\/wp-json\/wp\/v2\/pages\/232","targetHints":{"allow":["GET"]}}],"collection":[{"href":"https:\/\/www.valonkuvia.fi\/blogi\/wp-json\/wp\/v2\/pages"}],"about":[{"href":"https:\/\/www.valonkuvia.fi\/blogi\/wp-json\/wp\/v2\/types\/page"}],"author":[{"embeddable":true,"href":"https:\/\/www.valonkuvia.fi\/blogi\/wp-json\/wp\/v2\/users\/1"}],"replies":[{"embeddable":true,"href":"https:\/\/www.valonkuvia.fi\/blogi\/wp-json\/wp\/v2\/comments?post=232"}],"version-history":[{"count":10,"href":"https:\/\/www.valonkuvia.fi\/blogi\/wp-json\/wp\/v2\/pages\/232\/revisions"}],"predecessor-version":[{"id":2474,"href":"https:\/\/www.valonkuvia.fi\/blogi\/wp-json\/wp\/v2\/pages\/232\/revisions\/2474"}],"up":[{"embeddable":true,"href":"https:\/\/www.valonkuvia.fi\/blogi\/wp-json\/wp\/v2\/pages\/116"}],"wp:attachment":[{"href":"https:\/\/www.valonkuvia.fi\/blogi\/wp-json\/wp\/v2\/media?parent=232"}],"curies":[{"name":"wp","href":"https:\/\/api.w.org\/{rel}","templated":true}]}}