{"id":235,"date":"2011-07-13T12:32:20","date_gmt":"2011-07-13T09:32:20","guid":{"rendered":"http:\/\/www.valonkuvia.fi\/blogi\/?page_id=235"},"modified":"2011-07-13T12:36:37","modified_gmt":"2011-07-13T09:36:37","slug":"internetjazzia","status":"publish","type":"page","link":"https:\/\/www.valonkuvia.fi\/blogi\/jazzjutut\/2003-2\/internetjazzia\/","title":{"rendered":"Internetjazzia"},"content":{"rendered":"<p><em>Huom! Kaikki n\u00e4m\u00e4 alla mainitut sivut ovat edelleen olemassa, osa muuttuneina, osa l\u00e4hes ennallaan. Sivut l\u00f6ytyv\u00e4t hakukoneilla, en ole p\u00e4ivitt\u00e4nyt osoitteita t\u00e4h\u00e4n.<\/em><\/p>\n<p>Tietoverkkointoilijat v\u00e4itt\u00e4v\u00e4t, ett\u00e4 kaikki t\u00e4rke\u00e4t asiat l\u00f6ytyv\u00e4t nyky\u00e4\u00e4n internetist\u00e4(<em>Huom. Ajat ovat muuttuneet<\/em>!). Innostus ei ole aivan perusteetonta, niin paljon kaikesta maailman informaatiosta n\u00e4ytt\u00e4\u00e4 l\u00f6ytyv\u00e4n netist\u00e4. My\u00f6s jazzin maailmassa moni tieto on siirretty verkon v\u00e4lityksell\u00e4 saavutettavaksi. Jazzia k\u00e4sittelevi\u00e4 sivuja lienee jo miljoonia; muusikoiden kotisivuja, jazzlehti\u00e4, levy-yhti\u00f6it\u00e4, levykauppoja, diskografioita, sekalainen valikoima sek\u00e4 ammattilaisten ty\u00f6t\u00e4 ett\u00e4 innokkaiden harrastajien puuhastelua. Seuraavassa t\u00e4st\u00e4 paljoudesta vihjeeksi muutama sivusto parhaasta p\u00e4\u00e4st\u00e4.<\/p>\n<p><strong>Suomijazz<\/strong> on ensimm\u00e4inen osoite, joka kannattaa kirjoittaa selainohjelmaan, kun hakee tietoa suomalaisesta jazzista. \u00c4skett\u00e4in Kulttuuri-, mielipide-, ja tiedelehtien liiton j\u00e4seneksi hyv\u00e4ksytty verkkolehti kokoaa yhteen olennaiset tiedot jazzmuusikoista, levyist\u00e4, alan j\u00e4rjest\u00f6ist\u00e4 ja tapahtumista. <\/p>\n<p><strong>All About Jazz<\/strong> on laaja amerikkalainen verkkolehti ja tarjoaa nimens\u00e4 mukaisesti n\u00e4k\u00f6alan koko jazzin kentt\u00e4\u00e4n; uutisia, levyuutuuksia, haastatteluja, muusikkoesittelyj\u00e4 tyyliin ja ik\u00e4\u00e4n katsomatta. Ilahduttavasti All About Jazz muistaa, ett\u00e4 jazzia soitetaan my\u00f6s Euroopassa. Suomalainen jazz on esill\u00e4 my\u00f6nteisess\u00e4 hengess\u00e4, esimerkiksi nuorten muusikoiden levy-yhti\u00f6 Fiasko Records tuotteineen on saanut kiitt\u00e4v\u00e4t arviot.<\/p>\n<p><strong>The Red Hot Jazz Archive<\/strong> keskittyy jazzin historiaan ennen vuotta 1930. Jos kiinnostuksen kohteena ovat sellaiset jazzmuusikot kuin Freddie Keppard ja Jimmie Noone, on Red Hot Jazz oikea osoite. Hienointa sivuilla ovat sadat \u00e4\u00e4nitiedostot. Voit kuunnella esimerkiksi Original Dixie Jazz Bandin levytt\u00e4m\u00e4t maailman ensimm\u00e4iset jazzlevytykset vuodelta 1917.<\/p>\n<p><strong>European Free Improvisation Pages<\/strong> tarjoaa puolestaan tietoa vapaasta improvisaatiosta, jota monet eiv\u00e4t en\u00e4\u00e4 jazzina edes pid\u00e4. Sivusto on tekniikaltaan vanhanaikainen ja sen osoite mutkikas, mutta hyv\u00e4 tietol\u00e4hde h\u00e4ly\u00e4\u00e4nten ja taatusti ep\u00e4kaupallisen musiikin yst\u00e4ville.<\/p>\n<p><strong>A Great Day In Harlem<\/strong> on mielenkiintoinen jazzin historiasivusto. Sivun ideana on valokuvaaja Art Kanen elokuussa 1958 New Yorkin Harlemissa ottama kuuluisa jazzmuusikoiden ryhm\u00e4kuva. Kuvaan kokoontui 57 jazzmuusikkoa, esimerkiksi Dizzy Gillespie, Count Basie ja Lester Young. Jokaisesta muusikosta avautuu linkkej\u00e4 lis\u00e4tiedon l\u00e4hteille ja jazzin koko viidenkymmenen ensimm\u00e4isen vuoden historia esitell\u00e4\u00e4n yhden ainoan valokuvan kautta.<\/p>\n<p><strong>BBC &#8211; Jazz<\/strong> paljastaa, ett\u00e4 BBC on ainakin viel\u00e4 julkisen palvelun yleisradioyhti\u00f6. BBC:n runsailta jazzsivuilta voi kuunnella jazzmuusikoiden haastatteluja,  jazzl\u00e4hetyksi\u00e4 suorana tai arkistosta nauhoituksena; jopa kokonaisia konsertteja on kuultavissa nelj\u00e4 viikkoa konsertin j\u00e4lkeen.<\/p>\n<p>Yksitt\u00e4isten jazzmuusikoiden sivuja on niin paljon, ettei niist\u00e4 voi nostaa yht\u00e4 muiden ylitse. Muusikoiden sivuilla liikkuessa huomaa, ett\u00e4 verkkoon p\u00e4\u00e4seminen on ollut itsetarkoitus ilman tarkempaa k\u00e4sityst\u00e4 verkon luonteesta. Websurffailijalle tulee kiusaantunut olo, jos keikkakalenterin tuoreimmat esiintymiset ovat yli vuoden takaa. Internet on niin ajan hermolla oleva media, ett\u00e4 tietojen p\u00e4ivitt\u00e4misen unohtaminen vie koko sivuhankkeen uskottavuuden.<\/p>\n<p><em>23.2. 2003<\/em><\/p>\n","protected":false},"excerpt":{"rendered":"<p>Huom! Kaikki n\u00e4m\u00e4 alla mainitut sivut ovat edelleen olemassa, osa muuttuneina, osa l\u00e4hes ennallaan. Sivut l\u00f6ytyv\u00e4t hakukoneilla, en ole p\u00e4ivitt\u00e4nyt osoitteita t\u00e4h\u00e4n. Tietoverkkointoilijat v\u00e4itt\u00e4v\u00e4t, ett\u00e4 kaikki t\u00e4rke\u00e4t asiat l\u00f6ytyv\u00e4t nyky\u00e4\u00e4n internetist\u00e4(Huom. Ajat ovat muuttuneet!). Innostus ei ole aivan perusteetonta, niin paljon kaikesta maailman informaatiosta n\u00e4ytt\u00e4\u00e4 l\u00f6ytyv\u00e4n netist\u00e4. My\u00f6s jazzin maailmassa moni tieto on siirretty verkon [&hellip;]<\/p>\n","protected":false},"author":1,"featured_media":0,"parent":232,"menu_order":0,"comment_status":"open","ping_status":"open","template":"onecolumn-page.php","meta":{"ngg_post_thumbnail":0,"footnotes":""},"class_list":["post-235","page","type-page","status-publish","hentry"],"jetpack_likes_enabled":false,"jetpack_sharing_enabled":true,"_links":{"self":[{"href":"https:\/\/www.valonkuvia.fi\/blogi\/wp-json\/wp\/v2\/pages\/235","targetHints":{"allow":["GET"]}}],"collection":[{"href":"https:\/\/www.valonkuvia.fi\/blogi\/wp-json\/wp\/v2\/pages"}],"about":[{"href":"https:\/\/www.valonkuvia.fi\/blogi\/wp-json\/wp\/v2\/types\/page"}],"author":[{"embeddable":true,"href":"https:\/\/www.valonkuvia.fi\/blogi\/wp-json\/wp\/v2\/users\/1"}],"replies":[{"embeddable":true,"href":"https:\/\/www.valonkuvia.fi\/blogi\/wp-json\/wp\/v2\/comments?post=235"}],"version-history":[{"count":4,"href":"https:\/\/www.valonkuvia.fi\/blogi\/wp-json\/wp\/v2\/pages\/235\/revisions"}],"predecessor-version":[{"id":239,"href":"https:\/\/www.valonkuvia.fi\/blogi\/wp-json\/wp\/v2\/pages\/235\/revisions\/239"}],"up":[{"embeddable":true,"href":"https:\/\/www.valonkuvia.fi\/blogi\/wp-json\/wp\/v2\/pages\/232"}],"wp:attachment":[{"href":"https:\/\/www.valonkuvia.fi\/blogi\/wp-json\/wp\/v2\/media?parent=235"}],"curies":[{"name":"wp","href":"https:\/\/api.w.org\/{rel}","templated":true}]}}