{"id":242,"date":"2011-07-13T12:40:05","date_gmt":"2011-07-13T09:40:05","guid":{"rendered":"http:\/\/www.valonkuvia.fi\/blogi\/?page_id=242"},"modified":"2011-07-13T12:40:05","modified_gmt":"2011-07-13T09:40:05","slug":"virtuoosi","status":"publish","type":"page","link":"https:\/\/www.valonkuvia.fi\/blogi\/jazzjutut\/2003-2\/virtuoosi\/","title":{"rendered":"Virtuoosi"},"content":{"rendered":"<p>Tarinan mukaan ranskalainen kitaristi Django (oik. Jean-Babtiste) Reinhardt osoitti lahjansa jo poikasena, kun h\u00e4n voitti vedonly\u00f6nnin osaamalla soittaa oikeassa j\u00e4rjestyksess\u00e4 ja oikein vain kerran kuulemansa 17 s\u00e4velm\u00e4\u00e4. Reinhardt syntyi vuonna 1910 vankkurikaravaanilla pitkin Eurooppaa kiert\u00e4neeseen romaniperheeseen. Miehen tausta, v\u00e4rikk\u00e4\u00e4t el\u00e4m\u00e4ntavat ja suuri lahjakkuus takasivat, ett\u00e4 on vaikeaa erottaa todellisia el\u00e4m\u00e4nvaiheita legendoista.<\/p>\n<p>Django aloitti muusikonuransa pikkupoikana Pariisin kaduilla ja bistroissa veljens\u00e4 Josephin kanssa. Django soitti banjoa ja veli kiersi hatun kanssa yleis\u00f6n joukossa. Pojan ensimm\u00e4inen oikea keikka lienee ollut vuoden 1920 tienoilla. Silloin Djangolle maksettiin esiintymisest\u00e4 10 frangia. <\/p>\n<p>Pikkuhiljaa tienestit paranivat ja Djangolla alkoi olla varaa vuokrata limusiini ja kuljettaja sek\u00e4 ajella p\u00e4\u00e4m\u00e4\u00e4r\u00e4tt\u00e4 ymp\u00e4ri kaupunkia. Virtuoosimainen nuori mies sai aina uusia ty\u00f6tilaisuuksia eik\u00e4 s\u00e4\u00e4st\u00e4miseen ollut tarvetta. Tuolloin h\u00e4nen musiikkinsa oli sekoitus ranskalaisia laulelmia, valssis\u00e4velmi\u00e4, amerikkalaisia iskelmi\u00e4 ja it\u00e4eurooppalaista mustalaismusiikkia. <\/p>\n<p>Lupaavasti alkanut ura oli katketa vuonna 1928, kun Reinhardt loukkaantui pahoin asuntovaunun tulipalossa. Vasemman k\u00e4den pikkusormi ja nimet\u00f6n j\u00e4iv\u00e4t halvaantuneiksi, mutta nuorukainen opetteli sitke\u00e4sti soittamaan uudelleen ja k\u00e4ytt\u00e4m\u00e4\u00e4n halvaantuneita sormia kielten sammuttamiseen. My\u00f6hemm\u00e4t jazzkitaristit saivat tehd\u00e4 paljon ty\u00f6t\u00e4 opetellakseen Djangon ep\u00e4sovinnaisen soittotekniikan.<\/p>\n<p>Jazziin Django tutustui vasta vuonna 1932 , kun h\u00e4n kuuli Armstrongin ja Ellingtonin levyj\u00e4. Reinhardt koki heti Amerikan mustan v\u00e4hemmist\u00f6n musiikin omakseen, kuuluihan h\u00e4n itsekin syrjittyyn v\u00e4hemmist\u00f6\u00f6n. Miehen ura sai uuden suunnan ja h\u00e4n oppi jazzin kielen nopeasti. Muutaman vuoden kuluttua Pariisissa vierailleet amerikkalaiset muusikot eiv\u00e4t olleet uskoa korviaan, kun kuulivat t\u00e4m\u00e4n virtuoosimaisen svengin.<\/p>\n<p>Django l\u00f6ysi uuden yhteisty\u00f6kumppanin Stephane Grappellin. S\u00e4ntillinen, konservatoriossa opiskellut viulisti oli monella tapaa luku- ja kirjoitustaidottoman ja luonnonlapsimaisen Reinhardtin vastakohta. Yhteisty\u00f6 sujui silti ja syntyi Quintette du Hot Club de France, omaper\u00e4inen kamarijazzyhtye, johon kuului kolme kitaristia, viulisti ja basisti. Jazzyhtye ilman puhaltimia ja rumpuja oli radikaali ratkaisu, jonka monet tiukkapipoiset kriitikot tyrm\u00e4siv\u00e4t, mutta yhtye ja sen levytykset menestyiv\u00e4t.<\/p>\n<p>Toisen maailmansodan j\u00e4lkeen Reinhardtin t\u00e4hti alkoi laskea. H\u00e4nen ajattomaksi osoittautunutta swingi\u00e4\u00e4n pidettiin silloin vanhanaikaisena. Ellingtonin kutsusta toteutunut Amerikan kiertue  oli pettymys. Djangolla ei ollut kiertueen l\u00e4piviemiseen tarvittavaa itsekuria. H\u00e4n my\u00f6h\u00e4styi merkitt\u00e4v\u00e4n Carnagie Hallin konsertin alusta, saapui paikalle ilman kitaraa, joutui soittamaan kehnolla lainasoittimella ja sai huonot arvostelut. <\/p>\n<p>Kotiin palattuaan Django totesi, ett\u00e4 amerikkalaiset kitarat ovat huonoja. My\u00f6s Djangon terveys alkoi pett\u00e4\u00e4 ja h\u00e4n kielt\u00e4ytyi aina l\u00e4\u00e4k\u00e4reiden avusta. L\u00e4hes onkimieheksi siirtynyt Reinhardt kuoli halvaukseen 15.5.1953, siis viisikymment\u00e4 vuotta sitten. Varhaisesta kuolemasta huolimatta h\u00e4n on eurooppalaisen jazzin suuria hahmoja, joka osoitti, ett\u00e4 jazzia on mahdollista soittaa my\u00f6s oma\u00e4\u00e4nisesti, amerikkalaisia kopioimatta.<\/p>\n<p><em>27.4. 2003<\/em><\/p>\n","protected":false},"excerpt":{"rendered":"<p>Tarinan mukaan ranskalainen kitaristi Django (oik. Jean-Babtiste) Reinhardt osoitti lahjansa jo poikasena, kun h\u00e4n voitti vedonly\u00f6nnin osaamalla soittaa oikeassa j\u00e4rjestyksess\u00e4 ja oikein vain kerran kuulemansa 17 s\u00e4velm\u00e4\u00e4. Reinhardt syntyi vuonna 1910 vankkurikaravaanilla pitkin Eurooppaa kiert\u00e4neeseen romaniperheeseen. Miehen tausta, v\u00e4rikk\u00e4\u00e4t el\u00e4m\u00e4ntavat ja suuri lahjakkuus takasivat, ett\u00e4 on vaikeaa erottaa todellisia el\u00e4m\u00e4nvaiheita legendoista. Django aloitti muusikonuransa pikkupoikana [&hellip;]<\/p>\n","protected":false},"author":1,"featured_media":0,"parent":232,"menu_order":0,"comment_status":"open","ping_status":"open","template":"onecolumn-page.php","meta":{"ngg_post_thumbnail":0,"footnotes":""},"class_list":["post-242","page","type-page","status-publish","hentry"],"jetpack_likes_enabled":false,"jetpack_sharing_enabled":true,"_links":{"self":[{"href":"https:\/\/www.valonkuvia.fi\/blogi\/wp-json\/wp\/v2\/pages\/242","targetHints":{"allow":["GET"]}}],"collection":[{"href":"https:\/\/www.valonkuvia.fi\/blogi\/wp-json\/wp\/v2\/pages"}],"about":[{"href":"https:\/\/www.valonkuvia.fi\/blogi\/wp-json\/wp\/v2\/types\/page"}],"author":[{"embeddable":true,"href":"https:\/\/www.valonkuvia.fi\/blogi\/wp-json\/wp\/v2\/users\/1"}],"replies":[{"embeddable":true,"href":"https:\/\/www.valonkuvia.fi\/blogi\/wp-json\/wp\/v2\/comments?post=242"}],"version-history":[{"count":1,"href":"https:\/\/www.valonkuvia.fi\/blogi\/wp-json\/wp\/v2\/pages\/242\/revisions"}],"predecessor-version":[{"id":243,"href":"https:\/\/www.valonkuvia.fi\/blogi\/wp-json\/wp\/v2\/pages\/242\/revisions\/243"}],"up":[{"embeddable":true,"href":"https:\/\/www.valonkuvia.fi\/blogi\/wp-json\/wp\/v2\/pages\/232"}],"wp:attachment":[{"href":"https:\/\/www.valonkuvia.fi\/blogi\/wp-json\/wp\/v2\/media?parent=242"}],"curies":[{"name":"wp","href":"https:\/\/api.w.org\/{rel}","templated":true}]}}