{"id":244,"date":"2011-07-13T12:42:19","date_gmt":"2011-07-13T09:42:19","guid":{"rendered":"http:\/\/www.valonkuvia.fi\/blogi\/?page_id=244"},"modified":"2011-07-13T12:42:19","modified_gmt":"2011-07-13T09:42:19","slug":"kaikkien-aikojen-jazzkonsertti","status":"publish","type":"page","link":"https:\/\/www.valonkuvia.fi\/blogi\/jazzjutut\/2003-2\/kaikkien-aikojen-jazzkonsertti\/","title":{"rendered":"Kaikkien aikojen jazzkonsertti"},"content":{"rendered":"<p>On useita jazzkonsertteja, jotka ovat j\u00e4\u00e4neet musiikin historiaan poikkeuksellisen merkitt\u00e4vin\u00e4 tapauksina. Jotkut ovat vain kuulijoiden muistoissa, mutta joistain tilaisuuksista on j\u00e4lkipolville tallentunut konsertti\u00e4\u00e4nitys, kuten Benny Goodmanin kuuluisasta Carnegie Hallin konsertista vuonna 1938 tai Duke Ellingtonin yleis\u00f6\u00e4 villinneest\u00e4 come back -konsertista Newportin jazzfestivaaleilla vuonna 1956.<\/p>\n<p>Kaikkien aikojen jazzkonsertiksi, &#8221;The Greatest Jazz Concert Ever&#8221;, on mainittu konsertti Toronton Massey Hall-salissa 15. toukokuuta 1953, siis aika tarkkaan viisikymment\u00e4 vuotta sitten. Joukko nuoria jazzfaneja oli perustanut yhdistyksen nimelt\u00e4 Toronto New Jazz Society. Sen piiriss\u00e4 syntyi ajatus j\u00e4rjest\u00e4\u00e4 jazzkonsertti, jonka esiintyjiksi piti hankkia ajan parhaat muusikot. Yhdistyksen nokkamiehet puheenjohtajansa Dick Wattamin johdolla matkustivat New Yorkiin ja saivat koolle l\u00e4hes toivomansa yhtyeen.<\/p>\n<p>Kvintettiin kuuluivat saksofonisti Charlie Parker, trumpetisti Dizzy Gillespie, pianisti Bud Powell ja rumpali Max Roach. Toivelistalla oli my\u00f6s basisti Oscar Pettiford, mutta h\u00e4nen tilalleen saatiin Charles Mingus. Vaihdos varmisti konsertille pysyv\u00e4n j\u00e4lkimaineen, sill\u00e4 Mingus omisti pienen Debut-levy-yhti\u00f6n ja \u00e4\u00e4nitti konsertin.<\/p>\n<p>Vuonna 1953 Parker ja Powell olivat jo parhaat p\u00e4iv\u00e4ns\u00e4 el\u00e4neet. Parker kuoli huumeisiin vain 35-vuotiaana pari vuotta konsertin j\u00e4lkeen ja Powell hoippui mielisairauden ja alkoholismin v\u00e4limaastossa viel\u00e4 vuoteen 1966. Charles Minguksesta kehittyi muutamassa vuodessa er\u00e4s merkitt\u00e4vimmist\u00e4 jazzs\u00e4velt\u00e4jist\u00e4 ja Dizzy Gillespiest\u00e4 tuli er\u00e4s arvostetuimpia jazzmuusikoita. Poliittisesti aktiivinen Max Roach el\u00e4\u00e4 ja vaikuttaa viisikosta ainoana viel\u00e4 nyky\u00e4\u00e4nkin (<em>Huom! Max Roach 1924 &#8211; 2007).<\/em><\/p>\n<p>Mutta tuolloin &#8221;The Quintet&#8221; oli parasta, mit\u00e4 jazzilla oli tarjota. Konsertista julkaistu levy &#8221;Jazz At Massey Hall&#8221; (OJC 044) on kehnosta \u00e4\u00e4nenlaadusta huolimatta huikean hienoa musiikkia, joka pesee suurimman osan nykyajan huippustudioiden tuotannoista.<\/p>\n<p>Toronton jazzyhdistys oli konsertin j\u00e4rjest\u00e4jin\u00e4 amat\u00f6\u00f6ri, eik\u00e4 osannut markkinoida konserttia oikein. Kun lippukassaa konsertin j\u00e4lkeen laskettiin, huomattiin, ett\u00e4 tulot eiv\u00e4t riit\u00e4 kattamaan menoja. Wattamin tarjoamat shekit eiv\u00e4t kelvanneet muille kuin Parkerille, joka jo samana y\u00f6n\u00e4 vaihtoi shekin rahaksi paikallisessa levykaupassa ja vastapalvelukseksi signeerasi omak\u00e4tisesti kaikki putiikin Parker-levyt. Kaupan omistaja kehysti shekin ja laittoi sen esille liikkeeseens\u00e4.<\/p>\n<p>Konsertti on oiva esimerkki siit\u00e4, kuinka kulttuurin arvoa ei voi mitata rahassa. Taloudellisesti m\u00f6nk\u00e4\u00e4n mennyt tapahtuma on todellakin er\u00e4s taiteellisesti hienoimpia jazzkonsertteja, mit\u00e4 on onnistuttu dokumentoimaan.<\/p>\n<p>L\u00e4hde: Geoffrey Haydon: Quintet of The Year. Aurum Press. 2002. <\/p>\n<p><em>25.5. 2003<\/em><\/p>\n","protected":false},"excerpt":{"rendered":"<p>On useita jazzkonsertteja, jotka ovat j\u00e4\u00e4neet musiikin historiaan poikkeuksellisen merkitt\u00e4vin\u00e4 tapauksina. Jotkut ovat vain kuulijoiden muistoissa, mutta joistain tilaisuuksista on j\u00e4lkipolville tallentunut konsertti\u00e4\u00e4nitys, kuten Benny Goodmanin kuuluisasta Carnegie Hallin konsertista vuonna 1938 tai Duke Ellingtonin yleis\u00f6\u00e4 villinneest\u00e4 come back -konsertista Newportin jazzfestivaaleilla vuonna 1956. Kaikkien aikojen jazzkonsertiksi, &#8221;The Greatest Jazz Concert Ever&#8221;, on mainittu konsertti [&hellip;]<\/p>\n","protected":false},"author":1,"featured_media":0,"parent":232,"menu_order":0,"comment_status":"open","ping_status":"open","template":"onecolumn-page.php","meta":{"ngg_post_thumbnail":0,"footnotes":""},"class_list":["post-244","page","type-page","status-publish","hentry"],"jetpack_likes_enabled":false,"jetpack_sharing_enabled":true,"_links":{"self":[{"href":"https:\/\/www.valonkuvia.fi\/blogi\/wp-json\/wp\/v2\/pages\/244","targetHints":{"allow":["GET"]}}],"collection":[{"href":"https:\/\/www.valonkuvia.fi\/blogi\/wp-json\/wp\/v2\/pages"}],"about":[{"href":"https:\/\/www.valonkuvia.fi\/blogi\/wp-json\/wp\/v2\/types\/page"}],"author":[{"embeddable":true,"href":"https:\/\/www.valonkuvia.fi\/blogi\/wp-json\/wp\/v2\/users\/1"}],"replies":[{"embeddable":true,"href":"https:\/\/www.valonkuvia.fi\/blogi\/wp-json\/wp\/v2\/comments?post=244"}],"version-history":[{"count":1,"href":"https:\/\/www.valonkuvia.fi\/blogi\/wp-json\/wp\/v2\/pages\/244\/revisions"}],"predecessor-version":[{"id":245,"href":"https:\/\/www.valonkuvia.fi\/blogi\/wp-json\/wp\/v2\/pages\/244\/revisions\/245"}],"up":[{"embeddable":true,"href":"https:\/\/www.valonkuvia.fi\/blogi\/wp-json\/wp\/v2\/pages\/232"}],"wp:attachment":[{"href":"https:\/\/www.valonkuvia.fi\/blogi\/wp-json\/wp\/v2\/media?parent=244"}],"curies":[{"name":"wp","href":"https:\/\/api.w.org\/{rel}","templated":true}]}}