{"id":246,"date":"2011-07-13T12:43:33","date_gmt":"2011-07-13T09:43:33","guid":{"rendered":"http:\/\/www.valonkuvia.fi\/blogi\/?page_id=246"},"modified":"2011-07-13T12:43:33","modified_gmt":"2011-07-13T09:43:33","slug":"jazzia-paremmuusjarjestyksessa","status":"publish","type":"page","link":"https:\/\/www.valonkuvia.fi\/blogi\/jazzjutut\/2003-2\/jazzia-paremmuusjarjestyksessa\/","title":{"rendered":"Jazzia paremmuusj\u00e4rjestyksess\u00e4"},"content":{"rendered":"<p>Vaikka kaikki tiet\u00e4v\u00e4t, ett\u00e4 taiteen ilmi\u00f6it\u00e4 ei voi panna paremmuusj\u00e4rjestykseen \u00e4\u00e4nest\u00e4m\u00e4ll\u00e4, jazzlehdist\u00f6ss\u00e4 ollaan innostuneita toimittamaan erilaisia suosikki\u00e4\u00e4nestyksi\u00e4. Jokainen itse\u00e4\u00e4n kunnioittava jazzlehti j\u00e4rjest\u00e4\u00e4 s\u00e4\u00e4nn\u00f6llisesti jonkinlaisen vuosi\u00e4\u00e4nestyksen ja maailman kenties tunnetuin alan lehti, amerikkalainen Down Beat, pist\u00e4\u00e4 paremmaksi j\u00e4rjest\u00e4m\u00e4ll\u00e4 per\u00e4ti kaksi \u00e4\u00e4nestyst\u00e4. Elokuun numerossa ilmestyv\u00e4t suuren kriitikko\u00e4\u00e4nestyksen tulokset ja joulukuussa, sopivasti keskell\u00e4 joulumarkkinoita, julkistetaan lehden lukijoiden suosikit.<\/p>\n<p>Kriitikko\u00e4\u00e4nestyksess\u00e4 joukko jazzkirjoittajia, useimmat amerikkalaisia, valitsee suosikkinsa 66 sarjassa, kuten vuoden jazzmuusikko, vuoden yhtye ja vuoden levy. My\u00f6s eri instrumenteille on omat sarjansa, tyyliin vuoden pianisti ja vuoden trumpetisti. Lis\u00e4ksi kriitikot koettavat katsastaa tulevaisuuteen valitsemalla jokaisen soittimen nousevat kyvyt. Down Beatin periamerikkalainen erikoisuus on &#8221;Hall of Fame&#8221;, harvojen ja valittujen joukko, johon on vuodesta 1952 joka \u00e4\u00e4nestyksen yhteydess\u00e4 lis\u00e4tty uusi nimi. Hall of Fameen voidaan nimet\u00e4 sek\u00e4 el\u00e4vi\u00e4 ett\u00e4 jo kuolleita muusikoita. Hall of Fame koostuu l\u00e4hinn\u00e4 jazzin suuruuksista, kuten Armstrong ja Ellington, mutta varsinkin kriitikko\u00e4\u00e4nestyksess\u00e4 arvon saavat joskus my\u00f6s v\u00e4hemm\u00e4n tunnetut, asianharrastajien arvostamat muusikot.<\/p>\n<p>T\u00e4m\u00e4n vuoden kriitikko\u00e4\u00e4nestyksess\u00e4 t\u00e4yden potin korjasi saksofonisti ja s\u00e4velt\u00e4j\u00e4 Wayne Shorter, joka ensimm\u00e4isen kerran lehden \u00e4\u00e4nestysten historiassa voitti per\u00e4ti kuusi sarjaa. Wayne Shorter nousi esille jo 1960-luvun alussa ensin Art Blakeyn Jazz Messengers-yhtyeess\u00e4 ja varsinkin vuosikymmenen loppupuolella Miles Davisin kuulussa ns. toisessa kvintetiss\u00e4, jossa soittivat my\u00f6s Herbie Hancock, Ron Carter ja Tony Williams. Samoihin aikoihin h\u00e4n julkaisi my\u00f6s omalla nimell\u00e4\u00e4n joukon hienoja levyj\u00e4, jotka ovat akustista jazzia parhaimmillaan, kauniita esimerkkej\u00e4 Shorterin s\u00e4vellysty\u00f6st\u00e4.<\/p>\n<p>Seuraavalla vuosikymmenell\u00e4 Shorter perusti yhdess\u00e4 Joe Zawinulin kanssa Weather Report-yhtyeen, josta tuli s\u00e4hk\u00f6iseen jazzin uranuurtaja ja samalla er\u00e4s jazzin historian suosituimmista yhtyeist\u00e4.  Weather Reportin hajottua Shorter oli pitk\u00e4\u00e4n syrj\u00e4ss\u00e4, esiintyi v\u00e4h\u00e4n ja levytti harvoin. Viime vuonna h\u00e4n kuitenkin teki komean paluun akustisen jazzin pariin levyll\u00e4\u00e4n &#8221;Footprints Live !&#8221;. Nyt Shorter valittiin ansaitusti vuoden jazzmuusikoksi,  vuoden s\u00e4velt\u00e4j\u00e4ksi ja vuoden sopraanosaksofonistiksi.  Lis\u00e4ksi &#8221;Footprints Live !&#8221; arvostettiin vuoden levyksi,  levyll\u00e4 soittanut kvartetti vuoden yhtyeeksi ja mies itse nimettiin viel\u00e4 &#8221;Hall of Fameen&#8221;. <\/p>\n<p>\u00c4\u00e4nestyksest\u00e4 voi hakea my\u00f6s yhteytt\u00e4 kotoiseen Kalottjazz &#038; Blues-festivaaliimme, sill\u00e4 eri sarjojen kymmenen parhaan joukosta l\u00f6ytyy aika monta Torniossa vieraillutta taiteilijaa, joista ainoa sarjavoittaja on huuliharpisti Toots Thielemans (sarjassa &#8221;Muut instrumentit&#8221;). Mieslaulajien sarjassa toiseksi tuli Mark Murphy ja my\u00f6s ensimm\u00e4isen Joentalon konsertin t\u00e4hti Jon Hendricks on listalla mukana. Muita kymmenen k\u00e4rkeen ylt\u00e4neit\u00e4 ovat Esbj\u00f6rn Svensson, Niels-Henning &Oslash;rsted Pedersen, Nils Petter Molv&aelig;r, Tomasz Stanko, Mats Gustafsson, Paolo Fresu ja Sam Rivers. T\u00e4\u00e4ll\u00e4 Pohjan perill\u00e4 on siis esiintynyt Down Beat-mittarilla mitaten melkoinen joukko jazzin huippuja.<\/p>\n<p><em>25.8. 2003<\/em><\/p>\n","protected":false},"excerpt":{"rendered":"<p>Vaikka kaikki tiet\u00e4v\u00e4t, ett\u00e4 taiteen ilmi\u00f6it\u00e4 ei voi panna paremmuusj\u00e4rjestykseen \u00e4\u00e4nest\u00e4m\u00e4ll\u00e4, jazzlehdist\u00f6ss\u00e4 ollaan innostuneita toimittamaan erilaisia suosikki\u00e4\u00e4nestyksi\u00e4. Jokainen itse\u00e4\u00e4n kunnioittava jazzlehti j\u00e4rjest\u00e4\u00e4 s\u00e4\u00e4nn\u00f6llisesti jonkinlaisen vuosi\u00e4\u00e4nestyksen ja maailman kenties tunnetuin alan lehti, amerikkalainen Down Beat, pist\u00e4\u00e4 paremmaksi j\u00e4rjest\u00e4m\u00e4ll\u00e4 per\u00e4ti kaksi \u00e4\u00e4nestyst\u00e4. Elokuun numerossa ilmestyv\u00e4t suuren kriitikko\u00e4\u00e4nestyksen tulokset ja joulukuussa, sopivasti keskell\u00e4 joulumarkkinoita, julkistetaan lehden lukijoiden suosikit. [&hellip;]<\/p>\n","protected":false},"author":1,"featured_media":0,"parent":232,"menu_order":0,"comment_status":"open","ping_status":"open","template":"onecolumn-page.php","meta":{"ngg_post_thumbnail":0,"footnotes":""},"class_list":["post-246","page","type-page","status-publish","hentry"],"jetpack_likes_enabled":false,"jetpack_sharing_enabled":true,"_links":{"self":[{"href":"https:\/\/www.valonkuvia.fi\/blogi\/wp-json\/wp\/v2\/pages\/246","targetHints":{"allow":["GET"]}}],"collection":[{"href":"https:\/\/www.valonkuvia.fi\/blogi\/wp-json\/wp\/v2\/pages"}],"about":[{"href":"https:\/\/www.valonkuvia.fi\/blogi\/wp-json\/wp\/v2\/types\/page"}],"author":[{"embeddable":true,"href":"https:\/\/www.valonkuvia.fi\/blogi\/wp-json\/wp\/v2\/users\/1"}],"replies":[{"embeddable":true,"href":"https:\/\/www.valonkuvia.fi\/blogi\/wp-json\/wp\/v2\/comments?post=246"}],"version-history":[{"count":1,"href":"https:\/\/www.valonkuvia.fi\/blogi\/wp-json\/wp\/v2\/pages\/246\/revisions"}],"predecessor-version":[{"id":247,"href":"https:\/\/www.valonkuvia.fi\/blogi\/wp-json\/wp\/v2\/pages\/246\/revisions\/247"}],"up":[{"embeddable":true,"href":"https:\/\/www.valonkuvia.fi\/blogi\/wp-json\/wp\/v2\/pages\/232"}],"wp:attachment":[{"href":"https:\/\/www.valonkuvia.fi\/blogi\/wp-json\/wp\/v2\/media?parent=246"}],"curies":[{"name":"wp","href":"https:\/\/api.w.org\/{rel}","templated":true}]}}