{"id":252,"date":"2011-07-13T12:47:51","date_gmt":"2011-07-13T09:47:51","guid":{"rendered":"http:\/\/www.valonkuvia.fi\/blogi\/?page_id=252"},"modified":"2011-07-13T12:47:51","modified_gmt":"2011-07-13T09:47:51","slug":"vuoden-jazzlevyt","status":"publish","type":"page","link":"https:\/\/www.valonkuvia.fi\/blogi\/jazzjutut\/2003-2\/vuoden-jazzlevyt\/","title":{"rendered":"Vuoden jazzlevyt"},"content":{"rendered":"<p>Kuluvan vuoden aikana ilmestyi koko joukkohienoja  kotimaisia jazzlevyj\u00e4, joista useimmat eiv\u00e4t ole saaneet osakseen juuri mink\u00e4\u00e4nlaista julkisuutta. Jazzlevyt ovat usein pienien levymerkkien tuotantoa ja niit\u00e4 voidaan harvoin mainostaa. Niinp\u00e4 jazzlevyt j\u00e4\u00e4v\u00e4t usein sinne samaan marginaaliin, johon my\u00f6s koko jazz j\u00e4tet\u00e4\u00e4n. Nyt kuitenkin otan esille er\u00e4it\u00e4 kotimaisia jazzuutuuksia vuodelta 2003, jotka mielest\u00e4ni ansaitsevat saada kuulijoita. <\/p>\n<p>Alkuvuodesta markkinoille tuli Mirja M\u00e4kel\u00e4n levy &#8221;Arco Iris&#8221; (Impala), jonka tekee erityisen kiinnostavaksi sill\u00e4 soittava trio Berger-Knutson-Spering, er\u00e4s Ruotsin parhaimmista jazzyhtyeist\u00e4. Suomalaisten ja ruotsalaisten muusikoiden soisi kohtaavan useamminkin, jos tuloksena on yht\u00e4 kuuntelevaa yhteispeli\u00e4 kuin nyt. <\/p>\n<p>Muita vuoden laululevyj\u00e4 olivat Jenny Robsonin debyytti &#8221;Jenny Robson&#8221; (JRS-01) sek\u00e4 Johanna Iivanaisen ja Eero Koivistoisen &#8221;Suomalainen&#8221; (Silence Records). Robsonin levyll\u00e4 parasta antia on sill\u00e4 soittava upea yhtye ja nuoren laulajan varma ote. Johanna Iivanaisella puolestaan on maan kaunein laulu\u00e4\u00e4ni ja h\u00e4nelle voi ennustaa ajan my\u00f6t\u00e4 pelkki\u00e4 jazzpiirej\u00e4 laajempaa julkisuutta.<\/p>\n<p>Kotimaisen jazzin kansallisromantikko Samuli Mikkonen on er\u00e4s maamme kiinnostavimmista jazzpianisteista. H\u00e4nen muusikonlaatunsa on vakava eik\u00e4 h\u00e4nelt\u00e4 kannata odottaa Lenni-Kalle Taipaleen tapaista julkisuuspeli\u00e4. Mikkosen kolmas levy &#8221;7 Henke\u00e4&#8221; (SMCD-3) pit\u00e4\u00e4 sis\u00e4ll\u00e4\u00e4n herkk\u00e4\u00e4, luonnosta ja Kalevalasta vaikutteita ammentavaa mietteli\u00e4st\u00e4 musiikkia. <\/p>\n<p>Saksofonisti ja s\u00e4velt\u00e4j\u00e4 Esa Pietil\u00e4n levyuutuus &#8221;Direct&#8221; (Fiasko Records) on nimens\u00e4 veroisesti suoraa puhetta. Pietil\u00e4n juurevan saksofonitaiteen lis\u00e4ksi levyll\u00e4 ihastuttavat Markku Ounaskari dynaamiset ly\u00f6m\u00e4soittimet ja Uffe Krokforsin t\u00e4ytel\u00e4inen basso. Krokfors on ollut mukana niin monella viime aikojen onnistuneella levytyksell\u00e4, ett\u00e4 h\u00e4nt\u00e4 on syyt\u00e4 pit\u00e4\u00e4 suomalaisen nykyjazzin ykk\u00f6sbasistina.<\/p>\n<p>Krokfors soittaa my\u00f6s saksofonisti Jorma Tapion johtaman Rolling Thunder- yhtyeen Japanissa \u00e4\u00e4nitetyll\u00e4 konserttilevyll\u00e4 &#8221;Live In Japan&#8221; (Aketa\u00b4s Disk). Rolling Thunder pit\u00e4\u00e4 ansiokkaasti vireill\u00e4 joitakin vuosia sitten kuolleen s\u00e4velt\u00e4j\u00e4n ja rumpalin Edward Vesalan musiikillista perinn\u00f6st\u00e4  kasvavaa vapaata musiikillista keskustelua. <\/p>\n<p>Torniossa aiemmin syksyll\u00e4 vieraillut Platypus Ensemble soittaa &#8221;Gestalt&#8221;-levyll\u00e4 (SatnaMusic) pianisti Sid Hillen s\u00e4vellyksi\u00e4, jotka kertovat tarinoita, joilla on alku, loppu ja v\u00e4lill\u00e4 runsaasti j\u00e4nnitt\u00e4vi\u00e4 ja dramaattisia juonenk\u00e4\u00e4nteit\u00e4. <\/p>\n<p>Vuoden aikana levymarkkinoille tuli my\u00f6s uusi ja kunnianhimoinen levymerkki TUM Records, joka nettisivuillaan ilmoittaa aikovansa kansainv\u00e4linen tason laatulevymerkiksi, esikuvinaan saksalainen ECM tai italialainen Black Saint. Alku ainakin on lupaava, sill\u00e4 TUM on julkaissut vuoden aikana esimerkiksi Juhani Aaltosen uuden triolevyn &#8221;Mother Tongue&#8221; ja vuoden 2004 Finland Festivalsin nuoreksi taiteilijaksi valitun Ilmiliekki-yhtyeen esikoislevyn &#8221;March of the Alpha Males&#8221;. <\/p>\n<p>N\u00e4in joulun alla listan lopuksi t\u00e4ytyy tietenkin mainita Sakari Kukon levy &#8221;Joulu&#8221; (Rockadillo), joka yhdist\u00e4\u00e4 rohkeasti varsin vapaan jazzilmaisun ja vanhat suomalaiset joulus\u00e4velm\u00e4t. Yhdistelm\u00e4 v\u00e4ltt\u00e4\u00e4 onnistuneesti kaiken pikkusiev\u00e4n jouluhauskan, joka tekee suuresta osasta ns. joulumusiikkia kuuntelukelvotonta. <\/p>\n<p><em>14.12. 2003<\/em><\/p>\n","protected":false},"excerpt":{"rendered":"<p>Kuluvan vuoden aikana ilmestyi koko joukkohienoja kotimaisia jazzlevyj\u00e4, joista useimmat eiv\u00e4t ole saaneet osakseen juuri mink\u00e4\u00e4nlaista julkisuutta. Jazzlevyt ovat usein pienien levymerkkien tuotantoa ja niit\u00e4 voidaan harvoin mainostaa. Niinp\u00e4 jazzlevyt j\u00e4\u00e4v\u00e4t usein sinne samaan marginaaliin, johon my\u00f6s koko jazz j\u00e4tet\u00e4\u00e4n. Nyt kuitenkin otan esille er\u00e4it\u00e4 kotimaisia jazzuutuuksia vuodelta 2003, jotka mielest\u00e4ni ansaitsevat saada kuulijoita. Alkuvuodesta [&hellip;]<\/p>\n","protected":false},"author":1,"featured_media":0,"parent":232,"menu_order":0,"comment_status":"open","ping_status":"open","template":"onecolumn-page.php","meta":{"ngg_post_thumbnail":0,"footnotes":""},"class_list":["post-252","page","type-page","status-publish","hentry"],"jetpack_likes_enabled":false,"jetpack_sharing_enabled":true,"_links":{"self":[{"href":"https:\/\/www.valonkuvia.fi\/blogi\/wp-json\/wp\/v2\/pages\/252","targetHints":{"allow":["GET"]}}],"collection":[{"href":"https:\/\/www.valonkuvia.fi\/blogi\/wp-json\/wp\/v2\/pages"}],"about":[{"href":"https:\/\/www.valonkuvia.fi\/blogi\/wp-json\/wp\/v2\/types\/page"}],"author":[{"embeddable":true,"href":"https:\/\/www.valonkuvia.fi\/blogi\/wp-json\/wp\/v2\/users\/1"}],"replies":[{"embeddable":true,"href":"https:\/\/www.valonkuvia.fi\/blogi\/wp-json\/wp\/v2\/comments?post=252"}],"version-history":[{"count":1,"href":"https:\/\/www.valonkuvia.fi\/blogi\/wp-json\/wp\/v2\/pages\/252\/revisions"}],"predecessor-version":[{"id":253,"href":"https:\/\/www.valonkuvia.fi\/blogi\/wp-json\/wp\/v2\/pages\/252\/revisions\/253"}],"up":[{"embeddable":true,"href":"https:\/\/www.valonkuvia.fi\/blogi\/wp-json\/wp\/v2\/pages\/232"}],"wp:attachment":[{"href":"https:\/\/www.valonkuvia.fi\/blogi\/wp-json\/wp\/v2\/media?parent=252"}],"curies":[{"name":"wp","href":"https:\/\/api.w.org\/{rel}","templated":true}]}}