{"id":26069,"date":"2024-09-30T19:15:01","date_gmt":"2024-09-30T16:15:01","guid":{"rendered":"https:\/\/www.valonkuvia.fi\/blogi\/?page_id=26069"},"modified":"2024-10-17T14:28:10","modified_gmt":"2024-10-17T11:28:10","slug":"tornionjoen-maisemia","status":"publish","type":"page","link":"https:\/\/www.valonkuvia.fi\/blogi\/tornionjoen-maisemia\/","title":{"rendered":"Tornionjoen maisemia"},"content":{"rendered":"\n<figure class=\"wp-block-image alignwide size-large\"><img data-recalc-dims=\"1\" loading=\"lazy\" decoding=\"async\" width=\"852\" height=\"479\" src=\"https:\/\/i0.wp.com\/www.valonkuvia.fi\/blogi\/wp-content\/uploads\/2024\/10\/12240487763_72f6c9fd13_k.webp?resize=852%2C479&#038;ssl=1\" alt=\"\" class=\"wp-image-26149\" srcset=\"https:\/\/i0.wp.com\/www.valonkuvia.fi\/blogi\/wp-content\/uploads\/2024\/10\/12240487763_72f6c9fd13_k.webp?resize=852%2C479&amp;ssl=1 852w, https:\/\/i0.wp.com\/www.valonkuvia.fi\/blogi\/wp-content\/uploads\/2024\/10\/12240487763_72f6c9fd13_k.webp?resize=426%2C240&amp;ssl=1 426w, https:\/\/i0.wp.com\/www.valonkuvia.fi\/blogi\/wp-content\/uploads\/2024\/10\/12240487763_72f6c9fd13_k.webp?resize=768%2C432&amp;ssl=1 768w, https:\/\/i0.wp.com\/www.valonkuvia.fi\/blogi\/wp-content\/uploads\/2024\/10\/12240487763_72f6c9fd13_k.webp?w=1536&amp;ssl=1 1536w\" sizes=\"auto, (max-width: 852px) 100vw, 852px\" \/><\/figure>\n\n\n\n<h4 class=\"wp-block-heading\">J\u00e4idenl\u00e4ht\u00f6j\u00e4 ja kev\u00e4ttulvia<\/h4>\n\n\n\n<ul class=\"wp-block-list\">\n<li><a href=\"https:\/\/www.valonkuvia.fi\/blogi\/vesi-nousee-tornionjoella-kevat-2024\/\">Vesi nousee Tornionjoella \u2013 kev\u00e4t 2024<\/a><\/li>\n\n\n\n<li><a href=\"https:\/\/www.valonkuvia.fi\/blogi\/jaidenlahto-tornionjoella-2024\/\">Tornionjoen j\u00e4idenl\u00e4ht\u00f6 2024<\/a><\/li>\n\n\n\n<li><a href=\"https:\/\/valonkuvia.fi\/blogi\/tornionjoen-kevattulva-2023\/\">Tornionjoen kev\u00e4ttulva 2023<\/a><\/li>\n\n\n\n<li><a href=\"https:\/\/www.valonkuvia.fi\/blogi\/tornionjoki-tulvii-2018\/\">Tornionjoki tulvii 2018<\/a><\/li>\n<\/ul>\n\n\n\n<p><\/p>\n","protected":false},"excerpt":{"rendered":"<p>J\u00e4idenl\u00e4ht\u00f6j\u00e4 ja kev\u00e4ttulvia<\/p>\n","protected":false},"author":1,"featured_media":0,"parent":0,"menu_order":0,"comment_status":"closed","ping_status":"closed","template":"","meta":{"ngg_post_thumbnail":0,"footnotes":""},"class_list":["post-26069","page","type-page","status-publish","hentry"],"jetpack_likes_enabled":false,"jetpack_sharing_enabled":true,"_links":{"self":[{"href":"https:\/\/www.valonkuvia.fi\/blogi\/wp-json\/wp\/v2\/pages\/26069","targetHints":{"allow":["GET"]}}],"collection":[{"href":"https:\/\/www.valonkuvia.fi\/blogi\/wp-json\/wp\/v2\/pages"}],"about":[{"href":"https:\/\/www.valonkuvia.fi\/blogi\/wp-json\/wp\/v2\/types\/page"}],"author":[{"embeddable":true,"href":"https:\/\/www.valonkuvia.fi\/blogi\/wp-json\/wp\/v2\/users\/1"}],"replies":[{"embeddable":true,"href":"https:\/\/www.valonkuvia.fi\/blogi\/wp-json\/wp\/v2\/comments?post=26069"}],"version-history":[{"count":5,"href":"https:\/\/www.valonkuvia.fi\/blogi\/wp-json\/wp\/v2\/pages\/26069\/revisions"}],"predecessor-version":[{"id":26164,"href":"https:\/\/www.valonkuvia.fi\/blogi\/wp-json\/wp\/v2\/pages\/26069\/revisions\/26164"}],"wp:attachment":[{"href":"https:\/\/www.valonkuvia.fi\/blogi\/wp-json\/wp\/v2\/media?parent=26069"}],"curies":[{"name":"wp","href":"https:\/\/api.w.org\/{rel}","templated":true}]}}