{"id":265,"date":"2011-07-13T13:19:41","date_gmt":"2011-07-13T10:19:41","guid":{"rendered":"http:\/\/www.valonkuvia.fi\/blogi\/?page_id=265"},"modified":"2011-07-13T14:34:59","modified_gmt":"2011-07-13T11:34:59","slug":"2004-2","status":"publish","type":"page","link":"https:\/\/www.valonkuvia.fi\/blogi\/jazzjutut\/2004-2\/","title":{"rendered":"2004"},"content":{"rendered":"<p><a href=\"http:\/\/www.valonkuvia.fi\/blogi\/?page_id=268\" title=\"Dizzy for President\">Dizzy for President<\/a> USA:n presidentinvaalit<\/p>\n<p><a href=\"http:\/\/www.valonkuvia.fi\/blogi\/?page_id=271\" title=\"Milesilla ja Louisilla kannattaa aloittaa\">Milesilla ja Louisilla kannattaa aloittaa<\/a> Keskeinen oppim\u00e4\u00e4r\u00e4<\/p>\n<p><a href=\"http:\/\/www.valonkuvia.fi\/blogi\/?page_id=276\" title=\"Bachia jazziksi\">Bachia jazziksi<\/a> Uri Caine ja Bach<\/p>\n<p><a href=\"http:\/\/www.valonkuvia.fi\/blogi\/?page_id=280\" title=\"Fats Wallerin syntym\u00e4st\u00e4 100 vuotta\">Fats Wallerin syntym\u00e4st\u00e4 100 vuotta<\/a> Ain\u00b4t Misbehavin`<\/p>\n<p><a href=\"http:\/\/www.valonkuvia.fi\/blogi\/?page_id=283\" title=\"Jazzmurusia pullam\u00f6ss\u00f6n sijaan\">Jazzmurusia pullam\u00f6ss\u00f6n sijaan<\/a> Pori Jazzista ja pikkufestivaaleista<\/p>\n<p><a href=\"http:\/\/www.valonkuvia.fi\/blogi\/?page_id=285\" title=\"Olkoon j\u00e4tk\u00e4 vaikka vihre\u00e4\">Olkoon j\u00e4tk\u00e4 vaikka vihre\u00e4<\/a> Rotukysymys<\/p>\n<p><a href=\"http:\/\/www.valonkuvia.fi\/blogi\/?page_id=288\" title=\"Raija! Raija! Raija! T\u00e4nne! Raija!!\">Raija! Raija! Raija! T\u00e4nne! Raija!!&#8221;<\/a>  Ihmiset metel\u00f6iv\u00e4t jazzkeikoilla.<\/p>\n<p><a href=\"http:\/\/www.valonkuvia.fi\/blogi\/?page_id=295\" title=\"Yrj\u00f6\u00e4 vuoden parhaille\">Yrj\u00f6\u00e4 vuoden parhaille<\/a> Yrj\u00f6-palkinnon vaiheita<\/p>\n<p><a href=\"http:\/\/www.valonkuvia.fi\/blogi\/?page_id=298\" title=\"Vuoden valinnat\">Vuoden valinnat<\/a> Vuosi 2004<\/p>\n","protected":false},"excerpt":{"rendered":"<p>Dizzy for President USA:n presidentinvaalit Milesilla ja Louisilla kannattaa aloittaa Keskeinen oppim\u00e4\u00e4r\u00e4 Bachia jazziksi Uri Caine ja Bach Fats Wallerin syntym\u00e4st\u00e4 100 vuotta Ain\u00b4t Misbehavin` Jazzmurusia pullam\u00f6ss\u00f6n sijaan Pori Jazzista ja pikkufestivaaleista Olkoon j\u00e4tk\u00e4 vaikka vihre\u00e4 Rotukysymys Raija! Raija! Raija! T\u00e4nne! Raija!!&#8221; Ihmiset metel\u00f6iv\u00e4t jazzkeikoilla. Yrj\u00f6\u00e4 vuoden parhaille Yrj\u00f6-palkinnon vaiheita Vuoden valinnat Vuosi 2004<\/p>\n","protected":false},"author":1,"featured_media":0,"parent":116,"menu_order":0,"comment_status":"open","ping_status":"open","template":"onecolumn-page.php","meta":{"ngg_post_thumbnail":0,"footnotes":""},"class_list":["post-265","page","type-page","status-publish","hentry"],"jetpack_likes_enabled":false,"jetpack_sharing_enabled":true,"_links":{"self":[{"href":"https:\/\/www.valonkuvia.fi\/blogi\/wp-json\/wp\/v2\/pages\/265","targetHints":{"allow":["GET"]}}],"collection":[{"href":"https:\/\/www.valonkuvia.fi\/blogi\/wp-json\/wp\/v2\/pages"}],"about":[{"href":"https:\/\/www.valonkuvia.fi\/blogi\/wp-json\/wp\/v2\/types\/page"}],"author":[{"embeddable":true,"href":"https:\/\/www.valonkuvia.fi\/blogi\/wp-json\/wp\/v2\/users\/1"}],"replies":[{"embeddable":true,"href":"https:\/\/www.valonkuvia.fi\/blogi\/wp-json\/wp\/v2\/comments?post=265"}],"version-history":[{"count":6,"href":"https:\/\/www.valonkuvia.fi\/blogi\/wp-json\/wp\/v2\/pages\/265\/revisions"}],"predecessor-version":[{"id":307,"href":"https:\/\/www.valonkuvia.fi\/blogi\/wp-json\/wp\/v2\/pages\/265\/revisions\/307"}],"up":[{"embeddable":true,"href":"https:\/\/www.valonkuvia.fi\/blogi\/wp-json\/wp\/v2\/pages\/116"}],"wp:attachment":[{"href":"https:\/\/www.valonkuvia.fi\/blogi\/wp-json\/wp\/v2\/media?parent=265"}],"curies":[{"name":"wp","href":"https:\/\/api.w.org\/{rel}","templated":true}]}}