{"id":268,"date":"2011-07-13T13:52:08","date_gmt":"2011-07-13T10:52:08","guid":{"rendered":"http:\/\/www.valonkuvia.fi\/blogi\/?page_id=268"},"modified":"2012-01-23T19:55:17","modified_gmt":"2012-01-23T17:55:17","slug":"dizzy-for-president","status":"publish","type":"page","link":"https:\/\/www.valonkuvia.fi\/blogi\/jazzjutut\/2004-2\/dizzy-for-president\/","title":{"rendered":"Dizzy for President"},"content":{"rendered":"<p>Marraskuussa (<em>siis vuonna 2004<\/em>) pidett\u00e4vien Yhdysvaltain presidentinvaalien esivaalikierros on alkamassa. Iowan osavaltion vaalikokoukset ovat jo takana p\u00e4in ja ensi tiistaina New Hampshiress\u00e4 pidet\u00e4\u00e4n ensimm\u00e4iset varsinaiset esivaalit. Yhdysvalloissa oli vaalivuosi my\u00f6s nelj\u00e4kymment\u00e4 vuotta sitten vuonna 1964, jolloin demokraattisen puolueen ehdokkaana oli Kennedyn murhan j\u00e4lkeen varapresidentist\u00e4 presidentiksi noussut <strong>Lyndon B. Johnson<\/strong> ja h\u00e4nen republikaanisena vastaehdokkaanaan <strong>Barry Goldwate<\/strong>r. P\u00e4\u00e4ehdokkaiden lis\u00e4ksi mukana oli tuolloinkin puolueista riippumattomia ehdokkaita, kuten jazztrumpetisti <strong>Dizzy Gillespie<\/strong>.<\/p>\n<p>Elettiin Vietnamin sodan ja mustien kansalaisoikeusliikkeen aikoja ja Gillespie halusi k\u00e4ytt\u00e4\u00e4 julkisuutta muutosten aikaansaamiseen ja alun perin vitsist\u00e4 liikkeell\u00e4 l\u00e4hteneest\u00e4 kampanjasta kasvoi oikea kampanja. Dizzy alkoi pit\u00e4\u00e4 vaalikokouksia, antaa haastatteluja ja esitell\u00e4 vaaliohjelmaansa. Kansalaisoikeusmarsseilla alkoi liikkua yh\u00e4 enemm\u00e4n ihmisi\u00e4, jotka kantoivat rinnassaan nappia &#8221;<em>Dizzy for President<\/em>&#8221;.<\/p>\n<p>Gillespien vaaliohjelma oli sekoitus todellista poliittista sis\u00e4lt\u00f6\u00e4 ja huumorimielell\u00e4 tehtyj\u00e4 heittoja, kuten h\u00e4nen tokaisemansa vaalilause: &#8221;Pyrin presidentiksi, koska me tarvitsemme sellaisen&#8221;. Vakavampia tavoitteita olivat rotujen v\u00e4linen t\u00e4ydellinen tasa-arvo ja Vietnamin sodan lopettaminen. Ohjelmassa oli hyvinvointivaltion ajatukseen sopivia ehdotuksia, kuten kaikille ilmainen koulutus ja terveydenhuolto. Tosin asioiden pohtiminen oli ilmeisesti j\u00e4\u00e4nyt kampanjakiireess\u00e4 hieman kesken, sill\u00e4 vaatimuksiin kuului my\u00f6s tuloveron poistaminen.<\/p>\n<p>Gillespie lupasi, ett\u00e4 jos h\u00e4net valitaan presidentiksi Valkoinen talo saa oitis nimen Blues House ja avaruuteen l\u00e4hetet\u00e4\u00e4n ensimm\u00e4inen musta astronautti. Lupauksiin kuului FBI:n lakkauttaminen ja valiokunnan perustaminen tutkimaan &#8221;<em>valkoisiin lakanoihin verhoutunutta ep\u00e4amerikkalaista toimintaa<\/em>&#8221;. Gillespie laati laajan virkanimityspaketin, jossa monille merkitt\u00e4ville jazzmuusikoille oli tarjolla merkitt\u00e4vi\u00e4 teht\u00e4vi\u00e4. <strong>Duke Ellington<\/strong> oli ehdolla ulkoministeriksi, <strong>Miles Davis<\/strong> CIA:n johtoon ja <strong>Louis Armstrong<\/strong> maatalousministeriksi, koska &#8221;<em>h\u00e4n jos kuka on korjannut satoa<\/em>&#8221;. <strong>Charles Mingukselle<\/strong> oli luvassa uusi rauhanministerin virka, jotta &#8221;<em>kundi v\u00e4h\u00e4n rauhoittuisi<\/em>&#8221;. Kansallisrunoilijaksi valittaisiin laulaja <strong>Jon Hendricks<\/strong> ja kiert\u00e4v\u00e4ksi erikoissuurl\u00e4hettil\u00e4\u00e4ksi pianisti <strong>Thelonious Monk<\/strong>. Kaikki etel\u00e4valtioiden oikeusviranomaiset piti vaihtaa mustiin viranhaltijoihin ja rotuerottelua kannattanut Alabaman kuvern\u00f6\u00f6ri <strong>George Wallace<\/strong> karkottaa Vietnamiin.<\/p>\n<p>Loppujen lopuksi Gillespie j\u00e4tti kampanjansa kesken ja testamenttasi \u00e4\u00e4nens\u00e4 vaalit lopulta selv\u00e4sti voittaneelle demokraattien Johnsonille. Gillespien mielest\u00e4 h\u00e4nen kampanjansa ei kuitenkaan ollut turha, sill\u00e4 se saavutti niin paljon huomiota ja suosioita, ett\u00e4 demokraattisen puolueen oli pakko tarkistaa kantojaan kansalaisoikeuskysymyksiss\u00e4. Gillespie aikoi osallistua viel\u00e4 vuoden 1972 vaaleihin, mutta bah\u00e1&#8217;\u00ed- uskontoon k\u00e4\u00e4ntynyt trumpetisti luopui leikist\u00e4 hengellisten neuvonantajiensa kanssa keskusteltuaan. &#8221;<em>Maailmanhallituksen presidentiksi pyrkiminen vastaisi l\u00e4hinn\u00e4 minun intressej\u00e4ni<\/em>&#8221;, Gillespie totesi.<\/p>\n<p><strong>L\u00e4hde<\/strong>: Gillespie &#8211; Fraser: Dizzy muistelee. WSOY 1980.<\/p>\n<p class=\"date\">25.1. 2004<\/p>\n","protected":false},"excerpt":{"rendered":"<p>Marraskuussa (siis vuonna 2004) pidett\u00e4vien Yhdysvaltain presidentinvaalien esivaalikierros on alkamassa. Iowan osavaltion vaalikokoukset ovat jo takana p\u00e4in ja ensi tiistaina New Hampshiress\u00e4 pidet\u00e4\u00e4n ensimm\u00e4iset varsinaiset esivaalit. Yhdysvalloissa oli vaalivuosi my\u00f6s nelj\u00e4kymment\u00e4 vuotta sitten vuonna 1964, jolloin demokraattisen puolueen ehdokkaana oli Kennedyn murhan j\u00e4lkeen varapresidentist\u00e4 presidentiksi noussut Lyndon B. Johnson ja h\u00e4nen republikaanisena vastaehdokkaanaan Barry Goldwater. [&hellip;]<\/p>\n","protected":false},"author":1,"featured_media":0,"parent":265,"menu_order":0,"comment_status":"open","ping_status":"open","template":"onecolumn-page.php","meta":{"ngg_post_thumbnail":0,"footnotes":""},"class_list":["post-268","page","type-page","status-publish","hentry"],"jetpack_likes_enabled":false,"jetpack_sharing_enabled":true,"_links":{"self":[{"href":"https:\/\/www.valonkuvia.fi\/blogi\/wp-json\/wp\/v2\/pages\/268","targetHints":{"allow":["GET"]}}],"collection":[{"href":"https:\/\/www.valonkuvia.fi\/blogi\/wp-json\/wp\/v2\/pages"}],"about":[{"href":"https:\/\/www.valonkuvia.fi\/blogi\/wp-json\/wp\/v2\/types\/page"}],"author":[{"embeddable":true,"href":"https:\/\/www.valonkuvia.fi\/blogi\/wp-json\/wp\/v2\/users\/1"}],"replies":[{"embeddable":true,"href":"https:\/\/www.valonkuvia.fi\/blogi\/wp-json\/wp\/v2\/comments?post=268"}],"version-history":[{"count":5,"href":"https:\/\/www.valonkuvia.fi\/blogi\/wp-json\/wp\/v2\/pages\/268\/revisions"}],"predecessor-version":[{"id":270,"href":"https:\/\/www.valonkuvia.fi\/blogi\/wp-json\/wp\/v2\/pages\/268\/revisions\/270"}],"up":[{"embeddable":true,"href":"https:\/\/www.valonkuvia.fi\/blogi\/wp-json\/wp\/v2\/pages\/265"}],"wp:attachment":[{"href":"https:\/\/www.valonkuvia.fi\/blogi\/wp-json\/wp\/v2\/media?parent=268"}],"curies":[{"name":"wp","href":"https:\/\/api.w.org\/{rel}","templated":true}]}}