{"id":27966,"date":"2026-02-13T19:05:48","date_gmt":"2026-02-13T17:05:48","guid":{"rendered":"https:\/\/www.valonkuvia.fi\/blogi\/?page_id=27966"},"modified":"2026-02-15T22:31:19","modified_gmt":"2026-02-15T20:31:19","slug":"armenia-kirjallisuutta","status":"publish","type":"page","link":"https:\/\/www.valonkuvia.fi\/blogi\/armenia-kirjallisuutta\/","title":{"rendered":"Armenia &#8211; kirjallisuutta"},"content":{"rendered":"\n<figure data-wp-context=\"{&quot;imageId&quot;:&quot;69e34dbf96b16&quot;}\" data-wp-interactive=\"core\/image\" data-wp-key=\"69e34dbf96b16\" class=\"wp-block-image size-large wp-lightbox-container\"><img data-recalc-dims=\"1\" loading=\"lazy\" decoding=\"async\" width=\"852\" height=\"480\" data-wp-class--hide=\"state.isContentHidden\" data-wp-class--show=\"state.isContentVisible\" data-wp-init=\"callbacks.setButtonStyles\" data-wp-on--click=\"actions.showLightbox\" data-wp-on--load=\"callbacks.setButtonStyles\" data-wp-on-window--resize=\"callbacks.setButtonStyles\" src=\"https:\/\/i0.wp.com\/www.valonkuvia.fi\/blogi\/wp-content\/uploads\/2026\/02\/kirjallisuutta.jpg?resize=852%2C480&#038;ssl=1\" alt=\"\" class=\"wp-image-27969\" srcset=\"https:\/\/i0.wp.com\/www.valonkuvia.fi\/blogi\/wp-content\/uploads\/2026\/02\/kirjallisuutta.jpg?resize=852%2C480&amp;ssl=1 852w, https:\/\/i0.wp.com\/www.valonkuvia.fi\/blogi\/wp-content\/uploads\/2026\/02\/kirjallisuutta.jpg?resize=426%2C240&amp;ssl=1 426w, https:\/\/i0.wp.com\/www.valonkuvia.fi\/blogi\/wp-content\/uploads\/2026\/02\/kirjallisuutta.jpg?resize=768%2C432&amp;ssl=1 768w, https:\/\/i0.wp.com\/www.valonkuvia.fi\/blogi\/wp-content\/uploads\/2026\/02\/kirjallisuutta.jpg?resize=1536%2C864&amp;ssl=1 1536w, https:\/\/i0.wp.com\/www.valonkuvia.fi\/blogi\/wp-content\/uploads\/2026\/02\/kirjallisuutta.jpg?resize=2048%2C1153&amp;ssl=1 2048w\" sizes=\"auto, (max-width: 852px) 100vw, 852px\" \/><button\n\t\t\tclass=\"lightbox-trigger\"\n\t\t\ttype=\"button\"\n\t\t\taria-haspopup=\"dialog\"\n\t\t\taria-label=\"Suurenna\"\n\t\t\tdata-wp-init=\"callbacks.initTriggerButton\"\n\t\t\tdata-wp-on--click=\"actions.showLightbox\"\n\t\t\tdata-wp-style--right=\"state.imageButtonRight\"\n\t\t\tdata-wp-style--top=\"state.imageButtonTop\"\n\t\t>\n\t\t\t<svg xmlns=\"http:\/\/www.w3.org\/2000\/svg\" width=\"12\" height=\"12\" fill=\"none\" viewBox=\"0 0 12 12\">\n\t\t\t\t<path fill=\"#fff\" d=\"M2 0a2 2 0 0 0-2 2v2h1.5V2a.5.5 0 0 1 .5-.5h2V0H2Zm2 10.5H2a.5.5 0 0 1-.5-.5V8H0v2a2 2 0 0 0 2 2h2v-1.5ZM8 12v-1.5h2a.5.5 0 0 0 .5-.5V8H12v2a2 2 0 0 1-2 2H8Zm2-12a2 2 0 0 1 2 2v2h-1.5V2a.5.5 0 0 0-.5-.5H8V0h2Z\" \/>\n\t\t\t<\/svg>\n\t\t<\/button><\/figure>\n\n\n\n<p>Arslan, Antonia: Kiurunkartano. Mansarda Kustannus, 2016 &#8211; romaani<\/p>\n\n\n\n<p>Balakian, Grigoris: Armenialainen Golgata. Basam Books, 2021 &#8211; eloonj\u00e4\u00e4neen todistajanlausunto kansanmurhasta<\/p>\n\n\n\n<p>Hasratyan, Murad &amp; Sargsyan, Zaven: Armenia. 1700 Years of Christian Architecture. Moughni Publishers, 2001 &#8211; valokuvakirja<\/p>\n\n\n\n<p>Sepp\u00e4l\u00e4, Serafim: Armenian kansanmurhan perint\u00f6<\/p>\n\n\n\n<p>Sepp\u00e4l\u00e4, Serafim: Vaienneita \u00e4\u00e4ni\u00e4<\/p>\n\n\n\n<p>Sepp\u00e4l\u00e4, Serafim: Araratista it\u00e4\u00e4n<\/p>\n\n\n\n<p>Suny, Ronald Grigor: A History of the Armenian Genicide &#8211; kansanmurhan historia<\/p>\n\n\n\n<p>de Waal, Thomas: Black Garden<\/p>\n\n\n\n<p><\/p>\n","protected":false},"excerpt":{"rendered":"<p>Arslan, Antonia: Kiurunkartano. Mansarda Kustannus, 2016 &#8211; romaani Balakian, Grigoris: Armenialainen Golgata. Basam Books, 2021 &#8211; eloonj\u00e4\u00e4neen todistajanlausunto kansanmurhasta Hasratyan, Murad &amp; Sargsyan, Zaven: Armenia. 1700 Years of Christian Architecture. Moughni Publishers, 2001 &#8211; valokuvakirja Sepp\u00e4l\u00e4, Serafim: Armenian kansanmurhan perint\u00f6 Sepp\u00e4l\u00e4, Serafim: Vaienneita \u00e4\u00e4ni\u00e4 Sepp\u00e4l\u00e4, Serafim: Araratista it\u00e4\u00e4n Suny, Ronald Grigor: A History of the [&hellip;]<\/p>\n","protected":false},"author":1,"featured_media":0,"parent":0,"menu_order":0,"comment_status":"closed","ping_status":"closed","template":"","meta":{"ngg_post_thumbnail":0,"footnotes":""},"class_list":["post-27966","page","type-page","status-publish","hentry"],"jetpack_likes_enabled":false,"jetpack_sharing_enabled":true,"_links":{"self":[{"href":"https:\/\/www.valonkuvia.fi\/blogi\/wp-json\/wp\/v2\/pages\/27966","targetHints":{"allow":["GET"]}}],"collection":[{"href":"https:\/\/www.valonkuvia.fi\/blogi\/wp-json\/wp\/v2\/pages"}],"about":[{"href":"https:\/\/www.valonkuvia.fi\/blogi\/wp-json\/wp\/v2\/types\/page"}],"author":[{"embeddable":true,"href":"https:\/\/www.valonkuvia.fi\/blogi\/wp-json\/wp\/v2\/users\/1"}],"replies":[{"embeddable":true,"href":"https:\/\/www.valonkuvia.fi\/blogi\/wp-json\/wp\/v2\/comments?post=27966"}],"version-history":[{"count":8,"href":"https:\/\/www.valonkuvia.fi\/blogi\/wp-json\/wp\/v2\/pages\/27966\/revisions"}],"predecessor-version":[{"id":27982,"href":"https:\/\/www.valonkuvia.fi\/blogi\/wp-json\/wp\/v2\/pages\/27966\/revisions\/27982"}],"wp:attachment":[{"href":"https:\/\/www.valonkuvia.fi\/blogi\/wp-json\/wp\/v2\/media?parent=27966"}],"curies":[{"name":"wp","href":"https:\/\/api.w.org\/{rel}","templated":true}]}}