{"id":288,"date":"2011-07-13T14:12:42","date_gmt":"2011-07-13T11:12:42","guid":{"rendered":"http:\/\/www.valonkuvia.fi\/blogi\/?page_id=288"},"modified":"2011-07-13T14:16:20","modified_gmt":"2011-07-13T11:16:20","slug":"raija-raija-raija-tanne-raija","status":"publish","type":"page","link":"https:\/\/www.valonkuvia.fi\/blogi\/jazzjutut\/2004-2\/raija-raija-raija-tanne-raija\/","title":{"rendered":"Raija! Raija! Raija! T\u00e4nne! Raija!!"},"content":{"rendered":"<p>Jazzmuusikoiden monesti ep\u00e4asialliset ty\u00f6olot ravintoloissa nostattavat aina silloin t\u00e4ll\u00f6in keskustelua jazzjulkisuudessa. Ei nimitt\u00e4in ole harvinaista, ett\u00e4 huipputaitavat muusikot joutuvat soittamaan tilanteessa, jossa osa yleis\u00f6st\u00e4 ei tippaakaan piittaa siit\u00e4, mit\u00e4 soittolavalla tapahtuu. Ongelma on jatkuvasti olemassa, sill\u00e4 t\u00e4n\u00e4 syksyn\u00e4 on ilmestynyt kaksi uutta kotimaista jazzlevy\u00e4, joissa kommentoidaan yleis\u00f6n ja jazzmusiikin suhdetta.<\/p>\n<p>Ensimm\u00e4inen kommentti l\u00f6ytyy Quartet Coyoten (Ari-Pekka Anttila, Jarmo Saari, Manu Dunkel, Kari Ikonen ja Sami Kuoppam\u00e4ki) levyn avausraidalta &#8221;Jazzmusiikkia&#8221;. Se vie kuulijansa ik\u00e4\u00e4n kuin keskelle kotimaista jazzklubia, jossa jazzyhtye yritt\u00e4\u00e4 valloittaa kuulijansa eri jazztyylej\u00e4 kokeillen. Musiikin taustalle on lis\u00e4tty yleis\u00f6n kommentteja, kuten: &#8221; Yks kolmostuoppi, kiitos.&#8221; &#8221;Taputetaanks t\u00e4llasten j\u00e4lkeen yleens\u00e4?&#8221; &#8221;Oks toi nyt se l\u00e4skibasso?&#8221; &#8221;Ellington k\u00e4\u00e4ntys haudassaan!&#8221; &#8221;Raija! Raija! Raija! T\u00e4nne! Raija!!&#8221; &#8221;Shhh!!&#8221; &#8221;Hei, nyt rauhotutte!&#8221; &#8221;Minen taputtanu kertaakaan &#8211; apurahajazzia.&#8221; &#8221;Reino, hampaas j\u00e4i t\u00e4nne&#8221;. Kuulijalle on kuitenkin selv\u00e4\u00e4, ett\u00e4 t\u00e4ss\u00e4 on kyse hauskasta fiktiosta ja hyv\u00e4ntuulisesta huumorista, kuten kojoottikvartetin musiikissa yleens\u00e4kin.<\/p>\n<p>My\u00f6s Turgan Trio, siis Severi Pyysalo, Tuure Koski ja Marko Timonen, on kommentoinut jazzmuusikoiden ty\u00f6olosuhteita konserttilevyll\u00e4\u00e4n, joka \u00e4\u00e4nitettiin viime vuoden helmikuussa Suomen Jazzliiton kiertueella. Turgan Trion kommentti on kuitenkin Quartet Coyoten pilke silm\u00e4kulmassa tehty\u00e4 heittoa huomattavasti dramaattisempi aito konserttidokumentti. Turgan Trion levyn lopusta l\u00f6ytyy yll\u00e4tt\u00e4en piilotettu raita, jota ei mainita lainkaan levyn kansitekstiss\u00e4. Raidan alussa kuullaan Severi Pyysalon \u00e4\u00e4ni, joka koettaa vihjailla yleis\u00f6lle, ett\u00e4 seuraavaksi olisi tulossa hieman hiljaisempaa musiikkia. Vihjailu ei tuota tulosta, vaan yleis\u00f6n \u00e4\u00e4nek\u00e4s h\u00e4lin\u00e4 jatkuu. Trio aloittaa varovasti uuden kappaleen, joka on kaikille jo koulusta tuttu Aapo Simil\u00e4n Aleksis Kiven runoon s\u00e4velt\u00e4m\u00e4 &#8221;Laulu oravasta&#8221;. Osa h\u00e4lisij\u00f6ist\u00e4 tunnistaa kauniin kappaleen, jotkut koettavat hiljent\u00e4\u00e4 pulinaa ja hilpe\u00e4\u00e4 naurua, mutta h\u00e4ly ei kuitenkaan laannu koko herk\u00e4n tulkinnan aikana. Kappaleen lopussa h\u00e4lisij\u00e4tkin puhkeavat innostuneisiin kehuihin ja yhtyv\u00e4t muiden kanssa aplodeihin.<\/p>\n<p>Esityksen dramaattisuutta lis\u00e4\u00e4 se, ett\u00e4 Turgan Trion versio sammalvuoteellaan makeasti nukkuvasta oravaisesta on \u00e4\u00e4nitetty ainakin suurimmaksi osaksi t\u00e4\u00e4ll\u00e4 Torniossa, Kerhoravintolassa, jossa trio soitti Riverside Jazzin j\u00e4rjest\u00e4m\u00e4ss\u00e4 konsertissa. Tuolloin paikalla ollutta yleis\u00f6\u00e4 ei kuitenkaan kannata syyllist\u00e4\u00e4 liikaa, sill\u00e4 ongelma on yleisempi. Vastaavia tilanteita sattuu muuallakin, jazzin soittajien asema kun on usein hankala taiteen, jazzin esitysperinteiden ja kaljan myynnin ristipaineessa. Klassisen musiikin soittajat sen sijaan eiv\u00e4t koskaan joudu n\u00e4iss\u00e4 paineissa esiintym\u00e4\u00e4n.<\/p>\n<p>Jutussa mainitut levyt:<br \/>\n<B>Quartet Coyote<\/B>: TRJVK + voc (Texicalli Records)<br \/>\n<B>Tuure Koski, Severi Pyysalo, Marko Timonen<\/B>: Turgan (Rockadillo Records)<\/p>\n<p><em>24.10. 2004<\/em><\/p>\n","protected":false},"excerpt":{"rendered":"<p>Jazzmuusikoiden monesti ep\u00e4asialliset ty\u00f6olot ravintoloissa nostattavat aina silloin t\u00e4ll\u00f6in keskustelua jazzjulkisuudessa. Ei nimitt\u00e4in ole harvinaista, ett\u00e4 huipputaitavat muusikot joutuvat soittamaan tilanteessa, jossa osa yleis\u00f6st\u00e4 ei tippaakaan piittaa siit\u00e4, mit\u00e4 soittolavalla tapahtuu. Ongelma on jatkuvasti olemassa, sill\u00e4 t\u00e4n\u00e4 syksyn\u00e4 on ilmestynyt kaksi uutta kotimaista jazzlevy\u00e4, joissa kommentoidaan yleis\u00f6n ja jazzmusiikin suhdetta. Ensimm\u00e4inen kommentti l\u00f6ytyy Quartet Coyoten [&hellip;]<\/p>\n","protected":false},"author":1,"featured_media":0,"parent":265,"menu_order":0,"comment_status":"open","ping_status":"open","template":"onecolumn-page.php","meta":{"ngg_post_thumbnail":0,"footnotes":""},"class_list":["post-288","page","type-page","status-publish","hentry"],"jetpack_likes_enabled":false,"jetpack_sharing_enabled":true,"_links":{"self":[{"href":"https:\/\/www.valonkuvia.fi\/blogi\/wp-json\/wp\/v2\/pages\/288","targetHints":{"allow":["GET"]}}],"collection":[{"href":"https:\/\/www.valonkuvia.fi\/blogi\/wp-json\/wp\/v2\/pages"}],"about":[{"href":"https:\/\/www.valonkuvia.fi\/blogi\/wp-json\/wp\/v2\/types\/page"}],"author":[{"embeddable":true,"href":"https:\/\/www.valonkuvia.fi\/blogi\/wp-json\/wp\/v2\/users\/1"}],"replies":[{"embeddable":true,"href":"https:\/\/www.valonkuvia.fi\/blogi\/wp-json\/wp\/v2\/comments?post=288"}],"version-history":[{"count":5,"href":"https:\/\/www.valonkuvia.fi\/blogi\/wp-json\/wp\/v2\/pages\/288\/revisions"}],"predecessor-version":[{"id":294,"href":"https:\/\/www.valonkuvia.fi\/blogi\/wp-json\/wp\/v2\/pages\/288\/revisions\/294"}],"up":[{"embeddable":true,"href":"https:\/\/www.valonkuvia.fi\/blogi\/wp-json\/wp\/v2\/pages\/265"}],"wp:attachment":[{"href":"https:\/\/www.valonkuvia.fi\/blogi\/wp-json\/wp\/v2\/media?parent=288"}],"curies":[{"name":"wp","href":"https:\/\/api.w.org\/{rel}","templated":true}]}}