{"id":295,"date":"2011-07-13T14:19:16","date_gmt":"2011-07-13T11:19:16","guid":{"rendered":"http:\/\/www.valonkuvia.fi\/blogi\/?page_id=295"},"modified":"2011-07-13T14:24:19","modified_gmt":"2011-07-13T11:24:19","slug":"yrjoa-vuoden-parhaille","status":"publish","type":"page","link":"https:\/\/www.valonkuvia.fi\/blogi\/jazzjutut\/2004-2\/yrjoa-vuoden-parhaille\/","title":{"rendered":"Yrj\u00f6\u00e4 vuoden parhaille"},"content":{"rendered":"<p>Viime viikonvaihteessa Valtakunnallisilla jazzp\u00e4ivill\u00e4 Pieks\u00e4m\u00e4ell\u00e4 jaettiin Suomen Jazzliiton Yrj\u00f6-palkinto, jota on jaettu tunnustuksena vuoden jazzmuusikolle jo vuodesta 1967 l\u00e4htien. Muistitietojen mukaan palkinto sai opiskelijahuumorille haiskahtavan nimens\u00e4, kun alkuvuosina palkintona annetun keramiikkalaatan p\u00e4\u00e4lle taiteillut koristelut muistuttivat el\u00e4v\u00e4sti oksennusta. Nyky\u00e4\u00e4nkin Yrj\u00f6-palkinto on aina taideteos, jonka on tehnyt Jazzp\u00e4iv\u00e4t j\u00e4rjest\u00e4v\u00e4ll\u00e4 paikkakunnalla asuva taiteilija. <\/p>\n<p>Ensimm\u00e4inen palkittu oli saksofonisti Eero Koivistoinen, joka oli palkinnon saadessaan viel\u00e4 nuori mies, vasta 21-vuotias. Palkinto on mennyt monesti my\u00f6hemminkin nuorille muusikoille, sill\u00e4 Yrj\u00f6-palkinto ei ole varsinainen el\u00e4m\u00e4nty\u00f6palkinto, vaan siin\u00e4 palkitaan vuoden mittaan merkitt\u00e4v\u00e4\u00e4 jazzia aikaan saanut tekij\u00e4. Vuosien kuluessa palkinnon luonne on muuttunut ja yh\u00e4 useammin Yrj\u00f6ll\u00e4 palkitut ovat monella tavalla ansioituneita. Hyv\u00e4 esimerkki on t\u00e4m\u00e4n vuoden Yrj\u00f6, s\u00e4velt\u00e4j\u00e4 ja basisti Pekka Pohjola, jonka ura ulottuu ajallisesti 1970-luvun alkupuolelle ja sis\u00e4lt\u00e4\u00e4 kaikkea mahdollista klassisesta jazziin ja rockiin. Ajankohtaisista saavutuksista huolimatta samalla palkittiin Pohjolan koko t\u00e4h\u00e4nastinen el\u00e4m\u00e4nty\u00f6.<\/p>\n<p>Koska palkinnosta p\u00e4\u00e4tt\u00e4j\u00e4t ovat aktiivisia asianharrastajia, on suurin osa Yrj\u00f6ist\u00e4 ollut modernin jazzin soittajia. Vanhojen tyylien taitajia ovat olleet vain saksofonisti Gusse R\u00f6ssi (1977), klarinetisti Antti Sarpila (1997) ja basisti Pentti Mutikainen (1999). Tosin varsinaista avantgardea palkituista ovat edustaneet vain s\u00e4velt\u00e4j\u00e4 ja rumpali Edward Vesala sek\u00e4 kitaristi Raoul Bj\u00f6rkenheim (1984). Vesala on my\u00f6s ainoa, joka kahdesti katsottu Yrj\u00f6n arvoiseksi (1972 ja 1980). Sen sijaan liian varhain kuollut fonistilegenda Pekka P\u00f6yry ei koskaan ehtinyt saada palkintoa, vaikka olisi sen hyvin kyll\u00e4 ansainnut.<\/p>\n<p>Vaikka on usein hankalaa erottaa, onko joku saanut palkinnon ansioistaan soittajana, s\u00e4velt\u00e4j\u00e4n\u00e4 vai molempina, on selv\u00e4\u00e4, ett\u00e4 Yrj\u00f6n saadakseen on kannattanut soittaa joko saksofonia tai pianoa. Palkinto on t\u00e4h\u00e4n menness\u00e4 jaettu kymmenelle saksofonistille ja yhdeks\u00e4lle pianistille, kun trumpetisteja palkituista on vain kaksi, Markku Johansson (1993) ja Esko Heikkinen (1998). Vaskipuhallinten asema on Yrj\u00f6ill\u00e4 mitattuna muutenkin huono, sill\u00e4 yht\u00e4\u00e4n pasunistia ei ole koskaan valittu maan parhaaksi jazzmuusikoksi. My\u00f6s naiset ovat olleet syrj\u00e4ss\u00e4 Yrj\u00f6j\u00e4 jaettaessa, sill\u00e4 ensimm\u00e4isen ja ainoan kerran nainen sai tunnustuksen vasta vuonna 2002, kun Anna-Mari K\u00e4h\u00e4r\u00e4 sai vihdoin Yrj\u00f6ns\u00e4 (<em>Huom! Iro Haarla sai Yrj\u00f6-palkinnon v. 2007<\/em>).<\/p>\n<p>Yrj\u00f6ll\u00e4 palkittujen listalla on nyt 37 nime\u00e4. Nuorten jazzlahjakkuuksien esiinmarssin takia kisa Yrj\u00f6st\u00e4 vain kovenee ja varmasti moni ansioitunut tulee j\u00e4\u00e4m\u00e4\u00e4n ilman. En\u00e4\u00e4 ei voi k\u00e4yd\u00e4 kuten vuonna 1971, jolloin ei l\u00f6ydetty ket\u00e4\u00e4n palkittavaa ja Yrj\u00f6 j\u00e4tettiin jakamatta. Turvallisin mielin voi ennustaa, ett\u00e4 l\u00e4hivuosina ainakin Mikko Innanen, Teppo M\u00e4kynen, Manuel Dunkel, Teemu Viinikainen ja Jarmo Saari liittyv\u00e4t mukaan Yrj\u00f6-klubiin.<\/p>\n<p><em>21.11. 2004<\/em><\/p>\n","protected":false},"excerpt":{"rendered":"<p>Viime viikonvaihteessa Valtakunnallisilla jazzp\u00e4ivill\u00e4 Pieks\u00e4m\u00e4ell\u00e4 jaettiin Suomen Jazzliiton Yrj\u00f6-palkinto, jota on jaettu tunnustuksena vuoden jazzmuusikolle jo vuodesta 1967 l\u00e4htien. Muistitietojen mukaan palkinto sai opiskelijahuumorille haiskahtavan nimens\u00e4, kun alkuvuosina palkintona annetun keramiikkalaatan p\u00e4\u00e4lle taiteillut koristelut muistuttivat el\u00e4v\u00e4sti oksennusta. Nyky\u00e4\u00e4nkin Yrj\u00f6-palkinto on aina taideteos, jonka on tehnyt Jazzp\u00e4iv\u00e4t j\u00e4rjest\u00e4v\u00e4ll\u00e4 paikkakunnalla asuva taiteilija. Ensimm\u00e4inen palkittu oli saksofonisti Eero [&hellip;]<\/p>\n","protected":false},"author":1,"featured_media":0,"parent":265,"menu_order":0,"comment_status":"open","ping_status":"open","template":"onecolumn-page.php","meta":{"ngg_post_thumbnail":0,"footnotes":""},"class_list":["post-295","page","type-page","status-publish","hentry"],"jetpack_likes_enabled":false,"jetpack_sharing_enabled":true,"_links":{"self":[{"href":"https:\/\/www.valonkuvia.fi\/blogi\/wp-json\/wp\/v2\/pages\/295","targetHints":{"allow":["GET"]}}],"collection":[{"href":"https:\/\/www.valonkuvia.fi\/blogi\/wp-json\/wp\/v2\/pages"}],"about":[{"href":"https:\/\/www.valonkuvia.fi\/blogi\/wp-json\/wp\/v2\/types\/page"}],"author":[{"embeddable":true,"href":"https:\/\/www.valonkuvia.fi\/blogi\/wp-json\/wp\/v2\/users\/1"}],"replies":[{"embeddable":true,"href":"https:\/\/www.valonkuvia.fi\/blogi\/wp-json\/wp\/v2\/comments?post=295"}],"version-history":[{"count":3,"href":"https:\/\/www.valonkuvia.fi\/blogi\/wp-json\/wp\/v2\/pages\/295\/revisions"}],"predecessor-version":[{"id":300,"href":"https:\/\/www.valonkuvia.fi\/blogi\/wp-json\/wp\/v2\/pages\/295\/revisions\/300"}],"up":[{"embeddable":true,"href":"https:\/\/www.valonkuvia.fi\/blogi\/wp-json\/wp\/v2\/pages\/265"}],"wp:attachment":[{"href":"https:\/\/www.valonkuvia.fi\/blogi\/wp-json\/wp\/v2\/media?parent=295"}],"curies":[{"name":"wp","href":"https:\/\/api.w.org\/{rel}","templated":true}]}}