{"id":298,"date":"2011-07-13T14:23:51","date_gmt":"2011-07-13T11:23:51","guid":{"rendered":"http:\/\/www.valonkuvia.fi\/blogi\/?page_id=298"},"modified":"2011-07-13T14:23:51","modified_gmt":"2011-07-13T11:23:51","slug":"vuoden-valinnat","status":"publish","type":"page","link":"https:\/\/www.valonkuvia.fi\/blogi\/jazzjutut\/2004-2\/vuoden-valinnat\/","title":{"rendered":"Vuoden valinnat"},"content":{"rendered":"<p>Vuosi l\u00e4hestyy loppuaan ja on aika laittaa j\u00e4rjestykseen vuoden jazzel\u00e4myksi\u00e4. Valinnat ovat t\u00e4ll\u00e4kin kertaa t\u00e4ysin subjektiivisia poimintoja kaikesta, mit\u00e4 jazzin alalla on vuoden aikana eteen sattunut.<\/p>\n<p><b>Vuoden l\u00e4mpimin kotimainen levy<\/b><br \/>\nHarmonikkataitelija Veli Kujalan debyyttilevy &#8221;Pipoka&#8221; (Rockadillo Records) ammentaa etel\u00e4amerikkalaisesta perinteest\u00e4, mutta v\u00e4ltt\u00e4\u00e4 kaikki helpot kliseet; t\u00e4ll\u00e4 levyll\u00e4 ei soi tico-tico tai muu ns. lattarimusiikki. Kujalan levyll\u00e4 etel\u00e4n aurinko ja pohjoisen melankolia yhdistyv\u00e4t herk\u00e4ksi ja omaleimaiseksi musiikiksi. <\/p>\n<p><b>Vuoden kitaralevy<\/b><br \/>\nKitaristi Raoul Bj\u00f6rkenheim sek\u00e4 basisti Ingebrigt H\u00e5ker Flaten ja rumpali Paal Nilssen-Love muodostavat Scorch Trion, jonka musiikki levyll\u00e4 &#8221;Luggumt&#8221; (Rune Gramofon) kurkottaa jazzin rajojen ulkopuolelle kohti vapaata improvisaatiota, bluesia, rockia, elektroniikkaa. Levyn raju musiikki ei sovi kynttil\u00e4illallisten taustalle, mutta kest\u00e4\u00e4 kyll\u00e4 kovaakin kuuntelemista.<\/p>\n<p><b>Vuoden kotimainen jazzl\u00f6yt\u00f6<\/b><br \/>\nYlen arkistoista l\u00f6ytyi iskelm\u00e4laulajana tunnetuksi tulleen Carolan ja pianisti Heikki Sarmannon trion jo vuonna 1966 \u00e4\u00e4nitetty jazzlaululevy, jolla kuullaan Carolan versioita ikivihreist\u00e4 standardeista. &#8221;Carola &#038; Heikki Sarmanto Trio&#8221; (Jazzpuu) todistaa taiteen elinvoimasta, mutta on my\u00f6s hieman surullinen esimerkki jazzin elintilan kapeudesta Suomessa, sill\u00e4 levytykset olisivat ansainneet huomion jo levytysaikanaan. Toisaalta levytyksen kohtalo panee miettim\u00e4\u00e4n, mit\u00e4 hienoa musiikkia j\u00e4\u00e4 nyky\u00e4\u00e4n idols\/popstars-m\u00f6ss\u00f6n jalkoihin.<\/p>\n<p><b>Vuoden pohjanoteeraus<\/b><br \/>\nPieks\u00e4m\u00e4ell\u00e4 marraskuussa j\u00e4rjestetyt Valtakunnalliset jazzp\u00e4iv\u00e4t eiv\u00e4t tapahtumana lainkaan vastanneet perinteik\u00e4st\u00e4 nime\u00e4\u00e4n, vaan kyse oli l\u00e4hinn\u00e4 vaisusta viihdejazzviikonlopusta, jonka aikana ei kuultu yht\u00e4\u00e4n valtakunnallisen tason yhtyett\u00e4. Pekka Pohjolalle jaettu Yrj\u00f6-palkinto meni toki aivan oikeaan osoitteeseen.<\/p>\n<p><b>Vuoden jazzyhtye Kalottjazz &#038; Blues-festivaaleilla<\/b><br \/>\nNykyjazzin huipulla kiit\u00e4v\u00e4 ruotsalais-norjalainen Atomic oli viime kes\u00e4n festivaalin paras yhtye. Saksofonisti Fredrik Ljungqvist ja trumpetisti Magnus Broo yhdess\u00e4 pianisti H\u00e5vard Wiik yhdess\u00e4 edell\u00e4 mainitun Scorch Trion komppiparin kanssa luovat riemastuttavan kekseli\u00e4st\u00e4 ja intensiivist\u00e4 uutta jazzia. T\u00e4n\u00e4 vuonna julkaistiin my\u00f6s Atomicin amerikkalaisten muusikoiden kanssa levytt\u00e4m\u00e4 vankka tupla-cd &#8221;Nuclear Assembly Hall&#8221; (Okka Disk).<\/p>\n<p><b>Vuoden torniolainen konserttipaikka<\/b><br \/>\nAmmatti-instituutin musiikkitalon sali on osoittautunut ensimm\u00e4isen vuoden aikana erinomaiseksi paikaksi monenlaiselle musiikille. Salissa musiikki ja sen tekij\u00e4t p\u00e4\u00e4sev\u00e4t esille arvoisellaan tavalla niin soittajien itsens\u00e4 kuin yleis\u00f6nkin kannalta.<\/p>\n<p><b>Vuoden torniolainen jazzteko<\/b><br \/>\nAmmatti-instituutin musiikkilinja rikastuttaa kaupungin kulttuuriel\u00e4m\u00e4\u00e4 uuden konserttisalinsa lis\u00e4ksi monella muullakin tavalla. Rumpali Hannu Weckman teki kumppaneineen torniolaista jazzhistoriaa j\u00e4rjest\u00e4m\u00e4ll\u00e4 kaupungin ensimm\u00e4iset jazzjamit, jotka soivat Kerhoravintolassa joka toinen keskiviikko. J\u00e4\u00e4mme odottamaan jatkoa ja sit\u00e4, ett\u00e4 lavalle rohkenee nousta muitakin soittajia kuin musiikkilinjan opettajia ja opiskelijoita.<\/p>\n<p><em>19.12. 2004<\/em><\/p>\n","protected":false},"excerpt":{"rendered":"<p>Vuosi l\u00e4hestyy loppuaan ja on aika laittaa j\u00e4rjestykseen vuoden jazzel\u00e4myksi\u00e4. Valinnat ovat t\u00e4ll\u00e4kin kertaa t\u00e4ysin subjektiivisia poimintoja kaikesta, mit\u00e4 jazzin alalla on vuoden aikana eteen sattunut. Vuoden l\u00e4mpimin kotimainen levy Harmonikkataitelija Veli Kujalan debyyttilevy &#8221;Pipoka&#8221; (Rockadillo Records) ammentaa etel\u00e4amerikkalaisesta perinteest\u00e4, mutta v\u00e4ltt\u00e4\u00e4 kaikki helpot kliseet; t\u00e4ll\u00e4 levyll\u00e4 ei soi tico-tico tai muu ns. lattarimusiikki. Kujalan [&hellip;]<\/p>\n","protected":false},"author":1,"featured_media":0,"parent":265,"menu_order":0,"comment_status":"open","ping_status":"open","template":"onecolumn-page.php","meta":{"ngg_post_thumbnail":0,"footnotes":""},"class_list":["post-298","page","type-page","status-publish","hentry"],"jetpack_likes_enabled":false,"jetpack_sharing_enabled":true,"_links":{"self":[{"href":"https:\/\/www.valonkuvia.fi\/blogi\/wp-json\/wp\/v2\/pages\/298","targetHints":{"allow":["GET"]}}],"collection":[{"href":"https:\/\/www.valonkuvia.fi\/blogi\/wp-json\/wp\/v2\/pages"}],"about":[{"href":"https:\/\/www.valonkuvia.fi\/blogi\/wp-json\/wp\/v2\/types\/page"}],"author":[{"embeddable":true,"href":"https:\/\/www.valonkuvia.fi\/blogi\/wp-json\/wp\/v2\/users\/1"}],"replies":[{"embeddable":true,"href":"https:\/\/www.valonkuvia.fi\/blogi\/wp-json\/wp\/v2\/comments?post=298"}],"version-history":[{"count":1,"href":"https:\/\/www.valonkuvia.fi\/blogi\/wp-json\/wp\/v2\/pages\/298\/revisions"}],"predecessor-version":[{"id":299,"href":"https:\/\/www.valonkuvia.fi\/blogi\/wp-json\/wp\/v2\/pages\/298\/revisions\/299"}],"up":[{"embeddable":true,"href":"https:\/\/www.valonkuvia.fi\/blogi\/wp-json\/wp\/v2\/pages\/265"}],"wp:attachment":[{"href":"https:\/\/www.valonkuvia.fi\/blogi\/wp-json\/wp\/v2\/media?parent=298"}],"curies":[{"name":"wp","href":"https:\/\/api.w.org\/{rel}","templated":true}]}}