{"id":308,"date":"2011-07-13T14:43:17","date_gmt":"2011-07-13T11:43:17","guid":{"rendered":"http:\/\/www.valonkuvia.fi\/blogi\/?page_id=308"},"modified":"2011-07-13T15:21:24","modified_gmt":"2011-07-13T12:21:24","slug":"2005-2","status":"publish","type":"page","link":"https:\/\/www.valonkuvia.fi\/blogi\/jazzjutut\/2005-2\/","title":{"rendered":"2005"},"content":{"rendered":"<p><a href=\"http:\/\/www.valonkuvia.fi\/blogi\/?page_id=311\" title=\"Myrskyis\u00e4 rumpali\">Myrskyis\u00e4 rumpali<\/a> Buddy Rich oli ankara johtaja.<\/p>\n<p><a href=\"http:\/\/www.valonkuvia.fi\/blogi\/?page_id=315\" title=\"Kaupallista ja ep\u00e4kaupallista\">Kaupallista ja ep\u00e4kaupallista<\/a> Levyjen julkaiseminen muuttui pikkuhiljaa.<\/p>\n<p><a href=\"http:\/\/www.valonkuvia.fi\/blogi\/?page_id=317\" title=\"Virtuoosin vuosip\u00e4iv\u00e4\">Virtuoosin vuosip\u00e4iv\u00e4<\/a> Charlie Parker<\/p>\n<p><a href=\"http:\/\/www.valonkuvia.fi\/blogi\/?page_id=319\" title=\"Kulttuuritukea yhdelle, kahdelle, kolmelle\">Kulttuuritukea yhdelle, kahdelle, kolmelle<\/a> Tukea jazzille ja klassiselle<\/p>\n<p><a href=\"http:\/\/www.valonkuvia.fi\/blogi\/?page_id=321\" title=\"Festivaalikes\u00e4 2005\">Festivaalikes\u00e4 2005<\/a> Poimintoja<\/p>\n<p><a href=\"http:\/\/www.valonkuvia.fi\/blogi\/?page_id=324\" title=\"New Orleans\">New Orleans<\/a> New Orleans oli hirmumyrskyn kourissa.<\/p>\n<p><a href=\"http:\/\/www.valonkuvia.fi\/blogi\/?page_id=327\" title=\"Thelonious Monkin historiallinen l\u00f6yt\u00f6\">Thelonious Monkin historiallinen l\u00f6yt\u00f6<\/a> Arkistol\u00f6yt\u00f6<\/p>\n<p><a href=\"http:\/\/www.valonkuvia.fi\/blogi\/?page_id=331\" title=\"Vuoden parhaat\">Vuoden parhaat<\/a> Poimintoja<\/p>\n","protected":false},"excerpt":{"rendered":"<p>Myrskyis\u00e4 rumpali Buddy Rich oli ankara johtaja. Kaupallista ja ep\u00e4kaupallista Levyjen julkaiseminen muuttui pikkuhiljaa. Virtuoosin vuosip\u00e4iv\u00e4 Charlie Parker Kulttuuritukea yhdelle, kahdelle, kolmelle Tukea jazzille ja klassiselle Festivaalikes\u00e4 2005 Poimintoja New Orleans New Orleans oli hirmumyrskyn kourissa. Thelonious Monkin historiallinen l\u00f6yt\u00f6 Arkistol\u00f6yt\u00f6 Vuoden parhaat Poimintoja<\/p>\n","protected":false},"author":1,"featured_media":0,"parent":116,"menu_order":0,"comment_status":"open","ping_status":"open","template":"onecolumn-page.php","meta":{"ngg_post_thumbnail":0,"footnotes":""},"class_list":["post-308","page","type-page","status-publish","hentry"],"jetpack_likes_enabled":false,"jetpack_sharing_enabled":true,"_links":{"self":[{"href":"https:\/\/www.valonkuvia.fi\/blogi\/wp-json\/wp\/v2\/pages\/308","targetHints":{"allow":["GET"]}}],"collection":[{"href":"https:\/\/www.valonkuvia.fi\/blogi\/wp-json\/wp\/v2\/pages"}],"about":[{"href":"https:\/\/www.valonkuvia.fi\/blogi\/wp-json\/wp\/v2\/types\/page"}],"author":[{"embeddable":true,"href":"https:\/\/www.valonkuvia.fi\/blogi\/wp-json\/wp\/v2\/users\/1"}],"replies":[{"embeddable":true,"href":"https:\/\/www.valonkuvia.fi\/blogi\/wp-json\/wp\/v2\/comments?post=308"}],"version-history":[{"count":3,"href":"https:\/\/www.valonkuvia.fi\/blogi\/wp-json\/wp\/v2\/pages\/308\/revisions"}],"predecessor-version":[{"id":333,"href":"https:\/\/www.valonkuvia.fi\/blogi\/wp-json\/wp\/v2\/pages\/308\/revisions\/333"}],"up":[{"embeddable":true,"href":"https:\/\/www.valonkuvia.fi\/blogi\/wp-json\/wp\/v2\/pages\/116"}],"wp:attachment":[{"href":"https:\/\/www.valonkuvia.fi\/blogi\/wp-json\/wp\/v2\/media?parent=308"}],"curies":[{"name":"wp","href":"https:\/\/api.w.org\/{rel}","templated":true}]}}